{"id":1613,"date":"2024-03-25T19:12:16","date_gmt":"2024-03-25T18:12:16","guid":{"rendered":"https:\/\/www.pedagogie.ac-nice.fr\/ses\/?page_id=1613"},"modified":"2024-03-26T09:07:27","modified_gmt":"2024-03-26T08:07:27","slug":"quelles-inegalites-sont-compatibles-avec-les-differentes-conceptions-de-la-justice-sociale","status":"publish","type":"page","link":"https:\/\/www.pedagogie.ac-nice.fr\/ses\/quelles-inegalites-sont-compatibles-avec-les-differentes-conceptions-de-la-justice-sociale\/","title":{"rendered":"Quelles in\u00e9galit\u00e9s sont compatibles avec les diff\u00e9rentes conceptions de la justice sociale ?"},"content":{"rendered":"<a href=\"https:\/\/www.pedagogie.ac-nice.fr\/ses\/wp-content\/uploads\/sites\/9\/2024\/03\/Les-inegalites-et-les-differentes-conceptions-de-la-justice-sociale.pdf\" class=\"pdfemb-viewer\" style=\"\" data-width=\"max\" data-height=\"max\" data-toolbar=\"bottom\" data-toolbar-fixed=\"off\">Les in\u00e9galit\u00e9s et les diff\u00e9rentes conceptions de la justice sociale<\/a>\n<p><a href=\"https:\/\/www.pedagogie.ac-nice.fr\/ses\/wp-content\/uploads\/sites\/9\/2024\/03\/Les-inegalites-et-les-differentes-conceptions-de-la-justice-sociale.pdf\">https:\/\/www.pedagogie.ac-nice.fr\/ses\/wp-content\/uploads\/sites\/9\/2024\/03\/Les-inegalites-et-les-differentes-conceptions-de-la-justice-sociale.pdf<\/a><\/p>\n","protected":false},"excerpt":{"rendered":"<p>https:\/\/www.pedagogie.ac-nice.fr\/ses\/wp-content\/uploads\/sites\/9\/2024\/03\/Les-inegalites-et-les-differentes-conceptions-de-la-justice-sociale.pdf<\/p>\n","protected":false},"author":399,"featured_media":0,"parent":0,"menu_order":0,"comment_status":"closed","ping_status":"closed","template":"","meta":{"ngg_post_thumbnail":0,"footnotes":""},"class_list":["post-1613","page","type-page","status-publish","hentry"],"rttpg_featured_image_url":null,"rttpg_author":{"display_name":"rcouillet","author_link":"https:\/\/www.pedagogie.ac-nice.fr\/ses\/author\/rcouillet\/"},"rttpg_comment":0,"rttpg_category":null,"rttpg_excerpt":"https:\/\/www.pedagogie.ac-nice.fr\/ses\/wp-content\/uploads\/sites\/9\/2024\/03\/Les-inegalites-et-les-differentes-conceptions-de-la-justice-sociale.pdf","post_mailing_queue_ids":[],"_links":{"self":[{"href":"https:\/\/www.pedagogie.ac-nice.fr\/ses\/wp-json\/wp\/v2\/pages\/1613","targetHints":{"allow":["GET"]}}],"collection":[{"href":"https:\/\/www.pedagogie.ac-nice.fr\/ses\/wp-json\/wp\/v2\/pages"}],"about":[{"href":"https:\/\/www.pedagogie.ac-nice.fr\/ses\/wp-json\/wp\/v2\/types\/page"}],"author":[{"embeddable":true,"href":"https:\/\/www.pedagogie.ac-nice.fr\/ses\/wp-json\/wp\/v2\/users\/399"}],"replies":[{"embeddable":true,"href":"https:\/\/www.pedagogie.ac-nice.fr\/ses\/wp-json\/wp\/v2\/comments?post=1613"}],"version-history":[{"count":2,"href":"https:\/\/www.pedagogie.ac-nice.fr\/ses\/wp-json\/wp\/v2\/pages\/1613\/revisions"}],"predecessor-version":[{"id":1628,"href":"https:\/\/www.pedagogie.ac-nice.fr\/ses\/wp-json\/wp\/v2\/pages\/1613\/revisions\/1628"}],"wp:attachment":[{"href":"https:\/\/www.pedagogie.ac-nice.fr\/ses\/wp-json\/wp\/v2\/media?parent=1613"}],"curies":[{"name":"wp","href":"https:\/\/api.w.org\/{rel}","templated":true}]}}