{"id":1700,"date":"2025-02-05T08:03:10","date_gmt":"2025-02-05T07:03:10","guid":{"rendered":"https:\/\/www.pedagogie.ac-nice.fr\/ses\/?page_id=1700"},"modified":"2025-02-07T12:49:00","modified_gmt":"2025-02-07T11:49:00","slug":"comment-expliquer-lengagement-politique-dans-les-societes-democratiques","status":"publish","type":"page","link":"https:\/\/www.pedagogie.ac-nice.fr\/ses\/comment-expliquer-lengagement-politique-dans-les-societes-democratiques\/","title":{"rendered":"Comment expliquer l\u2019engagement politique dans les soci\u00e9t\u00e9s d\u00e9mocratiques ?"},"content":{"rendered":"<p>Juliette HAY<\/p>\n<p><a href=\"https:\/\/www.pedagogie.ac-nice.fr\/ses\/wp-content\/uploads\/sites\/9\/2025\/02\/SYNTHESE-ENGAGEMENT-POLITIQUE-2025.pdf\">Synth\u00e8se Comment expliquer l\u2019engagement politique dans les soci\u00e9t\u00e9s d\u00e9mocratiques ?<\/a><\/p>\n<p><a href=\"https:\/\/www.pedagogie.ac-nice.fr\/ses\/wp-content\/uploads\/sites\/9\/2025\/02\/DEFINITIONS-ENGAGEMENT-POLITIQUE.pdf\">Fiche vocabulaire Comment expliquer l\u2019engagement politique dans les soci\u00e9t\u00e9s d\u00e9mocratiques ?<\/a><\/p>\n<p><a href=\"https:\/\/www.pedagogie.ac-nice.fr\/ses\/wp-content\/uploads\/sites\/9\/2025\/02\/ENGAGEMENT-POLITIQUE-VERSION-PROF.pdf\">Version Professeur Comment expliquer l\u2019engagement politique dans les soci\u00e9t\u00e9s d\u00e9mocratiques ?<\/a><\/p>\n<p><a href=\"https:\/\/www.pedagogie.ac-nice.fr\/ses\/wp-content\/uploads\/sites\/9\/2025\/02\/nouvel-engagement-politique-version-eleve-finale.pdf\">Version \u00e9l\u00e8ves Comment expliquer l\u2019engagement politique dans les soci\u00e9t\u00e9s d\u00e9mocratiques ?<\/a><\/p>\n<p>&nbsp;<\/p>\n<p><a href=\"https:\/\/www.pedagogie.ac-nice.fr\/ses\/wp-content\/uploads\/sites\/9\/2024\/05\/Term_Engagement_politique-1.docx\">https:\/\/www.pedagogie.ac-nice.fr\/ses\/wp-content\/uploads\/sites\/9\/2024\/05\/Term_Engagement_politique-1.docx<\/a><\/p>\n<p>Morgan HOBEIKA<\/p>\n","protected":false},"excerpt":{"rendered":"<p>Juliette HAY Synth\u00e8se Comment expliquer l\u2019engagement politique dans les soci\u00e9t\u00e9s d\u00e9mocratiques ? Fiche vocabulaire Comment expliquer l\u2019engagement politique dans les soci\u00e9t\u00e9s d\u00e9mocratiques ? Version Professeur Comment expliquer l\u2019engagement politique dans les soci\u00e9t\u00e9s d\u00e9mocratiques ? Version \u00e9l\u00e8ves Comment expliquer l\u2019engagement politique &hellip; <a href=\"https:\/\/www.pedagogie.ac-nice.fr\/ses\/comment-expliquer-lengagement-politique-dans-les-societes-democratiques\/\">Continuer la lecture <span class=\"meta-nav\">&rarr;<\/span><\/a><\/p>\n","protected":false},"author":399,"featured_media":0,"parent":0,"menu_order":0,"comment_status":"closed","ping_status":"closed","template":"","meta":{"ngg_post_thumbnail":0,"footnotes":""},"class_list":["post-1700","page","type-page","status-publish","hentry"],"rttpg_featured_image_url":null,"rttpg_author":{"display_name":"rcouillet","author_link":"https:\/\/www.pedagogie.ac-nice.fr\/ses\/author\/rcouillet\/"},"rttpg_comment":0,"rttpg_category":null,"rttpg_excerpt":"Juliette HAY Synth\u00e8se Comment expliquer l\u2019engagement politique dans les soci\u00e9t\u00e9s d\u00e9mocratiques ? Fiche vocabulaire Comment expliquer l\u2019engagement politique dans les soci\u00e9t\u00e9s d\u00e9mocratiques ? Version Professeur Comment expliquer l\u2019engagement politique dans les soci\u00e9t\u00e9s d\u00e9mocratiques ? Version \u00e9l\u00e8ves Comment expliquer l\u2019engagement politique &hellip; Continuer la lecture &rarr;","post_mailing_queue_ids":[],"_links":{"self":[{"href":"https:\/\/www.pedagogie.ac-nice.fr\/ses\/wp-json\/wp\/v2\/pages\/1700","targetHints":{"allow":["GET"]}}],"collection":[{"href":"https:\/\/www.pedagogie.ac-nice.fr\/ses\/wp-json\/wp\/v2\/pages"}],"about":[{"href":"https:\/\/www.pedagogie.ac-nice.fr\/ses\/wp-json\/wp\/v2\/types\/page"}],"author":[{"embeddable":true,"href":"https:\/\/www.pedagogie.ac-nice.fr\/ses\/wp-json\/wp\/v2\/users\/399"}],"replies":[{"embeddable":true,"href":"https:\/\/www.pedagogie.ac-nice.fr\/ses\/wp-json\/wp\/v2\/comments?post=1700"}],"version-history":[{"count":4,"href":"https:\/\/www.pedagogie.ac-nice.fr\/ses\/wp-json\/wp\/v2\/pages\/1700\/revisions"}],"predecessor-version":[{"id":1999,"href":"https:\/\/www.pedagogie.ac-nice.fr\/ses\/wp-json\/wp\/v2\/pages\/1700\/revisions\/1999"}],"wp:attachment":[{"href":"https:\/\/www.pedagogie.ac-nice.fr\/ses\/wp-json\/wp\/v2\/media?parent=1700"}],"curies":[{"name":"wp","href":"https:\/\/api.w.org\/{rel}","templated":true}]}}