{"id":1825,"date":"2024-02-05T15:17:26","date_gmt":"2024-02-05T14:17:26","guid":{"rendered":"https:\/\/www.pedagogie.ac-nice.fr\/ses\/?page_id=1825"},"modified":"2025-03-07T13:26:54","modified_gmt":"2025-03-07T12:26:54","slug":"sciences-economiques","status":"publish","type":"page","link":"https:\/\/www.pedagogie.ac-nice.fr\/ses\/sciences-economiques\/","title":{"rendered":"Sciences \u00e9conomiques"},"content":{"rendered":"<p>&nbsp;<\/p>\n<p><span style=\"font-size: 18pt;\"><em>Comment cr\u00e9e-t-on des richesses et comment les mesure-t-on ?<\/em><\/span><\/p>\n<p><strong>Cours&nbsp;<\/strong><\/p>\n<p>Juliette HAY<\/p>\n<p><a href=\"https:\/\/www.pedagogie.ac-nice.fr\/ses\/wp-content\/uploads\/sites\/9\/2025\/03\/CHAPITRE-PROF-PRODUCTION-2026.pdf\">Comment cr\u00e9e-t-on des richesses et comment les mesure-t-on ? VP<\/a><\/p>\n<p><a href=\"https:\/\/www.pedagogie.ac-nice.fr\/ses\/wp-content\/uploads\/sites\/9\/2025\/03\/CHAPITRE-2-SECONDE-VERSION-ELEVE-2026-1.pdf\">Comment cr\u00e9e-t-on des richesses et comment les mesure ? VE<\/a><\/p>\n<p><strong>Projets&nbsp;<\/strong><\/p>\n<p><a href=\"https:\/\/www.pedagogie.ac-nice.fr\/ses\/wp-content\/uploads\/sites\/9\/2024\/07\/2nde-Creation-de-richesses-empreinte-ecologique-affiche-1.docx\">https:\/\/www.pedagogie.ac-nice.fr\/ses\/wp-content\/uploads\/sites\/9\/2024\/07\/2nde-Creation-de-richesses-empreinte-ecologique-affiche-1.docx<\/a><\/p>\n<p><a href=\"https:\/\/www.pedagogie.ac-nice.fr\/ses\/wp-content\/uploads\/sites\/9\/2024\/07\/2nde-Entreprise-et-creation-de-richesses-visite-entreprise-dossier-relie.doc\">https:\/\/www.pedagogie.ac-nice.fr\/ses\/wp-content\/uploads\/sites\/9\/2024\/07\/2nde-Entreprise-et-creation-de-richesses-visite-entreprise-dossier-relie.doc<\/a><\/p>\n<p><span style=\"font-size: 18pt;\"><em>Comment se forment les prix sur un march\u00e9 ?<\/em><\/span><\/p>\n<p><strong>Projets&nbsp;<\/strong><\/p>\n<p><a href=\"https:\/\/www.pedagogie.ac-nice.fr\/ses\/wp-content\/uploads\/sites\/9\/2024\/07\/2nde-Etude-dun-marche-observations-entretiens.docx\">https:\/\/www.pedagogie.ac-nice.fr\/ses\/wp-content\/uploads\/sites\/9\/2024\/07\/2nde-Etude-dun-marche-observations-entretiens.docx<\/a><\/p>\n<p>&nbsp;<\/p>\n<p>&nbsp;<\/p>\n<p>&nbsp;<\/p>\n<p>&nbsp;<\/p>\n<p>&nbsp;<\/p>\n<p>&nbsp;<\/p>\n","protected":false},"excerpt":{"rendered":"<p>&nbsp; Comment cr\u00e9e-t-on des richesses et comment les mesure-t-on ? Cours&nbsp; Juliette HAY Comment cr\u00e9e-t-on des richesses et comment les mesure-t-on ? VP Comment cr\u00e9e-t-on des richesses et comment les mesure ? VE Projets&nbsp; https:\/\/www.pedagogie.ac-nice.fr\/ses\/wp-content\/uploads\/sites\/9\/2024\/07\/2nde-Creation-de-richesses-empreinte-ecologique-affiche-1.docx https:\/\/www.pedagogie.ac-nice.fr\/ses\/wp-content\/uploads\/sites\/9\/2024\/07\/2nde-Entreprise-et-creation-de-richesses-visite-entreprise-dossier-relie.doc Comment se forment les &hellip; <a href=\"https:\/\/www.pedagogie.ac-nice.fr\/ses\/sciences-economiques\/\">Continuer la lecture <span class=\"meta-nav\">&rarr;<\/span><\/a><\/p>\n","protected":false},"author":399,"featured_media":0,"parent":0,"menu_order":0,"comment_status":"closed","ping_status":"closed","template":"","meta":{"ngg_post_thumbnail":0,"footnotes":""},"class_list":["post-1825","page","type-page","status-publish","hentry"],"rttpg_featured_image_url":null,"rttpg_author":{"display_name":"rcouillet","author_link":"https:\/\/www.pedagogie.ac-nice.fr\/ses\/author\/rcouillet\/"},"rttpg_comment":0,"rttpg_category":null,"rttpg_excerpt":"&nbsp; Comment cr\u00e9e-t-on des richesses et comment les mesure-t-on ? Cours&nbsp; Juliette HAY Comment cr\u00e9e-t-on des richesses et comment les mesure-t-on ? VP Comment cr\u00e9e-t-on des richesses et comment les mesure ? VE Projets&nbsp; https:\/\/www.pedagogie.ac-nice.fr\/ses\/wp-content\/uploads\/sites\/9\/2024\/07\/2nde-Creation-de-richesses-empreinte-ecologique-affiche-1.docx https:\/\/www.pedagogie.ac-nice.fr\/ses\/wp-content\/uploads\/sites\/9\/2024\/07\/2nde-Entreprise-et-creation-de-richesses-visite-entreprise-dossier-relie.doc Comment se forment les &hellip; Continuer la lecture &rarr;","post_mailing_queue_ids":[],"_links":{"self":[{"href":"https:\/\/www.pedagogie.ac-nice.fr\/ses\/wp-json\/wp\/v2\/pages\/1825","targetHints":{"allow":["GET"]}}],"collection":[{"href":"https:\/\/www.pedagogie.ac-nice.fr\/ses\/wp-json\/wp\/v2\/pages"}],"about":[{"href":"https:\/\/www.pedagogie.ac-nice.fr\/ses\/wp-json\/wp\/v2\/types\/page"}],"author":[{"embeddable":true,"href":"https:\/\/www.pedagogie.ac-nice.fr\/ses\/wp-json\/wp\/v2\/users\/399"}],"replies":[{"embeddable":true,"href":"https:\/\/www.pedagogie.ac-nice.fr\/ses\/wp-json\/wp\/v2\/comments?post=1825"}],"version-history":[{"count":6,"href":"https:\/\/www.pedagogie.ac-nice.fr\/ses\/wp-json\/wp\/v2\/pages\/1825\/revisions"}],"predecessor-version":[{"id":2051,"href":"https:\/\/www.pedagogie.ac-nice.fr\/ses\/wp-json\/wp\/v2\/pages\/1825\/revisions\/2051"}],"wp:attachment":[{"href":"https:\/\/www.pedagogie.ac-nice.fr\/ses\/wp-json\/wp\/v2\/media?parent=1825"}],"curies":[{"name":"wp","href":"https:\/\/api.w.org\/{rel}","templated":true}]}}