{"id":1089,"date":"2024-03-03T10:12:48","date_gmt":"2024-03-03T09:12:48","guid":{"rendered":"https:\/\/www.pedagogie.ac-nice.fr\/sii\/?page_id=1089"},"modified":"2024-04-28T09:12:08","modified_gmt":"2024-04-28T07:12:08","slug":"la-classe-de-3","status":"publish","type":"page","link":"https:\/\/www.pedagogie.ac-nice.fr\/sii\/la-technologie-au-college\/la-classe-de-3\/","title":{"rendered":"La classe de 3\u00b0"},"content":{"rendered":"<p>En classe de 3e, toujours dans le cadre d\u2019activit\u00e9s pratiques, il s\u2019agit d\u2019amener les \u00e9l\u00e8ves \u00e0 formuler les liens entre sciences, technologies, innovations et inventions, en tenant compte des besoins, des usages et du cycle de vie de ces objets ou de ces syst\u00e8mes.<\/p>\n<p>Les \u00e9l\u00e8ves caract\u00e9risent les cha\u00eenes d\u2019information et d\u2019\u00e9nergie en mati\u00e8re de fonctions. Ils utilisent des mod\u00e8les pour caract\u00e9riser les objets et les syst\u00e8mes techniques et intervenir sur eux (nouvelle fonctionnalit\u00e9, r\u00e9paration). Ils d\u00e9terminent les donn\u00e9es et con\u00e7oivent l\u2019algorithme associ\u00e9 \u00e0 une nouvelle fonctionnalit\u00e9 d\u2019un objet ou d\u2019un syst\u00e8me technique, puis le programment et le testent. Les \u00e9l\u00e8ves d\u00e9couvrent la fa\u00e7on dont des donn\u00e9es de diff\u00e9rentes natures sont num\u00e9ris\u00e9es, stock\u00e9es, mises en forme et transmises par un objet ou un syst\u00e8me technique. La circulation de ces donn\u00e9es dans le r\u00e9seau Internet est \u00e9tudi\u00e9e. Les \u00e9l\u00e8ves fabriquent une pi\u00e8ce sur mesure ou utilisent des composants issus de biblioth\u00e8ques (r\u00e9elles ou virtuelles) pour rem\u00e9dier \u00e0 un dysfonctionnement.<\/p>\n<p>En traitant de th\u00e9matiques choisies, par exemple en lien avec les objectifs du d\u00e9veloppement durable, les \u00e9l\u00e8ves s\u2019investissent dans un projet men\u00e9 en groupe, leur permettant de mettre en \u0153uvre les comp\u00e9tences d\u00e9velopp\u00e9es lors des niveaux pr\u00e9c\u00e9dents.<\/p>\n","protected":false},"excerpt":{"rendered":"<p>En classe de 3e, toujours dans le cadre d\u2019activit\u00e9s pratiques, il s\u2019agit d\u2019amener les \u00e9l\u00e8ves \u00e0 formuler les liens entre<\/p>\n","protected":false},"author":322,"featured_media":0,"parent":279,"menu_order":3,"comment_status":"closed","ping_status":"closed","template":"","meta":{"colormag_page_container_layout":"no_sidebar_full_width","colormag_page_sidebar_layout":"no_sidebar","ngg_post_thumbnail":0,"footnotes":""},"class_list":["post-1089","page","type-page","status-publish","hentry"],"rttpg_featured_image_url":null,"rttpg_author":{"display_name":"sii","author_link":"https:\/\/www.pedagogie.ac-nice.fr\/sii\/author\/sii\/"},"rttpg_comment":0,"rttpg_category":null,"rttpg_excerpt":"En classe de 3e, toujours dans le cadre d\u2019activit\u00e9s pratiques, il s\u2019agit d\u2019amener les \u00e9l\u00e8ves \u00e0 formuler les liens entre","post_mailing_queue_ids":[],"_links":{"self":[{"href":"https:\/\/www.pedagogie.ac-nice.fr\/sii\/wp-json\/wp\/v2\/pages\/1089","targetHints":{"allow":["GET"]}}],"collection":[{"href":"https:\/\/www.pedagogie.ac-nice.fr\/sii\/wp-json\/wp\/v2\/pages"}],"about":[{"href":"https:\/\/www.pedagogie.ac-nice.fr\/sii\/wp-json\/wp\/v2\/types\/page"}],"author":[{"embeddable":true,"href":"https:\/\/www.pedagogie.ac-nice.fr\/sii\/wp-json\/wp\/v2\/users\/322"}],"replies":[{"embeddable":true,"href":"https:\/\/www.pedagogie.ac-nice.fr\/sii\/wp-json\/wp\/v2\/comments?post=1089"}],"version-history":[{"count":5,"href":"https:\/\/www.pedagogie.ac-nice.fr\/sii\/wp-json\/wp\/v2\/pages\/1089\/revisions"}],"predecessor-version":[{"id":1144,"href":"https:\/\/www.pedagogie.ac-nice.fr\/sii\/wp-json\/wp\/v2\/pages\/1089\/revisions\/1144"}],"up":[{"embeddable":true,"href":"https:\/\/www.pedagogie.ac-nice.fr\/sii\/wp-json\/wp\/v2\/pages\/279"}],"wp:attachment":[{"href":"https:\/\/www.pedagogie.ac-nice.fr\/sii\/wp-json\/wp\/v2\/media?parent=1089"}],"curies":[{"name":"wp","href":"https:\/\/api.w.org\/{rel}","templated":true}]}}