{"id":1158,"date":"2024-05-01T09:40:45","date_gmt":"2024-05-01T07:40:45","guid":{"rendered":"https:\/\/www.pedagogie.ac-nice.fr\/sii\/?page_id=1158"},"modified":"2024-09-22T17:13:23","modified_gmt":"2024-09-22T15:13:23","slug":"les-competences-psychosociales-cps","status":"publish","type":"page","link":"https:\/\/www.pedagogie.ac-nice.fr\/sii\/accompagner\/les-competences-psychosociales-cps\/","title":{"rendered":"Les comp\u00e9tences psychosociales (CPS)"},"content":{"rendered":"<p><img loading=\"lazy\" decoding=\"async\" class=\"shrinkToFit\" src=\"https:\/\/eduscol.education.fr\/sites\/default\/files\/styles\/banner_1680x360\/public\/2023-11\/banniere_eduscol_1680x360_856.jpg?itok=RvcRHJfC\" alt=\"https:\/\/eduscol.education.fr\/sites\/default\/files\/styles\/banner_1680x360\/public\/2023-11\/banniere_eduscol_1680x360_856.jpg?itok=RvcRHJfC\" width=\"1366\" height=\"292\"><\/p>\n<p>Les comp\u00e9tences psychosociales (CPS) d\u00e9signent les <strong>aptitudes qu\u2019une personne mobilise pour faire face aux exigences de la vie quotidienne et prendre part opportun\u00e9ment \u00e0 la vie sociale<\/strong>. Ces comp\u00e9tences (telles que l\u2019empathie, la r\u00e9gulation de ses \u00e9motions, la capacit\u00e9 d\u2019adaptation ou \u00e0 communiquer efficacement\u2026) ont pour objectifs d\u2019am\u00e9liorer les relations \u00e0 soi, aux autres et aux apprentissages et entrent donc particuli\u00e8rement en r\u00e9sonance avec le cadre scolaire. De nombreux travaux scientifiques \u00e9tablissent qu\u2019elles sont un facteur-clef de la sant\u00e9, du bien-\u00eatre et de la r\u00e9ussite \u00e9ducative et sociale.<\/p>\n<p><a href=\"https:\/\/eduscol.education.fr\/3901\/developper-les-competences-psychosociales-chez-les-eleves\" target=\"_blank\" rel=\"noopener\"><img loading=\"lazy\" decoding=\"async\" class=\"aligncenter\" src=\"https:\/\/eduscol.education.fr\/sites\/default\/files\/2020-07\/eduscol-logo.jpg\" alt=\"https:\/\/eduscol.education.fr\/sites\/default\/files\/2020-07\/eduscol-logo.jpg\" width=\"499\" height=\"122\"><\/a><\/p>\n<p style=\"text-align: left;\">Lien du site Eduscol : <a href=\"https:\/\/eduscol.education.fr\/3901\/developper-les-competences-psychosociales-chez-les-eleves\" target=\"_blank\" rel=\"noopener\">D\u00e9velopper les comp\u00e9tences psychosociales chez les \u00e9l\u00e8ves<\/a><\/p>\n<p>Lien du site Sant\u00e9 publique : <a href=\"https:\/\/www.santepubliquefrance.fr\/competences-psychosociales-cps\">Comp\u00e9tences psychosociales (CPS)<\/a><img decoding=\"async\" class=\"aligncenter\" src=\"https:\/\/eduscol.education.fr\/sites\/default\/files\/styles\/image_used_in_block_media_full_height\/public\/2023-11\/infog_cps_v4.jpg?itok=J5prMoKN\" alt=\"https:\/\/eduscol.education.fr\/sites\/default\/files\/styles\/image_used_in_block_media_full_height\/public\/2023-11\/infog_cps_v4.jpg?itok=J5prMoKN\"><\/p>\n<p>&nbsp;<\/p>\n","protected":false},"excerpt":{"rendered":"<p>Les comp\u00e9tences psychosociales (CPS) d\u00e9signent les aptitudes qu\u2019une personne mobilise pour faire face aux exigences de la vie quotidienne et<\/p>\n","protected":false},"author":322,"featured_media":1305,"parent":48,"menu_order":2,"comment_status":"closed","ping_status":"closed","template":"","meta":{"colormag_page_container_layout":"no_sidebar_full_width","colormag_page_sidebar_layout":"no_sidebar","ngg_post_thumbnail":0,"footnotes":""},"class_list":["post-1158","page","type-page","status-publish","has-post-thumbnail","hentry"],"rttpg_featured_image_url":{"full":["https:\/\/www.pedagogie.ac-nice.fr\/sii\/wp-content\/uploads\/sites\/55\/2024\/09\/banniere_eduscol_1680x360_856.jpg",1680,360,false],"landscape":["https:\/\/www.pedagogie.ac-nice.fr\/sii\/wp-content\/uploads\/sites\/55\/2024\/09\/banniere_eduscol_1680x360_856.jpg",1680,360,false],"portraits":["https:\/\/www.pedagogie.ac-nice.fr\/sii\/wp-content\/uploads\/sites\/55\/2024\/09\/banniere_eduscol_1680x360_856.jpg",1680,360,false],"thumbnail":["https:\/\/www.pedagogie.ac-nice.fr\/sii\/wp-content\/uploads\/sites\/55\/2024\/09\/banniere_eduscol_1680x360_856-150x150.jpg",150,150,true],"medium":["https:\/\/www.pedagogie.ac-nice.fr\/sii\/wp-content\/uploads\/sites\/55\/2024\/09\/banniere_eduscol_1680x360_856-300x64.jpg",300,64,true],"large":["https:\/\/www.pedagogie.ac-nice.fr\/sii\/wp-content\/uploads\/sites\/55\/2024\/09\/banniere_eduscol_1680x360_856-1024x219.jpg",800,171,true],"1536x1536":["https:\/\/www.pedagogie.ac-nice.fr\/sii\/wp-content\/uploads\/sites\/55\/2024\/09\/banniere_eduscol_1680x360_856-1536x329.jpg",1536,329,true],"2048x2048":["https:\/\/www.pedagogie.ac-nice.fr\/sii\/wp-content\/uploads\/sites\/55\/2024\/09\/banniere_eduscol_1680x360_856.jpg",1680,360,false],"colormag-highlighted-post":["https:\/\/www.pedagogie.ac-nice.fr\/sii\/wp-content\/uploads\/sites\/55\/2024\/09\/banniere_eduscol_1680x360_856-392x272.jpg",392,272,true],"colormag-featured-post-medium":["https:\/\/www.pedagogie.ac-nice.fr\/sii\/wp-content\/uploads\/sites\/55\/2024\/09\/banniere_eduscol_1680x360_856-390x205.jpg",390,205,true],"colormag-featured-post-small":["https:\/\/www.pedagogie.ac-nice.fr\/sii\/wp-content\/uploads\/sites\/55\/2024\/09\/banniere_eduscol_1680x360_856-130x90.jpg",130,90,true],"colormag-featured-image":["https:\/\/www.pedagogie.ac-nice.fr\/sii\/wp-content\/uploads\/sites\/55\/2024\/09\/banniere_eduscol_1680x360_856-800x360.jpg",800,360,true],"colormag-default-news":["https:\/\/www.pedagogie.ac-nice.fr\/sii\/wp-content\/uploads\/sites\/55\/2024\/09\/banniere_eduscol_1680x360_856-150x150.jpg",150,150,true],"colormag-featured-image-large":["https:\/\/www.pedagogie.ac-nice.fr\/sii\/wp-content\/uploads\/sites\/55\/2024\/09\/banniere_eduscol_1680x360_856-1400x360.jpg",1400,360,true],"advps-thumb-one":["https:\/\/www.pedagogie.ac-nice.fr\/sii\/wp-content\/uploads\/sites\/55\/2024\/09\/banniere_eduscol_1680x360_856-600x220.jpg",600,220,true]},"rttpg_author":{"display_name":"sii","author_link":"https:\/\/www.pedagogie.ac-nice.fr\/sii\/author\/sii\/"},"rttpg_comment":0,"rttpg_category":null,"rttpg_excerpt":"Les comp\u00e9tences psychosociales (CPS) d\u00e9signent les aptitudes qu\u2019une personne mobilise pour faire face aux exigences de la vie quotidienne et","post_mailing_queue_ids":[],"_links":{"self":[{"href":"https:\/\/www.pedagogie.ac-nice.fr\/sii\/wp-json\/wp\/v2\/pages\/1158","targetHints":{"allow":["GET"]}}],"collection":[{"href":"https:\/\/www.pedagogie.ac-nice.fr\/sii\/wp-json\/wp\/v2\/pages"}],"about":[{"href":"https:\/\/www.pedagogie.ac-nice.fr\/sii\/wp-json\/wp\/v2\/types\/page"}],"author":[{"embeddable":true,"href":"https:\/\/www.pedagogie.ac-nice.fr\/sii\/wp-json\/wp\/v2\/users\/322"}],"replies":[{"embeddable":true,"href":"https:\/\/www.pedagogie.ac-nice.fr\/sii\/wp-json\/wp\/v2\/comments?post=1158"}],"version-history":[{"count":6,"href":"https:\/\/www.pedagogie.ac-nice.fr\/sii\/wp-json\/wp\/v2\/pages\/1158\/revisions"}],"predecessor-version":[{"id":1167,"href":"https:\/\/www.pedagogie.ac-nice.fr\/sii\/wp-json\/wp\/v2\/pages\/1158\/revisions\/1167"}],"up":[{"embeddable":true,"href":"https:\/\/www.pedagogie.ac-nice.fr\/sii\/wp-json\/wp\/v2\/pages\/48"}],"wp:featuredmedia":[{"embeddable":true,"href":"https:\/\/www.pedagogie.ac-nice.fr\/sii\/wp-json\/wp\/v2\/media\/1305"}],"wp:attachment":[{"href":"https:\/\/www.pedagogie.ac-nice.fr\/sii\/wp-json\/wp\/v2\/media?parent=1158"}],"curies":[{"name":"wp","href":"https:\/\/api.w.org\/{rel}","templated":true}]}}