{"id":1176,"date":"2024-05-04T12:06:41","date_gmt":"2024-05-04T10:06:41","guid":{"rendered":"https:\/\/www.pedagogie.ac-nice.fr\/sii\/?page_id=1176"},"modified":"2024-09-22T20:21:04","modified_gmt":"2024-09-22T18:21:04","slug":"cgenial","status":"publish","type":"page","link":"https:\/\/www.pedagogie.ac-nice.fr\/sii\/innover\/les-concours\/cgenial\/","title":{"rendered":"CG\u00e9nial"},"content":{"rendered":"<p data-wp-editing=\"1\">&nbsp;<\/p>\n<p data-wp-editing=\"1\"><img loading=\"lazy\" decoding=\"async\" class=\"shrinkToFit aligncenter\" src=\"https:\/\/www.sciencesalecole.org\/wp-content\/uploads\/2024\/08\/CCG2025_Visuel_Cle_Carre.png\" alt=\"https:\/\/www.sciencesalecole.org\/wp-content\/uploads\/2024\/08\/CCG2025_Visuel_Cle_Carre.png\" width=\"643\" height=\"643\"><\/p>\n<p>CG\u00e9nial est aussi le nom du concours scientifique national pour coll\u00e9giens et lyc\u00e9ens ! Fruit d&rsquo;un partenariat entre la Fondation CG\u00e9nial et le dispositif minist\u00e9riel <a href=\"http:\/\/www.sciencesalecole.org\/concours-c-genial-presentation\/\" target=\"_blank\" rel=\"noopener\">Sciences \u00e0 l\u2019\u00c9cole<\/a>, le Concours CG\u00e9nial valorise l\u2019enseignement des sciences et des technologies dans les coll\u00e8ges et lyc\u00e9es. Il permet aux jeunes, aid\u00e9s de leurs enseignants, de <strong>pr\u00e9senter un projet didactique et innovant dans de nombreuses disciplines<\/strong> telles que la physique, la chimie, les math\u00e9matiques, la technologie, les sciences de la vie et de la terre\u2026<\/p>\n<div class=\"before_body\">\n<header class=\"page-header bg-tundora has-bg-image\">\n<div class=\"container\">\n<div class=\"item-content\">\n<p class=\"color-theme \" style=\"text-align: center;\"><a href=\"https:\/\/www.cgenial.org\/82-nos-actions\/145-concours-cgenial\" target=\"_blank\" rel=\"noopener\">CONCOURS CG\u00c9NIAL<\/a><\/p>\n<p>&nbsp;<\/p>\n<\/div>\n<\/div>\n<\/header>\n<\/div>\n","protected":false},"excerpt":{"rendered":"<p>&nbsp; CG\u00e9nial est aussi le nom du concours scientifique national pour coll\u00e9giens et lyc\u00e9ens ! Fruit d&rsquo;un partenariat entre la<\/p>\n","protected":false},"author":322,"featured_media":1329,"parent":503,"menu_order":0,"comment_status":"closed","ping_status":"closed","template":"","meta":{"colormag_page_container_layout":"no_sidebar_full_width","colormag_page_sidebar_layout":"no_sidebar","ngg_post_thumbnail":0,"footnotes":""},"class_list":["post-1176","page","type-page","status-publish","has-post-thumbnail","hentry"],"rttpg_featured_image_url":{"full":["https:\/\/www.pedagogie.ac-nice.fr\/sii\/wp-content\/uploads\/sites\/55\/2024\/09\/Fondation-CGenial-HD-3.png",3543,1512,false],"landscape":["https:\/\/www.pedagogie.ac-nice.fr\/sii\/wp-content\/uploads\/sites\/55\/2024\/09\/Fondation-CGenial-HD-3.png",3543,1512,false],"portraits":["https:\/\/www.pedagogie.ac-nice.fr\/sii\/wp-content\/uploads\/sites\/55\/2024\/09\/Fondation-CGenial-HD-3.png",3543,1512,false],"thumbnail":["https:\/\/www.pedagogie.ac-nice.fr\/sii\/wp-content\/uploads\/sites\/55\/2024\/09\/Fondation-CGenial-HD-3-150x150.png",150,150,true],"medium":["https:\/\/www.pedagogie.ac-nice.fr\/sii\/wp-content\/uploads\/sites\/55\/2024\/09\/Fondation-CGenial-HD-3-300x128.png",300,128,true],"large":["https:\/\/www.pedagogie.ac-nice.fr\/sii\/wp-content\/uploads\/sites\/55\/2024\/09\/Fondation-CGenial-HD-3-1024x437.png",800,341,true],"1536x1536":["https:\/\/www.pedagogie.ac-nice.fr\/sii\/wp-content\/uploads\/sites\/55\/2024\/09\/Fondation-CGenial-HD-3-1536x655.png",1536,655,true],"2048x2048":["https:\/\/www.pedagogie.ac-nice.fr\/sii\/wp-content\/uploads\/sites\/55\/2024\/09\/Fondation-CGenial-HD-3-2048x874.png",2048,874,true],"colormag-highlighted-post":["https:\/\/www.pedagogie.ac-nice.fr\/sii\/wp-content\/uploads\/sites\/55\/2024\/09\/Fondation-CGenial-HD-3-392x272.png",392,272,true],"colormag-featured-post-medium":["https:\/\/www.pedagogie.ac-nice.fr\/sii\/wp-content\/uploads\/sites\/55\/2024\/09\/Fondation-CGenial-HD-3-390x205.png",390,205,true],"colormag-featured-post-small":["https:\/\/www.pedagogie.ac-nice.fr\/sii\/wp-content\/uploads\/sites\/55\/2024\/09\/Fondation-CGenial-HD-3-130x90.png",130,90,true],"colormag-featured-image":["https:\/\/www.pedagogie.ac-nice.fr\/sii\/wp-content\/uploads\/sites\/55\/2024\/09\/Fondation-CGenial-HD-3-800x445.png",800,445,true],"colormag-default-news":["https:\/\/www.pedagogie.ac-nice.fr\/sii\/wp-content\/uploads\/sites\/55\/2024\/09\/Fondation-CGenial-HD-3-150x150.png",150,150,true],"colormag-featured-image-large":["https:\/\/www.pedagogie.ac-nice.fr\/sii\/wp-content\/uploads\/sites\/55\/2024\/09\/Fondation-CGenial-HD-3-1400x600.png",1400,600,true],"advps-thumb-one":["https:\/\/www.pedagogie.ac-nice.fr\/sii\/wp-content\/uploads\/sites\/55\/2024\/09\/Fondation-CGenial-HD-3-600x220.png",600,220,true]},"rttpg_author":{"display_name":"sii","author_link":"https:\/\/www.pedagogie.ac-nice.fr\/sii\/author\/sii\/"},"rttpg_comment":0,"rttpg_category":null,"rttpg_excerpt":"&nbsp; CG\u00e9nial est aussi le nom du concours scientifique national pour coll\u00e9giens et lyc\u00e9ens ! Fruit d&rsquo;un partenariat entre la","post_mailing_queue_ids":[],"_links":{"self":[{"href":"https:\/\/www.pedagogie.ac-nice.fr\/sii\/wp-json\/wp\/v2\/pages\/1176","targetHints":{"allow":["GET"]}}],"collection":[{"href":"https:\/\/www.pedagogie.ac-nice.fr\/sii\/wp-json\/wp\/v2\/pages"}],"about":[{"href":"https:\/\/www.pedagogie.ac-nice.fr\/sii\/wp-json\/wp\/v2\/types\/page"}],"author":[{"embeddable":true,"href":"https:\/\/www.pedagogie.ac-nice.fr\/sii\/wp-json\/wp\/v2\/users\/322"}],"replies":[{"embeddable":true,"href":"https:\/\/www.pedagogie.ac-nice.fr\/sii\/wp-json\/wp\/v2\/comments?post=1176"}],"version-history":[{"count":6,"href":"https:\/\/www.pedagogie.ac-nice.fr\/sii\/wp-json\/wp\/v2\/pages\/1176\/revisions"}],"predecessor-version":[{"id":1331,"href":"https:\/\/www.pedagogie.ac-nice.fr\/sii\/wp-json\/wp\/v2\/pages\/1176\/revisions\/1331"}],"up":[{"embeddable":true,"href":"https:\/\/www.pedagogie.ac-nice.fr\/sii\/wp-json\/wp\/v2\/pages\/503"}],"wp:featuredmedia":[{"embeddable":true,"href":"https:\/\/www.pedagogie.ac-nice.fr\/sii\/wp-json\/wp\/v2\/media\/1329"}],"wp:attachment":[{"href":"https:\/\/www.pedagogie.ac-nice.fr\/sii\/wp-json\/wp\/v2\/media?parent=1176"}],"curies":[{"name":"wp","href":"https:\/\/api.w.org\/{rel}","templated":true}]}}