{"id":274,"date":"2022-07-01T17:04:59","date_gmt":"2022-07-01T15:04:59","guid":{"rendered":"https:\/\/www.pedagogie.ac-nice.fr\/sii\/?page_id=274"},"modified":"2025-11-27T09:44:38","modified_gmt":"2025-11-27T08:44:38","slug":"newsletters","status":"publish","type":"page","link":"https:\/\/www.pedagogie.ac-nice.fr\/sii\/sinformer\/newsletters\/","title":{"rendered":"Newsletters"},"content":{"rendered":"<h1><img loading=\"lazy\" decoding=\"async\" class=\"alignleft \" src=\"https:\/\/t4.ftcdn.net\/jpg\/01\/27\/40\/65\/360_F_127406596_l3kRkxtf17ZL1ya64uVdRC6VBWQcpcLQ.jpg\" alt=\"Newsletter\" width=\"352\" height=\"132\"><\/h1>\n<h1>&nbsp;<\/h1>\n<h1>&nbsp;<\/h1>\n<h1>&nbsp;<\/h1>\n<h1>Newsletters 2025-2026<\/h1>\n<ul>\n<li>Num\u00e9ro 3<\/li>\n<li>Num\u00e9ro 2<\/li>\n<li><a href=\"https:\/\/wakelet.com\/wake\/dSMe0SVSPEraLf-8DbEE-\">Num\u00e9ro 1<\/a><\/li>\n<\/ul>\n<h1>Newsletters 2024-2025<\/h1>\n<ul>\n<li><a href=\"https:\/\/www.pedagogie.ac-nice.fr\/sii\/wp-content\/uploads\/sites\/55\/2025\/11\/Lettre-N\u00b03-Annee-2024_2025.pdf\" target=\"_blank\" rel=\"noopener\">Num\u00e9ro 3<\/a><\/li>\n<li><a href=\"https:\/\/www.pedagogie.ac-nice.fr\/sii\/wp-content\/uploads\/sites\/55\/2025\/11\/Lettre-N\u00b02-Annee-2024_2025.pdf\" target=\"_blank\" rel=\"noopener\">Num\u00e9ro 2<\/a><\/li>\n<li><a href=\"https:\/\/www.pedagogie.ac-nice.fr\/sii\/wp-content\/uploads\/sites\/55\/2025\/11\/Lettre-N\u00b01-2024_2025.pdf\" target=\"_blank\" rel=\"noopener\">Num\u00e9ro 1<\/a><\/li>\n<\/ul>\n<h1>Newsletters 2023-2024<\/h1>\n<ul>\n<li><a href=\"https:\/\/www.pedagogie.ac-nice.fr\/sii\/wp-content\/uploads\/sites\/55\/2025\/11\/Veille-de-Technologie-2023_2024-n\u00b03.pdf\" target=\"_blank\" rel=\"noopener\">Num\u00e9ro 3<\/a><\/li>\n<li><a href=\"https:\/\/www.pedagogie.ac-nice.fr\/sii\/wp-content\/uploads\/sites\/55\/2025\/11\/Veille-Technologie-2023_2024-N\u00b02.pdf\" target=\"_blank\" rel=\"noopener\">Num\u00e9ro 2<\/a><\/li>\n<li><a href=\"https:\/\/www.pedagogie.ac-nice.fr\/sii\/wp-content\/uploads\/sites\/55\/2025\/11\/Veille-de-Technologie-novembre-2023.pdf\" target=\"_blank\" rel=\"noopener\">Num\u00e9ro 1<\/a><\/li>\n<\/ul>\n<h1>Newsletters 2022-2023<\/h1>\n<ul>\n<li><a href=\"https:\/\/wakelet.com\/wake\/bQn3NWpY7fwPFuJ2aIKum\" target=\"_blank\" rel=\"noopener\">Num\u00e9ro 3<\/a><\/li>\n<li>Num\u00e9ro 2<\/li>\n<li>Num\u00e9ro 1<\/li>\n<\/ul>\n<h1>Ensemble des newsletters de la rentr\u00e9e 2021<\/h1>\n<ul>\n<li><a href=\"https:\/\/wke.lt\/w\/s\/1iyaaZ\" target=\"_blank\" rel=\"noopener\">Num\u00e9ro 4<\/a><\/li>\n<li><a href=\"https:\/\/wke.lt\/w\/s\/3BvPMR\" target=\"_blank\" rel=\"noopener\">Num\u00e9ro 3<\/a><\/li>\n<li><a href=\"https:\/\/wke.lt\/w\/s\/Cehimz\" target=\"_blank\" rel=\"noopener\">Num\u00e9ro 2<\/a><\/li>\n<li><a href=\"https:\/\/wke.lt\/w\/s\/_OFm6e\" target=\"_blank\" rel=\"noopener\">Num\u00e9ro 1<\/a><\/li>\n<\/ul>\n","protected":false},"excerpt":{"rendered":"<p>&nbsp; &nbsp; &nbsp; Newsletters 2025-2026 Num\u00e9ro 3 Num\u00e9ro 2 Num\u00e9ro 1 Newsletters 2024-2025 Num\u00e9ro 3 Num\u00e9ro 2 Num\u00e9ro 1 Newsletters<\/p>\n","protected":false},"author":322,"featured_media":0,"parent":2,"menu_order":0,"comment_status":"closed","ping_status":"closed","template":"","meta":{"colormag_page_container_layout":"default_layout","colormag_page_sidebar_layout":"default_layout","ngg_post_thumbnail":0,"footnotes":""},"class_list":["post-274","page","type-page","status-publish","hentry"],"rttpg_featured_image_url":null,"rttpg_author":{"display_name":"sii","author_link":"https:\/\/www.pedagogie.ac-nice.fr\/sii\/author\/sii\/"},"rttpg_comment":0,"rttpg_category":null,"rttpg_excerpt":"&nbsp; &nbsp; &nbsp; Newsletters 2025-2026 Num\u00e9ro 3 Num\u00e9ro 2 Num\u00e9ro 1 Newsletters 2024-2025 Num\u00e9ro 3 Num\u00e9ro 2 Num\u00e9ro 1 Newsletters","post_mailing_queue_ids":[],"_links":{"self":[{"href":"https:\/\/www.pedagogie.ac-nice.fr\/sii\/wp-json\/wp\/v2\/pages\/274","targetHints":{"allow":["GET"]}}],"collection":[{"href":"https:\/\/www.pedagogie.ac-nice.fr\/sii\/wp-json\/wp\/v2\/pages"}],"about":[{"href":"https:\/\/www.pedagogie.ac-nice.fr\/sii\/wp-json\/wp\/v2\/types\/page"}],"author":[{"embeddable":true,"href":"https:\/\/www.pedagogie.ac-nice.fr\/sii\/wp-json\/wp\/v2\/users\/322"}],"replies":[{"embeddable":true,"href":"https:\/\/www.pedagogie.ac-nice.fr\/sii\/wp-json\/wp\/v2\/comments?post=274"}],"version-history":[{"count":17,"href":"https:\/\/www.pedagogie.ac-nice.fr\/sii\/wp-json\/wp\/v2\/pages\/274\/revisions"}],"predecessor-version":[{"id":1521,"href":"https:\/\/www.pedagogie.ac-nice.fr\/sii\/wp-json\/wp\/v2\/pages\/274\/revisions\/1521"}],"up":[{"embeddable":true,"href":"https:\/\/www.pedagogie.ac-nice.fr\/sii\/wp-json\/wp\/v2\/pages\/2"}],"wp:attachment":[{"href":"https:\/\/www.pedagogie.ac-nice.fr\/sii\/wp-json\/wp\/v2\/media?parent=274"}],"curies":[{"name":"wp","href":"https:\/\/api.w.org\/{rel}","templated":true}]}}