{"id":290,"date":"2022-07-01T17:33:28","date_gmt":"2022-07-01T15:33:28","guid":{"rendered":"https:\/\/www.pedagogie.ac-nice.fr\/sii\/?page_id=290"},"modified":"2026-03-23T10:34:27","modified_gmt":"2026-03-23T09:34:27","slug":"laboratoire-de-technologie","status":"publish","type":"page","link":"https:\/\/www.pedagogie.ac-nice.fr\/sii\/la-technologie-au-college\/laboratoire-de-technologie\/","title":{"rendered":"Le laboratoire de Technologie"},"content":{"rendered":"<p>Un guide pour r\u00e9pondre aux nouveaux enjeux relatifs aux espaces scolaires : diversit\u00e9 des pratiques p\u00e9dagogiques, d\u00e9veloppement du num\u00e9rique, transition \u00e9cologique, sant\u00e9, hygi\u00e8ne, s\u00e9curit\u00e9 et inclusion<\/p>\n<p><a href=\"https:\/\/batiscolaire.education.gouv.fr\/batir-le-college-240310\" target=\"_blank\" rel=\"noopener\"><img loading=\"lazy\" decoding=\"async\" class=\"aligncenter\" src=\"https:\/\/batiscolaire.education.gouv.fr\/sites\/default\/files\/styles\/banner_article\/public\/2022-04\/guide-college-1-png-38180.png?itok=dRcmm28n\" alt=\"https:\/\/batiscolaire.education.gouv.fr\/sites\/default\/files\/styles\/banner_article\/public\/2022-04\/guide-college-1-png-38180.png?itok=dRcmm28n\" width=\"702\" height=\"327\"><\/a><\/p>\n<p style=\"text-align: center;\"><a href=\"https:\/\/batiscolaire.education.gouv.fr\/batir-le-college-240310\" target=\"_blank\" rel=\"noopener\">https:\/\/batiscolaire.education.gouv.fr\/batir-le-college-240310<\/a><\/p>\n<table style=\"border-collapse: collapse; width: 100%;\">\n<tbody>\n<tr>\n<td style=\"width: 50%; text-align: center; vertical-align: top;\"><img loading=\"lazy\" decoding=\"async\" class=\"alignnone size-medium wp-image-1378\" src=\"https:\/\/www.pedagogie.ac-nice.fr\/sii\/wp-content\/uploads\/sites\/55\/2024\/11\/Pages-de-guide-college-2024-03-21-pdf-38699-1-2-212x300.jpg\" alt=\"\" width=\"212\" height=\"300\" srcset=\"https:\/\/www.pedagogie.ac-nice.fr\/sii\/wp-content\/uploads\/sites\/55\/2024\/11\/Pages-de-guide-college-2024-03-21-pdf-38699-1-2-212x300.jpg 212w, https:\/\/www.pedagogie.ac-nice.fr\/sii\/wp-content\/uploads\/sites\/55\/2024\/11\/Pages-de-guide-college-2024-03-21-pdf-38699-1-2-724x1024.jpg 724w, https:\/\/www.pedagogie.ac-nice.fr\/sii\/wp-content\/uploads\/sites\/55\/2024\/11\/Pages-de-guide-college-2024-03-21-pdf-38699-1-2-768x1086.jpg 768w, https:\/\/www.pedagogie.ac-nice.fr\/sii\/wp-content\/uploads\/sites\/55\/2024\/11\/Pages-de-guide-college-2024-03-21-pdf-38699-1-2-1086x1536.jpg 1086w, https:\/\/www.pedagogie.ac-nice.fr\/sii\/wp-content\/uploads\/sites\/55\/2024\/11\/Pages-de-guide-college-2024-03-21-pdf-38699-1-2-1448x2048.jpg 1448w, https:\/\/www.pedagogie.ac-nice.fr\/sii\/wp-content\/uploads\/sites\/55\/2024\/11\/Pages-de-guide-college-2024-03-21-pdf-38699-1-2-scaled.jpg 1810w\" sizes=\"auto, (max-width: 212px) 100vw, 212px\" \/><\/p>\n<p><a class=\"link-action-buttons\" href=\"https:\/\/batiscolaire.education.gouv.fr\/sites\/default\/files\/2024-03\/guide-college-2024-03-21-pdf-38699.pdf\">Acc\u00e9der au guide complet <\/a><\/td>\n<td style=\"width: 50%; text-align: center; vertical-align: top;\"><img loading=\"lazy\" decoding=\"async\" class=\"alignnone size-medium wp-image-1377\" src=\"https:\/\/www.pedagogie.ac-nice.fr\/sii\/wp-content\/uploads\/sites\/55\/2024\/11\/Pages-de-Guide-college-Technologie-212x300.jpg\" alt=\"\" width=\"212\" height=\"300\" srcset=\"https:\/\/www.pedagogie.ac-nice.fr\/sii\/wp-content\/uploads\/sites\/55\/2024\/11\/Pages-de-Guide-college-Technologie-212x300.jpg 212w, https:\/\/www.pedagogie.ac-nice.fr\/sii\/wp-content\/uploads\/sites\/55\/2024\/11\/Pages-de-Guide-college-Technologie-725x1024.jpg 725w, https:\/\/www.pedagogie.ac-nice.fr\/sii\/wp-content\/uploads\/sites\/55\/2024\/11\/Pages-de-Guide-college-Technologie-768x1085.jpg 768w, https:\/\/www.pedagogie.ac-nice.fr\/sii\/wp-content\/uploads\/sites\/55\/2024\/11\/Pages-de-Guide-college-Technologie-1087x1536.jpg 1087w, https:\/\/www.pedagogie.ac-nice.fr\/sii\/wp-content\/uploads\/sites\/55\/2024\/11\/Pages-de-Guide-college-Technologie.jpg 1241w\" sizes=\"auto, (max-width: 212px) 100vw, 212px\" \/><\/p>\n<p><a href=\"https:\/\/www.pedagogie.ac-nice.fr\/sii\/wp-content\/uploads\/sites\/55\/2024\/11\/Guide-college-Technologie.pdf\" target=\"_blank\" rel=\"noopener\">Fiche espace : SALLES SCIENTIFIQUES ET TECHNOLOGIQUES<\/a><\/td>\n<\/tr>\n<\/tbody>\n<\/table>\n<h2>C-Lab nos Fablabs en coll\u00e8ge<\/h2>\n<p>Nos <strong>C-Lab<\/strong>, <strong>Lab<\/strong>oratoires <strong>o<\/strong>uverts et <strong>Co<\/strong>nnect\u00e9s, v\u00e9ritables espaces de p\u00e9dagogie active d\u00e9di\u00e9s aux enseignements des <strong> STIM (S<span class=\"st\">ciences, Technologie, Ing\u00e9nierie et Math\u00e9matiques<\/span>) <\/strong>et ouverts \u00e0 toutes les disciplines, regroupent les diff\u00e9rents types de laboratoires de nos coll\u00e8ges :<\/p>\n<ul>\n<li>les Fab\u00e9coles de la <a href=\"https:\/\/www.pedagogie.ac-nice.fr\/dane\/fabecoles\/presentation\" target=\"_blank\" rel=\"noopener\">DRANE<\/a>;<\/li>\n<li>les FabLab&rsquo;06 du d\u00e9partement des Alpes Maritimes;<\/li>\n<li>les Labs Mer et Avenir;<\/li>\n<li>les laboratoires de Math\u00e9matiques;<\/li>\n<li>les laboratoires de Technologie.<\/li>\n<\/ul>\n<p><iframe loading=\"lazy\" src=\"\/\/umap.incubateur.anct.gouv.fr\/fr\/map\/carte-lab-college-nice_500?scaleControl=false&amp;miniMap=false&amp;scrollWheelZoom=false&amp;zoomControl=true&amp;editMode=disabled&amp;moreControl=true&amp;searchControl=null&amp;tilelayersControl=null&amp;embedControl=null&amp;datalayersControl=true&amp;onLoadPanel=none&amp;captionBar=false&amp;captionMenus=true\" width=\"100%\" height=\"500px\" frameborder=\"0\" allowfullscreen=\"allowfullscreen\" data-mce-fragment=\"1\"><\/iframe><\/p>\n<p><a href=\"\/\/umap.incubateur.anct.gouv.fr\/fr\/map\/carte-lab-college-nice_500?scaleControl=false&amp;miniMap=false&amp;scrollWheelZoom=true&amp;zoomControl=true&amp;editMode=disabled&amp;moreControl=true&amp;searchControl=null&amp;tilelayersControl=null&amp;embedControl=null&amp;datalayersControl=true&amp;onLoadPanel=none&amp;captionBar=false&amp;captionMenus=true\">Voir en plein \u00e9cran<\/a><\/p>\n<p>&nbsp;<\/p>\n<hr>\n<h2 class=\"header__title\">Exemple des Fab\u00e9cole<\/h2>\n<div style=\"width: 800px;\" class=\"wp-video\"><video class=\"wp-video-shortcode\" id=\"video-290-1\" width=\"800\" height=\"450\" preload=\"metadata\" controls=\"controls\"><source type=\"video\/mp4\" src=\"https:\/\/www.pedagogie.ac-nice.fr\/sii\/wp-content\/uploads\/sites\/55\/2023\/11\/1641977112d3f15-1080.mp4?_=1\" \/><a href=\"https:\/\/www.pedagogie.ac-nice.fr\/sii\/wp-content\/uploads\/sites\/55\/2023\/11\/1641977112d3f15-1080.mp4\">https:\/\/www.pedagogie.ac-nice.fr\/sii\/wp-content\/uploads\/sites\/55\/2023\/11\/1641977112d3f15-1080.mp4<\/a><\/video><\/div>\n","protected":false},"excerpt":{"rendered":"<p>Un guide pour r\u00e9pondre aux nouveaux enjeux relatifs aux espaces scolaires : diversit\u00e9 des pratiques p\u00e9dagogiques, d\u00e9veloppement du num\u00e9rique, transition<\/p>\n","protected":false},"author":322,"featured_media":0,"parent":279,"menu_order":0,"comment_status":"closed","ping_status":"closed","template":"","meta":{"colormag_page_container_layout":"no_sidebar_full_width","colormag_page_sidebar_layout":"no_sidebar","ngg_post_thumbnail":0,"footnotes":""},"class_list":["post-290","page","type-page","status-publish","hentry"],"rttpg_featured_image_url":null,"rttpg_author":{"display_name":"sii","author_link":"https:\/\/www.pedagogie.ac-nice.fr\/sii\/author\/sii\/"},"rttpg_comment":0,"rttpg_category":null,"rttpg_excerpt":"Un guide pour r\u00e9pondre aux nouveaux enjeux relatifs aux espaces scolaires : diversit\u00e9 des pratiques p\u00e9dagogiques, d\u00e9veloppement du num\u00e9rique, transition","post_mailing_queue_ids":[],"_links":{"self":[{"href":"https:\/\/www.pedagogie.ac-nice.fr\/sii\/wp-json\/wp\/v2\/pages\/290","targetHints":{"allow":["GET"]}}],"collection":[{"href":"https:\/\/www.pedagogie.ac-nice.fr\/sii\/wp-json\/wp\/v2\/pages"}],"about":[{"href":"https:\/\/www.pedagogie.ac-nice.fr\/sii\/wp-json\/wp\/v2\/types\/page"}],"author":[{"embeddable":true,"href":"https:\/\/www.pedagogie.ac-nice.fr\/sii\/wp-json\/wp\/v2\/users\/322"}],"replies":[{"embeddable":true,"href":"https:\/\/www.pedagogie.ac-nice.fr\/sii\/wp-json\/wp\/v2\/comments?post=290"}],"version-history":[{"count":11,"href":"https:\/\/www.pedagogie.ac-nice.fr\/sii\/wp-json\/wp\/v2\/pages\/290\/revisions"}],"predecessor-version":[{"id":1546,"href":"https:\/\/www.pedagogie.ac-nice.fr\/sii\/wp-json\/wp\/v2\/pages\/290\/revisions\/1546"}],"up":[{"embeddable":true,"href":"https:\/\/www.pedagogie.ac-nice.fr\/sii\/wp-json\/wp\/v2\/pages\/279"}],"wp:attachment":[{"href":"https:\/\/www.pedagogie.ac-nice.fr\/sii\/wp-json\/wp\/v2\/media?parent=290"}],"curies":[{"name":"wp","href":"https:\/\/api.w.org\/{rel}","templated":true}]}}