{"id":299,"date":"2022-07-01T18:01:48","date_gmt":"2022-07-01T16:01:48","guid":{"rendered":"https:\/\/www.pedagogie.ac-nice.fr\/sii\/?page_id=299"},"modified":"2025-07-02T10:46:27","modified_gmt":"2025-07-02T08:46:27","slug":"mission-ocean","status":"publish","type":"page","link":"https:\/\/www.pedagogie.ac-nice.fr\/sii\/innover\/les-travaux-academiques-mutualises-traam\/mission-ocean\/","title":{"rendered":"Mission Oc\u00e9an"},"content":{"rendered":"<p><a href=\"https:\/\/mission-ocean.org\/\" target=\"_blank\" rel=\"noopener\"><img loading=\"lazy\" decoding=\"async\" class=\"alignright wp-image-337\" src=\"https:\/\/www.pedagogie.ac-nice.fr\/sii\/wp-content\/uploads\/sites\/55\/2022\/07\/logo_mission_ocean_final_fr-300x121.png\" alt=\"mission ocean\" width=\"330\" height=\"133\" srcset=\"https:\/\/www.pedagogie.ac-nice.fr\/sii\/wp-content\/uploads\/sites\/55\/2022\/07\/logo_mission_ocean_final_fr-300x121.png 300w, https:\/\/www.pedagogie.ac-nice.fr\/sii\/wp-content\/uploads\/sites\/55\/2022\/07\/logo_mission_ocean_final_fr.png 702w\" sizes=\"auto, (max-width: 330px) 100vw, 330px\" \/><\/a>D\u00e9couvrez <a href=\"https:\/\/mission-ocean.org\/\" target=\"_blank\" rel=\"noopener\"><strong>Mission Ocean 3D<\/strong><\/a> un parcours p\u00e9dagogique innovant, inspir\u00e9 de la protection des oc\u00e9ans.<br \/>\nCe parcours s&rsquo;appuie sur des univers virtuels et la 3D. Il a pour objectif de permettre aux \u00e9l\u00e8ves d&rsquo;approfondir leurs connaissances dans certaines disciplines (maths, physique-chimie, SVT&#8230;) et de se projeter dans des formations et des m\u00e9tiers qu&rsquo;ils pourraient exercer demain.<\/p>\n<p><span style=\"font-weight: 400;\"><a href=\"https:\/\/pass-ocean.onisep.fr\/pdf\/pass_ocean.pdf\" target=\"_blank\" rel=\"noopener\"><img loading=\"lazy\" decoding=\"async\" class=\" wp-image-364 alignleft\" src=\"https:\/\/www.pedagogie.ac-nice.fr\/sii\/wp-content\/uploads\/sites\/55\/2022\/07\/Passocean-300x180.jpeg\" alt=\"\" width=\"261\" height=\"157\" srcset=\"https:\/\/www.pedagogie.ac-nice.fr\/sii\/wp-content\/uploads\/sites\/55\/2022\/07\/Passocean-300x180.jpeg 300w, https:\/\/www.pedagogie.ac-nice.fr\/sii\/wp-content\/uploads\/sites\/55\/2022\/07\/Passocean-768x461.jpeg 768w, https:\/\/www.pedagogie.ac-nice.fr\/sii\/wp-content\/uploads\/sites\/55\/2022\/07\/Passocean.jpeg 1000w\" sizes=\"auto, (max-width: 261px) 100vw, 261px\" \/><\/a>Le Pass\u2019Oc\u00e9an propose aux \u00e9l\u00e8ves des activit\u00e9s d&rsquo;orientation dans le domaine des sciences oc\u00e9aniques aux enseignants et enseignantes de technologie, math\u00e9matiques, physique-chimie, sciences de la vie et de la terre et histoire-g\u00e9ographie. Le livret interactif montre les passerelles et les liens entre les contenus disciplinaires travaill\u00e9es en classe et les formations et les m\u00e9tiers dans le domaine des sciences oc\u00e9aniques et du d\u00e9veloppement durable. Le Pass Oc\u00e9an peut \u00eatre utilis\u00e9 dans le cadre de la pr\u00e9paration au BIMer (Brevet d\u2019Initiation \u00e0 la Mer).<br \/>\n<\/span><a href=\"https:\/\/pass-ocean.onisep.fr\/pdf\/pass_ocean.pdf\" target=\"_blank\" rel=\"noopener\"><span style=\"font-weight: 400;\">https:\/\/pass-ocean.onisep.fr\/pdf\/pass_ocean.pdf<\/span><\/a><\/p>\n<p><span style=\"font-weight: 400;\"><a href=\"https:\/\/www.reseau-canope.fr\/etincel\/accueil\" target=\"_blank\" rel=\"noopener\"><img loading=\"lazy\" decoding=\"async\" class=\" wp-image-365 alignleft\" src=\"https:\/\/www.pedagogie.ac-nice.fr\/sii\/wp-content\/uploads\/sites\/55\/2022\/07\/Etincel-300x157.jpeg\" alt=\"\" width=\"262\" height=\"137\" srcset=\"https:\/\/www.pedagogie.ac-nice.fr\/sii\/wp-content\/uploads\/sites\/55\/2022\/07\/Etincel-300x157.jpeg 300w, https:\/\/www.pedagogie.ac-nice.fr\/sii\/wp-content\/uploads\/sites\/55\/2022\/07\/Etincel-1024x537.jpeg 1024w, https:\/\/www.pedagogie.ac-nice.fr\/sii\/wp-content\/uploads\/sites\/55\/2022\/07\/Etincel-768x403.jpeg 768w, https:\/\/www.pedagogie.ac-nice.fr\/sii\/wp-content\/uploads\/sites\/55\/2022\/07\/Etincel-1536x806.jpeg 1536w, https:\/\/www.pedagogie.ac-nice.fr\/sii\/wp-content\/uploads\/sites\/55\/2022\/07\/Etincel-390x205.jpeg 390w, https:\/\/www.pedagogie.ac-nice.fr\/sii\/wp-content\/uploads\/sites\/55\/2022\/07\/Etincel.jpeg 1878w\" sizes=\"auto, (max-width: 262px) 100vw, 262px\" \/><\/a>La plateforme Etincel met \u00e0 disposition des enseignants des ressources et des s\u00e9quences p\u00e9dagogiques issues du projet Mission Oc\u00e9an. La recherche par mot cl\u00e9&nbsp;\u00ab&nbsp;missionocean3d&nbsp;\u00bb permet d\u2019acc\u00e9der \u00e0 l\u2019ensemble des productions.<br \/>\n<\/span><a href=\"https:\/\/www.reseau-canope.fr\/etincel\/accueil\" target=\"_blank\" rel=\"noopener\"><span style=\"font-weight: 400;\">https:\/\/www.reseau-canope.fr\/etincel\/accueil<\/span><\/a><\/p>\n<p>&nbsp;<\/p>\n<hr>\n<p>&nbsp;<\/p>\n<p style=\"text-align: center;\"><iframe loading=\"lazy\" title=\"YouTube video player\" src=\"https:\/\/www.youtube.com\/embed\/wNdbzdU46zw\" width=\"560\" height=\"315\" frameborder=\"0\" allowfullscreen=\"allowfullscreen\"><span data-mce-type=\"bookmark\" style=\"display: inline-block; width: 0px; overflow: hidden; line-height: 0;\" class=\"mce_SELRES_start\">\ufeff<\/span><span data-mce-type=\"bookmark\" style=\"display: inline-block; width: 0px; overflow: hidden; line-height: 0;\" class=\"mce_SELRES_start\">\ufeff<\/span><\/iframe><\/p>\n","protected":false},"excerpt":{"rendered":"<p>D\u00e9couvrez Mission Ocean 3D un parcours p\u00e9dagogique innovant, inspir\u00e9 de la protection des oc\u00e9ans. Ce parcours s&rsquo;appuie sur des univers<\/p>\n","protected":false},"author":322,"featured_media":0,"parent":506,"menu_order":0,"comment_status":"closed","ping_status":"closed","template":"","meta":{"colormag_page_container_layout":"default_layout","colormag_page_sidebar_layout":"default_layout","ngg_post_thumbnail":0,"footnotes":""},"class_list":["post-299","page","type-page","status-publish","hentry"],"rttpg_featured_image_url":null,"rttpg_author":{"display_name":"sii","author_link":"https:\/\/www.pedagogie.ac-nice.fr\/sii\/author\/sii\/"},"rttpg_comment":0,"rttpg_category":null,"rttpg_excerpt":"D\u00e9couvrez Mission Ocean 3D un parcours p\u00e9dagogique innovant, inspir\u00e9 de la protection des oc\u00e9ans. Ce parcours s&rsquo;appuie sur des univers","post_mailing_queue_ids":[],"_links":{"self":[{"href":"https:\/\/www.pedagogie.ac-nice.fr\/sii\/wp-json\/wp\/v2\/pages\/299","targetHints":{"allow":["GET"]}}],"collection":[{"href":"https:\/\/www.pedagogie.ac-nice.fr\/sii\/wp-json\/wp\/v2\/pages"}],"about":[{"href":"https:\/\/www.pedagogie.ac-nice.fr\/sii\/wp-json\/wp\/v2\/types\/page"}],"author":[{"embeddable":true,"href":"https:\/\/www.pedagogie.ac-nice.fr\/sii\/wp-json\/wp\/v2\/users\/322"}],"replies":[{"embeddable":true,"href":"https:\/\/www.pedagogie.ac-nice.fr\/sii\/wp-json\/wp\/v2\/comments?post=299"}],"version-history":[{"count":10,"href":"https:\/\/www.pedagogie.ac-nice.fr\/sii\/wp-json\/wp\/v2\/pages\/299\/revisions"}],"predecessor-version":[{"id":1491,"href":"https:\/\/www.pedagogie.ac-nice.fr\/sii\/wp-json\/wp\/v2\/pages\/299\/revisions\/1491"}],"up":[{"embeddable":true,"href":"https:\/\/www.pedagogie.ac-nice.fr\/sii\/wp-json\/wp\/v2\/pages\/506"}],"wp:attachment":[{"href":"https:\/\/www.pedagogie.ac-nice.fr\/sii\/wp-json\/wp\/v2\/media?parent=299"}],"curies":[{"name":"wp","href":"https:\/\/api.w.org\/{rel}","templated":true}]}}