{"id":319,"date":"2022-07-01T18:14:14","date_gmt":"2022-07-01T16:14:14","guid":{"rendered":"https:\/\/www.pedagogie.ac-nice.fr\/sii\/?page_id=319"},"modified":"2022-09-21T14:25:06","modified_gmt":"2022-09-21T12:25:06","slug":"magistere","status":"publish","type":"page","link":"https:\/\/www.pedagogie.ac-nice.fr\/sii\/se-former\/magistere\/","title":{"rendered":"M@gist\u00e8re"},"content":{"rendered":"<p><a href=\"https:\/\/magistere.education.fr\/\"><img loading=\"lazy\" decoding=\"async\" class=\"aligncenter\" src=\"https:\/\/magistere.education.fr\/theme\/image.php\/magistere\/theme\/1655715293\/logos\/logo_magistere\" alt=\"\" width=\"277\" height=\"65\"><\/a><\/p>\n<div class=\"info\">\n<table style=\"border-collapse: collapse; width: 100%;\">\n<tbody>\n<tr>\n<td style=\"width: 33.3333%; text-align: center;\"><img decoding=\"async\" src=\"https:\/\/magistere.education.fr\/theme\/image.php\/magistere\/theme\/1655715293\/general\/accueil_icon1\"><b><\/b><\/p>\n<p><b>Une plateforme unique<\/b><br \/>\npermettant de vous former<br \/>\no\u00f9 et quand vous le souhaitez<\/td>\n<td style=\"width: 33.3333%; text-align: center;\">\n<div class=\"block icon2\"><img loading=\"lazy\" decoding=\"async\" class=\"\" src=\"https:\/\/magistere.education.fr\/theme\/image.php\/magistere\/theme\/1655715293\/general\/accueil_icon2\" width=\"213\" height=\"213\"><b><\/b><\/div>\n<div class=\"block icon2\"><b>Une offre de formation<\/b><br \/>\npersonnalis\u00e9e o\u00f9 vous avez<br \/>\nle choix<\/div>\n<\/td>\n<td style=\"width: 33.3333%; text-align: center;\">\n<div class=\"block icon3\"><img decoding=\"async\" src=\"https:\/\/magistere.education.fr\/theme\/image.php\/magistere\/theme\/1655715293\/general\/accueil_icon3\"><b><\/b><\/div>\n<div class=\"block icon3\"><b>Des parcours de qualit\u00e9<\/b><br \/>\naccompagn\u00e9s ou en<br \/>\nauto-formation r\u00e9pondant \u00e0 vos<br \/>\nbesoins imm\u00e9diats de formation<\/div>\n<\/td>\n<\/tr>\n<\/tbody>\n<\/table>\n<div>\n<p>&nbsp;<\/p>\n<div class=\"block icon1\">\n<h2><span id=\"tablepress-1-description\" class=\"tablepress-table-description tablepress-table-description-id-1\">Liste des parcours disponibles<\/span><\/h2>\n\n<table id=\"tablepress-1\" class=\"tablepress tablepress-id-1\">\n<thead>\n<tr class=\"row-1\">\n\t<th class=\"column-1\">Titre<\/th><th class=\"column-2\">Lien<\/th><th class=\"column-3\">Modalit\u00e9<\/th><th class=\"column-4\">Origine<\/th><th class=\"column-5\">Public<\/th>\n<\/tr>\n<\/thead>\n<tbody class=\"row-striping row-hover\">\n<tr class=\"row-2\">\n\t<td class=\"column-1\">Moodle : Enseigner avec une plateforme p\u00e9dagogique<\/td><td class=\"column-2\"><a href=\"https:\/\/magistere.education.fr\/ac-nice\/course\/view.php?id=2446\" rel=\"noopener\" target=\"_blank\">https:\/\/magistere.education.fr\/ac-nice\/course\/view.php?id=2446<\/a><\/td><td class=\"column-3\">Auto-Inscription<\/td><td class=\"column-4\">Acad\u00e9mie de Nice<\/td><td class=\"column-5\">Technologie Coll\u00e8ge<\/td>\n<\/tr>\n<tr class=\"row-3\">\n\t<td class=\"column-1\">Mbot<\/td><td class=\"column-2\"><a href=\"https:\/\/magistere.education.fr\/ac-nice\/course\/view.php?id=4080\" rel=\"noopener\" target=\"_blank\">https:\/\/magistere.education.fr\/ac-nice\/course\/view.php?id=4080 <\/a><\/td><td class=\"column-3\">Inscription<\/td><td class=\"column-4\">Acad\u00e9mie de Nice<\/td><td class=\"column-5\">Technologie Coll\u00e8ge<\/td>\n<\/tr>\n<tr class=\"row-4\">\n\t<td class=\"column-1\">Innovation p\u00e9dagogique et IA<\/td><td class=\"column-2\"><a href=\"https:\/\/magistere.education.fr\/ac-nice\/course\/view.php?id=9186\" rel=\"noopener\" target=\"_blank\">https:\/\/magistere.education.fr\/ac-nice\/course\/view.php?id=9186<\/a><\/td><td class=\"column-3\">Auto-Inscription<\/td><td class=\"column-4\">Acad\u00e9mie de Nice<\/td><td class=\"column-5\">Technologie Coll\u00e8ge<\/td>\n<\/tr>\n<tr class=\"row-5\">\n\t<td class=\"column-1\">Cycle 3 : Premi\u00e8res activit\u00e9s de programmation pour comprendre le num\u00e9rique (Dgesco)<\/td><td class=\"column-2\"><a href=\"https:\/\/magistere.education.fr\/dgesco\/course\/view.php?id=1345\" rel=\"noopener\" target=\"_blank\">https:\/\/magistere.education.fr\/dgesco\/course\/view.php?id=1345<\/a><\/td><td class=\"column-3\">Auto-Inscription<\/td><td class=\"column-4\">DGESCO<\/td><td class=\"column-5\">Technologie Coll\u00e8ge<\/td>\n<\/tr>\n<tr class=\"row-6\">\n\t<td class=\"column-1\">Utiliser CAPYTALE - Atrium Sud<\/td><td class=\"column-2\"><a href=\"https:\/\/magistere.education.fr\/ac-nice\/enrol\/index.php?id=9476\" rel=\"noopener\" target=\"_blank\">https:\/\/magistere.education.fr\/ac-nice\/enrol\/index.php?id=9476<\/a><\/td><td class=\"column-3\">Auto-Inscription<\/td><td class=\"column-4\">Acad\u00e9mie de Nice<\/td><td class=\"column-5\">SII Lyc\u00e9e<\/td>\n<\/tr>\n<tr class=\"row-7\">\n\t<td class=\"column-1\">Fablab \u00e0 l\u2019\u00e9cole<\/td><td class=\"column-2\"><a href=\"https:\/\/magistere.education.fr\/reseau-canope\/course\/view.php?id=909&amp;section=1\" rel=\"noopener\" target=\"_blank\">https:\/\/magistere.education.fr\/reseau-canope\/course\/view.php?id=909&amp;section=1<\/a><\/td><td class=\"column-3\">Auto-Inscription<\/td><td class=\"column-4\">CANOPE<\/td><td class=\"column-5\">Technologie Coll\u00e8ge<\/td>\n<\/tr>\n<tr class=\"row-8\">\n\t<td class=\"column-1\">Formation SOFIA FMO<\/td><td class=\"column-2\"><a href=\"https:\/\/magistere.education.fr\/ac-nice\/course\/view.php?id=9294\" rel=\"noopener\" target=\"_blank\">https:\/\/magistere.education.fr\/ac-nice\/course\/view.php?id=9294<\/a><\/td><td class=\"column-3\">Auto-Inscription<\/td><td class=\"column-4\">Acad\u00e9mie de Nice<\/td><td class=\"column-5\">Formateurs<\/td>\n<\/tr>\n<tr class=\"row-9\">\n\t<td class=\"column-1\">R\u00e9alit\u00e9 augment\u00e9e<\/td><td class=\"column-2\"><a href=\"https:\/\/magistere.education.fr\/ac-nice\/course\/view.php?id=4081\" rel=\"noopener\" target=\"_blank\">https:\/\/magistere.education.fr\/ac-nice\/course\/view.php?id=4081<\/a><\/td><td class=\"column-3\">Inscription<\/td><td class=\"column-4\">Acad\u00e9mie de Nice<\/td><td class=\"column-5\">Technologie Coll\u00e8ge<\/td>\n<\/tr>\n<\/tbody>\n<\/table>\n<!-- #tablepress-1 from cache -->\n<\/div>\n<\/div>\n<\/div>\n","protected":false},"excerpt":{"rendered":"<p>Une plateforme unique permettant de vous former o\u00f9 et quand vous le souhaitez Une offre de formation personnalis\u00e9e o\u00f9 vous<\/p>\n","protected":false},"author":322,"featured_media":0,"parent":39,"menu_order":0,"comment_status":"closed","ping_status":"closed","template":"","meta":{"colormag_page_container_layout":"no_sidebar_full_width","colormag_page_sidebar_layout":"no_sidebar","ngg_post_thumbnail":0,"footnotes":""},"class_list":["post-319","page","type-page","status-publish","hentry"],"rttpg_featured_image_url":null,"rttpg_author":{"display_name":"sii","author_link":"https:\/\/www.pedagogie.ac-nice.fr\/sii\/author\/sii\/"},"rttpg_comment":0,"rttpg_category":null,"rttpg_excerpt":"Une plateforme unique permettant de vous former o\u00f9 et quand vous le souhaitez Une offre de formation personnalis\u00e9e o\u00f9 vous","post_mailing_queue_ids":[],"_links":{"self":[{"href":"https:\/\/www.pedagogie.ac-nice.fr\/sii\/wp-json\/wp\/v2\/pages\/319","targetHints":{"allow":["GET"]}}],"collection":[{"href":"https:\/\/www.pedagogie.ac-nice.fr\/sii\/wp-json\/wp\/v2\/pages"}],"about":[{"href":"https:\/\/www.pedagogie.ac-nice.fr\/sii\/wp-json\/wp\/v2\/types\/page"}],"author":[{"embeddable":true,"href":"https:\/\/www.pedagogie.ac-nice.fr\/sii\/wp-json\/wp\/v2\/users\/322"}],"replies":[{"embeddable":true,"href":"https:\/\/www.pedagogie.ac-nice.fr\/sii\/wp-json\/wp\/v2\/comments?post=319"}],"version-history":[{"count":8,"href":"https:\/\/www.pedagogie.ac-nice.fr\/sii\/wp-json\/wp\/v2\/pages\/319\/revisions"}],"predecessor-version":[{"id":391,"href":"https:\/\/www.pedagogie.ac-nice.fr\/sii\/wp-json\/wp\/v2\/pages\/319\/revisions\/391"}],"up":[{"embeddable":true,"href":"https:\/\/www.pedagogie.ac-nice.fr\/sii\/wp-json\/wp\/v2\/pages\/39"}],"wp:attachment":[{"href":"https:\/\/www.pedagogie.ac-nice.fr\/sii\/wp-json\/wp\/v2\/media?parent=319"}],"curies":[{"name":"wp","href":"https:\/\/api.w.org\/{rel}","templated":true}]}}