{"id":37,"date":"2022-03-29T08:15:33","date_gmt":"2022-03-29T06:15:33","guid":{"rendered":"https:\/\/www.pedagogie.ac-nice.fr\/sii\/?page_id=37"},"modified":"2022-06-27T11:26:40","modified_gmt":"2022-06-27T09:26:40","slug":"enseigner","status":"publish","type":"page","link":"https:\/\/www.pedagogie.ac-nice.fr\/sii\/enseigner\/","title":{"rendered":"Enseigner"},"content":{"rendered":"<table style=\"border-collapse: collapse; width: 100%; height: 193px;\">\n<tbody>\n<tr style=\"height: 24px;\">\n<td style=\"width: 50%; height: 24px; text-align: center;\"><a href=\"https:\/\/www.pedagogie.ac-nice.fr\/sii\/enseigner\/ecole\/\">\u00c9cole<\/a><\/td>\n<td style=\"width: 50%; height: 24px; text-align: center;\"><a href=\"https:\/\/www.pedagogie.ac-nice.fr\/sii\/enseigner\/college\/\">Coll\u00e8ge<\/a><\/td>\n<\/tr>\n<tr style=\"height: 169px;\">\n<td style=\"width: 50%; height: 169px; text-align: center;\"><a href=\"https:\/\/www.pedagogie.ac-nice.fr\/sii\/enseigner\/lycee\/\">Lyc\u00e9e<\/a><\/td>\n<td style=\"width: 50%; height: 169px; text-align: center;\"><a href=\"https:\/\/www.pedagogie.ac-nice.fr\/sii\/enseigner\/superieur\/\">Sup\u00e9rieur<\/a><\/td>\n<\/tr>\n<\/tbody>\n<\/table>\n","protected":false},"excerpt":{"rendered":"<p>\u00c9cole Coll\u00e8ge Lyc\u00e9e Sup\u00e9rieur<\/p>\n","protected":false},"author":322,"featured_media":0,"parent":0,"menu_order":3,"comment_status":"closed","ping_status":"closed","template":"","meta":{"colormag_page_container_layout":"default_layout","colormag_page_sidebar_layout":"default_layout","ngg_post_thumbnail":0,"footnotes":""},"class_list":["post-37","page","type-page","status-publish","hentry"],"rttpg_featured_image_url":null,"rttpg_author":{"display_name":"sii","author_link":"https:\/\/www.pedagogie.ac-nice.fr\/sii\/author\/sii\/"},"rttpg_comment":0,"rttpg_category":null,"rttpg_excerpt":"\u00c9cole Coll\u00e8ge Lyc\u00e9e Sup\u00e9rieur","post_mailing_queue_ids":[],"_links":{"self":[{"href":"https:\/\/www.pedagogie.ac-nice.fr\/sii\/wp-json\/wp\/v2\/pages\/37","targetHints":{"allow":["GET"]}}],"collection":[{"href":"https:\/\/www.pedagogie.ac-nice.fr\/sii\/wp-json\/wp\/v2\/pages"}],"about":[{"href":"https:\/\/www.pedagogie.ac-nice.fr\/sii\/wp-json\/wp\/v2\/types\/page"}],"author":[{"embeddable":true,"href":"https:\/\/www.pedagogie.ac-nice.fr\/sii\/wp-json\/wp\/v2\/users\/322"}],"replies":[{"embeddable":true,"href":"https:\/\/www.pedagogie.ac-nice.fr\/sii\/wp-json\/wp\/v2\/comments?post=37"}],"version-history":[{"count":6,"href":"https:\/\/www.pedagogie.ac-nice.fr\/sii\/wp-json\/wp\/v2\/pages\/37\/revisions"}],"predecessor-version":[{"id":215,"href":"https:\/\/www.pedagogie.ac-nice.fr\/sii\/wp-json\/wp\/v2\/pages\/37\/revisions\/215"}],"wp:attachment":[{"href":"https:\/\/www.pedagogie.ac-nice.fr\/sii\/wp-json\/wp\/v2\/media?parent=37"}],"curies":[{"name":"wp","href":"https:\/\/api.w.org\/{rel}","templated":true}]}}