{"id":41,"date":"2022-03-29T08:15:59","date_gmt":"2022-03-29T06:15:59","guid":{"rendered":"https:\/\/www.pedagogie.ac-nice.fr\/sii\/?page_id=41"},"modified":"2026-03-15T13:01:05","modified_gmt":"2026-03-15T12:01:05","slug":"collaborer","status":"publish","type":"page","link":"https:\/\/www.pedagogie.ac-nice.fr\/sii\/collaborer\/","title":{"rendered":"Collaborer"},"content":{"rendered":"<style>\n.table-collab .service-name {<br \/>\n  font-weight: 700;<br \/>\n  color: #000091; \/* bleu France DSFR *\/<br \/>\n}<br \/>\n<\/style>\n<div class=\"table-collab-wrapper\">\n<table class=\"table-collab\">\n<thead>\n<tr>\n<th>Service<\/th>\n<th>Description<\/th>\n<th>Acc\u00e8s \/ Liens<\/th>\n<\/tr>\n<\/thead>\n<tbody><!-- TRIBU --><\/p>\n<tr>\n<td class=\"logo-cell\"><img decoding=\"async\" src=\"https:\/\/foad.phm.education.gouv.fr\/images\/image_tribu.png\" alt=\"Logo Tribu\"><\/td>\n<td>\n<div class=\"service-name\">Espaces collaboratifs Tribu<\/div>\n<p>Service des espaces collaboratifs de l\u2019\u00c9ducation nationale pour travailler,<br \/>\npartager et mutualiser au sein de communaut\u00e9s professionnelles.<\/td>\n<td><a href=\"https:\/\/www.pedagogie.ac-nice.fr\/sii\/collaborer\/nos-espaces-academiques-tribu\/\" target=\"_blank\" rel=\"noopener\"><br \/>\nNos espaces Tribu acad\u00e9miques<br \/>\n<\/a><\/td>\n<\/tr>\n<p><!-- Apps.education.fr --><\/p>\n<tr>\n<td class=\"logo-cell\"><a href=\"https:\/\/apps.education.fr\/\" target=\"_blank\" rel=\"noopener\"><br \/>\n<img decoding=\"async\" src=\"https:\/\/portail.apps.education.fr\/images\/logos\/laboite\/apps-logo-sansfond.svg\" alt=\"Logo apps.education.fr\"><br \/>\n<\/a><\/td>\n<td>\n<div class=\"service-name\">Apps.education.fr<\/div>\n<p>Plateforme de services d\u00e9velopp\u00e9e par la direction du num\u00e9rique pour l\u2019\u00e9ducation,<br \/>\nproposant les outils essentiels du quotidien \u00e0 l\u2019ensemble des agents de l\u2019\u00c9ducation nationale.<\/td>\n<td><a href=\"https:\/\/apps.education.fr\/\" target=\"_blank\" rel=\"noopener\"><br \/>\nAcc\u00e9der \u00e0 apps.education.fr<br \/>\n<\/a><\/td>\n<\/tr>\n<p><!-- \u00c9l\u00e9a --><\/p>\n<tr>\n<td class=\"logo-cell\"><a href=\"https:\/\/concepteurs.apps.education.fr\" target=\"_blank\" rel=\"noopener\"><br \/>\n<img decoding=\"async\" src=\"https:\/\/dne-elearning.gitlab.io\/moodle-elea\/documentation\/img\/elea.png\" alt=\"Logo \u00c9l\u00e9a\"><br \/>\n<\/a><\/td>\n<td>\n<div class=\"service-name\">\u00c9l\u00e9a \u2013 Plateforme d\u2019apprentissage<\/div>\n<p>Plateforme num\u00e9rique d\u2019apprentissage adapt\u00e9e \u00e0 l\u2019enseignement primaire et secondaire,<br \/>\naccessible via le r\u00e9seau des concepteurs.<\/td>\n<td><a href=\"https:\/\/concepteurs.apps.education.fr\" target=\"_blank\" rel=\"noopener\"><br \/>\nAcc\u00e8s par le r\u00e9seau des concepteurs<br \/>\n<\/a><\/td>\n<\/tr>\n<p><!-- Tchap (mets ici l\u2019URL finale de ton logo) --><\/p>\n<tr>\n<td class=\"logo-cell\"><img decoding=\"async\" src=\"URL_LOGO_TCHAP\" alt=\"Logo Tchap\"><\/td>\n<td>\n<div class=\"service-name\">Salons Tchap<\/div>\n<p>Messagerie instantan\u00e9e s\u00e9curis\u00e9e des agents de l\u2019\u00c9tat, pour des \u00e9changes<br \/>\nprofessionnels au sein de salons th\u00e9matiques.<\/td>\n<td>\n<div class=\"tc-links-column\"><a href=\"https:\/\/tchap.gouv.fr\/#\/room\/#SIITechnologieAcNiceLFyNhZsNl39:agent.education.tchap.gouv.fr\" target=\"_blank\" rel=\"noopener\"><br \/>\nSalon Technologie \u2013 Coll\u00e8ge<br \/>\n<\/a><a href=\"https:\/\/tchap.gouv.fr\/#\/room\/#benoitdonyacnicefrnhfAV2YoPu2:agent.education.tchap.gouv.fr\" target=\"_blank\" rel=\"noopener\"><br \/>\nSalon Sciences de l\u2019ing\u00e9nieur \u2013 Voie g\u00e9n\u00e9rale<br \/>\n<\/a><a href=\"https:\/\/tchap.gouv.fr\/#\/room\/#SIISTi2DAcNiceWX4BFLecYgn:agent.education.tchap.gouv.fr\" target=\"_blank\" rel=\"noopener\"><br \/>\nSalon STi2D \u2013 Voie technologique<br \/>\n<\/a><\/p>\n<\/div>\n<\/td>\n<\/tr>\n<p><!-- SILL --><\/p>\n<tr>\n<td class=\"logo-cell\"><img decoding=\"async\" src=\"https:\/\/code.gouv.fr\/sill\/assets\/illustration_sill-B0NPUQ_V.svg\" alt=\"Logo SILL\"><\/td>\n<td>\n<div class=\"service-name\">Socle interminist\u00e9riel des logiciels libres (SILL)<\/div>\n<p>Catalogue de r\u00e9f\u00e9rence des logiciels libres recommand\u00e9s pour l\u2019ensemble de l\u2019administration.<\/td>\n<td><a href=\"https:\/\/code.gouv.fr\/sill\/list\" target=\"_blank\" rel=\"noopener\"><br \/>\nConsulter le catalogue<br \/>\n<\/a><\/td>\n<\/tr>\n<p><!-- La Suite num\u00e9rique --><\/p>\n<tr>\n<td class=\"logo-cell\"><a href=\"https:\/\/lasuite.numerique.gouv.fr\/\" target=\"_blank\" rel=\"noopener\"><br \/>\n<img decoding=\"async\" src=\"https:\/\/lasuite.numerique.gouv.fr\/_next\/image?url=%2F_next%2Fstatic%2Fmedia%2Fhero-home.3797b6e0.png&amp;w=1080&amp;q=75\" alt=\"Logo La Suite num\u00e9rique\"><br \/>\n<\/a><\/td>\n<td>\n<div class=\"service-name\">La Suite num\u00e9rique<\/div>\n<p>Ensemble d\u2019applications interconnect\u00e9es pour les agents et professionnels de la<br \/>\nsph\u00e8re publique, facilitant la gestion du travail quotidien.<\/td>\n<td><a href=\"https:\/\/lasuite.numerique.gouv.fr\/\" target=\"_blank\" rel=\"noopener\"><br \/>\nD\u00e9couvrir La Suite num\u00e9rique<br \/>\n<\/a><\/td>\n<\/tr>\n<\/tbody>\n<\/table>\n<\/div>\n","protected":false},"excerpt":{"rendered":"<p>Service Description Acc\u00e8s \/ Liens Espaces collaboratifs Tribu Service des espaces collaboratifs de l\u2019\u00c9ducation nationale pour travailler, partager et mutualiser<\/p>\n","protected":false},"author":322,"featured_media":0,"parent":0,"menu_order":6,"comment_status":"closed","ping_status":"closed","template":"","meta":{"colormag_page_container_layout":"no_sidebar_full_width","colormag_page_sidebar_layout":"no_sidebar","ngg_post_thumbnail":0,"footnotes":""},"class_list":["post-41","page","type-page","status-publish","hentry"],"rttpg_featured_image_url":null,"rttpg_author":{"display_name":"sii","author_link":"https:\/\/www.pedagogie.ac-nice.fr\/sii\/author\/sii\/"},"rttpg_comment":0,"rttpg_category":null,"rttpg_excerpt":"Service Description Acc\u00e8s \/ Liens Espaces collaboratifs Tribu Service des espaces collaboratifs de l\u2019\u00c9ducation nationale pour travailler, partager et mutualiser","post_mailing_queue_ids":[],"_links":{"self":[{"href":"https:\/\/www.pedagogie.ac-nice.fr\/sii\/wp-json\/wp\/v2\/pages\/41","targetHints":{"allow":["GET"]}}],"collection":[{"href":"https:\/\/www.pedagogie.ac-nice.fr\/sii\/wp-json\/wp\/v2\/pages"}],"about":[{"href":"https:\/\/www.pedagogie.ac-nice.fr\/sii\/wp-json\/wp\/v2\/types\/page"}],"author":[{"embeddable":true,"href":"https:\/\/www.pedagogie.ac-nice.fr\/sii\/wp-json\/wp\/v2\/users\/322"}],"replies":[{"embeddable":true,"href":"https:\/\/www.pedagogie.ac-nice.fr\/sii\/wp-json\/wp\/v2\/comments?post=41"}],"version-history":[{"count":44,"href":"https:\/\/www.pedagogie.ac-nice.fr\/sii\/wp-json\/wp\/v2\/pages\/41\/revisions"}],"predecessor-version":[{"id":1544,"href":"https:\/\/www.pedagogie.ac-nice.fr\/sii\/wp-json\/wp\/v2\/pages\/41\/revisions\/1544"}],"wp:attachment":[{"href":"https:\/\/www.pedagogie.ac-nice.fr\/sii\/wp-json\/wp\/v2\/media?parent=41"}],"curies":[{"name":"wp","href":"https:\/\/api.w.org\/{rel}","templated":true}]}}