{"id":50,"date":"2022-03-29T08:17:37","date_gmt":"2022-03-29T06:17:37","guid":{"rendered":"https:\/\/www.pedagogie.ac-nice.fr\/sii\/?page_id=50"},"modified":"2023-11-01T16:14:53","modified_gmt":"2023-11-01T15:14:53","slug":"innover","status":"publish","type":"page","link":"https:\/\/www.pedagogie.ac-nice.fr\/sii\/innover\/","title":{"rendered":"Innover"},"content":{"rendered":"<h2>Les concours<\/h2>\n<p><img loading=\"lazy\" decoding=\"async\" class=\"shrinkToFit transparent\" src=\"https:\/\/eduscol.education.fr\/sites\/default\/files\/styles\/banner_1680x360\/public\/2020-09\/banniere-eduscol-1680x36037-svtcollege-png-787-74-kb--571.png?itok=rrIRfFol\" alt=\"https:\/\/eduscol.education.fr\/sites\/default\/files\/styles\/banner_1680x360\/public\/2020-09\/banniere-eduscol-1680x36037-svtcollege-png-787-74-kb--571.png?itok=rrIRfFol\" width=\"1366\" height=\"292\"><\/p>\n<p><a href=\"https:\/\/www.pedagogie.ac-nice.fr\/sii\/innover\/les-concours\/\" target=\"_blank\" rel=\"noopener\">D\u00e9couvrir les concours &#8230;<\/a><\/p>\n<hr>\n<h2>Les travaux acad\u00e9miques mutualis\u00e9s (TraAM)<\/h2>\n<p><img loading=\"lazy\" decoding=\"async\" class=\"shrinkToFit\" src=\"https:\/\/eduscol.education.fr\/sites\/default\/files\/styles\/banner_1680x360\/public\/2021-03\/banniere_eduscol_1680x36090_numerique_traam.jpg?itok=UBDKpYtA\" alt=\"https:\/\/eduscol.education.fr\/sites\/default\/files\/styles\/banner_1680x360\/public\/2021-03\/banniere_eduscol_1680x36090_numerique_traam.jpg?itok=UBDKpYtA\" width=\"1366\" height=\"292\"><\/p>\n<p><a href=\"https:\/\/www.pedagogie.ac-nice.fr\/sii\/innover\/les-travaux-academiques-mutualises-traam\/\" target=\"_blank\" rel=\"noopener\">D\u00e9couvrir les travaux acad\u00e9miques mutualis\u00e9s (TraAM) &#8230;<\/a><\/p>\n","protected":false},"excerpt":{"rendered":"<p>Les concours D\u00e9couvrir les concours &#8230; Les travaux acad\u00e9miques mutualis\u00e9s (TraAM) D\u00e9couvrir les travaux acad\u00e9miques mutualis\u00e9s (TraAM) &#8230;<\/p>\n","protected":false},"author":322,"featured_media":0,"parent":0,"menu_order":7,"comment_status":"closed","ping_status":"closed","template":"","meta":{"colormag_page_container_layout":"default_layout","colormag_page_sidebar_layout":"default_layout","ngg_post_thumbnail":0,"footnotes":""},"class_list":["post-50","page","type-page","status-publish","hentry"],"rttpg_featured_image_url":null,"rttpg_author":{"display_name":"sii","author_link":"https:\/\/www.pedagogie.ac-nice.fr\/sii\/author\/sii\/"},"rttpg_comment":0,"rttpg_category":null,"rttpg_excerpt":"Les concours D\u00e9couvrir les concours &#8230; Les travaux acad\u00e9miques mutualis\u00e9s (TraAM) D\u00e9couvrir les travaux acad\u00e9miques mutualis\u00e9s (TraAM) &#8230;","post_mailing_queue_ids":[],"_links":{"self":[{"href":"https:\/\/www.pedagogie.ac-nice.fr\/sii\/wp-json\/wp\/v2\/pages\/50","targetHints":{"allow":["GET"]}}],"collection":[{"href":"https:\/\/www.pedagogie.ac-nice.fr\/sii\/wp-json\/wp\/v2\/pages"}],"about":[{"href":"https:\/\/www.pedagogie.ac-nice.fr\/sii\/wp-json\/wp\/v2\/types\/page"}],"author":[{"embeddable":true,"href":"https:\/\/www.pedagogie.ac-nice.fr\/sii\/wp-json\/wp\/v2\/users\/322"}],"replies":[{"embeddable":true,"href":"https:\/\/www.pedagogie.ac-nice.fr\/sii\/wp-json\/wp\/v2\/comments?post=50"}],"version-history":[{"count":6,"href":"https:\/\/www.pedagogie.ac-nice.fr\/sii\/wp-json\/wp\/v2\/pages\/50\/revisions"}],"predecessor-version":[{"id":850,"href":"https:\/\/www.pedagogie.ac-nice.fr\/sii\/wp-json\/wp\/v2\/pages\/50\/revisions\/850"}],"wp:attachment":[{"href":"https:\/\/www.pedagogie.ac-nice.fr\/sii\/wp-json\/wp\/v2\/media?parent=50"}],"curies":[{"name":"wp","href":"https:\/\/api.w.org\/{rel}","templated":true}]}}