{"id":512,"date":"2022-11-29T10:59:02","date_gmt":"2022-11-29T09:59:02","guid":{"rendered":"https:\/\/www.pedagogie.ac-nice.fr\/sii\/?page_id=512"},"modified":"2025-01-17T07:35:40","modified_gmt":"2025-01-17T06:35:40","slug":"les-olympiades-des-sciences-de-lingenieur","status":"publish","type":"page","link":"https:\/\/www.pedagogie.ac-nice.fr\/sii\/innover\/les-concours\/les-olympiades-des-sciences-de-lingenieur\/","title":{"rendered":"Les Olympiades des Sciences de l&rsquo;Ing\u00e9nieur"},"content":{"rendered":"<p>Les Olympiades de Sciences de l&rsquo;Ing\u00e9nieur sont organis\u00e9es par l&rsquo;inspection g\u00e9n\u00e9rale des sciences et techniques industrielles et les inspections p\u00e9dagogiques r\u00e9gionales, en partenariat avec l&rsquo;Union des professeurs de sciences et techniques industrielles.<\/p>\n<p>Les Olympiades de Sciences de l&rsquo;Ing\u00e9nieur sont ouvertes <strong>aux lyc\u00e9ens des classes de premi\u00e8re et de terminale <\/strong>(sp\u00e9cialit\u00e9s SI, STI2D) des lyc\u00e9es d&rsquo;enseignement g\u00e9n\u00e9ral et technologique, publics ou priv\u00e9s sous contrat.<br \/>\nCe concours s&rsquo;inscrit dans le cadre des actions \u00e9ducatives et participe notamment \u00e0 d\u00e9velopper chez les \u00e9l\u00e8ves&nbsp;:<\/p>\n<ul>\n<li>l&rsquo;esprit d&rsquo;initiative<\/li>\n<li>le go\u00fbt pour la recherche<\/li>\n<li>les comp\u00e9tences de l&rsquo;ing\u00e9nieur<\/li>\n<\/ul>\n<p><a href=\"https:\/\/www.upsti.fr\/nos-evenements\/olympiades-de-si\" target=\"_blank\" rel=\"noopener\"><img loading=\"lazy\" decoding=\"async\" class=\"aligncenter\" src=\"https:\/\/www.upsti.fr\/images\/evenements\/OSI\/images\/image_inscription_osi.png\" alt=\"\" width=\"345\" height=\"391\"><\/a><\/p>\n<p style=\"text-align: center;\"><a href=\"https:\/\/www.upsti.fr\/nos-evenements\/olympiades-de-si\" target=\"_blank\" rel=\"noopener\">https:\/\/www.upsti.fr\/nos-evenements\/olympiades-de-si<\/a><\/p>\n<h3 class=\"uk-panel-title uk-hidden-404\">Agenda<\/h3>\n<ul>\n<li>D\u00e9but des inscriptions (<a href=\"https:\/\/www.upsti.fr\/images\/evenements\/OSI\/Fichiers\/Tutoriel_Inscription_OSI_ADAGE.pdf\" target=\"_blank\" rel=\"noopener\">ADAGE<\/a>) : <strong>01\/11\/2024<\/strong><\/li>\n<li>Fin des inscriptions(<a href=\"https:\/\/www.upsti.fr\/images\/evenements\/OSI\/Fichiers\/Tutoriel_Inscription_OSI_ADAGE.pdf\" target=\"_blank\" rel=\"noopener\">ADAGE<\/a>) : <strong>31\/03\/2025<\/strong><\/li>\n<li>\u00c9preuve de s\u00e9lection acad\u00e9mique des Olympiades de Sciences de l&rsquo;Ing\u00e9nieur: le <b>mardi <\/b><b>6 mai<\/b> sur le <b>campus du CESI \u00e0 Nice<\/b><\/li>\n<li>Finale nationale: le <strong>mardi 27 mai 2025<\/strong> \u00e0 la <strong>Cit\u00e9 des Sciences et de l&rsquo;Industrie de Paris.<\/strong><\/li>\n<\/ul>\n<div class=\"uk-panel-content\">\n<hr>\n<h3>Informations via le formulaire de contact ci-dessous<\/h3>\n<p>[contact-form-7 id=\u00a0\u00bbedbd1c8&Prime; title=\u00a0\u00bbOSI\u00a0\u00bb]<\/p>\n<\/div>\n","protected":false},"excerpt":{"rendered":"<p>Les Olympiades de Sciences de l&rsquo;Ing\u00e9nieur sont organis\u00e9es par l&rsquo;inspection g\u00e9n\u00e9rale des sciences et techniques industrielles et les inspections p\u00e9dagogiques<\/p>\n","protected":false},"author":322,"featured_media":1324,"parent":503,"menu_order":0,"comment_status":"closed","ping_status":"closed","template":"","meta":{"colormag_page_container_layout":"default_layout","colormag_page_sidebar_layout":"default_layout","ngg_post_thumbnail":0,"footnotes":""},"class_list":["post-512","page","type-page","status-publish","has-post-thumbnail","hentry"],"rttpg_featured_image_url":{"full":["https:\/\/www.pedagogie.ac-nice.fr\/sii\/wp-content\/uploads\/sites\/55\/2024\/09\/olympiades_2024_sciencesdelingenieur.jpg",1340,730,false],"landscape":["https:\/\/www.pedagogie.ac-nice.fr\/sii\/wp-content\/uploads\/sites\/55\/2024\/09\/olympiades_2024_sciencesdelingenieur.jpg",1340,730,false],"portraits":["https:\/\/www.pedagogie.ac-nice.fr\/sii\/wp-content\/uploads\/sites\/55\/2024\/09\/olympiades_2024_sciencesdelingenieur.jpg",1340,730,false],"thumbnail":["https:\/\/www.pedagogie.ac-nice.fr\/sii\/wp-content\/uploads\/sites\/55\/2024\/09\/olympiades_2024_sciencesdelingenieur-150x150.jpg",150,150,true],"medium":["https:\/\/www.pedagogie.ac-nice.fr\/sii\/wp-content\/uploads\/sites\/55\/2024\/09\/olympiades_2024_sciencesdelingenieur-300x163.jpg",300,163,true],"large":["https:\/\/www.pedagogie.ac-nice.fr\/sii\/wp-content\/uploads\/sites\/55\/2024\/09\/olympiades_2024_sciencesdelingenieur-1024x558.jpg",800,436,true],"1536x1536":["https:\/\/www.pedagogie.ac-nice.fr\/sii\/wp-content\/uploads\/sites\/55\/2024\/09\/olympiades_2024_sciencesdelingenieur.jpg",1340,730,false],"2048x2048":["https:\/\/www.pedagogie.ac-nice.fr\/sii\/wp-content\/uploads\/sites\/55\/2024\/09\/olympiades_2024_sciencesdelingenieur.jpg",1340,730,false],"colormag-highlighted-post":["https:\/\/www.pedagogie.ac-nice.fr\/sii\/wp-content\/uploads\/sites\/55\/2024\/09\/olympiades_2024_sciencesdelingenieur-392x272.jpg",392,272,true],"colormag-featured-post-medium":["https:\/\/www.pedagogie.ac-nice.fr\/sii\/wp-content\/uploads\/sites\/55\/2024\/09\/olympiades_2024_sciencesdelingenieur-390x205.jpg",390,205,true],"colormag-featured-post-small":["https:\/\/www.pedagogie.ac-nice.fr\/sii\/wp-content\/uploads\/sites\/55\/2024\/09\/olympiades_2024_sciencesdelingenieur-130x90.jpg",130,90,true],"colormag-featured-image":["https:\/\/www.pedagogie.ac-nice.fr\/sii\/wp-content\/uploads\/sites\/55\/2024\/09\/olympiades_2024_sciencesdelingenieur-800x445.jpg",800,445,true],"colormag-default-news":["https:\/\/www.pedagogie.ac-nice.fr\/sii\/wp-content\/uploads\/sites\/55\/2024\/09\/olympiades_2024_sciencesdelingenieur-150x150.jpg",150,150,true],"colormag-featured-image-large":["https:\/\/www.pedagogie.ac-nice.fr\/sii\/wp-content\/uploads\/sites\/55\/2024\/09\/olympiades_2024_sciencesdelingenieur-1340x600.jpg",1340,600,true],"advps-thumb-one":["https:\/\/www.pedagogie.ac-nice.fr\/sii\/wp-content\/uploads\/sites\/55\/2024\/09\/olympiades_2024_sciencesdelingenieur-600x220.jpg",600,220,true]},"rttpg_author":{"display_name":"sii","author_link":"https:\/\/www.pedagogie.ac-nice.fr\/sii\/author\/sii\/"},"rttpg_comment":0,"rttpg_category":null,"rttpg_excerpt":"Les Olympiades de Sciences de l&rsquo;Ing\u00e9nieur sont organis\u00e9es par l&rsquo;inspection g\u00e9n\u00e9rale des sciences et techniques industrielles et les inspections p\u00e9dagogiques","post_mailing_queue_ids":[],"_links":{"self":[{"href":"https:\/\/www.pedagogie.ac-nice.fr\/sii\/wp-json\/wp\/v2\/pages\/512","targetHints":{"allow":["GET"]}}],"collection":[{"href":"https:\/\/www.pedagogie.ac-nice.fr\/sii\/wp-json\/wp\/v2\/pages"}],"about":[{"href":"https:\/\/www.pedagogie.ac-nice.fr\/sii\/wp-json\/wp\/v2\/types\/page"}],"author":[{"embeddable":true,"href":"https:\/\/www.pedagogie.ac-nice.fr\/sii\/wp-json\/wp\/v2\/users\/322"}],"replies":[{"embeddable":true,"href":"https:\/\/www.pedagogie.ac-nice.fr\/sii\/wp-json\/wp\/v2\/comments?post=512"}],"version-history":[{"count":19,"href":"https:\/\/www.pedagogie.ac-nice.fr\/sii\/wp-json\/wp\/v2\/pages\/512\/revisions"}],"predecessor-version":[{"id":1407,"href":"https:\/\/www.pedagogie.ac-nice.fr\/sii\/wp-json\/wp\/v2\/pages\/512\/revisions\/1407"}],"up":[{"embeddable":true,"href":"https:\/\/www.pedagogie.ac-nice.fr\/sii\/wp-json\/wp\/v2\/pages\/503"}],"wp:featuredmedia":[{"embeddable":true,"href":"https:\/\/www.pedagogie.ac-nice.fr\/sii\/wp-json\/wp\/v2\/media\/1324"}],"wp:attachment":[{"href":"https:\/\/www.pedagogie.ac-nice.fr\/sii\/wp-json\/wp\/v2\/media?parent=512"}],"curies":[{"name":"wp","href":"https:\/\/api.w.org\/{rel}","templated":true}]}}