{"id":536,"date":"2022-11-30T09:22:06","date_gmt":"2022-11-30T08:22:06","guid":{"rendered":"https:\/\/www.pedagogie.ac-nice.fr\/sii\/?page_id=536"},"modified":"2025-03-01T08:33:17","modified_gmt":"2025-03-01T07:33:17","slug":"nos-espaces-academiques-tribu","status":"publish","type":"page","link":"https:\/\/www.pedagogie.ac-nice.fr\/sii\/collaborer\/nos-espaces-academiques-tribu\/","title":{"rendered":"Nos espaces acad\u00e9miques Tribu"},"content":{"rendered":"<p><img loading=\"lazy\" decoding=\"async\" class=\"shrinkToFit transparent\" src=\"https:\/\/foad.phm.education.gouv.fr\/images\/image_tribu.png\" alt=\"https:\/\/foad.phm.education.gouv.fr\/images\/image_tribu.png\" width=\"1366\" height=\"386\"><\/p>\n\n<table id=\"tablepress-5\" class=\"tablepress tablepress-id-5\">\n<tbody class=\"row-striping row-hover\">\n<tr class=\"row-1\">\n\t<td class=\"column-1\"><strong>Pilotage STI - Acad\u00e9mie de Nice<\/strong><\/td><td class=\"column-2\">Site collaboratif des DDF et coordonnateurs SI des acad\u00e9mies de Nice et de Corse<\/td><td class=\"column-3\"><a href=\"https:\/\/tribu.phm.education.gouv.fr\/portal\/share\/E3WpJC\" rel=\"noopener\" target=\"_blank\">Acc\u00e8der<\/a><br \/>\n<\/td>\n<\/tr>\n<tr class=\"row-2\">\n\t<td class=\"column-1\"><strong>Sciences de l'Ing\u00e9nieur - Acad\u00e9mie de Nice<\/strong><\/td><td class=\"column-2\">Espace collaboratif pour l'enseignement des Sciences de l'Ing\u00e9nieur de la Voie G\u00e9n\u00e9rale<\/td><td class=\"column-3\"><a href=\"https:\/\/tribu.phm.education.gouv.fr\/portal\/share\/avzZkg\" rel=\"noopener\" target=\"_blank\">Acc\u00e8der<\/a><\/td>\n<\/tr>\n<tr class=\"row-3\">\n\t<td class=\"column-1\"><strong>STI2D - Acad\u00e9mies de Nice et de Corse<\/strong><\/td><td class=\"column-2\">Espace collaboratif pour les enseignements de STI2D<\/td><td class=\"column-3\"><a href=\"https:\/\/tribu.phm.education.gouv.fr\/portal\/share\/sii-academie-de-nice\" rel=\"noopener\" target=\"_blank\">Acc\u00e8der<\/a><\/td>\n<\/tr>\n<tr class=\"row-4\">\n\t<td class=\"column-1\"><strong>GRP Technologie - Acad\u00e9mie de Nice<\/strong><\/td><td class=\"column-2\">Espace de travail collaboratif entre les animateurs des groupes de r\u00e9flexion p\u00e9dagogique de Technologie coll\u00e8ge de l'acad\u00e9mie de Nice<\/td><td class=\"column-3\"><a href=\"https:\/\/tribu.phm.education.gouv.fr\/portal\/share\/grp-technologie-nice\" rel=\"noopener\" target=\"_blank\">Acc\u00e8der<\/a><\/td>\n<\/tr>\n<\/tbody>\n<\/table>\n<!-- #tablepress-5 from cache -->\n","protected":false},"excerpt":{"rendered":"","protected":false},"author":322,"featured_media":0,"parent":41,"menu_order":0,"comment_status":"closed","ping_status":"closed","template":"","meta":{"colormag_page_container_layout":"default_layout","colormag_page_sidebar_layout":"default_layout","ngg_post_thumbnail":0,"footnotes":""},"class_list":["post-536","page","type-page","status-publish","hentry"],"rttpg_featured_image_url":null,"rttpg_author":{"display_name":"sii","author_link":"https:\/\/www.pedagogie.ac-nice.fr\/sii\/author\/sii\/"},"rttpg_comment":0,"rttpg_category":null,"rttpg_excerpt":null,"post_mailing_queue_ids":[],"_links":{"self":[{"href":"https:\/\/www.pedagogie.ac-nice.fr\/sii\/wp-json\/wp\/v2\/pages\/536","targetHints":{"allow":["GET"]}}],"collection":[{"href":"https:\/\/www.pedagogie.ac-nice.fr\/sii\/wp-json\/wp\/v2\/pages"}],"about":[{"href":"https:\/\/www.pedagogie.ac-nice.fr\/sii\/wp-json\/wp\/v2\/types\/page"}],"author":[{"embeddable":true,"href":"https:\/\/www.pedagogie.ac-nice.fr\/sii\/wp-json\/wp\/v2\/users\/322"}],"replies":[{"embeddable":true,"href":"https:\/\/www.pedagogie.ac-nice.fr\/sii\/wp-json\/wp\/v2\/comments?post=536"}],"version-history":[{"count":6,"href":"https:\/\/www.pedagogie.ac-nice.fr\/sii\/wp-json\/wp\/v2\/pages\/536\/revisions"}],"predecessor-version":[{"id":1435,"href":"https:\/\/www.pedagogie.ac-nice.fr\/sii\/wp-json\/wp\/v2\/pages\/536\/revisions\/1435"}],"up":[{"embeddable":true,"href":"https:\/\/www.pedagogie.ac-nice.fr\/sii\/wp-json\/wp\/v2\/pages\/41"}],"wp:attachment":[{"href":"https:\/\/www.pedagogie.ac-nice.fr\/sii\/wp-json\/wp\/v2\/media?parent=536"}],"curies":[{"name":"wp","href":"https:\/\/api.w.org\/{rel}","templated":true}]}}