{"id":549,"date":"2022-11-30T11:01:42","date_gmt":"2022-11-30T10:01:42","guid":{"rendered":"https:\/\/www.pedagogie.ac-nice.fr\/sii\/?page_id=549"},"modified":"2025-04-11T08:44:42","modified_gmt":"2025-04-11T06:44:42","slug":"les-genies-de-la-construction","status":"publish","type":"page","link":"https:\/\/www.pedagogie.ac-nice.fr\/sii\/innover\/les-concours\/les-genies-de-la-construction\/","title":{"rendered":"Les G\u00e9nies de la construction"},"content":{"rendered":"<p><a href=\"https:\/\/lesgeniesdelaconstruction.fr\/#about\" target=\"_blank\" rel=\"noopener\"><img loading=\"lazy\" decoding=\"async\" class=\"img-responsive aligncenter\" src=\"https:\/\/lesgeniesdelaconstruction.fr\/assets\/images2\/lesgenies.png\" alt=\"\" width=\"557\" height=\"352\"><\/a><\/p>\n<p>Le concours des G\u00e9nies de la construction, cr\u00e9\u00e9 en 2005, r\u00e9nov\u00e9 \u00e0 la session 2018 est \u00ab le concours des territoires intelligents \u00bb. Il vise \u00e0 encourager la cr\u00e9ativit\u00e9 et valoriser sa transposition concr\u00e8te par un travail collectif d\u2019\u00e9l\u00e8ves ou d\u2019\u00e9tudiants qui traitent et illustrent des probl\u00e9matiques li\u00e9es aux enjeux de la construction et de l\u2019am\u00e9nagement des territoires. Il est destin\u00e9 aux \u00e9l\u00e8ves de coll\u00e8ge et de Lyc\u00e9e, ainsi qu\u2019aux \u00e9tudiants de l\u2019enseignement sup\u00e9rieur.<\/p>\n<p style=\"text-align: center;\"><iframe loading=\"lazy\" src=\"\/\/www.youtube.com\/embed\/ad4TQYh6WPE?feature=shared\" width=\"560\" height=\"314\" allowfullscreen=\"allowfullscreen\"><\/iframe><\/p>\n<p style=\"text-align: center;\"><strong>Rendez-vous d&rsquo;actualit\u00e9 du CCCA-BTP : le concours \u00ab Les G\u00e9nies de la construction \u00bb<\/strong><\/p>\n<p>Dans une r\u00e9cente vid\u00e9o d&rsquo;actualit\u00e9 du CCCA-BTP, Vincent Montreuil, Inspecteur g\u00e9n\u00e9ral de l&rsquo;\u00e9ducation, du sport et de la recherche, a pr\u00e9sent\u00e9 le Concours des G\u00e9nies de la Construction. Cet \u00e9v\u00e9nement incontournable vise \u00e0 valoriser les comp\u00e9tences des \u00e9l\u00e8ves et des \u00e9tudiants dans le domaine de la construction et de l&rsquo;ing\u00e9nierie.<\/p>\n","protected":false},"excerpt":{"rendered":"<p>Le concours des G\u00e9nies de la construction, cr\u00e9\u00e9 en 2005, r\u00e9nov\u00e9 \u00e0 la session 2018 est \u00ab le concours des<\/p>\n","protected":false},"author":322,"featured_media":1325,"parent":503,"menu_order":0,"comment_status":"closed","ping_status":"closed","template":"","meta":{"colormag_page_container_layout":"default_layout","colormag_page_sidebar_layout":"default_layout","ngg_post_thumbnail":0,"footnotes":""},"class_list":["post-549","page","type-page","status-publish","has-post-thumbnail","hentry"],"rttpg_featured_image_url":{"full":["https:\/\/www.pedagogie.ac-nice.fr\/sii\/wp-content\/uploads\/sites\/55\/2024\/09\/lesgenies.png",557,352,false],"landscape":["https:\/\/www.pedagogie.ac-nice.fr\/sii\/wp-content\/uploads\/sites\/55\/2024\/09\/lesgenies.png",557,352,false],"portraits":["https:\/\/www.pedagogie.ac-nice.fr\/sii\/wp-content\/uploads\/sites\/55\/2024\/09\/lesgenies.png",557,352,false],"thumbnail":["https:\/\/www.pedagogie.ac-nice.fr\/sii\/wp-content\/uploads\/sites\/55\/2024\/09\/lesgenies-150x150.png",150,150,true],"medium":["https:\/\/www.pedagogie.ac-nice.fr\/sii\/wp-content\/uploads\/sites\/55\/2024\/09\/lesgenies-300x190.png",300,190,true],"large":["https:\/\/www.pedagogie.ac-nice.fr\/sii\/wp-content\/uploads\/sites\/55\/2024\/09\/lesgenies.png",557,352,false],"1536x1536":["https:\/\/www.pedagogie.ac-nice.fr\/sii\/wp-content\/uploads\/sites\/55\/2024\/09\/lesgenies.png",557,352,false],"2048x2048":["https:\/\/www.pedagogie.ac-nice.fr\/sii\/wp-content\/uploads\/sites\/55\/2024\/09\/lesgenies.png",557,352,false],"colormag-highlighted-post":["https:\/\/www.pedagogie.ac-nice.fr\/sii\/wp-content\/uploads\/sites\/55\/2024\/09\/lesgenies-392x272.png",392,272,true],"colormag-featured-post-medium":["https:\/\/www.pedagogie.ac-nice.fr\/sii\/wp-content\/uploads\/sites\/55\/2024\/09\/lesgenies-390x205.png",390,205,true],"colormag-featured-post-small":["https:\/\/www.pedagogie.ac-nice.fr\/sii\/wp-content\/uploads\/sites\/55\/2024\/09\/lesgenies-130x90.png",130,90,true],"colormag-featured-image":["https:\/\/www.pedagogie.ac-nice.fr\/sii\/wp-content\/uploads\/sites\/55\/2024\/09\/lesgenies.png",557,352,false],"colormag-default-news":["https:\/\/www.pedagogie.ac-nice.fr\/sii\/wp-content\/uploads\/sites\/55\/2024\/09\/lesgenies-150x150.png",150,150,true],"colormag-featured-image-large":["https:\/\/www.pedagogie.ac-nice.fr\/sii\/wp-content\/uploads\/sites\/55\/2024\/09\/lesgenies.png",557,352,false],"advps-thumb-one":["https:\/\/www.pedagogie.ac-nice.fr\/sii\/wp-content\/uploads\/sites\/55\/2024\/09\/lesgenies-557x220.png",557,220,true]},"rttpg_author":{"display_name":"sii","author_link":"https:\/\/www.pedagogie.ac-nice.fr\/sii\/author\/sii\/"},"rttpg_comment":0,"rttpg_category":null,"rttpg_excerpt":"Le concours des G\u00e9nies de la construction, cr\u00e9\u00e9 en 2005, r\u00e9nov\u00e9 \u00e0 la session 2018 est \u00ab le concours des","post_mailing_queue_ids":[],"_links":{"self":[{"href":"https:\/\/www.pedagogie.ac-nice.fr\/sii\/wp-json\/wp\/v2\/pages\/549","targetHints":{"allow":["GET"]}}],"collection":[{"href":"https:\/\/www.pedagogie.ac-nice.fr\/sii\/wp-json\/wp\/v2\/pages"}],"about":[{"href":"https:\/\/www.pedagogie.ac-nice.fr\/sii\/wp-json\/wp\/v2\/types\/page"}],"author":[{"embeddable":true,"href":"https:\/\/www.pedagogie.ac-nice.fr\/sii\/wp-json\/wp\/v2\/users\/322"}],"replies":[{"embeddable":true,"href":"https:\/\/www.pedagogie.ac-nice.fr\/sii\/wp-json\/wp\/v2\/comments?post=549"}],"version-history":[{"count":6,"href":"https:\/\/www.pedagogie.ac-nice.fr\/sii\/wp-json\/wp\/v2\/pages\/549\/revisions"}],"predecessor-version":[{"id":1455,"href":"https:\/\/www.pedagogie.ac-nice.fr\/sii\/wp-json\/wp\/v2\/pages\/549\/revisions\/1455"}],"up":[{"embeddable":true,"href":"https:\/\/www.pedagogie.ac-nice.fr\/sii\/wp-json\/wp\/v2\/pages\/503"}],"wp:featuredmedia":[{"embeddable":true,"href":"https:\/\/www.pedagogie.ac-nice.fr\/sii\/wp-json\/wp\/v2\/media\/1325"}],"wp:attachment":[{"href":"https:\/\/www.pedagogie.ac-nice.fr\/sii\/wp-json\/wp\/v2\/media?parent=549"}],"curies":[{"name":"wp","href":"https:\/\/api.w.org\/{rel}","templated":true}]}}