{"id":577,"date":"2022-12-04T19:08:25","date_gmt":"2022-12-04T18:08:25","guid":{"rendered":"https:\/\/www.pedagogie.ac-nice.fr\/sii\/?page_id=577"},"modified":"2023-01-04T09:49:02","modified_gmt":"2023-01-04T08:49:02","slug":"feebat","status":"publish","type":"page","link":"https:\/\/www.pedagogie.ac-nice.fr\/sii\/se-former\/feebat\/","title":{"rendered":"FEEBAT"},"content":{"rendered":"<h1 data-wp-editing=\"1\"><img loading=\"lazy\" decoding=\"async\" class=\" wp-image-602 alignleft\" src=\"https:\/\/www.pedagogie.ac-nice.fr\/sii\/wp-content\/uploads\/sites\/55\/2023\/01\/logo-Feebat.png\" alt=\"\" width=\"154\" height=\"195\"><\/h1>\n<h1><strong>Les formations pour les enseignants en lyc\u00e9e<\/strong><\/h1>\n<p>FEEBAT construit actuellement un dispositif et des ressources innovantes de formation sur la r\u00e9novation \u00e9nerg\u00e9tique, adapt\u00e9s aux \u00e9l\u00e8ves, apprentis, \u00e9tudiants que vous formez.<\/p>\n<p>D\u00e9couvrez le dispositif en d\u00e9tail <a href=\"https:\/\/drive.google.com\/file\/d\/1J9R0P8nCRHNpxaD_5POz0vtqcd8hqZZT\/view?usp=share_link\" target=\"_blank\" rel=\"noopener\">dans la plaquette de l&rsquo;acad\u00e9mie de Nice<\/a><\/p>\n<p>&nbsp;<\/p>\n<p><img loading=\"lazy\" decoding=\"async\" class=\"wp-image-604 aligncenter\" src=\"https:\/\/www.pedagogie.ac-nice.fr\/sii\/wp-content\/uploads\/sites\/55\/2023\/01\/feebatformation-initiale-enseignant2-1-2880x1020-1-300x106.jpg\" alt=\"\" width=\"640\" height=\"226\" srcset=\"https:\/\/www.pedagogie.ac-nice.fr\/sii\/wp-content\/uploads\/sites\/55\/2023\/01\/feebatformation-initiale-enseignant2-1-2880x1020-1-300x106.jpg 300w, https:\/\/www.pedagogie.ac-nice.fr\/sii\/wp-content\/uploads\/sites\/55\/2023\/01\/feebatformation-initiale-enseignant2-1-2880x1020-1-1024x363.jpg 1024w, https:\/\/www.pedagogie.ac-nice.fr\/sii\/wp-content\/uploads\/sites\/55\/2023\/01\/feebatformation-initiale-enseignant2-1-2880x1020-1-768x272.jpg 768w, https:\/\/www.pedagogie.ac-nice.fr\/sii\/wp-content\/uploads\/sites\/55\/2023\/01\/feebatformation-initiale-enseignant2-1-2880x1020-1-1536x544.jpg 1536w, https:\/\/www.pedagogie.ac-nice.fr\/sii\/wp-content\/uploads\/sites\/55\/2023\/01\/feebatformation-initiale-enseignant2-1-2880x1020-1-2048x725.jpg 2048w\" sizes=\"auto, (max-width: 640px) 100vw, 640px\" \/><\/p>\n<p>L\u2019objectif&nbsp;? Assurer un socle de comp\u00e9tences communes et permettre aux futurs professionnels du b\u00e2timent d\u2019int\u00e9grer l\u2019efficacit\u00e9 \u00e9nerg\u00e9tique dans la r\u00e9novation des b\u00e2timents.<\/p>\n<p>Vous avez la charge de la formation d\u2019\u00e9l\u00e8ves, apprentis, \u00e9tudiants des m\u00e9tiers du b\u00e2timent afin qu\u2019ils soient op\u00e9rationnels sur le march\u00e9 du travail&nbsp;? Faites de FEEBAT un nouveau pilier p\u00e9dagogique de vos enseignements sur la r\u00e9novation \u00e9nerg\u00e9tique.<\/p>\n<p style=\"text-align: center;\">&nbsp;<\/p>\n<p style=\"text-align: center;\"><iframe loading=\"lazy\" title=\"Formateurs - La r\u00e9novation \u00e9nerg\u00e9tique \u00e7a s'enseigne\" src=\"https:\/\/www.youtube.com\/embed\/0rw_7Gq0G8c\" allowfullscreen=\"allowfullscreen\" width=\"853\" height=\"480\" frameborder=\"0\"><\/iframe><\/p>\n<p style=\"text-align: center;\">&nbsp;<\/p>\n","protected":false},"excerpt":{"rendered":"<p>Les formations pour les enseignants en lyc\u00e9e FEEBAT construit actuellement un dispositif et des ressources innovantes de formation sur la<\/p>\n","protected":false},"author":322,"featured_media":0,"parent":39,"menu_order":2,"comment_status":"closed","ping_status":"closed","template":"","meta":{"colormag_page_container_layout":"default_layout","colormag_page_sidebar_layout":"default_layout","ngg_post_thumbnail":0,"footnotes":""},"class_list":["post-577","page","type-page","status-publish","hentry"],"rttpg_featured_image_url":null,"rttpg_author":{"display_name":"sii","author_link":"https:\/\/www.pedagogie.ac-nice.fr\/sii\/author\/sii\/"},"rttpg_comment":0,"rttpg_category":null,"rttpg_excerpt":"Les formations pour les enseignants en lyc\u00e9e FEEBAT construit actuellement un dispositif et des ressources innovantes de formation sur la","post_mailing_queue_ids":[],"_links":{"self":[{"href":"https:\/\/www.pedagogie.ac-nice.fr\/sii\/wp-json\/wp\/v2\/pages\/577","targetHints":{"allow":["GET"]}}],"collection":[{"href":"https:\/\/www.pedagogie.ac-nice.fr\/sii\/wp-json\/wp\/v2\/pages"}],"about":[{"href":"https:\/\/www.pedagogie.ac-nice.fr\/sii\/wp-json\/wp\/v2\/types\/page"}],"author":[{"embeddable":true,"href":"https:\/\/www.pedagogie.ac-nice.fr\/sii\/wp-json\/wp\/v2\/users\/322"}],"replies":[{"embeddable":true,"href":"https:\/\/www.pedagogie.ac-nice.fr\/sii\/wp-json\/wp\/v2\/comments?post=577"}],"version-history":[{"count":12,"href":"https:\/\/www.pedagogie.ac-nice.fr\/sii\/wp-json\/wp\/v2\/pages\/577\/revisions"}],"predecessor-version":[{"id":606,"href":"https:\/\/www.pedagogie.ac-nice.fr\/sii\/wp-json\/wp\/v2\/pages\/577\/revisions\/606"}],"up":[{"embeddable":true,"href":"https:\/\/www.pedagogie.ac-nice.fr\/sii\/wp-json\/wp\/v2\/pages\/39"}],"wp:attachment":[{"href":"https:\/\/www.pedagogie.ac-nice.fr\/sii\/wp-json\/wp\/v2\/media?parent=577"}],"curies":[{"name":"wp","href":"https:\/\/api.w.org\/{rel}","templated":true}]}}