{"id":616,"date":"2023-02-14T21:43:48","date_gmt":"2023-02-14T20:43:48","guid":{"rendered":"https:\/\/www.pedagogie.ac-nice.fr\/sii\/?page_id=616"},"modified":"2024-09-25T12:14:23","modified_gmt":"2024-09-25T10:14:23","slug":"la-first-lego-league","status":"publish","type":"page","link":"https:\/\/www.pedagogie.ac-nice.fr\/sii\/innover\/les-concours\/la-first-lego-league\/","title":{"rendered":"La First Lego League"},"content":{"rendered":"<h1 style=\"text-align: center;\"><img decoding=\"async\" src=\"https:\/\/www.firstinspires.org\/sites\/default\/files\/uploads\/hero_headers\/resource-library-frc.jpg\" alt=\"https:\/\/www.firstinspires.org\/sites\/default\/files\/uploads\/hero_headers\/resource-library-frc.jpg\"><\/h1>\n<h2>Qu\u2019est-ce que la FIRST\u00ae LEGO\u00ae League ?<\/h2>\n<p>La FIRST\u00ae LEGO\u00ae League (Souvent abr\u00e9vi\u00e9 \u00ab FLL \u00bb) est un challenge qui propose \u00e0 des \u00e9quipes de jeunes participants de r\u00e9soudre des probl\u00e8mes rencontr\u00e9s dans un domaine scientifique donn\u00e9 en utilisant une d\u00e9marche professionnelle : recherche, \u00e9change, dessin, construction et test.<\/p>\n<p><a href=\"http:\/\/firstlegoleaguefrance.fr\/\" target=\"_blank\" rel=\"noopener\"><img decoding=\"async\" class=\"transparent aligncenter\" src=\"http:\/\/firstlegoleaguefrance.fr\/wp-content\/uploads\/2020\/01\/FLL_Challenge_Logo_v2.png\" alt=\"http:\/\/firstlegoleaguefrance.fr\/wp-content\/uploads\/2020\/01\/FLL_Challenge_Logo_v2.png\"><\/a><\/p>\n<p class=\"elementor-heading-title elementor-size-default elementor-inline-editing pen\" style=\"text-align: center;\" data-elementor-setting-key=\"title\" data-pen-placeholder=\"\u00c9crivez ici...\"><a href=\"http:\/\/firstlegoleaguefrance.fr\/\" target=\"_blank\" rel=\"noopener\">PAGE OFFICIELLE DE LA FIRST LEGO LEAGUE CHALLENGE FRANCE<\/a><\/p>\n<hr>\n<h2>Inscription et informations via le formulaire de contact ci-dessous<\/h2>\n<p>[contact-form-7 id=\u00a0\u00bb622&Prime; title=\u00a0\u00bbFLL\u00a0\u00bb]<\/p>\n","protected":false},"excerpt":{"rendered":"<p>Qu\u2019est-ce que la FIRST\u00ae LEGO\u00ae League ? La FIRST\u00ae LEGO\u00ae League (Souvent abr\u00e9vi\u00e9 \u00ab FLL \u00bb) est un challenge qui<\/p>\n","protected":false},"author":322,"featured_media":1327,"parent":503,"menu_order":0,"comment_status":"closed","ping_status":"closed","template":"","meta":{"colormag_page_container_layout":"default_layout","colormag_page_sidebar_layout":"default_layout","ngg_post_thumbnail":0,"footnotes":""},"class_list":["post-616","page","type-page","status-publish","has-post-thumbnail","hentry"],"rttpg_featured_image_url":{"full":["https:\/\/www.pedagogie.ac-nice.fr\/sii\/wp-content\/uploads\/sites\/55\/2024\/09\/FLL_Challenge_Logo_v2.png",239,132,false],"landscape":["https:\/\/www.pedagogie.ac-nice.fr\/sii\/wp-content\/uploads\/sites\/55\/2024\/09\/FLL_Challenge_Logo_v2.png",239,132,false],"portraits":["https:\/\/www.pedagogie.ac-nice.fr\/sii\/wp-content\/uploads\/sites\/55\/2024\/09\/FLL_Challenge_Logo_v2.png",239,132,false],"thumbnail":["https:\/\/www.pedagogie.ac-nice.fr\/sii\/wp-content\/uploads\/sites\/55\/2024\/09\/FLL_Challenge_Logo_v2-150x132.png",150,132,true],"medium":["https:\/\/www.pedagogie.ac-nice.fr\/sii\/wp-content\/uploads\/sites\/55\/2024\/09\/FLL_Challenge_Logo_v2.png",239,132,false],"large":["https:\/\/www.pedagogie.ac-nice.fr\/sii\/wp-content\/uploads\/sites\/55\/2024\/09\/FLL_Challenge_Logo_v2.png",239,132,false],"1536x1536":["https:\/\/www.pedagogie.ac-nice.fr\/sii\/wp-content\/uploads\/sites\/55\/2024\/09\/FLL_Challenge_Logo_v2.png",239,132,false],"2048x2048":["https:\/\/www.pedagogie.ac-nice.fr\/sii\/wp-content\/uploads\/sites\/55\/2024\/09\/FLL_Challenge_Logo_v2.png",239,132,false],"colormag-highlighted-post":["https:\/\/www.pedagogie.ac-nice.fr\/sii\/wp-content\/uploads\/sites\/55\/2024\/09\/FLL_Challenge_Logo_v2.png",239,132,false],"colormag-featured-post-medium":["https:\/\/www.pedagogie.ac-nice.fr\/sii\/wp-content\/uploads\/sites\/55\/2024\/09\/FLL_Challenge_Logo_v2.png",239,132,false],"colormag-featured-post-small":["https:\/\/www.pedagogie.ac-nice.fr\/sii\/wp-content\/uploads\/sites\/55\/2024\/09\/FLL_Challenge_Logo_v2-130x90.png",130,90,true],"colormag-featured-image":["https:\/\/www.pedagogie.ac-nice.fr\/sii\/wp-content\/uploads\/sites\/55\/2024\/09\/FLL_Challenge_Logo_v2.png",239,132,false],"colormag-default-news":["https:\/\/www.pedagogie.ac-nice.fr\/sii\/wp-content\/uploads\/sites\/55\/2024\/09\/FLL_Challenge_Logo_v2-150x132.png",150,132,true],"colormag-featured-image-large":["https:\/\/www.pedagogie.ac-nice.fr\/sii\/wp-content\/uploads\/sites\/55\/2024\/09\/FLL_Challenge_Logo_v2.png",239,132,false],"advps-thumb-one":["https:\/\/www.pedagogie.ac-nice.fr\/sii\/wp-content\/uploads\/sites\/55\/2024\/09\/FLL_Challenge_Logo_v2.png",239,132,false]},"rttpg_author":{"display_name":"sii","author_link":"https:\/\/www.pedagogie.ac-nice.fr\/sii\/author\/sii\/"},"rttpg_comment":0,"rttpg_category":null,"rttpg_excerpt":"Qu\u2019est-ce que la FIRST\u00ae LEGO\u00ae League ? La FIRST\u00ae LEGO\u00ae League (Souvent abr\u00e9vi\u00e9 \u00ab FLL \u00bb) est un challenge qui","post_mailing_queue_ids":[],"_links":{"self":[{"href":"https:\/\/www.pedagogie.ac-nice.fr\/sii\/wp-json\/wp\/v2\/pages\/616","targetHints":{"allow":["GET"]}}],"collection":[{"href":"https:\/\/www.pedagogie.ac-nice.fr\/sii\/wp-json\/wp\/v2\/pages"}],"about":[{"href":"https:\/\/www.pedagogie.ac-nice.fr\/sii\/wp-json\/wp\/v2\/types\/page"}],"author":[{"embeddable":true,"href":"https:\/\/www.pedagogie.ac-nice.fr\/sii\/wp-json\/wp\/v2\/users\/322"}],"replies":[{"embeddable":true,"href":"https:\/\/www.pedagogie.ac-nice.fr\/sii\/wp-json\/wp\/v2\/comments?post=616"}],"version-history":[{"count":18,"href":"https:\/\/www.pedagogie.ac-nice.fr\/sii\/wp-json\/wp\/v2\/pages\/616\/revisions"}],"predecessor-version":[{"id":1335,"href":"https:\/\/www.pedagogie.ac-nice.fr\/sii\/wp-json\/wp\/v2\/pages\/616\/revisions\/1335"}],"up":[{"embeddable":true,"href":"https:\/\/www.pedagogie.ac-nice.fr\/sii\/wp-json\/wp\/v2\/pages\/503"}],"wp:featuredmedia":[{"embeddable":true,"href":"https:\/\/www.pedagogie.ac-nice.fr\/sii\/wp-json\/wp\/v2\/media\/1327"}],"wp:attachment":[{"href":"https:\/\/www.pedagogie.ac-nice.fr\/sii\/wp-json\/wp\/v2\/media?parent=616"}],"curies":[{"name":"wp","href":"https:\/\/api.w.org\/{rel}","templated":true}]}}