{"id":65,"date":"2022-03-30T08:44:40","date_gmt":"2022-03-30T06:44:40","guid":{"rendered":"https:\/\/www.pedagogie.ac-nice.fr\/sii\/?page_id=65"},"modified":"2026-03-01T15:14:14","modified_gmt":"2026-03-01T14:14:14","slug":"college","status":"publish","type":"page","link":"https:\/\/www.pedagogie.ac-nice.fr\/sii\/enseigner\/college\/","title":{"rendered":"Enseigner au coll\u00e8ge"},"content":{"rendered":"<p><span style=\"font-size: 12pt; font-family: georgia, palatino, serif;\"><img loading=\"lazy\" decoding=\"async\" class=\"shrinkToFit\" src=\"https:\/\/eduscol.education.fr\/sites\/default\/files\/styles\/banner_1680x360\/public\/2023-06\/banniere_eduscol_1680x360_40.jpg?itok=-vxvZAT1\" alt=\"https:\/\/eduscol.education.fr\/sites\/default\/files\/styles\/banner_1680x360\/public\/2023-06\/banniere_eduscol_1680x360_40.jpg?itok=-vxvZAT1\" width=\"1366\" height=\"292\"><\/span><\/p>\n<p><span style=\"font-size: 12pt; font-family: georgia, palatino, serif;\">Le programme de technologie du cycle 4 est structur\u00e9 autour de <strong>trois th\u00e8mes<\/strong> et de <strong>neuf comp\u00e9tences<\/strong> \u00e0 acqu\u00e9rir tout au long du cycle.<\/span><\/p>\n<table style=\"border-collapse: collapse; width: 100%; height: 124px;\">\n<tbody>\n<tr style=\"height: 129px;\">\n<td style=\"width: 36.1818%; height: 100px; text-align: center; vertical-align: middle;\"><img loading=\"lazy\" decoding=\"async\" class=\"transparent aligncenter\" src=\"https:\/\/www.education.gouv.fr\/sites\/default\/files\/styles\/embed_image\/public\/2020-07\/visuel-breve-bo-66471_1.png?itok=d74fxBLs\" alt=\"https:\/\/www.education.gouv.fr\/sites\/default\/files\/styles\/embed_image\/public\/2020-07\/visuel-breve-bo-66471_1.png?itok=d74fxBLs\" width=\"230\" height=\"129\"><\/td>\n<td style=\"width: 31.5455%; height: 100px; text-align: center; vertical-align: middle;\"><img loading=\"lazy\" decoding=\"async\" class=\"alignnone  wp-image-1528\" src=\"https:\/\/www.pedagogie.ac-nice.fr\/sii\/wp-content\/uploads\/sites\/55\/2026\/03\/18562-couverture-laboratoire-de-technologie-212x300.jpg\" alt=\"\" width=\"153\" height=\"217\" srcset=\"https:\/\/www.pedagogie.ac-nice.fr\/sii\/wp-content\/uploads\/sites\/55\/2026\/03\/18562-couverture-laboratoire-de-technologie-212x300.jpg 212w, https:\/\/www.pedagogie.ac-nice.fr\/sii\/wp-content\/uploads\/sites\/55\/2026\/03\/18562-couverture-laboratoire-de-technologie.jpg 707w\" sizes=\"auto, (max-width: 153px) 100vw, 153px\" \/><\/td>\n<td style=\"width: 32.2727%; height: 100px; text-align: center; vertical-align: middle;\"><img loading=\"lazy\" decoding=\"async\" class=\"alignnone wp-image-1447\" src=\"https:\/\/www.pedagogie.ac-nice.fr\/sii\/wp-content\/uploads\/sites\/55\/2025\/03\/Pages-de-Vademecum-academique-Technologie-Nice-212x300.jpg\" alt=\"\" width=\"153\" height=\"216\" srcset=\"https:\/\/www.pedagogie.ac-nice.fr\/sii\/wp-content\/uploads\/sites\/55\/2025\/03\/Pages-de-Vademecum-academique-Technologie-Nice-212x300.jpg 212w, https:\/\/www.pedagogie.ac-nice.fr\/sii\/wp-content\/uploads\/sites\/55\/2025\/03\/Pages-de-Vademecum-academique-Technologie-Nice-724x1024.jpg 724w, https:\/\/www.pedagogie.ac-nice.fr\/sii\/wp-content\/uploads\/sites\/55\/2025\/03\/Pages-de-Vademecum-academique-Technologie-Nice-768x1086.jpg 768w, https:\/\/www.pedagogie.ac-nice.fr\/sii\/wp-content\/uploads\/sites\/55\/2025\/03\/Pages-de-Vademecum-academique-Technologie-Nice-1086x1536.jpg 1086w, https:\/\/www.pedagogie.ac-nice.fr\/sii\/wp-content\/uploads\/sites\/55\/2025\/03\/Pages-de-Vademecum-academique-Technologie-Nice-1448x2048.jpg 1448w, https:\/\/www.pedagogie.ac-nice.fr\/sii\/wp-content\/uploads\/sites\/55\/2025\/03\/Pages-de-Vademecum-academique-Technologie-Nice-scaled.jpg 1811w\" sizes=\"auto, (max-width: 153px) 100vw, 153px\" \/><\/td>\n<\/tr>\n<tr style=\"height: 24px;\">\n<td style=\"width: 36.1818%; text-align: center; height: 24px;\"><a href=\"https:\/\/www.education.gouv.fr\/sites\/default\/files\/ensel802_annexe.pdf\" target=\"_blank\" rel=\"noopener\">Programme de <\/a><a href=\"https:\/\/www.education.gouv.fr\/sites\/default\/files\/document\/Annexe%20%E2%80%94%20Programme%20de%20technologie%20du%20cycle%204-368016.pdf\" target=\"_blank\" rel=\"noopener\">Technologie<\/a><\/td>\n<td style=\"width: 31.5455%; text-align: center; height: 24px;\"><a href=\"https:\/\/sti.eduscol.education.fr\/ressources_pedagogiques\/guide-academique-pour-le-laboratoire-de-technologie-au-college\" target=\"_blank\" rel=\"noopener\">Guide acad\u00e9mique pour le laboratoire de technologie au coll\u00e8ge<\/a><\/td>\n<td style=\"width: 32.2727%; text-align: center; height: 24px;\"><a href=\"https:\/\/tribu.phm.education.gouv.fr\/portal_v2\/tribu-app\/document?id=JqU1aC\" target=\"_blank\" rel=\"noopener\">Le vad\u00e9m\u00e9cum acad\u00e9mique<\/a><\/td>\n<\/tr>\n<\/tbody>\n<\/table>\n<p><span style=\"font-size: 12pt; font-family: georgia, palatino, serif;\"><strong>Le th\u00e8me \u00ab Les objets et les syst\u00e8mes techniques : leurs usages et leurs interactions \u00e0 d\u00e9couvrir et analyser<\/strong> \u00bb permet, dans le cadre d\u2019une approche socioculturelle, d\u2019\u00e9tudier le cycle de vie, les usages et le fonctionnement global des objets et des syst\u00e8mes techniques. Ce th\u00e8me vise \u00e0 une meilleure compr\u00e9hension de l\u2019environnement technologique de proximit\u00e9, dans l\u2019environnement quotidien des \u00e9l\u00e8ves ou approch\u00e9 dans le cadre de la d\u00e9couverte des m\u00e9tiers ainsi que les relations entre la technologie, les syst\u00e8mes naturels, les sciences, la soci\u00e9t\u00e9, l\u2019\u00e9conomie, le d\u00e9veloppement durable, etc.<br \/>\n<\/span><\/p>\n<ul>\n<li><span style=\"font-size: 12pt; font-family: georgia, palatino, serif;\">D\u00e9crire les liens entre usages et \u00e9volutions technologiques des objets et des syst\u00e8mes techniques<\/span><\/li>\n<li><span style=\"font-size: 12pt; font-family: georgia, palatino, serif;\">D\u00e9crire les interactions entre un objet ou un syst\u00e8me technique, son environnement et les utilisateurs<\/span><\/li>\n<li><span style=\"font-size: 12pt; font-family: georgia, palatino, serif;\">Caract\u00e9riser et choisir un objet ou un syst\u00e8me technique selon diff\u00e9rents crit\u00e8res<\/span><\/li>\n<\/ul>\n<p><span style=\"font-size: 12pt; font-family: georgia, palatino, serif;\"><strong>Le th\u00e8me \u00ab Structure, fonctionnement, comportement : des objets et des syst\u00e8mes techniques \u00e0 comprendre \u00bb<\/strong> permet, dans le cadre d\u2019approches scientifiques et techniques, d\u2019\u00e9tudier la structure interne des objets et des syst\u00e8mes techniques, d\u2019\u00e9valuer leurs comportements, leurs performances et leurs caract\u00e9ristiques. Ce th\u00e8me vise \u00e0 mieux comprendre les choix faits lors de leur conception en r\u00e9ponse \u00e0 des besoins, \u00e0 un cahier des charges et \u00e0 des exigences. Il s\u2019agit \u00e9galement de comprendre comment certains objets et syst\u00e8mes techniques, \u00e0 partir d\u2019acquisitions et de traitements de donn\u00e9es, communiquent et interagissent avec leur environnement.<br \/>\n<\/span><\/p>\n<ul>\n<li><span style=\"font-size: 12pt; font-family: georgia, palatino, serif;\">D\u00e9crire et caract\u00e9riser l\u2019organisation interne d\u2019un objet ou d\u2019un syst\u00e8me technique et ses \u00e9changes avec son environnement (\u00e9nergies, donn\u00e9es)<\/span><\/li>\n<li><span style=\"font-size: 12pt; font-family: georgia, palatino, serif;\">Identifier un dysfonctionnement d\u2019un objet technique et y rem\u00e9dier<\/span><\/li>\n<li><span style=\"font-size: 12pt; font-family: georgia, palatino, serif;\">Comprendre et modifier un programme associ\u00e9 \u00e0 une fonctionnalit\u00e9 d\u2019un objet ou d\u2019un syst\u00e8me technique<\/span><\/li>\n<\/ul>\n<p><span style=\"font-size: 12pt; font-family: georgia, palatino, serif;\"><strong>Le th\u00e8me \u00ab Cr\u00e9ation, conception, r\u00e9alisation, innovations : des objets \u00e0 concevoir et \u00e0 r\u00e9aliser \u00bb<\/strong> permet, dans le cadre d\u2019une d\u00e9marche d\u2019ing\u00e9nierie, d\u2019imaginer, d\u2019innover en faisant preuve de cr\u00e9ativit\u00e9, de concevoir, de mettre au point un prototype, de simuler, de fabriquer, de programmer, de valider des solutions techniques en r\u00e9ponse \u00e0 un besoin ou \u00e0 une \u00e9volution attendue.<br \/>\n<\/span><\/p>\n<ul>\n<li><span style=\"font-size: 12pt; font-family: georgia, palatino, serif;\">Imaginer, concevoir et r\u00e9aliser une ou des solutions en r\u00e9ponse \u00e0 un besoin, \u00e0 des exigences (de d\u00e9veloppement durable, par exemple) ou \u00e0 la n\u00e9cessit\u00e9 d\u2019am\u00e9liorations dans une d\u00e9marche de cr\u00e9ativit\u00e9<\/span><\/li>\n<li><span style=\"font-size: 12pt; font-family: georgia, palatino, serif;\">Valider les solutions techniques par des simulations ou par des protocoles de tests<\/span><\/li>\n<li><span style=\"font-size: 12pt; font-family: georgia, palatino, serif;\">Concevoir, \u00e9crire, tester et mettre au point un programme<\/span><\/li>\n<\/ul>\n<hr>\n<h2 id=\"tablepress-7-name\" class=\"tablepress-table-name tablepress-table-name-id-7\">Fiches connaissances Technologie Cycle 4<\/h2>\n\n<table id=\"tablepress-7\" class=\"tablepress tablepress-id-7\" aria-labelledby=\"tablepress-7-name\">\n<tbody class=\"row-striping row-hover\">\n<tr class=\"row-1\">\n\t<td class=\"column-1\">1<\/td><td class=\"column-2\">L\u2019\u00e9volution des OST<\/td><td class=\"column-3\"><\/td><td class=\"column-4\"><a href=\"https:\/\/tribu.phm.education.gouv.fr\/portal_v2\/tribu-app\/document?id=7HyMq7\" rel=\"noopener\" target=\"_blank\"><div style=\"text-align:center\"><balise style=\"background : #B30B00 ; display : inline ;\"><strong><FONT COLOR=\"#ffffff\">PDF<\/FONT><\/strong><\/balise><\/div><\/a><\/td><td class=\"column-5\"><\/td><td class=\"column-6\"><\/td>\n<\/tr>\n<tr class=\"row-2\">\n\t<td class=\"column-1\">2<\/td><td class=\"column-2\">Usages et impacts soci\u00e9taux du num\u00e9rique<\/td><td class=\"column-3\"><\/td><td class=\"column-4\"><\/td><td class=\"column-5\"><\/td><td class=\"column-6\"><\/td>\n<\/tr>\n<tr class=\"row-3\">\n\t<td class=\"column-1\">3<\/td><td class=\"column-2\">L\u2019OST dans son environnement<\/td><td class=\"column-3\"><\/td><td class=\"column-4\"><a href=\"https:\/\/tribu.phm.education.gouv.fr\/portal_v2\/tribu-app\/document?id=Pf6TTv\" rel=\"noopener\" target=\"_blank\"><div style=\"text-align:center\"><balise style=\"background : #B30B00 ; display : inline ;\"><strong><FONT COLOR=\"#ffffff\">PDF<\/FONT><\/strong><\/balise><\/div><\/a><\/td><td class=\"column-5\"><\/td><td class=\"column-6\"><\/td>\n<\/tr>\n<tr class=\"row-4\">\n\t<td class=\"column-1\">4<\/td><td class=\"column-2\">Le choix d\u2019un OST dans un contexte de d\u00e9veloppement durable<\/td><td class=\"column-3\"><\/td><td class=\"column-4\"><\/td><td class=\"column-5\"><\/td><td class=\"column-6\"><\/td>\n<\/tr>\n<tr class=\"row-5\">\n\t<td class=\"column-1\">5<\/td><td class=\"column-2\">La performance des OST<\/td><td class=\"column-3\"><\/td><td class=\"column-4\"><\/td><td class=\"column-5\"><\/td><td class=\"column-6\"><\/td>\n<\/tr>\n<tr class=\"row-6\">\n\t<td class=\"column-1\">6<\/td><td class=\"column-2\">Fonctions, solutions, constituants de la chaine d\u2019\u00e9nergie<\/td><td class=\"column-3\"><\/td><td class=\"column-4\"><\/td><td class=\"column-5\"><\/td><td class=\"column-6\"><\/td>\n<\/tr>\n<tr class=\"row-7\">\n\t<td class=\"column-1\">7<\/td><td class=\"column-2\">Mat\u00e9riaux et proc\u00e9d\u00e9s<\/td><td class=\"column-3\"><\/td><td class=\"column-4\"><a href=\"https:\/\/tribu.phm.education.gouv.fr\/portal_v2\/tribu-app\/document?id=EjXb6m\" rel=\"noopener\" target=\"_blank\"><div style=\"text-align:center\"><balise style=\"background : #B30B00 ; display : inline ;\"><strong><FONT COLOR=\"#ffffff\">PDF<\/FONT><\/strong><\/balise><\/div><\/a><\/td><td class=\"column-5\"><\/td><td class=\"column-6\"><\/td>\n<\/tr>\n<tr class=\"row-8\">\n\t<td class=\"column-1\">8<\/td><td class=\"column-2\">Fonctions, solutions, constituants de la cha\u00eene d\u2019information<\/td><td class=\"column-3\"><\/td><td class=\"column-4\"><\/td><td class=\"column-5\"><\/td><td class=\"column-6\"><\/td>\n<\/tr>\n<tr class=\"row-9\">\n\t<td class=\"column-1\">9<\/td><td class=\"column-2\">Structuration et traitement des donn\u00e9es<\/td><td class=\"column-3\"><\/td><td class=\"column-4\"><\/td><td class=\"column-5\"><\/td><td class=\"column-6\"><\/td>\n<\/tr>\n<tr class=\"row-10\">\n\t<td class=\"column-1\">10<\/td><td class=\"column-2\">La circulation de l\u2019information dans un r\u00e9seau informatique<\/td><td class=\"column-3\"><a href=\"https:\/\/tribu.phm.education.gouv.fr\/portal_v2\/tribu-app\/document?id=uMbnsX\" rel=\"noopener\" target=\"_blank\"><div style=\"text-align:center\"><balise style=\"background : #2B5796 ; display : inline ;\"><strong><FONT COLOR=\"#ffffff\">DOC<\/FONT><\/strong><\/balise><\/div><\/a><\/a><\/td><td class=\"column-4\"><a href=\"https:\/\/tribu.phm.education.gouv.fr\/portal_v2\/tribu-app\/document?id=24QE6v\" rel=\"noopener\" target=\"_blank\"><div style=\"text-align:center\"><balise style=\"background : #B30B00 ; display : inline ;\"><strong><FONT COLOR=\"#ffffff\">PDF<\/FONT><\/strong><\/balise><\/div><\/a><\/td><td class=\"column-5\"><a href=\"https:\/\/tribu.phm.education.gouv.fr\/portal_v2\/tribu-app\/document?id=7u4GpF\" rel=\"noopener\" target=\"_blank\"><div style=\"text-align:center\"><balise style=\"background : #EC9B3D ; display : inline ;\"><strong><FONT COLOR=\"#000000\">DRW<\/FONT><\/strong><\/balise><\/div><\/a><\/td><td class=\"column-6\"><a href=\"https:\/\/docs.numerique.gouv.fr\/docs\/a906dd8f-e207-4f74-82dd-9705d7950528\/\" rel=\"noopener\" target=\"_blank\"><div style=\"text-align:center\"><balise style=\"background : #000000 ; display : inline ;\"><strong><FONT COLOR=\"#ffffff\">M\u2193<\/FONT><\/strong><\/balise><\/div><\/a><\/td>\n<\/tr>\n<tr class=\"row-11\">\n\t<td class=\"column-1\">11<\/td><td class=\"column-2\">Le d\u00e9pannage et la r\u00e9paration<\/td><td class=\"column-3\"><\/td><td class=\"column-4\"><\/td><td class=\"column-5\"><\/td><td class=\"column-6\"><\/td>\n<\/tr>\n<tr class=\"row-12\">\n\t<td class=\"column-1\">12<\/td><td class=\"column-2\">La programmation d\u2019une nouvelle fonctionnalit\u00e9<\/td><td class=\"column-3\"><\/td><td class=\"column-4\"><\/td><td class=\"column-5\"><\/td><td class=\"column-6\"><\/td>\n<\/tr>\n<tr class=\"row-13\">\n\t<td class=\"column-1\">13<\/td><td class=\"column-2\">La gestion de projet technique<\/td><td class=\"column-3\"><\/td><td class=\"column-4\"><\/td><td class=\"column-5\"><\/td><td class=\"column-6\"><\/td>\n<\/tr>\n<tr class=\"row-14\">\n\t<td class=\"column-1\">14<\/td><td class=\"column-2\">Le prototypage de solutions<\/td><td class=\"column-3\"><\/td><td class=\"column-4\"><\/td><td class=\"column-5\"><\/td><td class=\"column-6\"><\/td>\n<\/tr>\n<tr class=\"row-15\">\n\t<td class=\"column-1\">15<\/td><td class=\"column-2\">Le choix des mat\u00e9riaux<\/td><td class=\"column-3\"><\/td><td class=\"column-4\"><\/td><td class=\"column-5\"><\/td><td class=\"column-6\"><\/td>\n<\/tr>\n<tr class=\"row-16\">\n\t<td class=\"column-1\">16<\/td><td class=\"column-2\">Le choix d\u2019une source d\u2019\u00e9nergie<\/td><td class=\"column-3\"><\/td><td class=\"column-4\"><\/td><td class=\"column-5\"><\/td><td class=\"column-6\"><\/td>\n<\/tr>\n<tr class=\"row-17\">\n\t<td class=\"column-1\">17<\/td><td class=\"column-2\">L\u2019assemblage de constituants<\/td><td class=\"column-3\"><\/td><td class=\"column-4\"><\/td><td class=\"column-5\"><\/td><td class=\"column-6\"><\/td>\n<\/tr>\n<tr class=\"row-18\">\n\t<td class=\"column-1\">18<\/td><td class=\"column-2\">La mod\u00e9lisation et la fabrication<\/td><td class=\"column-3\"><\/td><td class=\"column-4\"><\/td><td class=\"column-5\"><\/td><td class=\"column-6\"><\/td>\n<\/tr>\n<tr class=\"row-19\">\n\t<td class=\"column-1\">19<\/td><td class=\"column-2\">Les objets communicants<\/td><td class=\"column-3\"><\/td><td class=\"column-4\"><\/td><td class=\"column-5\"><\/td><td class=\"column-6\"><\/td>\n<\/tr>\n<tr class=\"row-20\">\n\t<td class=\"column-1\">20<\/td><td class=\"column-2\">La validation du comportement m\u00e9canique d\u2019un mat\u00e9riau<\/td><td class=\"column-3\"><a href=\"https:\/\/tribu.phm.education.gouv.fr\/portal_v2\/tribu-app\/document?id=as8b2Q\" rel=\"noopener\" target=\"_blank\"><div style=\"text-align:center\"><balise style=\"background : #2B5796 ; display : inline ;\"><strong><FONT COLOR=\"#ffffff\">DOC<\/FONT><\/strong><\/balise><\/div><\/a><\/a><\/td><td class=\"column-4\"><\/td><td class=\"column-5\"><\/td><td class=\"column-6\"><\/td>\n<\/tr>\n<tr class=\"row-21\">\n\t<td class=\"column-1\">21<\/td><td class=\"column-2\">La validation des performances d\u2019un OST<\/td><td class=\"column-3\"><\/td><td class=\"column-4\"><\/td><td class=\"column-5\"><\/td><td class=\"column-6\"><\/td>\n<\/tr>\n<tr class=\"row-22\">\n\t<td class=\"column-1\">22<\/td><td class=\"column-2\">La programmation des OST<\/td><td class=\"column-3\"><a href=\"https:\/\/tribu.phm.education.gouv.fr\/portal_v2\/tribu-app\/document?id=UZPNZb\" rel=\"noopener\" target=\"_blank\"><div style=\"text-align:center\"><balise style=\"background : #2B5796 ; display : inline ;\"><strong><FONT COLOR=\"#ffffff\">DOC<\/FONT><\/strong><\/balise><\/div><\/a><\/a><\/td><td class=\"column-4\"><a href=\"https:\/\/tribu.phm.education.gouv.fr\/portal_v2\/tribu-app\/document?id=LbR5jE\" rel=\"noopener\" target=\"_blank\"><div style=\"text-align:center\"><balise style=\"background : #B30B00 ; display : inline ;\"><strong><FONT COLOR=\"#ffffff\">PDF<\/FONT><\/strong><\/balise><\/div><\/a><\/td><td class=\"column-5\"><\/td><td class=\"column-6\"><\/td>\n<\/tr>\n<\/tbody>\n<\/table>\n<!-- #tablepress-7 from cache -->\n<hr>\n<table style=\"border-collapse: collapse; width: 100%; height: 132px;\">\n<tbody>\n<tr style=\"height: 108px;\">\n<td style=\"width: 33.3333%; height: 108px; background-color: #e7b4d3; text-align: center; vertical-align: middle;\"><a href=\"https:\/\/www.pedagogie.ac-nice.fr\/sii\/la-technologie-au-college\/la-classe-de-5\/\" target=\"_blank\" rel=\"noopener\"><span style=\"font-size: 12pt;\">La classe de<\/span><\/a><\/p>\n<p><span style=\"font-size: 24pt;\"><strong>5<sup>i\u00e8me<\/sup><\/strong><\/span><\/td>\n<td style=\"width: 33.3333%; height: 108px; background-color: #8dd0e1; text-align: center; vertical-align: middle;\"><a href=\"https:\/\/www.pedagogie.ac-nice.fr\/sii\/la-technologie-au-college\/la-classe-de-4\/\" target=\"_blank\" rel=\"noopener\"><span style=\"font-size: 12pt;\">La classe de<\/span><\/a><\/p>\n<p><span style=\"font-size: 24pt;\"><strong>4<sup>i\u00e8me<\/sup><\/strong><\/span><\/td>\n<td style=\"width: 33.3333%; height: 108px; background-color: #fff581; text-align: center; vertical-align: middle;\"><a href=\"https:\/\/www.pedagogie.ac-nice.fr\/sii\/la-technologie-au-college\/la-classe-de-3\/\" target=\"_blank\" rel=\"noopener\"><span style=\"font-size: 14pt;\"><span style=\"font-size: 12pt;\">la classe de<\/span> <\/span><\/a><\/p>\n<p><span style=\"font-size: 24pt;\"><strong>3<sup>i\u00e8me<\/sup><\/strong><\/span><\/td>\n<\/tr>\n<tr style=\"height: 24px;\">\n<td style=\"width: 33.3333%; height: 24px; background-color: #c4bebe; text-align: center;\" colspan=\"3\"><a href=\"https:\/\/www.pedagogie.ac-nice.fr\/sii\/la-technologie-au-college\/laboratoire-de-technologie\/\" target=\"_blank\" rel=\"noopener\">Les espaces p\u00e9dagogiques&nbsp; de Technologie<\/a><\/td>\n<\/tr>\n<\/tbody>\n<\/table>\n","protected":false},"excerpt":{"rendered":"<p>Le programme de technologie du cycle 4 est structur\u00e9 autour de trois th\u00e8mes et de neuf comp\u00e9tences \u00e0 acqu\u00e9rir tout<\/p>\n","protected":false},"author":322,"featured_media":0,"parent":37,"menu_order":2,"comment_status":"closed","ping_status":"closed","template":"","meta":{"colormag_page_container_layout":"default_layout","colormag_page_sidebar_layout":"default_layout","ngg_post_thumbnail":0,"footnotes":""},"class_list":["post-65","page","type-page","status-publish","hentry"],"rttpg_featured_image_url":null,"rttpg_author":{"display_name":"sii","author_link":"https:\/\/www.pedagogie.ac-nice.fr\/sii\/author\/sii\/"},"rttpg_comment":0,"rttpg_category":null,"rttpg_excerpt":"Le programme de technologie du cycle 4 est structur\u00e9 autour de trois th\u00e8mes et de neuf comp\u00e9tences \u00e0 acqu\u00e9rir tout","post_mailing_queue_ids":[],"_links":{"self":[{"href":"https:\/\/www.pedagogie.ac-nice.fr\/sii\/wp-json\/wp\/v2\/pages\/65","targetHints":{"allow":["GET"]}}],"collection":[{"href":"https:\/\/www.pedagogie.ac-nice.fr\/sii\/wp-json\/wp\/v2\/pages"}],"about":[{"href":"https:\/\/www.pedagogie.ac-nice.fr\/sii\/wp-json\/wp\/v2\/types\/page"}],"author":[{"embeddable":true,"href":"https:\/\/www.pedagogie.ac-nice.fr\/sii\/wp-json\/wp\/v2\/users\/322"}],"replies":[{"embeddable":true,"href":"https:\/\/www.pedagogie.ac-nice.fr\/sii\/wp-json\/wp\/v2\/comments?post=65"}],"version-history":[{"count":36,"href":"https:\/\/www.pedagogie.ac-nice.fr\/sii\/wp-json\/wp\/v2\/pages\/65\/revisions"}],"predecessor-version":[{"id":1529,"href":"https:\/\/www.pedagogie.ac-nice.fr\/sii\/wp-json\/wp\/v2\/pages\/65\/revisions\/1529"}],"up":[{"embeddable":true,"href":"https:\/\/www.pedagogie.ac-nice.fr\/sii\/wp-json\/wp\/v2\/pages\/37"}],"wp:attachment":[{"href":"https:\/\/www.pedagogie.ac-nice.fr\/sii\/wp-json\/wp\/v2\/media?parent=65"}],"curies":[{"name":"wp","href":"https:\/\/api.w.org\/{rel}","templated":true}]}}