{"id":651,"date":"2023-05-14T18:17:00","date_gmt":"2023-05-14T16:17:00","guid":{"rendered":"https:\/\/www.pedagogie.ac-nice.fr\/sii\/?page_id=651"},"modified":"2024-12-14T09:55:57","modified_gmt":"2024-12-14T08:55:57","slug":"devenir-enseignant","status":"publish","type":"page","link":"https:\/\/www.pedagogie.ac-nice.fr\/sii\/sinformer\/devenir-enseignant\/","title":{"rendered":"Devenir enseignant"},"content":{"rendered":"<p><img decoding=\"async\" class=\"img-responsive\" src=\"https:\/\/media.devenirenseignant.gouv.fr\/image\/Rubrique_Devenir_enseignant\/60\/3\/1280_CAPES_541603.jpg\" alt=\"\" aria-hidden=\"true\"><\/p>\n<p style=\"text-align: center;\"><span style=\"font-size: 24pt;\"><a href=\"https:\/\/www.devenirenseignant.gouv.fr\/\" target=\"_blank\" rel=\"noopener\"> devenirenseignant.gouv.fr<\/a><\/span><\/p>\n<p>L\u2019\u00c9cole Acad\u00e9mique de la Formation Continue (EAFC) de l&rsquo;acad\u00e9mie de Nice propose aux enseignants titulaires et contractuels une pr\u00e9paration au CAPET et \u00e0 l&rsquo;Agr\u00e9gation de <strong>Sciences Industrielles de l\u2019Ing\u00e9nieur<\/strong>.<\/p>\n<p>Pour la pr\u00e9paration au concours de la <strong>session 2024<\/strong>, les inscriptions seront ouvertes \u00e0 compter du <strong>1er juillet 2023 <\/strong>via les <a href=\"https:\/\/www.pedagogie.ac-nice.fr\/sii\/se-former\/eafc\/\" target=\"_blank\" rel=\"noopener\">liens d&rsquo;abonnement<\/a><strong><br \/>\n<\/strong><\/p>\n<hr>\n<h1 id=\"summary-item-0\" class=\"title\" style=\"text-align: left;\">L&rsquo;acad\u00e9mie recrute &#8211;&nbsp;Rejoignez-nous !<\/h1>\n<p><img loading=\"lazy\" decoding=\"async\" class=\"shrinkToFit\" src=\"https:\/\/www.ac-nice.fr\/sites\/ac_nice\/files\/2024-04\/recrutement2024-l-acad-mie-de-nice-recrute-sur-recrutement-education-gouv-fr-18855.jpg\" alt=\"https:\/\/www.ac-nice.fr\/sites\/ac_nice\/files\/2024-04\/recrutement2024-l-acad-mie-de-nice-recrute-sur-recrutement-education-gouv-fr-18855.jpg\" width=\"1152\" height=\"643\"><\/p>\n<p class=\"title\" style=\"text-align: left;\">Pour pr\u00e9parer la rentr\u00e9e 2024, l&rsquo;acad\u00e9mie de Nice engage d\u00e8s maintenant sa <strong>campagne de recrutement <\/strong>des<strong> personnels contractuels enseignants<\/strong><br \/>\n<a title=\"nouvelle fen\u00eatre\" href=\"https:\/\/recrutement.education.gouv.fr\" target=\"_blank\" rel=\"noopener\"><strong>recrutement.education.gouv.fr<\/strong><\/a><\/p>\n<hr>\n<h1 class=\"content-element__header js-showInMenu\">Pour accompagner votre ann\u00e9e<\/h1>\n<p><img decoding=\"async\" class=\"transparent\" src=\"https:\/\/www.reseau-canope.fr\/fileadmin\/user_upload\/_processed_\/1\/0\/csm_Home_PPME_2024_clair_rond_d8ed39c816.png\" alt=\"https:\/\/www.reseau-canope.fr\/fileadmin\/user_upload\/_processed_\/1\/0\/csm_Home_PPME_2024_clair_rond_d8ed39c816.png\"><\/p>\n<div id=\"c44572\" class=\"content-element content-element--ctype-textmedia content-element--listtype- l-grid__item l-grid__item--size-50 l-grid__item--position-right \">\n<div class=\"content-element__innerwrap \">\n<div class=\"ce-textpic ce-center ce-above \">\n<div class=\"ce-bodytext\">\n<p>Quel que soit le niveau au sein duquel vous enseignez ou allez enseigner, vous trouverez des ressources et des formations \u00e0 distance issues des plateformes de <strong>R\u00e9seau Canop\u00e9<\/strong> \u2013 <strong>Extra classe, CanoTech, M@gist\u00e8re, e-INSP\u00c9<\/strong>. Elles sont gratuites et&nbsp;\u00e0 votre disposition : consultez-les&nbsp;\u00e0 votre guise, en fonction de vos besoins et du temps dont vous disposez !<\/p>\n<p><a class=\"btn-icon-arrow-orange\" href=\"https:\/\/www.reseau-canope.fr\/premiers-pas-dans-le-metier-denseignant\/actualites\/rentree-2024.html\" target=\"_blank\" rel=\"noopener\">D\u00e9couvrir l&rsquo;accompagnement pour la rentr\u00e9e 2024<\/a><\/p>\n<\/div>\n<\/div>\n<\/div>\n<\/div>\n","protected":false},"excerpt":{"rendered":"<p>devenirenseignant.gouv.fr L\u2019\u00c9cole Acad\u00e9mique de la Formation Continue (EAFC) de l&rsquo;acad\u00e9mie de Nice propose aux enseignants titulaires et contractuels une pr\u00e9paration<\/p>\n","protected":false},"author":322,"featured_media":0,"parent":2,"menu_order":0,"comment_status":"closed","ping_status":"closed","template":"","meta":{"colormag_page_container_layout":"default_layout","colormag_page_sidebar_layout":"default_layout","ngg_post_thumbnail":0,"footnotes":""},"class_list":["post-651","page","type-page","status-publish","hentry"],"rttpg_featured_image_url":null,"rttpg_author":{"display_name":"sii","author_link":"https:\/\/www.pedagogie.ac-nice.fr\/sii\/author\/sii\/"},"rttpg_comment":0,"rttpg_category":null,"rttpg_excerpt":"devenirenseignant.gouv.fr L\u2019\u00c9cole Acad\u00e9mique de la Formation Continue (EAFC) de l&rsquo;acad\u00e9mie de Nice propose aux enseignants titulaires et contractuels une pr\u00e9paration","post_mailing_queue_ids":[],"_links":{"self":[{"href":"https:\/\/www.pedagogie.ac-nice.fr\/sii\/wp-json\/wp\/v2\/pages\/651","targetHints":{"allow":["GET"]}}],"collection":[{"href":"https:\/\/www.pedagogie.ac-nice.fr\/sii\/wp-json\/wp\/v2\/pages"}],"about":[{"href":"https:\/\/www.pedagogie.ac-nice.fr\/sii\/wp-json\/wp\/v2\/types\/page"}],"author":[{"embeddable":true,"href":"https:\/\/www.pedagogie.ac-nice.fr\/sii\/wp-json\/wp\/v2\/users\/322"}],"replies":[{"embeddable":true,"href":"https:\/\/www.pedagogie.ac-nice.fr\/sii\/wp-json\/wp\/v2\/comments?post=651"}],"version-history":[{"count":27,"href":"https:\/\/www.pedagogie.ac-nice.fr\/sii\/wp-json\/wp\/v2\/pages\/651\/revisions"}],"predecessor-version":[{"id":1404,"href":"https:\/\/www.pedagogie.ac-nice.fr\/sii\/wp-json\/wp\/v2\/pages\/651\/revisions\/1404"}],"up":[{"embeddable":true,"href":"https:\/\/www.pedagogie.ac-nice.fr\/sii\/wp-json\/wp\/v2\/pages\/2"}],"wp:attachment":[{"href":"https:\/\/www.pedagogie.ac-nice.fr\/sii\/wp-json\/wp\/v2\/media?parent=651"}],"curies":[{"name":"wp","href":"https:\/\/api.w.org\/{rel}","templated":true}]}}