{"id":67,"date":"2022-03-30T08:45:25","date_gmt":"2022-03-30T06:45:25","guid":{"rendered":"https:\/\/www.pedagogie.ac-nice.fr\/sii\/?page_id=67"},"modified":"2026-04-04T10:59:22","modified_gmt":"2026-04-04T08:59:22","slug":"lycee","status":"publish","type":"page","link":"https:\/\/www.pedagogie.ac-nice.fr\/sii\/enseigner\/lycee\/","title":{"rendered":"Enseigner au lyc\u00e9e"},"content":{"rendered":"<p style=\"text-align: center;\"><a href=\"https:\/\/www.education.gouv.fr\/reussir-au-lycee\" target=\"_blank\" rel=\"noopener noreferrer\"><img decoding=\"async\" style=\"max-width: 100%; height: auto; border-radius: 16px; box-shadow: 0 8px 24px rgba(0,0,0,0.12);\" src=\"https:\/\/www.ac-nice.fr\/sites\/ac_nice\/files\/2021-12\/reussir-au-lycee-banniere-16288.jpg\" alt=\"R\u00e9ussir au lyc\u00e9e\"><\/a><\/p>\n<div style=\"max-width: 1100px; margin: 0 auto; font-family: Arial, Helvetica, sans-serif; color: #1f2937; line-height: 1.6;\">\n<div style=\"text-align: center; margin-bottom: 30px;\">\n<p style=\"margin-top: 12px; font-size: 15px;\"><a style=\"color: #0f766e; text-decoration: none; font-weight: bold;\" href=\"https:\/\/www.education.gouv.fr\/reussir-au-lycee\" target=\"_blank\" rel=\"noopener noreferrer\"><br \/>\nD\u00e9couvrir le portail \u00ab R\u00e9ussir au lyc\u00e9e \u00bb<br \/>\n<\/a><\/p>\n<\/div>\n<p><!-- Titre --><\/p>\n<div style=\"text-align: center; margin-bottom: 28px;\">\n<h2 style=\"margin: 0 0 10px; font-size: 30px; color: #111827;\">Les 3 voies du lyc\u00e9e<\/h2>\n<p style=\"margin: 0 auto; max-width: 800px; font-size: 16px; color: #4b5563;\">Au lyc\u00e9e, les \u00e9l\u00e8ves peuvent s\u2019orienter vers la <strong>voie g\u00e9n\u00e9rale<\/strong>, la <strong>voie technologique<\/strong> ou la <strong>voie professionnelle<\/strong>, selon leur projet d\u2019\u00e9tudes et leur parcours.<\/p>\n<\/div>\n<p><!-- Cartes --><\/p>\n<div style=\"display: flex; flex-wrap: wrap; gap: 20px; justify-content: center;\">\n<p><!-- Voie g\u00e9n\u00e9rale --><\/p>\n<div style=\"flex: 1 1 300px; max-width: 340px; background: #ffffff; border: 1px solid #dbeafe; border-radius: 18px; overflow: hidden; box-shadow: 0 8px 20px rgba(0,0,0,0.06);\">\n<div style=\"background: linear-gradient(135deg,#60a5fa,#0ea5e9); padding: 16px 20px; text-align: center;\">\n<h3 style=\"margin: 0; color: #ffffff; font-size: 22px;\">Voie G\u00e9n\u00e9rale<\/h3>\n<\/div>\n<div style=\"padding: 22px;\">\n<p style=\"margin-top: 0; color: #374151;\">La voie g\u00e9n\u00e9rale pr\u00e9pare au baccalaur\u00e9at g\u00e9n\u00e9ral et \u00e0 la poursuite d\u2019\u00e9tudes sup\u00e9rieures.<\/p>\n<p style=\"margin-bottom: 10px;\"><strong>Au lyc\u00e9e :<\/strong><\/p>\n<ul style=\"padding-left: 18px; margin-top: 0; color: #4b5563;\">\n<li><a style=\"color: #0369a1; text-decoration: none;\" href=\"https:\/\/www.pedagogie.ac-nice.fr\/sn\/enseigner\/les-sciences-du-numerique-au-lycee\/sciences-numeriques-et-technologie\/\" target=\"_blank\" rel=\"noopener noreferrer\">Sciences Num\u00e9riques et Technologie (SNT)<br \/>\n<\/a><\/li>\n<li><a style=\"color: #0369a1; text-decoration: none;\" href=\"https:\/\/www.pedagogie.ac-nice.fr\/sii\/enseigner\/lycee\/seconde-si-cit\/\" target=\"_blank\" rel=\"noopener noreferrer\">Options de seconde GT : SI et CIT<br \/>\n<\/a><\/li>\n<li><a style=\"color: #0369a1; text-decoration: none;\" href=\"https:\/\/www.pedagogie.ac-nice.fr\/sii\/enseigner\/lycee\/specialite-sciences-de-lingenieur\/\" target=\"_blank\" rel=\"noopener noreferrer\">Sp\u00e9cialit\u00e9 Sciences de l\u2019Ing\u00e9nieur (SI)<br \/>\n<\/a><\/li>\n<\/ul>\n<\/div>\n<\/div>\n<p><!-- Voie technologique --><\/p>\n<div style=\"flex: 1 1 300px; max-width: 340px; background: #ffffff; border: 1px solid #fde68a; border-radius: 18px; overflow: hidden; box-shadow: 0 8px 20px rgba(0,0,0,0.06);\">\n<div style=\"background: linear-gradient(135deg,#f59e0b,#f97316); padding: 16px 20px; text-align: center;\">\n<h3 style=\"margin: 0; color: #ffffff; font-size: 22px;\">Voie Technologique<\/h3>\n<\/div>\n<div style=\"padding: 22px;\">\n<p style=\"margin-top: 0; color: #374151;\">La voie technologique permet de poursuivre apr\u00e8s la seconde g\u00e9n\u00e9rale et technologique dans une s\u00e9rie sp\u00e9cialis\u00e9e.<\/p>\n<p style=\"margin-bottom: 10px;\"><strong>Fili\u00e8re <a style=\"color: #c2410c; text-decoration: none;\" href=\"https:\/\/www.pedagogie.ac-nice.fr\/sii\/enseigner\/lycee\/filiere-sti2d-sciences-et-technologies-de-lindustrie-et-du-developpement-durable\/\" target=\"_blank\" rel=\"noopener noreferrer\">STI2D<\/a><\/strong><\/p>\n<p><a href=\"https:\/\/www.pedagogie.ac-nice.fr\/sii\/enseigner\/lycee\/filiere-sti2d-sciences-et-technologies-de-lindustrie-et-du-developpement-durable\/\" target=\"_blank\" rel=\"noopener\">Sciences et technologies de l\u2019industrie et du d\u00e9veloppement durable<\/a><\/p>\n<\/div>\n<\/div>\n<p><!-- Voie professionnelle --><\/p>\n<div style=\"flex: 1 1 300px; max-width: 340px; background: #ffffff; border: 1px solid #f5d0fe; border-radius: 18px; overflow: hidden; box-shadow: 0 8px 20px rgba(0,0,0,0.06);\">\n<div style=\"background: linear-gradient(135deg,#d946ef,#c026d3); padding: 16px 20px; text-align: center;\">\n<h3 style=\"margin: 0; color: #ffffff; font-size: 22px;\">Voie Profesionnelle<\/h3>\n<\/div>\n<div style=\"padding: 22px;\">\n<p style=\"margin-top: 0; color: #374151;\">La voie professionnelle pr\u00e9pare \u00e0 l\u2019insertion dans l\u2019emploi ou \u00e0 la poursuite d\u2019\u00e9tudes, notamment en bac professionnel ou en CAP.<\/p>\n<p style=\"margin-bottom: 10px;\"><strong>En seconde professionnelle :<\/strong><\/p>\n<ul style=\"padding-left: 18px; margin-top: 0; color: #4b5563;\">\n<li><a style=\"color: #a21caf; text-decoration: none;\" href=\"https:\/\/www.pedagogie.ac-nice.fr\/sti-pro\/enseigner\/\" target=\"_blank\" rel=\"noopener noreferrer\">Familles de m\u00e9tiers<br \/>\n<\/a><\/li>\n<li><a style=\"color: #a21caf; text-decoration: none;\" href=\"https:\/\/www.pedagogie.ac-nice.fr\/sti-pro\/devenir-enseignant\/\" target=\"_blank\" rel=\"noopener noreferrer\">Ressources STI Pro<\/a><\/li>\n<\/ul>\n<div style=\"text-align: center; margin-top: 18px;\"><a href=\"https:\/\/www.pedagogie.ac-nice.fr\/sti-pro\/devenir-enseignant\/\" target=\"_blank\" rel=\"noopener noreferrer\"><img decoding=\"async\" style=\"max-width: 100%; height: auto; border-radius: 12px;\" src=\"https:\/\/www.pedagogie.ac-nice.fr\/sii\/wp-content\/uploads\/sites\/55\/2023\/06\/Lien-STI-Pro.png\" alt=\"Lien vers STI Pro\"><br \/>\n<\/a><\/div>\n<\/div>\n<\/div>\n<\/div>\n<\/div>\n","protected":false},"excerpt":{"rendered":"<p>D\u00e9couvrir le portail \u00ab R\u00e9ussir au lyc\u00e9e \u00bb Les 3 voies du lyc\u00e9e Au lyc\u00e9e, les \u00e9l\u00e8ves peuvent s\u2019orienter vers<\/p>\n","protected":false},"author":322,"featured_media":0,"parent":37,"menu_order":3,"comment_status":"closed","ping_status":"closed","template":"","meta":{"colormag_page_container_layout":"no_sidebar_full_width","colormag_page_sidebar_layout":"no_sidebar","ngg_post_thumbnail":0,"footnotes":""},"class_list":["post-67","page","type-page","status-publish","hentry"],"rttpg_featured_image_url":null,"rttpg_author":{"display_name":"sii","author_link":"https:\/\/www.pedagogie.ac-nice.fr\/sii\/author\/sii\/"},"rttpg_comment":0,"rttpg_category":null,"rttpg_excerpt":"D\u00e9couvrir le portail \u00ab R\u00e9ussir au lyc\u00e9e \u00bb Les 3 voies du lyc\u00e9e Au lyc\u00e9e, les \u00e9l\u00e8ves peuvent s\u2019orienter vers","post_mailing_queue_ids":[],"_links":{"self":[{"href":"https:\/\/www.pedagogie.ac-nice.fr\/sii\/wp-json\/wp\/v2\/pages\/67","targetHints":{"allow":["GET"]}}],"collection":[{"href":"https:\/\/www.pedagogie.ac-nice.fr\/sii\/wp-json\/wp\/v2\/pages"}],"about":[{"href":"https:\/\/www.pedagogie.ac-nice.fr\/sii\/wp-json\/wp\/v2\/types\/page"}],"author":[{"embeddable":true,"href":"https:\/\/www.pedagogie.ac-nice.fr\/sii\/wp-json\/wp\/v2\/users\/322"}],"replies":[{"embeddable":true,"href":"https:\/\/www.pedagogie.ac-nice.fr\/sii\/wp-json\/wp\/v2\/comments?post=67"}],"version-history":[{"count":29,"href":"https:\/\/www.pedagogie.ac-nice.fr\/sii\/wp-json\/wp\/v2\/pages\/67\/revisions"}],"predecessor-version":[{"id":1551,"href":"https:\/\/www.pedagogie.ac-nice.fr\/sii\/wp-json\/wp\/v2\/pages\/67\/revisions\/1551"}],"up":[{"embeddable":true,"href":"https:\/\/www.pedagogie.ac-nice.fr\/sii\/wp-json\/wp\/v2\/pages\/37"}],"wp:attachment":[{"href":"https:\/\/www.pedagogie.ac-nice.fr\/sii\/wp-json\/wp\/v2\/media?parent=67"}],"curies":[{"name":"wp","href":"https:\/\/api.w.org\/{rel}","templated":true}]}}