{"id":686,"date":"2023-05-25T07:17:38","date_gmt":"2023-05-25T05:17:38","guid":{"rendered":"https:\/\/www.pedagogie.ac-nice.fr\/sii\/?page_id=686"},"modified":"2025-06-03T17:36:36","modified_gmt":"2025-06-03T15:36:36","slug":"les-filles-faites-des-sciences","status":"publish","type":"page","link":"https:\/\/www.pedagogie.ac-nice.fr\/sii\/accompagner\/les-filles-faites-des-sciences\/","title":{"rendered":"L&rsquo;\u00c9galit\u00e9 filles-gar\u00e7ons"},"content":{"rendered":"<p><img loading=\"lazy\" decoding=\"async\" class=\"shrinkToFit\" src=\"https:\/\/eduscol.education.fr\/sites\/default\/files\/styles\/banner_1680x360\/public\/2020-10\/banniere-eduscol-1680x360-225-egalite-racisme-jpg-1755.jpg?itok=AKx4K4r6\" alt=\"https:\/\/eduscol.education.fr\/sites\/default\/files\/styles\/banner_1680x360\/public\/2020-10\/banniere-eduscol-1680x360-225-egalite-racisme-jpg-1755.jpg?itok=AKx4K4r6\" width=\"1366\" height=\"292\"><\/p>\n<p>Les femmes sont encore peu nombreuses \u00e0 s\u2019engager dans des fili\u00e8res puis des carri\u00e8res scientifiques. Des leviers existent au sein de l\u2019institution scolaire pour encourager des parcours de r\u00e9ussite pour tous les \u00e9l\u00e8ves et des choix d\u2019orientation favorisant la mixit\u00e9.<\/p>\n<p style=\"text-align: center;\"><a href=\"https:\/\/eduscol.education.fr\/2565\/les-filles-faites-des-sciences\" target=\"_blank\" rel=\"noopener\">https:\/\/eduscol.education.fr\/2565\/les-filles-faites-des-sciences<\/a><\/p>\n<hr>\n<h2 class=\"header__title\">Plan Filles et maths : pour que les jeunes filles prennent toute leur place dans les m\u00e9tiers de l&rsquo;ing\u00e9nieur et du num\u00e9rique<\/h2>\n<p>\u00c9lisabeth Borne lance un plan d\u2019actions pour mobiliser la communaut\u00e9 \u00e9ducative et les parents afin d\u2019inciter les jeunes filles \u00e0 se former aux <a href=\"https:\/\/www.pedagogie.ac-nice.fr\/sii\/enseigner\/lycee\/specialite-sciences-de-lingenieur\/\" target=\"_blank\" rel=\"noopener\">sciences de l\u2019ing\u00e9nieur<\/a> et du num\u00e9rique. D\u00e9couvrez les trois piliers sur lesquels repose ce plan d&rsquo;actions. <a class=\"ctalink ctalink-white\" title=\"T\u00e9l\u00e9charger le flyer &quot;Filles et maths&quot; \" href=\"https:\/\/www.education.gouv.fr\/media\/227249\/download\">T\u00e9l\u00e9charger le flyer \u00ab\u00a0Filles et maths\u00a0\u00bb<\/a><\/p>\n<p><a href=\"https:\/\/www.education.gouv.fr\/plan-filles-et-maths-pour-que-les-jeunes-filles-prennent-toute-leur-place-dans-les-metiers-de-l-450509\" target=\"_blank\" rel=\"noopener\"><img loading=\"lazy\" decoding=\"async\" class=\"aligncenter\" src=\"https:\/\/www.ac-dijon.fr\/sites\/ac_dijon\/files\/styles\/banner_1340x730\/public\/2025-06\/planfillesmaths-jpg-55015.jpg?itok=ptNEk5wF\" alt=\"https:\/\/www.ac-dijon.fr\/sites\/ac_dijon\/files\/styles\/banner_1340x730\/public\/2025-06\/planfillesmaths-jpg-55015.jpg?itok=ptNEk5wF\" width=\"573\" height=\"312\"><\/a><\/p>\n<hr>\n<h2 class=\"header__title\">L&rsquo;\u00e9galit\u00e9 entre les filles et les gar\u00e7ons : Concours \u00ab\u00a0Z\u00e9ro Clich\u00e9\u00a0\u00bb<\/h2>\n<p><strong>L&rsquo;\u00c9cole compte parmi ses missions fondamentales celle de garantir l&rsquo;\u00e9galit\u00e9 des chances des filles et des gar\u00e7ons<\/strong>. C&rsquo;est le sens des articles L. 121-1 et L. 312-17-1 du code de l&rsquo;\u00e9ducation qui disposent que l&rsquo;\u00c9cole contribue, \u00e0 tous les niveaux, \u00e0&nbsp;<strong>favoriser la mixit\u00e9 et l&rsquo;\u00e9galit\u00e9 entre les femmes et les hommes<\/strong>, notamment en mati\u00e8re d&rsquo;orientation, ainsi qu&rsquo;\u00e0&nbsp;<strong>la pr\u00e9vention des pr\u00e9jug\u00e9s sexistes et des violences faites aux femmes.<\/strong><\/p>\n<p>Concr\u00e8tement,&nbsp;<strong>l&rsquo;action du minist\u00e8re en mati\u00e8re d&rsquo;\u00e9galit\u00e9 s&rsquo;inscrit dans le cadre de la convention interminist\u00e9rielle pour l&rsquo;\u00e9galit\u00e9 entre les filles et les gar\u00e7ons, les femmes et les hommes dans le syst\u00e8me \u00e9ducatif (2019-2024)<\/strong><\/p>\n<p><a title=\"nouvelle fen\u00eatre\" href=\"https:\/\/eduscol.education.fr\/pid23262\/egalite-filles-garcons.html\" target=\"_blank\" rel=\"noopener\">Consulter sur eduscol.gouv.fr<\/a><\/p>\n<p><a title=\"pdf - nouvelle fen\u00eatre\" href=\"https:\/\/cache.media.eduscol.education.fr\/file\/MDE\/11\/6\/VFinale_Convention_Interminis_Egalite_Nov2019_1211116.pdf\" target=\"_blank\" rel=\"noopener\">T\u00e9l\u00e9charger le texte de la convention interminist\u00e9rielle&nbsp;pour l&rsquo;\u00e9galit\u00e9 entre les filles et les gar\u00e7ons, les femmes et les hommes dans le syst\u00e8me \u00e9ducatif (2019-2024)<\/a><\/p>\n<hr>\n<h2>Les associations<\/h2>\n\n<table id=\"tablepress-8\" class=\"tablepress tablepress-id-8\">\n<thead>\n<tr class=\"row-1\">\n\t<th class=\"column-1\">Association<\/th><th class=\"column-2\">Site web<\/th><th class=\"column-3\">page r\u00e9gionale<\/th>\n<\/tr>\n<\/thead>\n<tbody class=\"row-striping row-hover\">\n<tr class=\"row-2\">\n\t<td class=\"column-1\"><img loading=\"lazy\" decoding=\"async\" src=\"https:\/\/www.ellesbougent.com\/images\/logo.png\" alt=\"\" height=\"150\" width=\"150\"\/><\/td><td class=\"column-2\"><a href=\"http:\/\/www.ellesbougent.com\" rel=\"noopener\" target=\"_blank\">www.ellesbougent.com<\/a><\/td><td class=\"column-3\"><a href=\"https:\/\/www.ellesbougent.com\/regions\/paca\/\" rel=\"noopener\" target=\"_blank\">R\u00e9gion PACA<\/a><\/td>\n<\/tr>\n<tr class=\"row-3\">\n\t<td class=\"column-1\"><img loading=\"lazy\" decoding=\"async\" src=\"https:\/\/www.femmes-ingenieures.org\/offres\/doc_inline_src\/82\/logo.png\" alt=\"\" height=\"150\" width=\"150\" \/><\/td><td class=\"column-2\"><a href=\"https:\/\/www.femmes-ingenieures.org\/\" rel=\"noopener\" target=\"_blank\">www.femmes-ingenieures.org\/<\/a><\/td><td class=\"column-3\"><a href=\"https:\/\/www.femmes-ingenieures.org\/82_p_47823\/actus-provence-alpes-cote-d-azur.html\" rel=\"noopener\" target=\"_blank\">R\u00e9gion PACA<\/a><\/td>\n<\/tr>\n<tr class=\"row-4\">\n\t<td class=\"column-1\"><img loading=\"lazy\" decoding=\"async\" src=\"https:\/\/what06.fr\/wp-content\/uploads\/2021\/09\/cropped-logo_what06.jpeg\" alt=\"\" height=\"150\" width=\"150\"\/><\/td><td class=\"column-2\"><a href=\"https:\/\/what06.fr\/\" rel=\"noopener\" target=\"_blank\">what06.fr<\/a><\/td><td class=\"column-3\"><\/td>\n<\/tr>\n<\/tbody>\n<\/table>\n<!-- #tablepress-8 from cache -->\n<hr>\n<h2 id=\"summary-item-0\" class=\"title\">Labellisation \u00ab\u00a0\u00c9galit\u00e9 filles-gar\u00e7ons\u00a0\u00bb pour les \u00e9tablissements du second degr\u00e9<\/h2>\n<p>Le plan interminist\u00e9riel pour l\u2019\u00e9galit\u00e9 entre les femmes et les hommes annonc\u00e9 par la Premi\u00e8re ministre le 8 mars 2023 pr\u00e9voit l\u2019acc\u00e9l\u00e9ration du d\u00e9ploiement d\u2019un processus de labellisation \u00ab\u00a0\u00c9galit\u00e9 filles-gar\u00e7ons\u00a0\u00bb pour les \u00e9tablissements du second degr\u00e9 avec pour objectif que l\u2019int\u00e9gralit\u00e9 des \u00e9tablissements soient engag\u00e9s dans la d\u00e9marche d\u2019ici 2027.<\/p>\n<p><a title=\"nouvelle fen\u00eatre\" href=\"https:\/\/www.education.gouv.fr\/plus-de-550-etablissements-ont-d-ores-et-deja-candidate-au-label-egalite-filles-garcons-357704\" target=\"_blank\" rel=\"noopener\">Consulter education.gouv.fr<\/a><\/p>\n","protected":false},"excerpt":{"rendered":"<p>Les femmes sont encore peu nombreuses \u00e0 s\u2019engager dans des fili\u00e8res puis des carri\u00e8res scientifiques. Des leviers existent au sein<\/p>\n","protected":false},"author":322,"featured_media":1308,"parent":48,"menu_order":0,"comment_status":"closed","ping_status":"closed","template":"","meta":{"colormag_page_container_layout":"default_layout","colormag_page_sidebar_layout":"default_layout","ngg_post_thumbnail":0,"footnotes":""},"class_list":["post-686","page","type-page","status-publish","has-post-thumbnail","hentry"],"rttpg_featured_image_url":{"full":["https:\/\/www.pedagogie.ac-nice.fr\/sii\/wp-content\/uploads\/sites\/55\/2024\/09\/banniere-eduscol-1680x360-225-egalite-racisme-jpg-1755.jpg",1680,360,false],"landscape":["https:\/\/www.pedagogie.ac-nice.fr\/sii\/wp-content\/uploads\/sites\/55\/2024\/09\/banniere-eduscol-1680x360-225-egalite-racisme-jpg-1755.jpg",1680,360,false],"portraits":["https:\/\/www.pedagogie.ac-nice.fr\/sii\/wp-content\/uploads\/sites\/55\/2024\/09\/banniere-eduscol-1680x360-225-egalite-racisme-jpg-1755.jpg",1680,360,false],"thumbnail":["https:\/\/www.pedagogie.ac-nice.fr\/sii\/wp-content\/uploads\/sites\/55\/2024\/09\/banniere-eduscol-1680x360-225-egalite-racisme-jpg-1755-150x150.jpg",150,150,true],"medium":["https:\/\/www.pedagogie.ac-nice.fr\/sii\/wp-content\/uploads\/sites\/55\/2024\/09\/banniere-eduscol-1680x360-225-egalite-racisme-jpg-1755-300x64.jpg",300,64,true],"large":["https:\/\/www.pedagogie.ac-nice.fr\/sii\/wp-content\/uploads\/sites\/55\/2024\/09\/banniere-eduscol-1680x360-225-egalite-racisme-jpg-1755-1024x219.jpg",800,171,true],"1536x1536":["https:\/\/www.pedagogie.ac-nice.fr\/sii\/wp-content\/uploads\/sites\/55\/2024\/09\/banniere-eduscol-1680x360-225-egalite-racisme-jpg-1755-1536x329.jpg",1536,329,true],"2048x2048":["https:\/\/www.pedagogie.ac-nice.fr\/sii\/wp-content\/uploads\/sites\/55\/2024\/09\/banniere-eduscol-1680x360-225-egalite-racisme-jpg-1755.jpg",1680,360,false],"colormag-highlighted-post":["https:\/\/www.pedagogie.ac-nice.fr\/sii\/wp-content\/uploads\/sites\/55\/2024\/09\/banniere-eduscol-1680x360-225-egalite-racisme-jpg-1755-392x272.jpg",392,272,true],"colormag-featured-post-medium":["https:\/\/www.pedagogie.ac-nice.fr\/sii\/wp-content\/uploads\/sites\/55\/2024\/09\/banniere-eduscol-1680x360-225-egalite-racisme-jpg-1755-390x205.jpg",390,205,true],"colormag-featured-post-small":["https:\/\/www.pedagogie.ac-nice.fr\/sii\/wp-content\/uploads\/sites\/55\/2024\/09\/banniere-eduscol-1680x360-225-egalite-racisme-jpg-1755-130x90.jpg",130,90,true],"colormag-featured-image":["https:\/\/www.pedagogie.ac-nice.fr\/sii\/wp-content\/uploads\/sites\/55\/2024\/09\/banniere-eduscol-1680x360-225-egalite-racisme-jpg-1755-800x360.jpg",800,360,true],"colormag-default-news":["https:\/\/www.pedagogie.ac-nice.fr\/sii\/wp-content\/uploads\/sites\/55\/2024\/09\/banniere-eduscol-1680x360-225-egalite-racisme-jpg-1755-150x150.jpg",150,150,true],"colormag-featured-image-large":["https:\/\/www.pedagogie.ac-nice.fr\/sii\/wp-content\/uploads\/sites\/55\/2024\/09\/banniere-eduscol-1680x360-225-egalite-racisme-jpg-1755-1400x360.jpg",1400,360,true],"advps-thumb-one":["https:\/\/www.pedagogie.ac-nice.fr\/sii\/wp-content\/uploads\/sites\/55\/2024\/09\/banniere-eduscol-1680x360-225-egalite-racisme-jpg-1755-600x220.jpg",600,220,true]},"rttpg_author":{"display_name":"sii","author_link":"https:\/\/www.pedagogie.ac-nice.fr\/sii\/author\/sii\/"},"rttpg_comment":0,"rttpg_category":null,"rttpg_excerpt":"Les femmes sont encore peu nombreuses \u00e0 s\u2019engager dans des fili\u00e8res puis des carri\u00e8res scientifiques. Des leviers existent au sein","post_mailing_queue_ids":[],"_links":{"self":[{"href":"https:\/\/www.pedagogie.ac-nice.fr\/sii\/wp-json\/wp\/v2\/pages\/686","targetHints":{"allow":["GET"]}}],"collection":[{"href":"https:\/\/www.pedagogie.ac-nice.fr\/sii\/wp-json\/wp\/v2\/pages"}],"about":[{"href":"https:\/\/www.pedagogie.ac-nice.fr\/sii\/wp-json\/wp\/v2\/types\/page"}],"author":[{"embeddable":true,"href":"https:\/\/www.pedagogie.ac-nice.fr\/sii\/wp-json\/wp\/v2\/users\/322"}],"replies":[{"embeddable":true,"href":"https:\/\/www.pedagogie.ac-nice.fr\/sii\/wp-json\/wp\/v2\/comments?post=686"}],"version-history":[{"count":13,"href":"https:\/\/www.pedagogie.ac-nice.fr\/sii\/wp-json\/wp\/v2\/pages\/686\/revisions"}],"predecessor-version":[{"id":1462,"href":"https:\/\/www.pedagogie.ac-nice.fr\/sii\/wp-json\/wp\/v2\/pages\/686\/revisions\/1462"}],"up":[{"embeddable":true,"href":"https:\/\/www.pedagogie.ac-nice.fr\/sii\/wp-json\/wp\/v2\/pages\/48"}],"wp:featuredmedia":[{"embeddable":true,"href":"https:\/\/www.pedagogie.ac-nice.fr\/sii\/wp-json\/wp\/v2\/media\/1308"}],"wp:attachment":[{"href":"https:\/\/www.pedagogie.ac-nice.fr\/sii\/wp-json\/wp\/v2\/media?parent=686"}],"curies":[{"name":"wp","href":"https:\/\/api.w.org\/{rel}","templated":true}]}}