{"id":695,"date":"2023-05-30T19:34:45","date_gmt":"2023-05-30T17:34:45","guid":{"rendered":"https:\/\/www.pedagogie.ac-nice.fr\/sii\/?page_id=695"},"modified":"2024-09-22T18:35:44","modified_gmt":"2024-09-22T16:35:44","slug":"segpa","status":"publish","type":"page","link":"https:\/\/www.pedagogie.ac-nice.fr\/sii\/accompagner\/segpa\/","title":{"rendered":"Les Segpa"},"content":{"rendered":"<p><img loading=\"lazy\" decoding=\"async\" class=\"shrinkToFit\" src=\"https:\/\/eduscol.education.fr\/sites\/default\/files\/styles\/banner_1680x360\/public\/2021-01\/Banniere_Eduscol_1680x360_445b_acc_perso.jpg?itok=UeR9CI_8\" alt=\"https:\/\/eduscol.education.fr\/sites\/default\/files\/styles\/banner_1680x360\/public\/2021-01\/Banniere_Eduscol_1680x360_445b_acc_perso.jpg?itok=UeR9CI_8\" width=\"1366\" height=\"292\"><\/p>\n<p>Au coll\u00e8ge, les sections d&rsquo;enseignement g\u00e9n\u00e9ral et professionnel adapt\u00e9 (Segpa) accueillent des \u00e9l\u00e8ves pr\u00e9sentant des difficult\u00e9s scolaires graves et persistantes auxquelles n&rsquo;ont pu rem\u00e9dier les actions de pr\u00e9vention, d&rsquo;aide et de soutien<\/p>\n<p style=\"text-align: center;\"><a href=\"https:\/\/eduscol.education.fr\/1184\/sections-d-enseignement-general-et-professionnel-adapte\" target=\"_blank\" rel=\"noopener\">https:\/\/eduscol.education.fr\/1184\/sections-d-enseignement-general-et-professionnel-adapte<\/a><\/p>\n<hr>\n<h2>Carte acad\u00e9mique des Segpa<\/h2>\n<p><iframe loading=\"lazy\" src=\"\/\/umap.incubateur.anct.gouv.fr\/fr\/map\/segpa_509?scaleControl=false&amp;miniMap=false&amp;scrollWheelZoom=false&amp;zoomControl=true&amp;editMode=disabled&amp;moreControl=true&amp;searchControl=null&amp;tilelayersControl=null&amp;embedControl=null&amp;datalayersControl=true&amp;onLoadPanel=none&amp;captionBar=false&amp;captionMenus=true\" width=\"100%\" height=\"500px\" frameborder=\"0\" allowfullscreen=\"allowfullscreen\"><\/iframe><\/p>\n<p><a href=\"\/\/umap.incubateur.anct.gouv.fr\/fr\/map\/segpa_509?scaleControl=false&amp;miniMap=false&amp;scrollWheelZoom=true&amp;zoomControl=true&amp;editMode=disabled&amp;moreControl=true&amp;searchControl=null&amp;tilelayersControl=null&amp;embedControl=null&amp;datalayersControl=true&amp;onLoadPanel=none&amp;captionBar=false&amp;captionMenus=true\" target=\"_blank\" rel=\"noopener\">Voir en plein \u00e9cran<\/a><\/p>\n<p>&nbsp;<\/p>\n","protected":false},"excerpt":{"rendered":"<p>Au coll\u00e8ge, les sections d&rsquo;enseignement g\u00e9n\u00e9ral et professionnel adapt\u00e9 (Segpa) accueillent des \u00e9l\u00e8ves pr\u00e9sentant des difficult\u00e9s scolaires graves et persistantes<\/p>\n","protected":false},"author":322,"featured_media":1312,"parent":48,"menu_order":0,"comment_status":"closed","ping_status":"closed","template":"","meta":{"colormag_page_container_layout":"no_sidebar_full_width","colormag_page_sidebar_layout":"no_sidebar","ngg_post_thumbnail":0,"footnotes":""},"class_list":["post-695","page","type-page","status-publish","has-post-thumbnail","hentry"],"rttpg_featured_image_url":{"full":["https:\/\/www.pedagogie.ac-nice.fr\/sii\/wp-content\/uploads\/sites\/55\/2024\/09\/Banniere_Eduscol_1680x360_445b_acc_perso-1.jpg",1680,360,false],"landscape":["https:\/\/www.pedagogie.ac-nice.fr\/sii\/wp-content\/uploads\/sites\/55\/2024\/09\/Banniere_Eduscol_1680x360_445b_acc_perso-1.jpg",1680,360,false],"portraits":["https:\/\/www.pedagogie.ac-nice.fr\/sii\/wp-content\/uploads\/sites\/55\/2024\/09\/Banniere_Eduscol_1680x360_445b_acc_perso-1.jpg",1680,360,false],"thumbnail":["https:\/\/www.pedagogie.ac-nice.fr\/sii\/wp-content\/uploads\/sites\/55\/2024\/09\/Banniere_Eduscol_1680x360_445b_acc_perso-1-150x150.jpg",150,150,true],"medium":["https:\/\/www.pedagogie.ac-nice.fr\/sii\/wp-content\/uploads\/sites\/55\/2024\/09\/Banniere_Eduscol_1680x360_445b_acc_perso-1-300x64.jpg",300,64,true],"large":["https:\/\/www.pedagogie.ac-nice.fr\/sii\/wp-content\/uploads\/sites\/55\/2024\/09\/Banniere_Eduscol_1680x360_445b_acc_perso-1-1024x219.jpg",800,171,true],"1536x1536":["https:\/\/www.pedagogie.ac-nice.fr\/sii\/wp-content\/uploads\/sites\/55\/2024\/09\/Banniere_Eduscol_1680x360_445b_acc_perso-1-1536x329.jpg",1536,329,true],"2048x2048":["https:\/\/www.pedagogie.ac-nice.fr\/sii\/wp-content\/uploads\/sites\/55\/2024\/09\/Banniere_Eduscol_1680x360_445b_acc_perso-1.jpg",1680,360,false],"colormag-highlighted-post":["https:\/\/www.pedagogie.ac-nice.fr\/sii\/wp-content\/uploads\/sites\/55\/2024\/09\/Banniere_Eduscol_1680x360_445b_acc_perso-1-392x272.jpg",392,272,true],"colormag-featured-post-medium":["https:\/\/www.pedagogie.ac-nice.fr\/sii\/wp-content\/uploads\/sites\/55\/2024\/09\/Banniere_Eduscol_1680x360_445b_acc_perso-1-390x205.jpg",390,205,true],"colormag-featured-post-small":["https:\/\/www.pedagogie.ac-nice.fr\/sii\/wp-content\/uploads\/sites\/55\/2024\/09\/Banniere_Eduscol_1680x360_445b_acc_perso-1-130x90.jpg",130,90,true],"colormag-featured-image":["https:\/\/www.pedagogie.ac-nice.fr\/sii\/wp-content\/uploads\/sites\/55\/2024\/09\/Banniere_Eduscol_1680x360_445b_acc_perso-1-800x360.jpg",800,360,true],"colormag-default-news":["https:\/\/www.pedagogie.ac-nice.fr\/sii\/wp-content\/uploads\/sites\/55\/2024\/09\/Banniere_Eduscol_1680x360_445b_acc_perso-1-150x150.jpg",150,150,true],"colormag-featured-image-large":["https:\/\/www.pedagogie.ac-nice.fr\/sii\/wp-content\/uploads\/sites\/55\/2024\/09\/Banniere_Eduscol_1680x360_445b_acc_perso-1-1400x360.jpg",1400,360,true],"advps-thumb-one":["https:\/\/www.pedagogie.ac-nice.fr\/sii\/wp-content\/uploads\/sites\/55\/2024\/09\/Banniere_Eduscol_1680x360_445b_acc_perso-1-600x220.jpg",600,220,true]},"rttpg_author":{"display_name":"sii","author_link":"https:\/\/www.pedagogie.ac-nice.fr\/sii\/author\/sii\/"},"rttpg_comment":0,"rttpg_category":null,"rttpg_excerpt":"Au coll\u00e8ge, les sections d&rsquo;enseignement g\u00e9n\u00e9ral et professionnel adapt\u00e9 (Segpa) accueillent des \u00e9l\u00e8ves pr\u00e9sentant des difficult\u00e9s scolaires graves et persistantes","post_mailing_queue_ids":[],"_links":{"self":[{"href":"https:\/\/www.pedagogie.ac-nice.fr\/sii\/wp-json\/wp\/v2\/pages\/695","targetHints":{"allow":["GET"]}}],"collection":[{"href":"https:\/\/www.pedagogie.ac-nice.fr\/sii\/wp-json\/wp\/v2\/pages"}],"about":[{"href":"https:\/\/www.pedagogie.ac-nice.fr\/sii\/wp-json\/wp\/v2\/types\/page"}],"author":[{"embeddable":true,"href":"https:\/\/www.pedagogie.ac-nice.fr\/sii\/wp-json\/wp\/v2\/users\/322"}],"replies":[{"embeddable":true,"href":"https:\/\/www.pedagogie.ac-nice.fr\/sii\/wp-json\/wp\/v2\/comments?post=695"}],"version-history":[{"count":8,"href":"https:\/\/www.pedagogie.ac-nice.fr\/sii\/wp-json\/wp\/v2\/pages\/695\/revisions"}],"predecessor-version":[{"id":1264,"href":"https:\/\/www.pedagogie.ac-nice.fr\/sii\/wp-json\/wp\/v2\/pages\/695\/revisions\/1264"}],"up":[{"embeddable":true,"href":"https:\/\/www.pedagogie.ac-nice.fr\/sii\/wp-json\/wp\/v2\/pages\/48"}],"wp:featuredmedia":[{"embeddable":true,"href":"https:\/\/www.pedagogie.ac-nice.fr\/sii\/wp-json\/wp\/v2\/media\/1312"}],"wp:attachment":[{"href":"https:\/\/www.pedagogie.ac-nice.fr\/sii\/wp-json\/wp\/v2\/media?parent=695"}],"curies":[{"name":"wp","href":"https:\/\/api.w.org\/{rel}","templated":true}]}}