{"id":772,"date":"2023-09-22T10:47:22","date_gmt":"2023-09-22T08:47:22","guid":{"rendered":"https:\/\/www.pedagogie.ac-nice.fr\/sii\/?page_id=772"},"modified":"2024-10-02T09:27:02","modified_gmt":"2024-10-02T07:27:02","slug":"made-in-3d","status":"publish","type":"page","link":"https:\/\/www.pedagogie.ac-nice.fr\/sii\/innover\/les-concours\/made-in-3d\/","title":{"rendered":"MADE IN  3D"},"content":{"rendered":"<p>&nbsp;<\/p>\n<p><a href=\"https:\/\/fondation-lamap.org\/participez\/concours-made-in-3d\" target=\"_blank\" rel=\"noopener\"><img loading=\"lazy\" decoding=\"async\" class=\"aligncenter\" src=\"https:\/\/fondation-lamap.org\/sites\/default\/files\/styles\/page_editoriale\/public\/2021-09\/Nouveau%20projet%20%284%29.png?itok=OBBX1JBz\" alt=\"\" width=\"590\" height=\"380\"><\/a><\/p>\n<p><span style=\"font-family: georgia, palatino, serif;\">Dans le cadre de ce concours, les \u00e9l\u00e8ves sont amen\u00e9s \u00e0 constituer une start-up pour concevoir et fabriquer un objet 3D en lien avec une des th\u00e9matiques scientifiques de leur \u00e9tablissement \u00e0 partir d\u2019un logiciel et d\u2019une imprimante sp\u00e9cialis\u00e9s. Organis\u00e9s en groupes de trois \u00e0 six \u00e9l\u00e8ves, ils contribuent \u00e0 l\u2019ensemble du processus de cr\u00e9ation, de la conception \u00e0 sa valorisation, et en rendent compte sous forme d\u2019un making of et d\u2019un clip promotionnel. <a href=\"https:\/\/fondation-lamap.org\/participez\/concours-made-in-3d\" target=\"_blank\" rel=\"noopener\">En savoir plus&#8230;<\/a><br \/>\n<\/span><\/p>\n<hr>\n<h3>Inscription et informations via le formulaire de contact ci-dessous<\/h3>\n<p>[contact-form-7 id=\u00a0\u00bb896716c\u00a0\u00bb title=\u00a0\u00bbMade_3D\u00a0\u00bb]<\/p>\n<p>&nbsp;<\/p>\n","protected":false},"excerpt":{"rendered":"<p>&nbsp; Dans le cadre de ce concours, les \u00e9l\u00e8ves sont amen\u00e9s \u00e0 constituer une start-up pour concevoir et fabriquer un<\/p>\n","protected":false},"author":322,"featured_media":1323,"parent":503,"menu_order":0,"comment_status":"closed","ping_status":"closed","template":"","meta":{"colormag_page_container_layout":"default_layout","colormag_page_sidebar_layout":"default_layout","ngg_post_thumbnail":0,"footnotes":""},"class_list":["post-772","page","type-page","status-publish","has-post-thumbnail","hentry"],"rttpg_featured_image_url":{"full":["https:\/\/www.pedagogie.ac-nice.fr\/sii\/wp-content\/uploads\/sites\/55\/2024\/09\/Nouveau-projet-4.png",590,380,false],"landscape":["https:\/\/www.pedagogie.ac-nice.fr\/sii\/wp-content\/uploads\/sites\/55\/2024\/09\/Nouveau-projet-4.png",590,380,false],"portraits":["https:\/\/www.pedagogie.ac-nice.fr\/sii\/wp-content\/uploads\/sites\/55\/2024\/09\/Nouveau-projet-4.png",590,380,false],"thumbnail":["https:\/\/www.pedagogie.ac-nice.fr\/sii\/wp-content\/uploads\/sites\/55\/2024\/09\/Nouveau-projet-4-150x150.png",150,150,true],"medium":["https:\/\/www.pedagogie.ac-nice.fr\/sii\/wp-content\/uploads\/sites\/55\/2024\/09\/Nouveau-projet-4-300x193.png",300,193,true],"large":["https:\/\/www.pedagogie.ac-nice.fr\/sii\/wp-content\/uploads\/sites\/55\/2024\/09\/Nouveau-projet-4.png",590,380,false],"1536x1536":["https:\/\/www.pedagogie.ac-nice.fr\/sii\/wp-content\/uploads\/sites\/55\/2024\/09\/Nouveau-projet-4.png",590,380,false],"2048x2048":["https:\/\/www.pedagogie.ac-nice.fr\/sii\/wp-content\/uploads\/sites\/55\/2024\/09\/Nouveau-projet-4.png",590,380,false],"colormag-highlighted-post":["https:\/\/www.pedagogie.ac-nice.fr\/sii\/wp-content\/uploads\/sites\/55\/2024\/09\/Nouveau-projet-4-392x272.png",392,272,true],"colormag-featured-post-medium":["https:\/\/www.pedagogie.ac-nice.fr\/sii\/wp-content\/uploads\/sites\/55\/2024\/09\/Nouveau-projet-4-390x205.png",390,205,true],"colormag-featured-post-small":["https:\/\/www.pedagogie.ac-nice.fr\/sii\/wp-content\/uploads\/sites\/55\/2024\/09\/Nouveau-projet-4-130x90.png",130,90,true],"colormag-featured-image":["https:\/\/www.pedagogie.ac-nice.fr\/sii\/wp-content\/uploads\/sites\/55\/2024\/09\/Nouveau-projet-4.png",590,380,false],"colormag-default-news":["https:\/\/www.pedagogie.ac-nice.fr\/sii\/wp-content\/uploads\/sites\/55\/2024\/09\/Nouveau-projet-4-150x150.png",150,150,true],"colormag-featured-image-large":["https:\/\/www.pedagogie.ac-nice.fr\/sii\/wp-content\/uploads\/sites\/55\/2024\/09\/Nouveau-projet-4.png",590,380,false],"advps-thumb-one":["https:\/\/www.pedagogie.ac-nice.fr\/sii\/wp-content\/uploads\/sites\/55\/2024\/09\/Nouveau-projet-4-590x220.png",590,220,true]},"rttpg_author":{"display_name":"sii","author_link":"https:\/\/www.pedagogie.ac-nice.fr\/sii\/author\/sii\/"},"rttpg_comment":0,"rttpg_category":null,"rttpg_excerpt":"&nbsp; Dans le cadre de ce concours, les \u00e9l\u00e8ves sont amen\u00e9s \u00e0 constituer une start-up pour concevoir et fabriquer un","post_mailing_queue_ids":[],"_links":{"self":[{"href":"https:\/\/www.pedagogie.ac-nice.fr\/sii\/wp-json\/wp\/v2\/pages\/772","targetHints":{"allow":["GET"]}}],"collection":[{"href":"https:\/\/www.pedagogie.ac-nice.fr\/sii\/wp-json\/wp\/v2\/pages"}],"about":[{"href":"https:\/\/www.pedagogie.ac-nice.fr\/sii\/wp-json\/wp\/v2\/types\/page"}],"author":[{"embeddable":true,"href":"https:\/\/www.pedagogie.ac-nice.fr\/sii\/wp-json\/wp\/v2\/users\/322"}],"replies":[{"embeddable":true,"href":"https:\/\/www.pedagogie.ac-nice.fr\/sii\/wp-json\/wp\/v2\/comments?post=772"}],"version-history":[{"count":7,"href":"https:\/\/www.pedagogie.ac-nice.fr\/sii\/wp-json\/wp\/v2\/pages\/772\/revisions"}],"predecessor-version":[{"id":1355,"href":"https:\/\/www.pedagogie.ac-nice.fr\/sii\/wp-json\/wp\/v2\/pages\/772\/revisions\/1355"}],"up":[{"embeddable":true,"href":"https:\/\/www.pedagogie.ac-nice.fr\/sii\/wp-json\/wp\/v2\/pages\/503"}],"wp:featuredmedia":[{"embeddable":true,"href":"https:\/\/www.pedagogie.ac-nice.fr\/sii\/wp-json\/wp\/v2\/media\/1323"}],"wp:attachment":[{"href":"https:\/\/www.pedagogie.ac-nice.fr\/sii\/wp-json\/wp\/v2\/media?parent=772"}],"curies":[{"name":"wp","href":"https:\/\/api.w.org\/{rel}","templated":true}]}}