{"id":881,"date":"2023-11-05T08:27:47","date_gmt":"2023-11-05T07:27:47","guid":{"rendered":"https:\/\/www.pedagogie.ac-nice.fr\/sii\/?page_id=881"},"modified":"2023-11-05T08:27:47","modified_gmt":"2023-11-05T07:27:47","slug":"canotech","status":"publish","type":"page","link":"https:\/\/www.pedagogie.ac-nice.fr\/sii\/se-former\/canotech\/","title":{"rendered":"CanoTech"},"content":{"rendered":"<p><img decoding=\"async\" class=\"transparent aligncenter\" src=\"https:\/\/www.canotech.fr\/content\/images\/illus_home_canotech_new_480x462.png\" alt=\"https:\/\/www.canotech.fr\/content\/images\/illus_home_canotech_new_480x462.png\"><\/p>\n<p id=\"h1\" class=\"text-primary-130 mb-2 mb-lg-3 text-col\" style=\"text-align: center;\"><strong>CanoTech, le plaisir de se former<\/strong><\/p>\n<p class=\"accroche mb-3 mb-lg-4\" style=\"text-align: center;\">Des formations courtes et pratiques en libre acc\u00e8s pour enrichir vos comp\u00e9tences<\/p>\n<p style=\"text-align: center;\"><a href=\"https:\/\/www.canotech.fr\/resultats\" target=\"_blank\" rel=\"noopener\">D\u00e9couvrir l&rsquo;offre Canotech&#8230;<\/a><\/p>\n","protected":false},"excerpt":{"rendered":"<p>CanoTech, le plaisir de se former Des formations courtes et pratiques en libre acc\u00e8s pour enrichir vos comp\u00e9tences D\u00e9couvrir l&rsquo;offre<\/p>\n","protected":false},"author":322,"featured_media":0,"parent":39,"menu_order":0,"comment_status":"closed","ping_status":"closed","template":"","meta":{"colormag_page_container_layout":"no_sidebar_full_width","colormag_page_sidebar_layout":"no_sidebar","ngg_post_thumbnail":0,"footnotes":""},"class_list":["post-881","page","type-page","status-publish","hentry"],"rttpg_featured_image_url":null,"rttpg_author":{"display_name":"sii","author_link":"https:\/\/www.pedagogie.ac-nice.fr\/sii\/author\/sii\/"},"rttpg_comment":0,"rttpg_category":null,"rttpg_excerpt":"CanoTech, le plaisir de se former Des formations courtes et pratiques en libre acc\u00e8s pour enrichir vos comp\u00e9tences D\u00e9couvrir l&rsquo;offre","post_mailing_queue_ids":[],"_links":{"self":[{"href":"https:\/\/www.pedagogie.ac-nice.fr\/sii\/wp-json\/wp\/v2\/pages\/881","targetHints":{"allow":["GET"]}}],"collection":[{"href":"https:\/\/www.pedagogie.ac-nice.fr\/sii\/wp-json\/wp\/v2\/pages"}],"about":[{"href":"https:\/\/www.pedagogie.ac-nice.fr\/sii\/wp-json\/wp\/v2\/types\/page"}],"author":[{"embeddable":true,"href":"https:\/\/www.pedagogie.ac-nice.fr\/sii\/wp-json\/wp\/v2\/users\/322"}],"replies":[{"embeddable":true,"href":"https:\/\/www.pedagogie.ac-nice.fr\/sii\/wp-json\/wp\/v2\/comments?post=881"}],"version-history":[{"count":1,"href":"https:\/\/www.pedagogie.ac-nice.fr\/sii\/wp-json\/wp\/v2\/pages\/881\/revisions"}],"predecessor-version":[{"id":882,"href":"https:\/\/www.pedagogie.ac-nice.fr\/sii\/wp-json\/wp\/v2\/pages\/881\/revisions\/882"}],"up":[{"embeddable":true,"href":"https:\/\/www.pedagogie.ac-nice.fr\/sii\/wp-json\/wp\/v2\/pages\/39"}],"wp:attachment":[{"href":"https:\/\/www.pedagogie.ac-nice.fr\/sii\/wp-json\/wp\/v2\/media?parent=881"}],"curies":[{"name":"wp","href":"https:\/\/api.w.org\/{rel}","templated":true}]}}