{"id":903,"date":"2023-11-17T18:44:20","date_gmt":"2023-11-17T17:44:20","guid":{"rendered":"https:\/\/www.pedagogie.ac-nice.fr\/sii\/?page_id=903"},"modified":"2025-02-17T08:51:33","modified_gmt":"2025-02-17T07:51:33","slug":"lorientation","status":"publish","type":"page","link":"https:\/\/www.pedagogie.ac-nice.fr\/sii\/accompagner\/lorientation\/","title":{"rendered":"L&rsquo;Orientation"},"content":{"rendered":"<p><img decoding=\"async\" src=\"https:\/\/eduscol.education.fr\/sites\/default\/files\/styles\/banner_1680x360\/public\/2020-12\/Banniere_Eduscol_1680x360_414_enfance-outils.jpg?itok=dJme41Dd\" alt=\"https:\/\/eduscol.education.fr\/sites\/default\/files\/styles\/banner_1680x360\/public\/2020-12\/Banniere_Eduscol_1680x360_414_enfance-outils.jpg?itok=dJme41Dd\"><\/p>\n<table style=\"border-collapse: collapse; width: 100%;\">\n<tbody>\n<tr>\n<td style=\"width: 33.1515%; text-align: center; vertical-align: middle;\"><a href=\"https:\/\/eduscol.education.fr\/3875\/la-decouverte-des-metiers-au-college\" target=\"_blank\" rel=\"noopener\"><img loading=\"lazy\" decoding=\"async\" class=\"aligncenter\" src=\"https:\/\/eduscol.education.fr\/sites\/default\/files\/2020-07\/eduscol-logo.jpg\" alt=\"https:\/\/eduscol.education.fr\/sites\/default\/files\/2020-07\/eduscol-logo.jpg\" width=\"227\" height=\"55\"><\/a><\/td>\n<td style=\"width: 32.8789%; text-align: center; vertical-align: middle;\"><a href=\"https:\/\/eduscol.education.fr\/3875\/la-decouverte-des-metiers-au-college\" target=\"_blank\" rel=\"noopener\"><img loading=\"lazy\" decoding=\"async\" class=\"aligncenter\" src=\"https:\/\/eduscol.education.fr\/sites\/default\/files\/2020-07\/eduscol-logo.jpg\" alt=\"https:\/\/eduscol.education.fr\/sites\/default\/files\/2020-07\/eduscol-logo.jpg\" width=\"227\" height=\"55\"><\/a><\/td>\n<td style=\"width: 33.9696%; text-align: center; vertical-align: middle;\"><a href=\"https:\/\/www.onisep.fr\/avenir-s\" target=\"_blank\" rel=\"noopener\"><img loading=\"lazy\" decoding=\"async\" class=\"transparent aligncenter\" src=\"https:\/\/www.onisep.fr\/var\/onisep\/storage\/images\/_aliases\/dso_grid_12_columns\/9\/3\/5\/5\/38045539-1-fre-FR\/57cf08f7b487-avenir-s-_fondjaune.png.webp\" alt=\"https:\/\/www.onisep.fr\/var\/onisep\/storage\/images\/_aliases\/dso_grid_12_columns\/9\/3\/5\/5\/38045539-1-fre-FR\/57cf08f7b487-avenir-s-_fondjaune.png.webp\" width=\"217\" height=\"49\"><\/a><\/td>\n<\/tr>\n<tr>\n<td style=\"width: 33.1515%; text-align: center;\"><a href=\"https:\/\/eduscol.education.fr\/794\/orientation\" target=\"_blank\" rel=\"noopener\">Toute l&rsquo;orientation &#8230;<\/a><\/td>\n<td style=\"width: 32.8789%; text-align: center;\"><a href=\"https:\/\/eduscol.education.fr\/810\/ressources-pour-accompagner-l-orientation\" target=\"_blank\" rel=\"noopener\">Toutes les ressources &#8230;<\/a><\/td>\n<td style=\"width: 33.9696%; text-align: center;\"><a href=\"https:\/\/www.onisep.fr\/avenir-s\" target=\"_blank\" rel=\"noopener\">La plateforme avenirs<\/a><\/td>\n<\/tr>\n<\/tbody>\n<\/table>\n<div class=\"text-block\">\n<div class=\"rich-text ckeditor-text clearfix\">\n<h3 id=\"summary-item-1\">Documents de r\u00e9f\u00e9rence<\/h3>\n<p>Des documents pr\u00e9cisent les objectifs de l&rsquo;accompagnement \u00e0 l&rsquo;orientation et donnent des pistes d&rsquo;actions&nbsp;:<\/p>\n<ul>\n<li><a class=\"media-document\" href=\"https:\/\/eduscol.education.fr\/document\/51287\/download\" data-ati=\"\" data-ati-chapter-1=\"document\" data-ati-name=\"D\u00e9couverte des m\u00e9tiers au coll\u00e8ge - M\u00e9mento du chef d'etablissement|51287\" data-ati-type=\"download\">M\u00e9mento &#8211; La d\u00e9couverte des m\u00e9tiers au coll\u00e8ge<\/a><\/li>\n<li><a class=\"media-document\" href=\"https:\/\/eduscol.education.fr\/document\/949\/download\" data-ati=\"\" data-ati-chapter-1=\"document\" data-ati-name=\"Vademecum L\u2019accompagnement \u00e0 l\u2019orientation au coll\u00e8ge|949\" data-ati-type=\"download\">Vademecum &#8211; L&rsquo;accompagnement \u00e0 l&rsquo;orientation au coll\u00e8ge<\/a><\/li>\n<li><a class=\"media-document\" href=\"https:\/\/eduscol.education.fr\/document\/3166\/download\" data-ati=\"\" data-ati-chapter-1=\"document\" data-ati-name=\"Vademecum L\u2019accompagnement \u00e0 l\u2019orientation au lyc\u00e9e g\u00e9n\u00e9ral et technologique|3166\" data-ati-type=\"download\">Vademecum &#8211; L&rsquo;accompagnement \u00e0 l&rsquo;orientation au lyc\u00e9e g\u00e9n\u00e9ral et technologique<\/a><\/li>\n<li><a class=\"media-document\" href=\"https:\/\/eduscol.education.fr\/document\/3165\/download\" data-ati=\"\" data-ati-chapter-1=\"document\" data-ati-name=\"Vademecum L\u2019accompagnement \u00e0 l\u2019orientation en voie professionnelle|3165\" data-ati-type=\"download\">Vademecum &#8211; L&rsquo;accompagnement \u00e0 l&rsquo;orientation en voie professionnelle<\/a><\/li>\n<\/ul>\n<\/div>\n<\/div>\n<div class=\"text-block\">\n<div class=\"rich-text ckeditor-text clearfix\">\n<h3 id=\"summary-item-3\">Les MOOC d\u2019aide \u00e0 l\u2019orientation vers l\u2019enseignement sup\u00e9rieur<\/h3>\n<p>Les MOOC (cours en ligne ouverts \u00e0 tous) de la collection ProjetSUP permettent aux \u00e9l\u00e8ves de d\u00e9couvrir des disciplines, des fili\u00e8res et des m\u00e9tiers dans des domaines vari\u00e9s. Ils ont \u00e9t\u00e9 con\u00e7us par des universit\u00e9s et des grandes \u00e9coles. Ils sont accessibles 24h\/24 et 7j\/7 durant toute l\u2019ann\u00e9e scolaire entre octobre et fin juin, sur la plateforme FUN-MOOC.<\/p>\n<ul>\n<li>D\u00e9couvrir la <a href=\"https:\/\/www.mooc-orientation.fr\/\" target=\"_blank\" rel=\"noopener\">liste des MOOC d\u2019orientation<\/a> et les <a href=\"https:\/\/www.mooc-orientation.fr\/ressources\" target=\"_blank\" rel=\"noopener\">ressources mises \u00e0 disposition des enseignants<\/a>.<\/li>\n<\/ul>\n<hr>\n<h2 class=\"page__title\">La d\u00e9couverte des m\u00e9tiers au coll\u00e8ge<\/h2>\n<p>La d\u00e9couverte des m\u00e9tiers fait pleinement partie de la formation des coll\u00e9giens qui ont besoin de conna\u00eetre les secteurs d\u2019activit\u00e9s et les m\u00e9tiers pour prendre conscience de leurs envies et concevoir un projet de formation adapt\u00e9 \u00e0 leurs talents. Pilier du parcours Avenir, la d\u00e9couverte des m\u00e9tiers se d\u00e9ploie progressivement dans tous les coll\u00e8ges d\u00e8s la rentr\u00e9e scolaire 2023. En ouvrant les horizons et \u00e9levant les ambitions, la d\u00e9couverte des m\u00e9tiers contribue \u00e0 r\u00e9duire le d\u00e9terminisme social.<\/p>\n<table style=\"width: 99.9335%;\">\n<tbody>\n<tr>\n<td style=\"width: 33.4019%; text-align: center;\"><a href=\"https:\/\/eduscol.education.fr\/3875\/la-decouverte-des-metiers-au-college\" target=\"_blank\" rel=\"noopener\"><img loading=\"lazy\" decoding=\"async\" class=\"aligncenter\" src=\"https:\/\/eduscol.education.fr\/sites\/default\/files\/2020-07\/eduscol-logo.jpg\" alt=\"https:\/\/eduscol.education.fr\/sites\/default\/files\/2020-07\/eduscol-logo.jpg\" width=\"227\" height=\"55\"><\/a><\/td>\n<td style=\"width: 34.7276%; text-align: center;\"><a href=\"https:\/\/reso-avenirs.onisep.fr\/\" target=\"_blank\" rel=\"noopener\"><img loading=\"lazy\" decoding=\"async\" class=\"header-site-logo aligncenter\" title=\"https:\/\/reso-avenirs.onisep.fr\/\" src=\"https:\/\/reso-avenirs.onisep.fr\/assets\/dso\/images\/reso\/logo.svg\" alt=\"Ressources \u00e9ducatives sur l'orientation\" width=\"205\" height=\"82\"><\/a><\/td>\n<td style=\"width: 98.0626%; text-align: center;\"><a href=\"https:\/\/www.onisep.fr\/sites-annexes\/avenir-s\/equipes-educatives\/gros-plan-sur-la-decouverte-des-metiers\" target=\"_blank\" rel=\"noopener\"><img loading=\"lazy\" decoding=\"async\" class=\"header-site-logo aligncenter\" src=\"https:\/\/www.onisep.fr\/assets\/dso\/images\/onisep\/logo.svg\" alt=\"Accueil\" width=\"215\" height=\"45\"><\/a><\/td>\n<\/tr>\n<tr>\n<td style=\"width: 33.4019%; text-align: center;\">\n<p id=\"summary-item-0\"><a href=\"https:\/\/eduscol.education.fr\/3875\/la-decouverte-des-metiers-au-college\" target=\"_blank\" rel=\"noopener\">La d\u00e9couverte des m\u00e9tiers<\/a> <a href=\"https:\/\/eduscol.education.fr\/3875\/la-decouverte-des-metiers-au-college\" target=\"_blank\" rel=\"noopener\">au cycle 4 du coll\u00e8ge &#8230;<\/a><\/p>\n<\/td>\n<td style=\"width: 34.7276%; text-align: center;\"><a href=\"https:\/\/reso-avenirs.onisep.fr\/\" target=\"_blank\" rel=\"noopener\">Ressources \u00e9ducatives<\/a> <a href=\"https:\/\/reso-avenirs.onisep.fr\/\" target=\"_blank\" rel=\"noopener\">sur l&rsquo;orientation &#8230;<\/a><\/td>\n<td style=\"width: 98.0626%; text-align: center;\">\n<p class=\"background-decoration mb-1w mb-md-3w\"><a href=\"https:\/\/www.onisep.fr\/sites-annexes\/avenir-s\/equipes-educatives\/gros-plan-sur-la-decouverte-des-metiers\" target=\"_blank\" rel=\"noopener\">Gros plan sur la d\u00e9couverte des m\u00e9tiers &#8230;<\/a><\/p>\n<\/td>\n<\/tr>\n<\/tbody>\n<\/table>\n<\/div>\n<hr>\n<div class=\"rich-text ckeditor-text clearfix\">\n<hr>\n<\/div>\n<\/div>\n<h2>Les \u00ab Mercredis de l\u2019orientation \u00bb : pour \u00e9changer des informations sur l\u2019orientation et les m\u00e9tiers !<\/h2>\n<p>La R\u00e9gion Provence-Alpes-C\u00f4te d\u2019Azur et le groupe AEF, en lien avec les services acad\u00e9miques, ont instaur\u00e9 un <strong>rendez-vous en ligne<\/strong> r\u00e9gulier, et visionnables en <strong>replay<\/strong> sur le site <a href=\"https:\/\/www.orientation-regionsud.fr\/Contenu\/m-orienter-au-lycee\" target=\"_blank\" rel=\"noopener\">orientation-regionsud.fr<\/a>.<\/p>\n<p>&nbsp;<\/p>\n<p><a href=\"https:\/\/www.orientation-regionsud.fr\/\" target=\"_blank\" rel=\"noopener\"><img loading=\"lazy\" decoding=\"async\" class=\"aligncenter\" src=\"https:\/\/agora.orientation-regionsud.fr\/Portals\/21\/header_logo.png?ver=iN4IFJfFaLEGnfHRy0HySw%3d%3d\" alt=\"https:\/\/agora.orientation-regionsud.fr\/Portals\/21\/header_logo.png?ver=iN4IFJfFaLEGnfHRy0HySw%3d%3d\" width=\"670\" height=\"261\"><\/a><\/p>\n","protected":false},"excerpt":{"rendered":"<p>Toute l&rsquo;orientation &#8230; Toutes les ressources &#8230; La plateforme avenirs Documents de r\u00e9f\u00e9rence Des documents pr\u00e9cisent les objectifs de l&rsquo;accompagnement<\/p>\n","protected":false},"author":322,"featured_media":1307,"parent":48,"menu_order":0,"comment_status":"closed","ping_status":"closed","template":"","meta":{"colormag_page_container_layout":"no_sidebar_full_width","colormag_page_sidebar_layout":"no_sidebar","ngg_post_thumbnail":0,"footnotes":""},"class_list":["post-903","page","type-page","status-publish","has-post-thumbnail","hentry"],"rttpg_featured_image_url":{"full":["https:\/\/www.pedagogie.ac-nice.fr\/sii\/wp-content\/uploads\/sites\/55\/2024\/09\/Banniere_Eduscol_1680x360_414_enfance-outils.jpg",1680,360,false],"landscape":["https:\/\/www.pedagogie.ac-nice.fr\/sii\/wp-content\/uploads\/sites\/55\/2024\/09\/Banniere_Eduscol_1680x360_414_enfance-outils.jpg",1680,360,false],"portraits":["https:\/\/www.pedagogie.ac-nice.fr\/sii\/wp-content\/uploads\/sites\/55\/2024\/09\/Banniere_Eduscol_1680x360_414_enfance-outils.jpg",1680,360,false],"thumbnail":["https:\/\/www.pedagogie.ac-nice.fr\/sii\/wp-content\/uploads\/sites\/55\/2024\/09\/Banniere_Eduscol_1680x360_414_enfance-outils-150x150.jpg",150,150,true],"medium":["https:\/\/www.pedagogie.ac-nice.fr\/sii\/wp-content\/uploads\/sites\/55\/2024\/09\/Banniere_Eduscol_1680x360_414_enfance-outils-300x64.jpg",300,64,true],"large":["https:\/\/www.pedagogie.ac-nice.fr\/sii\/wp-content\/uploads\/sites\/55\/2024\/09\/Banniere_Eduscol_1680x360_414_enfance-outils-1024x219.jpg",800,171,true],"1536x1536":["https:\/\/www.pedagogie.ac-nice.fr\/sii\/wp-content\/uploads\/sites\/55\/2024\/09\/Banniere_Eduscol_1680x360_414_enfance-outils-1536x329.jpg",1536,329,true],"2048x2048":["https:\/\/www.pedagogie.ac-nice.fr\/sii\/wp-content\/uploads\/sites\/55\/2024\/09\/Banniere_Eduscol_1680x360_414_enfance-outils.jpg",1680,360,false],"colormag-highlighted-post":["https:\/\/www.pedagogie.ac-nice.fr\/sii\/wp-content\/uploads\/sites\/55\/2024\/09\/Banniere_Eduscol_1680x360_414_enfance-outils-392x272.jpg",392,272,true],"colormag-featured-post-medium":["https:\/\/www.pedagogie.ac-nice.fr\/sii\/wp-content\/uploads\/sites\/55\/2024\/09\/Banniere_Eduscol_1680x360_414_enfance-outils-390x205.jpg",390,205,true],"colormag-featured-post-small":["https:\/\/www.pedagogie.ac-nice.fr\/sii\/wp-content\/uploads\/sites\/55\/2024\/09\/Banniere_Eduscol_1680x360_414_enfance-outils-130x90.jpg",130,90,true],"colormag-featured-image":["https:\/\/www.pedagogie.ac-nice.fr\/sii\/wp-content\/uploads\/sites\/55\/2024\/09\/Banniere_Eduscol_1680x360_414_enfance-outils-800x360.jpg",800,360,true],"colormag-default-news":["https:\/\/www.pedagogie.ac-nice.fr\/sii\/wp-content\/uploads\/sites\/55\/2024\/09\/Banniere_Eduscol_1680x360_414_enfance-outils-150x150.jpg",150,150,true],"colormag-featured-image-large":["https:\/\/www.pedagogie.ac-nice.fr\/sii\/wp-content\/uploads\/sites\/55\/2024\/09\/Banniere_Eduscol_1680x360_414_enfance-outils-1400x360.jpg",1400,360,true],"advps-thumb-one":["https:\/\/www.pedagogie.ac-nice.fr\/sii\/wp-content\/uploads\/sites\/55\/2024\/09\/Banniere_Eduscol_1680x360_414_enfance-outils-600x220.jpg",600,220,true]},"rttpg_author":{"display_name":"sii","author_link":"https:\/\/www.pedagogie.ac-nice.fr\/sii\/author\/sii\/"},"rttpg_comment":0,"rttpg_category":null,"rttpg_excerpt":"Toute l&rsquo;orientation &#8230; Toutes les ressources &#8230; La plateforme avenirs Documents de r\u00e9f\u00e9rence Des documents pr\u00e9cisent les objectifs de l&rsquo;accompagnement","post_mailing_queue_ids":[],"_links":{"self":[{"href":"https:\/\/www.pedagogie.ac-nice.fr\/sii\/wp-json\/wp\/v2\/pages\/903","targetHints":{"allow":["GET"]}}],"collection":[{"href":"https:\/\/www.pedagogie.ac-nice.fr\/sii\/wp-json\/wp\/v2\/pages"}],"about":[{"href":"https:\/\/www.pedagogie.ac-nice.fr\/sii\/wp-json\/wp\/v2\/types\/page"}],"author":[{"embeddable":true,"href":"https:\/\/www.pedagogie.ac-nice.fr\/sii\/wp-json\/wp\/v2\/users\/322"}],"replies":[{"embeddable":true,"href":"https:\/\/www.pedagogie.ac-nice.fr\/sii\/wp-json\/wp\/v2\/comments?post=903"}],"version-history":[{"count":27,"href":"https:\/\/www.pedagogie.ac-nice.fr\/sii\/wp-json\/wp\/v2\/pages\/903\/revisions"}],"predecessor-version":[{"id":1413,"href":"https:\/\/www.pedagogie.ac-nice.fr\/sii\/wp-json\/wp\/v2\/pages\/903\/revisions\/1413"}],"up":[{"embeddable":true,"href":"https:\/\/www.pedagogie.ac-nice.fr\/sii\/wp-json\/wp\/v2\/pages\/48"}],"wp:featuredmedia":[{"embeddable":true,"href":"https:\/\/www.pedagogie.ac-nice.fr\/sii\/wp-json\/wp\/v2\/media\/1307"}],"wp:attachment":[{"href":"https:\/\/www.pedagogie.ac-nice.fr\/sii\/wp-json\/wp\/v2\/media?parent=903"}],"curies":[{"name":"wp","href":"https:\/\/api.w.org\/{rel}","templated":true}]}}