{"id":930,"date":"2023-11-19T10:46:41","date_gmt":"2023-11-19T09:46:41","guid":{"rendered":"https:\/\/www.pedagogie.ac-nice.fr\/sii\/?page_id=930"},"modified":"2025-06-28T17:25:26","modified_gmt":"2025-06-28T15:25:26","slug":"specialite-sciences-de-lingenieur","status":"publish","type":"page","link":"https:\/\/www.pedagogie.ac-nice.fr\/sii\/enseigner\/lycee\/specialite-sciences-de-lingenieur\/","title":{"rendered":"Sp\u00e9cialit\u00e9 Sciences de l&rsquo;ing\u00e9nieur"},"content":{"rendered":"<table style=\"border-collapse: collapse; width: 100%;\">\n<tbody>\n<tr>\n<td style=\"width: 100%; background-color: #f70202; border-style: none; text-align: center; vertical-align: middle;\">\n<h2 style=\"text-align: center;\"><a href=\"https:\/\/sujets.examens-concours.gouv.fr\/delos\/public\/bgt\/si\" target=\"_blank\" rel=\"noopener\"><span style=\"color: #ffffff;\"><strong>Banque nationale de Sujets<\/strong><\/span><\/a><\/h2>\n<h2 style=\"text-align: center;\"><a href=\"https:\/\/sujets.examens-concours.gouv.fr\/delos\/public\/bgt\/si\" target=\"_blank\" rel=\"noopener\"><span style=\"color: #ffffff;\"><strong>Epreuve pratique Sciences de l&rsquo;ing\u00e9nieur<\/strong><\/span><\/a><\/h2>\n<\/td>\n<\/tr>\n<\/tbody>\n<\/table>\n<blockquote>\n<p style=\"text-align: center;\"><a href=\"https:\/\/www.education.gouv.fr\/bo\/2024\/Hebdo38\/MENE2423197N\" target=\"_blank\" rel=\"noopener\"><strong>Note de service : \u00c9preuve de l\u2019enseignement de sp\u00e9cialit\u00e9 sciences de l\u2019ing\u00e9nieur de la classe de terminale de la voie g\u00e9n\u00e9rale<\/strong><\/a><\/p>\n<\/blockquote>\n<p><img loading=\"lazy\" decoding=\"async\" class=\"shrinkToFit transparent\" src=\"https:\/\/eduscol.education.fr\/sites\/default\/files\/styles\/banner_1680x360\/public\/2020-09\/banniere-eduscol-1680x36074-sni-png-1-07-mb--724.png?itok=tu33sBID\" alt=\"https:\/\/eduscol.education.fr\/sites\/default\/files\/styles\/banner_1680x360\/public\/2020-09\/banniere-eduscol-1680x36074-sni-png-1-07-mb--724.png?itok=tu33sBID\" width=\"1366\" height=\"292\"><\/p>\n<p>&nbsp;<\/p>\n<table style=\"width: 100%; border-collapse: collapse;\">\n<tbody>\n<tr>\n<td style=\"width: 47.5151%;\"><img loading=\"lazy\" decoding=\"async\" class=\"transparent aligncenter\" src=\"https:\/\/www.education.gouv.fr\/sites\/default\/files\/styles\/embed_image\/public\/2020-07\/visuel-breve-bo-66471_1.png?itok=d74fxBLs\" alt=\"https:\/\/www.education.gouv.fr\/sites\/default\/files\/styles\/embed_image\/public\/2020-07\/visuel-breve-bo-66471_1.png?itok=d74fxBLs\" width=\"304\" height=\"171\"><\/td>\n<td style=\"width: 52.3637%;\"><a href=\"https:\/\/tribu.phm.education.gouv.fr\/portal_v2\/tribu-app\/document?id=yTM0bi\" target=\"_blank\" rel=\"noopener\"><img loading=\"lazy\" decoding=\"async\" class=\"aligncenter wp-image-1441\" src=\"https:\/\/www.pedagogie.ac-nice.fr\/sii\/wp-content\/uploads\/sites\/55\/2025\/03\/Vademecum-academique-Specialite-SI-Nice-3-1-1-212x300.jpg\" alt=\"\" width=\"187\" height=\"265\" srcset=\"https:\/\/www.pedagogie.ac-nice.fr\/sii\/wp-content\/uploads\/sites\/55\/2025\/03\/Vademecum-academique-Specialite-SI-Nice-3-1-1-212x300.jpg 212w, https:\/\/www.pedagogie.ac-nice.fr\/sii\/wp-content\/uploads\/sites\/55\/2025\/03\/Vademecum-academique-Specialite-SI-Nice-3-1-1-724x1024.jpg 724w, https:\/\/www.pedagogie.ac-nice.fr\/sii\/wp-content\/uploads\/sites\/55\/2025\/03\/Vademecum-academique-Specialite-SI-Nice-3-1-1-768x1087.jpg 768w, https:\/\/www.pedagogie.ac-nice.fr\/sii\/wp-content\/uploads\/sites\/55\/2025\/03\/Vademecum-academique-Specialite-SI-Nice-3-1-1-1086x1536.jpg 1086w, https:\/\/www.pedagogie.ac-nice.fr\/sii\/wp-content\/uploads\/sites\/55\/2025\/03\/Vademecum-academique-Specialite-SI-Nice-3-1-1-1447x2048.jpg 1447w, https:\/\/www.pedagogie.ac-nice.fr\/sii\/wp-content\/uploads\/sites\/55\/2025\/03\/Vademecum-academique-Specialite-SI-Nice-3-1-1-scaled.jpg 1809w\" sizes=\"auto, (max-width: 187px) 100vw, 187px\" \/><\/a><\/td>\n<\/tr>\n<tr>\n<td style=\"width: 47.5151%; text-align: center;\"><a class=\"media-document\" href=\"https:\/\/eduscol.education.fr\/document\/22492\/download\" target=\"_blank\" rel=\"noopener\" data-ati=\"\" data-ati-name=\"spe641_annexe_1063085.pdf|23494\" data-ati-chapter-1=\"document\" data-ati-type=\"download\">Programme<\/a><\/td>\n<td style=\"width: 52.3637%; text-align: center;\"><a href=\"https:\/\/tribu.phm.education.gouv.fr\/portal_v2\/tribu-app\/document?id=yTM0bi\" target=\"_blank\" rel=\"noopener\">Le vademecum acad\u00e9mique<\/a>&nbsp; <strong><span style=\"color: #800080;\">:<\/span><span style=\"color: #3366ff;\">T<\/span><span style=\"color: #339966;\">r<\/span><span style=\"color: #ffcc00;\">i<\/span><span style=\"color: #ff9900;\">b<\/span><span style=\"color: #ff0000;\">u<\/span><span style=\"color: #800080;\">:<\/span><\/strong><\/td>\n<\/tr>\n<\/tbody>\n<\/table>\n<div>\n<hr>\n<\/div>\n<div>\n<div class=\"content__bottom__share js-share\">\n<p><a href=\"https:\/\/modelica.org\/\" target=\"_blank\" rel=\"noopener\">Modelica<\/a> est un langage de mod\u00e9lisation orient\u00e9 objet qui permet de d\u00e9crire et de simuler des syst\u00e8mes physiques complexes (m\u00e9canique, \u00e9lectrique, thermique\u2026). Son usage en sciences de l\u2019ing\u00e9nieur, notamment avec le logiciel libre <a href=\"https:\/\/openmodelica.org\/\" target=\"_blank\" rel=\"noopener\">OpenModelica<\/a>, offre aux \u00e9l\u00e8ves un environnement accessible pour mod\u00e9liser, simuler et analyser des syst\u00e8mes multiphysiques. Cette approche s\u2019inscrit pleinement dans la d\u00e9marche d\u2019ing\u00e9nierie syst\u00e8me promue par la norme internationale ISO\/IEC\/IEEE 15288:2023, qui d\u00e9finit les processus du cycle de vie des syst\u00e8mes et favorise une vision globale et structur\u00e9e des projets d\u2019ing\u00e9nierie.<\/p>\n<table style=\"border-collapse: collapse; width: 100%;\">\n<tbody>\n<tr>\n<td style=\"width: 47.981%;\"><img loading=\"lazy\" decoding=\"async\" class=\"shrinkToFit aligncenter\" src=\"https:\/\/modelica.org\/images\/merch\/Modelica-Language-sticker.jpg\" alt=\"https:\/\/modelica.org\/images\/merch\/Modelica-Language-sticker.jpg\" width=\"188\" height=\"188\"><\/td>\n<td style=\"width: 52.019%;\"><img loading=\"lazy\" decoding=\"async\" class=\"transparent aligncenter\" src=\"https:\/\/www.samares-engineering.com\/wp-content\/uploads\/2020\/11\/Modelica.png\" alt=\"https:\/\/www.samares-engineering.com\/wp-content\/uploads\/2020\/11\/Modelica.png\" width=\"325\" height=\"232\"><\/td>\n<\/tr>\n<\/tbody>\n<\/table>\n<\/div>\n<\/div>\n","protected":false},"excerpt":{"rendered":"<p>Banque nationale de Sujets Epreuve pratique Sciences de l&rsquo;ing\u00e9nieur Note de service : \u00c9preuve de l\u2019enseignement de sp\u00e9cialit\u00e9 sciences de<\/p>\n","protected":false},"author":322,"featured_media":0,"parent":67,"menu_order":1,"comment_status":"closed","ping_status":"closed","template":"","meta":{"colormag_page_container_layout":"no_sidebar_full_width","colormag_page_sidebar_layout":"no_sidebar","ngg_post_thumbnail":0,"footnotes":""},"class_list":["post-930","page","type-page","status-publish","hentry"],"rttpg_featured_image_url":null,"rttpg_author":{"display_name":"sii","author_link":"https:\/\/www.pedagogie.ac-nice.fr\/sii\/author\/sii\/"},"rttpg_comment":0,"rttpg_category":null,"rttpg_excerpt":"Banque nationale de Sujets Epreuve pratique Sciences de l&rsquo;ing\u00e9nieur Note de service : \u00c9preuve de l\u2019enseignement de sp\u00e9cialit\u00e9 sciences de","post_mailing_queue_ids":[],"_links":{"self":[{"href":"https:\/\/www.pedagogie.ac-nice.fr\/sii\/wp-json\/wp\/v2\/pages\/930","targetHints":{"allow":["GET"]}}],"collection":[{"href":"https:\/\/www.pedagogie.ac-nice.fr\/sii\/wp-json\/wp\/v2\/pages"}],"about":[{"href":"https:\/\/www.pedagogie.ac-nice.fr\/sii\/wp-json\/wp\/v2\/types\/page"}],"author":[{"embeddable":true,"href":"https:\/\/www.pedagogie.ac-nice.fr\/sii\/wp-json\/wp\/v2\/users\/322"}],"replies":[{"embeddable":true,"href":"https:\/\/www.pedagogie.ac-nice.fr\/sii\/wp-json\/wp\/v2\/comments?post=930"}],"version-history":[{"count":34,"href":"https:\/\/www.pedagogie.ac-nice.fr\/sii\/wp-json\/wp\/v2\/pages\/930\/revisions"}],"predecessor-version":[{"id":1070,"href":"https:\/\/www.pedagogie.ac-nice.fr\/sii\/wp-json\/wp\/v2\/pages\/930\/revisions\/1070"}],"up":[{"embeddable":true,"href":"https:\/\/www.pedagogie.ac-nice.fr\/sii\/wp-json\/wp\/v2\/pages\/67"}],"wp:attachment":[{"href":"https:\/\/www.pedagogie.ac-nice.fr\/sii\/wp-json\/wp\/v2\/media?parent=930"}],"curies":[{"name":"wp","href":"https:\/\/api.w.org\/{rel}","templated":true}]}}