{"id":932,"date":"2023-11-19T10:47:39","date_gmt":"2023-11-19T09:47:39","guid":{"rendered":"https:\/\/www.pedagogie.ac-nice.fr\/sii\/?page_id=932"},"modified":"2026-02-11T09:42:08","modified_gmt":"2026-02-11T08:42:08","slug":"filiere-sti2d-sciences-et-technologies-de-lindustrie-et-du-developpement-durable","status":"publish","type":"page","link":"https:\/\/www.pedagogie.ac-nice.fr\/sii\/enseigner\/lycee\/filiere-sti2d-sciences-et-technologies-de-lindustrie-et-du-developpement-durable\/","title":{"rendered":"Fili\u00e8re STi2D : Sciences et Technologies de l&rsquo;Industrie et du D\u00e9veloppement Durable"},"content":{"rendered":"<table style=\"width: 100%; border-collapse: collapse; background-color: #000000;\">\n<tbody>\n<tr>\n<td style=\"width: 100%; background-color: #f70202; border-style: none; text-align: center; vertical-align: middle;\">\n<h2 style=\"text-align: center;\"><a href=\"https:\/\/sujets.examens-concours.gouv.fr\/delos\/public\/bgt\/STI2D_pratique\" target=\"_blank\" rel=\"noopener\"><span style=\"color: #ffffff;\"><strong>Banque nationale de Sujets<\/strong><\/span><\/a><\/h2>\n<h2 style=\"text-align: center;\"><a href=\"https:\/\/sujets.examens-concours.gouv.fr\/delos\/public\/bgt\/STI2D_pratique\" target=\"_blank\" rel=\"noopener\"><span style=\"color: #ffffff;\"><strong>Epreuve pratique <\/strong><\/span><span style=\"color: #ffffff;\">Ing\u00e9nierie, innovation et d\u00e9veloppement durable<\/span><\/a><\/h2>\n<\/td>\n<\/tr>\n<\/tbody>\n<\/table>\n<p><a href=\"https:\/\/www.education.gouv.fr\/bo\/2025\/Hebdo24\/MENE2515695N\" target=\"_blank\" rel=\"noopener\">\u00c9preuves des enseignements de sp\u00e9cialit\u00e9 dans la s\u00e9rie sciences et technologies de l&rsquo;industrie et du d\u00e9veloppement durable \u00e0 compter de la session 2026 de l&rsquo;examen du baccalaur\u00e9at technologique<\/a><\/p>\n<p><img loading=\"lazy\" decoding=\"async\" class=\"shrinkToFit transparent\" src=\"https:\/\/eduscol.education.fr\/sites\/default\/files\/styles\/banner_1680x360\/public\/2024-12\/banniere_eduscol_952x453_926.png?itok=-zIG25Pu\" alt=\"https:\/\/eduscol.education.fr\/sites\/default\/files\/styles\/banner_1680x360\/public\/2024-12\/banniere_eduscol_952x453_926.png?itok=-zIG25Pu\" width=\"1366\" height=\"292\"><span style=\"color: #ff0000;\"><strong>&nbsp;<\/strong><\/span><\/p>\n<table style=\"border-collapse: collapse; width: 100%;\">\n<tbody>\n<tr>\n<td style=\"width: 50%;\"><img decoding=\"async\" class=\"transparent aligncenter\" src=\"https:\/\/www.education.gouv.fr\/sites\/default\/files\/styles\/embed_image\/public\/2020-07\/visuel-breve-bo-66471_1.png?itok=d74fxBLs\" alt=\"https:\/\/www.education.gouv.fr\/sites\/default\/files\/styles\/embed_image\/public\/2020-07\/visuel-breve-bo-66471_1.png?itok=d74fxBLs\"><\/td>\n<td style=\"width: 50%;\"><img loading=\"lazy\" decoding=\"async\" class=\"wp-image-1437 aligncenter\" src=\"https:\/\/www.pedagogie.ac-nice.fr\/sii\/wp-content\/uploads\/sites\/55\/2025\/03\/Vademecum-academique-STi2D-Nice-212x300.jpg\" alt=\"\" width=\"162\" height=\"229\" srcset=\"https:\/\/www.pedagogie.ac-nice.fr\/sii\/wp-content\/uploads\/sites\/55\/2025\/03\/Vademecum-academique-STi2D-Nice-212x300.jpg 212w, https:\/\/www.pedagogie.ac-nice.fr\/sii\/wp-content\/uploads\/sites\/55\/2025\/03\/Vademecum-academique-STi2D-Nice-724x1024.jpg 724w, https:\/\/www.pedagogie.ac-nice.fr\/sii\/wp-content\/uploads\/sites\/55\/2025\/03\/Vademecum-academique-STi2D-Nice-768x1087.jpg 768w, https:\/\/www.pedagogie.ac-nice.fr\/sii\/wp-content\/uploads\/sites\/55\/2025\/03\/Vademecum-academique-STi2D-Nice-1086x1536.jpg 1086w, https:\/\/www.pedagogie.ac-nice.fr\/sii\/wp-content\/uploads\/sites\/55\/2025\/03\/Vademecum-academique-STi2D-Nice-1447x2048.jpg 1447w, https:\/\/www.pedagogie.ac-nice.fr\/sii\/wp-content\/uploads\/sites\/55\/2025\/03\/Vademecum-academique-STi2D-Nice-scaled.jpg 1809w\" sizes=\"auto, (max-width: 162px) 100vw, 162px\" \/><\/td>\n<\/tr>\n<tr>\n<td style=\"width: 50%; text-align: center;\"><a href=\"https:\/\/eduscol.education.fr\/document\/24916\/download\" target=\"_blank\" rel=\"noopener\">Programme<\/a><\/td>\n<td style=\"width: 50%; text-align: center;\"><span style=\"color: #ff0000;\"><a href=\"https:\/\/tribu.phm.education.gouv.fr\/portal_v2\/tribu-app\/document?id=4RLUnD\" target=\"_blank\" rel=\"noopener\">Le vad\u00e9m\u00e9cum acad\u00e9mique<\/a><br \/>\n<\/span><\/td>\n<\/tr>\n<\/tbody>\n<\/table>\n","protected":false},"excerpt":{"rendered":"<p>Banque nationale de Sujets Epreuve pratique Ing\u00e9nierie, innovation et d\u00e9veloppement durable \u00c9preuves des enseignements de sp\u00e9cialit\u00e9 dans la s\u00e9rie sciences<\/p>\n","protected":false},"author":322,"featured_media":0,"parent":67,"menu_order":2,"comment_status":"closed","ping_status":"closed","template":"","meta":{"colormag_page_container_layout":"no_sidebar_full_width","colormag_page_sidebar_layout":"no_sidebar","ngg_post_thumbnail":0,"footnotes":""},"class_list":["post-932","page","type-page","status-publish","hentry"],"rttpg_featured_image_url":null,"rttpg_author":{"display_name":"sii","author_link":"https:\/\/www.pedagogie.ac-nice.fr\/sii\/author\/sii\/"},"rttpg_comment":0,"rttpg_category":null,"rttpg_excerpt":"Banque nationale de Sujets Epreuve pratique Ing\u00e9nierie, innovation et d\u00e9veloppement durable \u00c9preuves des enseignements de sp\u00e9cialit\u00e9 dans la s\u00e9rie sciences","post_mailing_queue_ids":[],"_links":{"self":[{"href":"https:\/\/www.pedagogie.ac-nice.fr\/sii\/wp-json\/wp\/v2\/pages\/932","targetHints":{"allow":["GET"]}}],"collection":[{"href":"https:\/\/www.pedagogie.ac-nice.fr\/sii\/wp-json\/wp\/v2\/pages"}],"about":[{"href":"https:\/\/www.pedagogie.ac-nice.fr\/sii\/wp-json\/wp\/v2\/types\/page"}],"author":[{"embeddable":true,"href":"https:\/\/www.pedagogie.ac-nice.fr\/sii\/wp-json\/wp\/v2\/users\/322"}],"replies":[{"embeddable":true,"href":"https:\/\/www.pedagogie.ac-nice.fr\/sii\/wp-json\/wp\/v2\/comments?post=932"}],"version-history":[{"count":12,"href":"https:\/\/www.pedagogie.ac-nice.fr\/sii\/wp-json\/wp\/v2\/pages\/932\/revisions"}],"predecessor-version":[{"id":1525,"href":"https:\/\/www.pedagogie.ac-nice.fr\/sii\/wp-json\/wp\/v2\/pages\/932\/revisions\/1525"}],"up":[{"embeddable":true,"href":"https:\/\/www.pedagogie.ac-nice.fr\/sii\/wp-json\/wp\/v2\/pages\/67"}],"wp:attachment":[{"href":"https:\/\/www.pedagogie.ac-nice.fr\/sii\/wp-json\/wp\/v2\/media?parent=932"}],"curies":[{"name":"wp","href":"https:\/\/api.w.org\/{rel}","templated":true}]}}