{"id":943,"date":"2023-11-21T11:04:21","date_gmt":"2023-11-21T10:04:21","guid":{"rendered":"https:\/\/www.pedagogie.ac-nice.fr\/sii\/?page_id=943"},"modified":"2024-09-22T20:17:58","modified_gmt":"2024-09-22T18:17:58","slug":"course-en-cours","status":"publish","type":"page","link":"https:\/\/www.pedagogie.ac-nice.fr\/sii\/innover\/les-concours\/course-en-cours\/","title":{"rendered":"Course en Cours"},"content":{"rendered":"<p style=\"text-align: center;\"><iframe loading=\"lazy\" src=\"\/\/www.youtube.com\/embed\/JbWIbKfz-w4\" width=\"560\" height=\"314\" allowfullscreen=\"allowfullscreen\"><\/iframe><\/p>\n<p>Course en Cours est un dispositif p\u00e9dagogique original compl\u00e9mentaire des m\u00e9thodes traditionnelles d\u2019enseignement. Durant une ann\u00e9e scolaire, les \u00e9l\u00e8ves s\u2019engagent, en \u00e9quipe de 4 \u00e0 6, dans un projet ambitieux et concret dont l\u2019objectif est la r\u00e9alisation d\u2019un mini-v\u00e9hicule \u00e9lectrique. Ils sont encadr\u00e9s par leur professeur et utilisent des technologies, des m\u00e9thodes et des outils actuels et identiques \u00e0 ceux de l\u2019industrie.<\/p>\n<p>Le travail en \u00e9quipe, la responsabilisation et l\u2019engagement personnel autour des activit\u00e9s techniques mais aussi de marketing et communication (en fran\u00e7ais et en anglais), leur permettent de se d\u00e9couvrir, de prendre confiance et de s\u2019imaginer un avenir ambitieux.<\/p>\n<p>Au c\u0153ur du projet Course en Cours, les principes de parit\u00e9 et d\u2019\u00e9galit\u00e9 des chances permettent de viser particuli\u00e8rement les jeunes filles et les jeunes issus de milieux d\u00e9favoris\u00e9s.<\/p>\n<p style=\"text-align: center;\"><a href=\"https:\/\/course-en-cours.com\" target=\"_blank\" rel=\"noopener\"><img loading=\"lazy\" decoding=\"async\" class=\"sFlh5c pT0Scc iPVvYb aligncenter\" src=\"https:\/\/www.jeanperrin.org\/portail\/local\/cache-vignettes\/L259xH150\/arton2493-2f6eb.png?1679525979\" alt=\"Course en cours 2022 - [Lyc\u00e9e Jean Perrin]\" width=\"259\" height=\"150\" aria-hidden=\"false\"><\/a><\/p>\n<p style=\"text-align: center;\"><a href=\"https:\/\/course-en-cours.com\" target=\"_blank\" rel=\"noopener\">https:\/\/course-en-cours\/<\/a><\/p>\n","protected":false},"excerpt":{"rendered":"<p>Course en Cours est un dispositif p\u00e9dagogique original compl\u00e9mentaire des m\u00e9thodes traditionnelles d\u2019enseignement. Durant une ann\u00e9e scolaire, les \u00e9l\u00e8ves s\u2019engagent,<\/p>\n","protected":false},"author":322,"featured_media":1328,"parent":503,"menu_order":0,"comment_status":"closed","ping_status":"closed","template":"","meta":{"colormag_page_container_layout":"no_sidebar_full_width","colormag_page_sidebar_layout":"no_sidebar","ngg_post_thumbnail":0,"footnotes":""},"class_list":["post-943","page","type-page","status-publish","has-post-thumbnail","hentry"],"rttpg_featured_image_url":{"full":["https:\/\/www.pedagogie.ac-nice.fr\/sii\/wp-content\/uploads\/sites\/55\/2024\/09\/Sans-titre.png",295,171,false],"landscape":["https:\/\/www.pedagogie.ac-nice.fr\/sii\/wp-content\/uploads\/sites\/55\/2024\/09\/Sans-titre.png",295,171,false],"portraits":["https:\/\/www.pedagogie.ac-nice.fr\/sii\/wp-content\/uploads\/sites\/55\/2024\/09\/Sans-titre.png",295,171,false],"thumbnail":["https:\/\/www.pedagogie.ac-nice.fr\/sii\/wp-content\/uploads\/sites\/55\/2024\/09\/Sans-titre-150x150.png",150,150,true],"medium":["https:\/\/www.pedagogie.ac-nice.fr\/sii\/wp-content\/uploads\/sites\/55\/2024\/09\/Sans-titre.png",295,171,false],"large":["https:\/\/www.pedagogie.ac-nice.fr\/sii\/wp-content\/uploads\/sites\/55\/2024\/09\/Sans-titre.png",295,171,false],"1536x1536":["https:\/\/www.pedagogie.ac-nice.fr\/sii\/wp-content\/uploads\/sites\/55\/2024\/09\/Sans-titre.png",295,171,false],"2048x2048":["https:\/\/www.pedagogie.ac-nice.fr\/sii\/wp-content\/uploads\/sites\/55\/2024\/09\/Sans-titre.png",295,171,false],"colormag-highlighted-post":["https:\/\/www.pedagogie.ac-nice.fr\/sii\/wp-content\/uploads\/sites\/55\/2024\/09\/Sans-titre.png",295,171,false],"colormag-featured-post-medium":["https:\/\/www.pedagogie.ac-nice.fr\/sii\/wp-content\/uploads\/sites\/55\/2024\/09\/Sans-titre.png",295,171,false],"colormag-featured-post-small":["https:\/\/www.pedagogie.ac-nice.fr\/sii\/wp-content\/uploads\/sites\/55\/2024\/09\/Sans-titre-130x90.png",130,90,true],"colormag-featured-image":["https:\/\/www.pedagogie.ac-nice.fr\/sii\/wp-content\/uploads\/sites\/55\/2024\/09\/Sans-titre.png",295,171,false],"colormag-default-news":["https:\/\/www.pedagogie.ac-nice.fr\/sii\/wp-content\/uploads\/sites\/55\/2024\/09\/Sans-titre-150x150.png",150,150,true],"colormag-featured-image-large":["https:\/\/www.pedagogie.ac-nice.fr\/sii\/wp-content\/uploads\/sites\/55\/2024\/09\/Sans-titre.png",295,171,false],"advps-thumb-one":["https:\/\/www.pedagogie.ac-nice.fr\/sii\/wp-content\/uploads\/sites\/55\/2024\/09\/Sans-titre.png",295,171,false]},"rttpg_author":{"display_name":"sii","author_link":"https:\/\/www.pedagogie.ac-nice.fr\/sii\/author\/sii\/"},"rttpg_comment":0,"rttpg_category":null,"rttpg_excerpt":"Course en Cours est un dispositif p\u00e9dagogique original compl\u00e9mentaire des m\u00e9thodes traditionnelles d\u2019enseignement. Durant une ann\u00e9e scolaire, les \u00e9l\u00e8ves s\u2019engagent,","post_mailing_queue_ids":[],"_links":{"self":[{"href":"https:\/\/www.pedagogie.ac-nice.fr\/sii\/wp-json\/wp\/v2\/pages\/943","targetHints":{"allow":["GET"]}}],"collection":[{"href":"https:\/\/www.pedagogie.ac-nice.fr\/sii\/wp-json\/wp\/v2\/pages"}],"about":[{"href":"https:\/\/www.pedagogie.ac-nice.fr\/sii\/wp-json\/wp\/v2\/types\/page"}],"author":[{"embeddable":true,"href":"https:\/\/www.pedagogie.ac-nice.fr\/sii\/wp-json\/wp\/v2\/users\/322"}],"replies":[{"embeddable":true,"href":"https:\/\/www.pedagogie.ac-nice.fr\/sii\/wp-json\/wp\/v2\/comments?post=943"}],"version-history":[{"count":4,"href":"https:\/\/www.pedagogie.ac-nice.fr\/sii\/wp-json\/wp\/v2\/pages\/943\/revisions"}],"predecessor-version":[{"id":949,"href":"https:\/\/www.pedagogie.ac-nice.fr\/sii\/wp-json\/wp\/v2\/pages\/943\/revisions\/949"}],"up":[{"embeddable":true,"href":"https:\/\/www.pedagogie.ac-nice.fr\/sii\/wp-json\/wp\/v2\/pages\/503"}],"wp:featuredmedia":[{"embeddable":true,"href":"https:\/\/www.pedagogie.ac-nice.fr\/sii\/wp-json\/wp\/v2\/media\/1328"}],"wp:attachment":[{"href":"https:\/\/www.pedagogie.ac-nice.fr\/sii\/wp-json\/wp\/v2\/media?parent=943"}],"curies":[{"name":"wp","href":"https:\/\/api.w.org\/{rel}","templated":true}]}}