{"id":102,"date":"2024-02-14T14:15:16","date_gmt":"2024-02-14T13:15:16","guid":{"rendered":"https:\/\/www.pedagogie.ac-nice.fr\/sn\/?page_id=102"},"modified":"2024-02-14T14:15:16","modified_gmt":"2024-02-14T13:15:16","slug":"voie-pro-cybersecurite-informatique-et-reseaux-electronique-ciel","status":"publish","type":"page","link":"https:\/\/www.pedagogie.ac-nice.fr\/sn\/enseigner\/les-sciences-du-numerique-au-lycee\/voie-pro-cybersecurite-informatique-et-reseaux-electronique-ciel\/","title":{"rendered":"Voie Pro :  Cybers\u00e9curit\u00e9, Informatique et r\u00e9seaux, \u00c9lectronique (CIEL)"},"content":{"rendered":"<p><img loading=\"lazy\" decoding=\"async\" class=\"shrinkToFit transparent aligncenter\" src=\"https:\/\/lycee-paul-heroult.fr\/wp-content\/uploads\/2023\/02\/Bac-Pro-CIEL-Cybersecurite-informatique-reseau-electronique-baniere.png\" alt=\"https:\/\/lycee-paul-heroult.fr\/wp-content\/uploads\/2023\/02\/Bac-Pro-CIEL-Cybersecurite-informatique-reseau-electronique-baniere.png\" width=\"1366\" height=\"341\" \/><\/p>\n","protected":false},"excerpt":{"rendered":"","protected":false},"author":322,"featured_media":0,"parent":58,"menu_order":6,"comment_status":"closed","ping_status":"closed","template":"","meta":{"colormag_page_container_layout":"no_sidebar_full_width","colormag_page_sidebar_layout":"no_sidebar","footnotes":""},"class_list":["post-102","page","type-page","status-publish","hentry"],"rttpg_featured_image_url":null,"rttpg_author":{"display_name":"sii","author_link":"https:\/\/www.pedagogie.ac-nice.fr\/sn\/author\/sii\/"},"rttpg_comment":0,"rttpg_category":null,"rttpg_excerpt":null,"post_mailing_queue_ids":[],"_links":{"self":[{"href":"https:\/\/www.pedagogie.ac-nice.fr\/sn\/wp-json\/wp\/v2\/pages\/102","targetHints":{"allow":["GET"]}}],"collection":[{"href":"https:\/\/www.pedagogie.ac-nice.fr\/sn\/wp-json\/wp\/v2\/pages"}],"about":[{"href":"https:\/\/www.pedagogie.ac-nice.fr\/sn\/wp-json\/wp\/v2\/types\/page"}],"author":[{"embeddable":true,"href":"https:\/\/www.pedagogie.ac-nice.fr\/sn\/wp-json\/wp\/v2\/users\/322"}],"replies":[{"embeddable":true,"href":"https:\/\/www.pedagogie.ac-nice.fr\/sn\/wp-json\/wp\/v2\/comments?post=102"}],"version-history":[{"count":1,"href":"https:\/\/www.pedagogie.ac-nice.fr\/sn\/wp-json\/wp\/v2\/pages\/102\/revisions"}],"predecessor-version":[{"id":103,"href":"https:\/\/www.pedagogie.ac-nice.fr\/sn\/wp-json\/wp\/v2\/pages\/102\/revisions\/103"}],"up":[{"embeddable":true,"href":"https:\/\/www.pedagogie.ac-nice.fr\/sn\/wp-json\/wp\/v2\/pages\/58"}],"wp:attachment":[{"href":"https:\/\/www.pedagogie.ac-nice.fr\/sn\/wp-json\/wp\/v2\/media?parent=102"}],"curies":[{"name":"wp","href":"https:\/\/api.w.org\/{rel}","templated":true}]}}