{"id":108,"date":"2024-02-14T14:41:21","date_gmt":"2024-02-14T13:41:21","guid":{"rendered":"https:\/\/www.pedagogie.ac-nice.fr\/sn\/?page_id=108"},"modified":"2024-02-16T09:28:53","modified_gmt":"2024-02-16T08:28:53","slug":"eafc","status":"publish","type":"page","link":"https:\/\/www.pedagogie.ac-nice.fr\/sn\/se-former\/eafc\/","title":{"rendered":"EAFC"},"content":{"rendered":"<p><a href=\"https:\/\/www.ac-nice.fr\/eafc\"><img loading=\"lazy\" decoding=\"async\" class=\"aligncenter wp-image-84 size-large\" src=\"https:\/\/www.pedagogie.ac-nice.fr\/sii\/wp-content\/uploads\/sites\/55\/2022\/03\/Eafc-1024x557.png\" alt=\"\" width=\"800\" height=\"435\" \/><\/a><\/p>\n<p>La cr\u00e9ation de l\u2019 <abbr title=\" \u00c9cole Acad\u00e9mique de la Formation Continue \"> EAFC <\/abbr> transforme la formation continue en permettant de construire des parcours au plus pr\u00e8s de vos besoins et de votre environnement de travail.<\/p>\n<h1>Liste des formations en Sciences du num\u00e9rique<\/h1>\n<span id=\"tablepress-1-description\" class=\"tablepress-table-description tablepress-table-description-id-1\">Il est pr\u00e9f\u00e9rable de se connecter pr\u00e9alablement au portail ESTEREL pour s'abonner.<\/span>\n\n<table id=\"tablepress-1\" class=\"tablepress tablepress-id-1\" aria-describedby=\"tablepress-1-description\">\n<thead>\n<tr class=\"row-1\">\n\t<th class=\"column-1\">Dispositif<\/th><th class=\"column-2\">Module<\/th><th class=\"column-3\">Abonnement<\/th>\n<\/tr>\n<\/thead>\n<tbody class=\"row-striping row-hover\">\n<tr class=\"row-2\">\n\t<td class=\"column-1\">ENSEIGNER LES SCIENCES DU NUMERIQUE AU COLLEGE<\/td><td class=\"column-2\">59587 CYBERSECURITE<\/td><td class=\"column-3\"><a href=\"https:\/\/id.ac-nice.fr\/sofia-fmo-acad\/default\/extmodule\/subscriptionadd\/extModuleId\/59587\/tab\/trainee\/pill\/individualTrainingPlan\" rel=\"noopener\" target=\"_blank\">S'abonner<\/a><\/td>\n<\/tr>\n<tr class=\"row-3\">\n\t<td class=\"column-1\">ENSEIGNER LES SCIENCES DU NUMERIQUE AU COLLEGE<\/td><td class=\"column-2\">59588 ALGORITHMIQUE<\/td><td class=\"column-3\"><a href=\"https:\/\/id.ac-nice.fr\/sofia-fmo-acad\/default\/extmodule\/subscriptionadd\/extModuleId\/59588\/tab\/trainee\/pill\/individualTrainingPlan\" rel=\"noopener\" target=\"_blank\">S'abonner<\/a><\/td>\n<\/tr>\n<tr class=\"row-4\">\n\t<td class=\"column-1\">ENSEIGNER LES SCIENCES DU NUMERIQUE AU COLLEGE<\/td><td class=\"column-2\">59589 BASE DE DONNEES<\/td><td class=\"column-3\"><a href=\"https:\/\/id.ac-nice.fr\/sofia-fmo-acad\/default\/extmodule\/subscriptionadd\/extModuleId\/59589\/tab\/trainee\/pill\/individualTrainingPlan\" rel=\"noopener\" target=\"_blank\">S'abonner<\/a><\/td>\n<\/tr>\n<tr class=\"row-5\">\n\t<td class=\"column-1\">ENSEIGNER LES SCIENCES DU NUMERIQUE AU COLLEGE<\/td><td class=\"column-2\">59590 INTELLIGENCE ARTIFICIELLE<\/td><td class=\"column-3\"><a href=\"https:\/\/id.ac-nice.fr\/sofia-fmo-acad\/default\/extmodule\/subscriptionadd\/extModuleId\/59590\/tab\/trainee\/pill\/individualTrainingPlan\" rel=\"noopener\" target=\"_blank\">S'abonner<\/a><\/td>\n<\/tr>\n<\/tbody>\n<\/table>\n<!-- #tablepress-1 from cache -->\n<hr \/>\n<h1 id=\"summary-item-5\">EAFC &#8211; Cycle Enseignement &#8211; \u00c9ducation &#8211; Orientation second degr\u00e9<\/h1>\n<div class=\"editorial-column editorial-column-wide editorial-links blue-content\">\n<div class=\"editorial-column editorial-column-wide editorial-links blue-content\">\n<p>L\u2019offre propos\u00e9e par l\u2019\u00e9cole acad\u00e9mique de la formation continue se d\u00e9cline en parcours sp\u00e9cifiques aux disciplines et sp\u00e9cialit\u00e9s ainsi qu\u2019en parcours transversaux permettant d\u2019approfondir leur culture et leur d\u00e9veloppement professionnels, de d\u00e9velopper la coop\u00e9ration au service de l\u2019\u00e9ducation et de traiter de questions professionnelles partag\u00e9es.<\/p>\n<p><strong><img loading=\"lazy\" decoding=\"async\" class=\"aligncenter\" src=\"https:\/\/www.ac-nice.fr\/sites\/ac_nice\/files\/inline-images\/Second%20degr%C3%A9.jpg\" alt=\"Cycle 2nd degr\u00e9\" width=\"792\" height=\"529\" data-entity-type=\"file\" data-entity-uuid=\"51fc7b36-a129-4535-b3c7-e5b7ce920528\" \/><\/strong><\/p>\n<p style=\"text-align: center;\"><a href=\"https:\/\/www.ac-nice.fr\/cycle-enseignement-education-orientation-second-degre-122502\" target=\"_blank\" rel=\"noopener\">Acc\u00e9der au catalogue complet du seconde degr\u00e9<\/a><\/p>\n<\/div>\n<\/div>\n","protected":false},"excerpt":{"rendered":"<p>La cr\u00e9ation de l\u2019 EAFC transforme la formation continue en permettant de construire des parcours au plus pr\u00e8s de vos<\/p>\n","protected":false},"author":322,"featured_media":0,"parent":50,"menu_order":0,"comment_status":"closed","ping_status":"closed","template":"","meta":{"colormag_page_container_layout":"no_sidebar_full_width","colormag_page_sidebar_layout":"no_sidebar","footnotes":""},"class_list":["post-108","page","type-page","status-publish","hentry"],"rttpg_featured_image_url":null,"rttpg_author":{"display_name":"sii","author_link":"https:\/\/www.pedagogie.ac-nice.fr\/sn\/author\/sii\/"},"rttpg_comment":0,"rttpg_category":null,"rttpg_excerpt":"La cr\u00e9ation de l\u2019 EAFC transforme la formation continue en permettant de construire des parcours au plus pr\u00e8s de vos","post_mailing_queue_ids":[],"_links":{"self":[{"href":"https:\/\/www.pedagogie.ac-nice.fr\/sn\/wp-json\/wp\/v2\/pages\/108","targetHints":{"allow":["GET"]}}],"collection":[{"href":"https:\/\/www.pedagogie.ac-nice.fr\/sn\/wp-json\/wp\/v2\/pages"}],"about":[{"href":"https:\/\/www.pedagogie.ac-nice.fr\/sn\/wp-json\/wp\/v2\/types\/page"}],"author":[{"embeddable":true,"href":"https:\/\/www.pedagogie.ac-nice.fr\/sn\/wp-json\/wp\/v2\/users\/322"}],"replies":[{"embeddable":true,"href":"https:\/\/www.pedagogie.ac-nice.fr\/sn\/wp-json\/wp\/v2\/comments?post=108"}],"version-history":[{"count":3,"href":"https:\/\/www.pedagogie.ac-nice.fr\/sn\/wp-json\/wp\/v2\/pages\/108\/revisions"}],"predecessor-version":[{"id":116,"href":"https:\/\/www.pedagogie.ac-nice.fr\/sn\/wp-json\/wp\/v2\/pages\/108\/revisions\/116"}],"up":[{"embeddable":true,"href":"https:\/\/www.pedagogie.ac-nice.fr\/sn\/wp-json\/wp\/v2\/pages\/50"}],"wp:attachment":[{"href":"https:\/\/www.pedagogie.ac-nice.fr\/sn\/wp-json\/wp\/v2\/media?parent=108"}],"curies":[{"name":"wp","href":"https:\/\/api.w.org\/{rel}","templated":true}]}}