{"id":128,"date":"2024-03-07T08:09:15","date_gmt":"2024-03-07T07:09:15","guid":{"rendered":"https:\/\/www.pedagogie.ac-nice.fr\/sn\/?page_id=128"},"modified":"2024-03-07T08:28:26","modified_gmt":"2024-03-07T07:28:26","slug":"mooc","status":"publish","type":"page","link":"https:\/\/www.pedagogie.ac-nice.fr\/sn\/se-former\/mooc\/","title":{"rendered":"MOOC"},"content":{"rendered":"<p><img loading=\"lazy\" decoding=\"async\" class=\"shrinkToFit\" src=\"https:\/\/eduscol.education.fr\/sites\/default\/files\/styles\/banner_1680x360\/public\/2020-09\/banniere-eduscol-1680x36011-numerique-jpg-259-79-kb--638.jpg?itok=JMw2rE-4\" alt=\"https:\/\/eduscol.education.fr\/sites\/default\/files\/styles\/banner_1680x360\/public\/2020-09\/banniere-eduscol-1680x36011-numerique-jpg-259-79-kb--638.jpg?itok=JMw2rE-4\" width=\"1366\" height=\"292\" \/><\/p>\n\n<table id=\"tablepress-2\" class=\"tablepress tablepress-id-2\">\n<thead>\n<tr class=\"row-1\">\n\t<th class=\"column-1\">Th\u00e8me<\/th><th class=\"column-2\">Descriptif<\/th><th class=\"column-3\">Editeur<\/th><th class=\"column-4\">Lien d'inscription<\/th>\n<\/tr>\n<\/thead>\n<tbody class=\"row-striping row-hover\">\n<tr class=\"row-2\">\n\t<td class=\"column-1\">Intelligence artificielle pour et par les enseignants<\/td><td class=\"column-2\">Explorer et soutenir l'utilisation \u00e9clair\u00e9e de l'IA dans l'\u00e9ducation.<\/td><td class=\"column-3\">FUN MOOC<\/td><td class=\"column-4\"><a href=\"https:\/\/www.fun-mooc.fr\/fr\/cours\/intelligence-artificielle-pour-et-par-les-enseignants-ai4t\/\" rel=\"noopener\" target=\"_blank\">S'inscrire<\/a><\/td>\n<\/tr>\n<tr class=\"row-3\">\n\t<td class=\"column-1\">S'initier \u00e0 l'enseignement en Sciences Num\u00e9riques et Technologie<\/td><td class=\"column-2\">Ce MOOC vous fournit des pr\u00e9requis et des premi\u00e8res ressources pour d\u00e9marrer des activit\u00e9s en SNT avec les lyc\u00e9ens en lien avec les 7 th\u00e9matiques du programme.<\/td><td class=\"column-3\">FUN MOOC<\/td><td class=\"column-4\"><a href=\"https:\/\/www.fun-mooc.fr\/fr\/cours\/sinitier-a-lenseignement-en-sciences-numeriques-et-technologie\/\" rel=\"noopener\" target=\"_blank\">S'inscrire<\/a><\/td>\n<\/tr>\n<tr class=\"row-4\">\n\t<td class=\"column-1\">\u00c0 la recherche de l'Intelligence Artificielle<\/td><td class=\"column-2\">Curieux de voir comment l\u2019Intelligence Artificielle r\u00e9invente notre quotidien ? Explorez ses fondements et ses impacts, d\u00e9couvrez comment elle influence nos habitudes tout en apprenant \u00e0 la ma\u00eetriser.<\/td><td class=\"column-3\">FUN MOOC<\/td><td class=\"column-4\"><a href=\"https:\/\/www.fun-mooc.fr\/fr\/cours\/a-la-recherche-de-lintelligence-artificielle\/?s=09\" rel=\"noopener\" target=\"_blank\">S'inscrire<\/a><\/td>\n<\/tr>\n<\/tbody>\n<\/table>\n<!-- #tablepress-2 from cache -->\n","protected":false},"excerpt":{"rendered":"","protected":false},"author":322,"featured_media":0,"parent":50,"menu_order":1,"comment_status":"closed","ping_status":"closed","template":"","meta":{"colormag_page_container_layout":"no_sidebar_full_width","colormag_page_sidebar_layout":"no_sidebar","footnotes":""},"class_list":["post-128","page","type-page","status-publish","hentry"],"rttpg_featured_image_url":null,"rttpg_author":{"display_name":"sii","author_link":"https:\/\/www.pedagogie.ac-nice.fr\/sn\/author\/sii\/"},"rttpg_comment":0,"rttpg_category":null,"rttpg_excerpt":null,"post_mailing_queue_ids":[],"_links":{"self":[{"href":"https:\/\/www.pedagogie.ac-nice.fr\/sn\/wp-json\/wp\/v2\/pages\/128","targetHints":{"allow":["GET"]}}],"collection":[{"href":"https:\/\/www.pedagogie.ac-nice.fr\/sn\/wp-json\/wp\/v2\/pages"}],"about":[{"href":"https:\/\/www.pedagogie.ac-nice.fr\/sn\/wp-json\/wp\/v2\/types\/page"}],"author":[{"embeddable":true,"href":"https:\/\/www.pedagogie.ac-nice.fr\/sn\/wp-json\/wp\/v2\/users\/322"}],"replies":[{"embeddable":true,"href":"https:\/\/www.pedagogie.ac-nice.fr\/sn\/wp-json\/wp\/v2\/comments?post=128"}],"version-history":[{"count":3,"href":"https:\/\/www.pedagogie.ac-nice.fr\/sn\/wp-json\/wp\/v2\/pages\/128\/revisions"}],"predecessor-version":[{"id":135,"href":"https:\/\/www.pedagogie.ac-nice.fr\/sn\/wp-json\/wp\/v2\/pages\/128\/revisions\/135"}],"up":[{"embeddable":true,"href":"https:\/\/www.pedagogie.ac-nice.fr\/sn\/wp-json\/wp\/v2\/pages\/50"}],"wp:attachment":[{"href":"https:\/\/www.pedagogie.ac-nice.fr\/sn\/wp-json\/wp\/v2\/media?parent=128"}],"curies":[{"name":"wp","href":"https:\/\/api.w.org\/{rel}","templated":true}]}}