{"id":256,"date":"2025-02-03T08:59:28","date_gmt":"2025-02-03T07:59:28","guid":{"rendered":"https:\/\/www.pedagogie.ac-nice.fr\/sn\/?page_id=256"},"modified":"2026-03-30T18:47:29","modified_gmt":"2026-03-30T16:47:29","slug":"olympiades","status":"publish","type":"page","link":"https:\/\/www.pedagogie.ac-nice.fr\/sn\/innover\/olympiades\/","title":{"rendered":"Olympiades"},"content":{"rendered":"<p><img loading=\"lazy\" decoding=\"async\" class=\"shrinkToFit\" src=\"https:\/\/www.ih2ef.gouv.fr\/sites\/default\/files\/styles\/banner_1240x350\/public\/2020-12\/photo-mains-entourant-ordinateurs-t-l-phone-portable-outils-num-riques-2345.jpeg?h=dae5a4be&amp;itok=P3-FVHFl\" alt=\"https:\/\/www.ih2ef.gouv.fr\/sites\/default\/files\/styles\/banner_1240x350\/public\/2020-12\/photo-mains-entourant-ordinateurs-t-l-phone-portable-outils-num-riques-2345.jpeg?h=dae5a4be&amp;itok=P3-FVHFl\" width=\"1366\" height=\"385\" \/><\/p>\n<p>Pour promouvoir la discipline des sciences du num\u00e9rique et pour favoriser une meilleure parit\u00e9 fille-gar\u00e7on, les acad\u00e9mies de Grenoble, de Nice, de Corse, de Guadeloupe<\/p>\n<p>et de Normandie, ainsi que les \u00e9tablissements de l&rsquo;AEFE, s&rsquo;associent pour poursuivre et d\u00e9ployer cette action.<\/p>\n<p style=\"text-align: center;\"><span style=\"font-size: 18pt;\">\ud83d\udc49\ufe0f<\/span> <span style=\"color: #000000; font-size: 18pt;\"><strong><span style=\"text-decoration: underline;\">INSCRIPTIONS<\/span><\/strong><\/span><\/p>\n<div style=\"text-align: center;\"><b><span style=\"color: #ff0000;\">\u00a0<\/span><\/b>\u26a0\ufe0f\u26a0\ufe0f <span style=\"color: #ff0000;\"><strong><span style=\"color: #999999;\">Date limite d&rsquo;inscription : <span style=\"color: #ff0000;\">Inscriptions du 15 d\u00e9cembre au 31 mars 2026 <\/span><\/span><\/strong><\/span><span style=\"color: #ff0000;\"><strong><span style=\"color: #999999;\"><span style=\"color: #ff0000;\">sur <span style=\"text-decoration: underline;\"><a style=\"color: #ff0000; text-decoration: underline;\" href=\"https:\/\/eduscol.education.fr\/3004\/l-application-adage\" target=\"_blank\" rel=\"noopener\">ADAGE<\/a><\/span><\/span><\/span> <\/strong><\/span>\u26a0\ufe0f\u26a0\ufe0f<\/div>\n<p>Ce concours d&rsquo;informatique s&rsquo;adresse principalement aux \u00e9l\u00e8ves de <strong>Cycle 3<\/strong>, de <strong>4i\u00e8me <\/strong>de coll\u00e8ge, de seconde dans le cadre de l&rsquo;enseignement de<strong> SNT<\/strong>, de l&rsquo;enseignement de sp\u00e9cialit\u00e9 <strong>NSI<\/strong> de premi\u00e8re g\u00e9n\u00e9rale, de premi\u00e8re technologique<strong> STi2D<\/strong> et de premi\u00e8re professionnelle <strong>CIEL<\/strong> mais il est \u00e9galement ouvert \u00e0 tout autre enseignement. Il se d\u00e9roule par <strong>\u00e9quipe de 2 \u00e0 3 \u00e9l\u00e8ves<\/strong>.<\/p>\n<table style=\"border-collapse: collapse; width: 100%;\">\n<tbody>\n<tr>\n<td style=\"width: 50%; vertical-align: top;\"><strong>Th\u00e8mes:<\/strong><\/p>\n<ul>\n<li><strong>NATURE<\/strong>, pour les niveaux de cycle 3, cycle4 et seconde<\/li>\n<li><strong>PONG<\/strong> pour le niveau premi\u00e8re<\/li>\n<\/ul>\n<p><strong>Calendrier pr\u00e9visionnel :<\/strong><\/p>\n<ul>\n<li>Du <strong>15 d\u00e9cembre au 27 janvier<\/strong> : inscriptions<\/li>\n<li><strong>Mercredi 6 mai<\/strong> : Olympiades 4\u00e8me-2nde-1\u00e8re (entre 8h et 13h) et remont\u00e9e des productions par les professeurs<\/li>\n<li><strong>Mardi 26 mai<\/strong> \u00e0 17h15 : jury acad\u00e9mique et s\u00e9lection des remont\u00e9es interacad\u00e9miques<\/li>\n<li><strong>Mercredi 27 mai<\/strong> \u00e0 17h15 : jury interacad\u00e9mique<\/li>\n<li><strong>Mercredi 3 juin<\/strong> de <strong>14h \u00e0 17 h<\/strong> : remise des prix<\/li>\n<\/ul>\n<\/td>\n<td style=\"width: 50%; text-align: center; vertical-align: middle;\"><img loading=\"lazy\" decoding=\"async\" class=\"size-medium wp-image-366 aligncenter\" src=\"https:\/\/www.pedagogie.ac-nice.fr\/sn\/wp-content\/uploads\/sites\/65\/2026\/01\/Affiche-OI-214x300.png\" alt=\"\" width=\"214\" height=\"300\" srcset=\"https:\/\/www.pedagogie.ac-nice.fr\/sn\/wp-content\/uploads\/sites\/65\/2026\/01\/Affiche-OI-214x300.png 214w, https:\/\/www.pedagogie.ac-nice.fr\/sn\/wp-content\/uploads\/sites\/65\/2026\/01\/Affiche-OI-730x1024.png 730w, https:\/\/www.pedagogie.ac-nice.fr\/sn\/wp-content\/uploads\/sites\/65\/2026\/01\/Affiche-OI-768x1077.png 768w, https:\/\/www.pedagogie.ac-nice.fr\/sn\/wp-content\/uploads\/sites\/65\/2026\/01\/Affiche-OI.png 827w\" sizes=\"auto, (max-width: 214px) 100vw, 214px\" \/><\/td>\n<\/tr>\n<\/tbody>\n<\/table>\n<hr \/>\n<p><span style=\"font-size: 18pt;\"><strong>Modalit\u00e9s du concours<\/strong><\/span><\/p>\n<table style=\"width: 100%; border-collapse: collapse; height: 110px;\">\n<tbody>\n<tr style=\"height: 24px;\">\n<td style=\"width: 15.9026%; height: 24px; background-color: #b0b0b0; text-align: center;\"><strong>NIVEAU<\/strong><\/td>\n<td style=\"width: 9.38408%; height: 24px; background-color: #b0b0b0; text-align: center;\"><strong>DUR\u00c9E<\/strong><\/td>\n<td style=\"width: 15.5443%; height: 24px; background-color: #b0b0b0; text-align: center;\"><strong>LIEU<\/strong><\/td>\n<td style=\"width: 22.2064%; height: 24px; background-color: #b0b0b0; text-align: center;\"><strong>EXERCICES<\/strong><\/td>\n<td style=\"width: 22.2064%; background-color: #b0b0b0; text-align: center;\"><strong>EXEMPLES<br \/>\n<\/strong><\/td>\n<\/tr>\n<tr>\n<td style=\"width: 15.9026%; text-align: center;\"><strong>Cycle 3<br \/>\n<\/strong><\/td>\n<td style=\"width: 9.38408%;\"><\/td>\n<td style=\"width: 15.5443%;\"><\/td>\n<td style=\"width: 22.2064%;\"><\/td>\n<td style=\"width: 22.2064%;\">\n<p style=\"text-align: center;\"><span style=\"font-size: 12pt;\"><a href=\"https:\/\/nuage06.apps.education.fr\/index.php\/s\/ACL7ygg64qKM7oz\" target=\"_blank\" rel=\"noopener\">Sujets 2025<\/a><\/span><\/p>\n<p><span style=\"font-size: 12pt;\"><img loading=\"lazy\" decoding=\"async\" class=\"aligncenter\" src=\"https:\/\/images.icon-icons.com\/1514\/PNG\/512\/downloadsymbol_105016.png\" alt=\"\" width=\"37\" height=\"37\" \/><\/span><\/td>\n<\/tr>\n<tr style=\"height: 24px;\">\n<td style=\"width: 15.9026%; height: 24px; background-color: #e0e0e0; text-align: center;\"><strong>4i\u00e8me coll\u00e8ge<\/strong><\/td>\n<td style=\"width: 9.38408%; height: 24px; background-color: #e0e0e0; text-align: center;\">2 heures<\/td>\n<td style=\"width: 15.5443%; height: 24px; background-color: #e0e0e0; text-align: center;\">\u00c9tablissement des \u00e9l\u00e8ves<\/td>\n<td style=\"width: 22.2064%; height: 24px; background-color: #e0e0e0; text-align: center;\">\n<ul>\n<li>1 exercice d&rsquo;informatique d\u00e9branch\u00e9e (Algorithme)<\/li>\n<li>1 exercice de programmation scratch<\/li>\n<li>1 exercice de cr\u00e9ativit\u00e9<\/li>\n<\/ul>\n<\/td>\n<td style=\"width: 22.2064%; background-color: #e0e0e0; text-align: center; vertical-align: middle;\"><span style=\"font-size: 12pt;\"><a href=\"https:\/\/nuage06.apps.education.fr\/index.php\/s\/Bjnwt3yz62Zc4Yc\" target=\"_blank\" rel=\"noopener\">Exemple de Sujets<\/a><\/span><\/p>\n<p><span style=\"font-size: 12pt;\"><a href=\"https:\/\/nuage06.apps.education.fr\/index.php\/s\/brJmxHSZi8czZEb\" target=\"_blank\" rel=\"noopener\">Sujets 2025<\/a><\/span><\/p>\n<p><span style=\"font-size: 12pt;\"><img loading=\"lazy\" decoding=\"async\" class=\"alignnone\" src=\"https:\/\/images.icon-icons.com\/1514\/PNG\/512\/downloadsymbol_105016.png\" alt=\"\" width=\"37\" height=\"37\" \/><\/span><\/td>\n<\/tr>\n<tr style=\"height: 24px;\">\n<td style=\"width: 15.9026%; height: 24px; text-align: center;\"><strong>Seconde SNT<\/strong><\/td>\n<td style=\"width: 9.38408%; height: 24px; text-align: center;\">2 heures<\/td>\n<td style=\"width: 15.5443%; height: 24px; text-align: center;\">\u00c9tablissement des \u00e9l\u00e8ves<\/td>\n<td style=\"width: 22.2064%; height: 24px; text-align: center;\">\n<ul>\n<li>1 exercice d&rsquo;informatique d\u00e9branch\u00e9e (Algorithme)<\/li>\n<li>1 exercice de programmation python<\/li>\n<li>1 exercice de cr\u00e9ativit\u00e9<\/li>\n<\/ul>\n<\/td>\n<td style=\"width: 22.2064%; text-align: center; vertical-align: middle;\"><span style=\"font-size: 12pt;\"><a href=\"https:\/\/nuage06.apps.education.fr\/index.php\/s\/MDssYH5fdQp8sT4\" target=\"_blank\" rel=\"noopener\">Exemple de Sujets<\/a><\/span><\/p>\n<p><span style=\"font-size: 12pt;\"><a href=\"https:\/\/nuage06.apps.education.fr\/index.php\/s\/xoyTJWbbWecdH8T\" target=\"_blank\" rel=\"noopener\">Sujets 2025<\/a><\/span><\/p>\n<p><span style=\"font-size: 12pt;\"><img loading=\"lazy\" decoding=\"async\" class=\"alignnone\" src=\"https:\/\/images.icon-icons.com\/1514\/PNG\/512\/downloadsymbol_105016.png\" alt=\"\" width=\"37\" height=\"37\" \/><\/span><\/td>\n<\/tr>\n<tr style=\"height: 38px;\">\n<td style=\"width: 15.9026%; height: 38px; background-color: #e0e0e0; text-align: center;\"><strong>Premi\u00e8re<br \/>\n<\/strong><\/td>\n<td style=\"width: 9.38408%; height: 38px; background-color: #e0e0e0; text-align: center;\">3 heures<\/td>\n<td style=\"width: 15.5443%; height: 38px; background-color: #e0e0e0; text-align: center;\">\u00c9tablissement des \u00e9l\u00e8ves<\/td>\n<td style=\"width: 22.2064%; height: 38px; background-color: #e0e0e0; text-align: center;\">\n<ul>\n<li>1 exercice d&rsquo;informatique d\u00e9branch\u00e9e (Algorithme)<\/li>\n<li>1 exercice de programmation python<\/li>\n<\/ul>\n<\/td>\n<td style=\"width: 22.2064%; background-color: #e0e0e0; text-align: center; vertical-align: middle;\"><span style=\"font-size: 12pt;\"><a href=\"https:\/\/nuage06.apps.education.fr\/index.php\/s\/8Ymnn5iMgQY8X5Q\" target=\"_blank\" rel=\"noopener\">Exemple de Sujets<\/a><\/span><\/p>\n<p><span style=\"font-size: 12pt;\"><a href=\"https:\/\/nuage06.apps.education.fr\/index.php\/s\/p2nRbnL7bKSYPar\" target=\"_blank\" rel=\"noopener\">Sujets 2025<\/a><\/span><\/p>\n<p><span style=\"font-size: 12pt;\"><img loading=\"lazy\" decoding=\"async\" class=\"alignnone\" src=\"https:\/\/images.icon-icons.com\/1514\/PNG\/512\/downloadsymbol_105016.png\" alt=\"\" width=\"37\" height=\"37\" \/><\/span><\/td>\n<\/tr>\n<\/tbody>\n<\/table>\n","protected":false},"excerpt":{"rendered":"<p>Pour promouvoir la discipline des sciences du num\u00e9rique et pour favoriser une meilleure parit\u00e9 fille-gar\u00e7on, les acad\u00e9mies de Grenoble, de<\/p>\n","protected":false},"author":322,"featured_media":0,"parent":54,"menu_order":0,"comment_status":"closed","ping_status":"closed","template":"","meta":{"colormag_page_container_layout":"no_sidebar_full_width","colormag_page_sidebar_layout":"no_sidebar","footnotes":""},"class_list":["post-256","page","type-page","status-publish","hentry"],"rttpg_featured_image_url":null,"rttpg_author":{"display_name":"sii","author_link":"https:\/\/www.pedagogie.ac-nice.fr\/sn\/author\/sii\/"},"rttpg_comment":0,"rttpg_category":null,"rttpg_excerpt":"Pour promouvoir la discipline des sciences du num\u00e9rique et pour favoriser une meilleure parit\u00e9 fille-gar\u00e7on, les acad\u00e9mies de Grenoble, de","post_mailing_queue_ids":[],"_links":{"self":[{"href":"https:\/\/www.pedagogie.ac-nice.fr\/sn\/wp-json\/wp\/v2\/pages\/256","targetHints":{"allow":["GET"]}}],"collection":[{"href":"https:\/\/www.pedagogie.ac-nice.fr\/sn\/wp-json\/wp\/v2\/pages"}],"about":[{"href":"https:\/\/www.pedagogie.ac-nice.fr\/sn\/wp-json\/wp\/v2\/types\/page"}],"author":[{"embeddable":true,"href":"https:\/\/www.pedagogie.ac-nice.fr\/sn\/wp-json\/wp\/v2\/users\/322"}],"replies":[{"embeddable":true,"href":"https:\/\/www.pedagogie.ac-nice.fr\/sn\/wp-json\/wp\/v2\/comments?post=256"}],"version-history":[{"count":67,"href":"https:\/\/www.pedagogie.ac-nice.fr\/sn\/wp-json\/wp\/v2\/pages\/256\/revisions"}],"predecessor-version":[{"id":267,"href":"https:\/\/www.pedagogie.ac-nice.fr\/sn\/wp-json\/wp\/v2\/pages\/256\/revisions\/267"}],"up":[{"embeddable":true,"href":"https:\/\/www.pedagogie.ac-nice.fr\/sn\/wp-json\/wp\/v2\/pages\/54"}],"wp:attachment":[{"href":"https:\/\/www.pedagogie.ac-nice.fr\/sn\/wp-json\/wp\/v2\/media?parent=256"}],"curies":[{"name":"wp","href":"https:\/\/api.w.org\/{rel}","templated":true}]}}