{"id":279,"date":"2025-02-17T09:06:57","date_gmt":"2025-02-17T08:06:57","guid":{"rendered":"https:\/\/www.pedagogie.ac-nice.fr\/sn\/?page_id=279"},"modified":"2025-02-17T09:07:48","modified_gmt":"2025-02-17T08:07:48","slug":"1-scientifique-1-classe-chiche","status":"publish","type":"page","link":"https:\/\/www.pedagogie.ac-nice.fr\/sn\/accompagner\/lorientation\/1-scientifique-1-classe-chiche\/","title":{"rendered":"1 scientifique, 1 classe : chiche !"},"content":{"rendered":"<p><img loading=\"lazy\" decoding=\"async\" class=\"shrinkToFit\" src=\"https:\/\/www.ac-nice.fr\/sites\/ac_nice\/files\/styles\/banner_1340x730\/public\/2025-01\/1-scientifique-1-classe-chiche--19214.jpg?itok=g1kNT3kx\" alt=\"https:\/\/www.ac-nice.fr\/sites\/ac_nice\/files\/styles\/banner_1340x730\/public\/2025-01\/1-scientifique-1-classe-chiche--19214.jpg?itok=g1kNT3kx\" width=\"1165\" height=\"635\" \/><\/p>\n<div class=\"fr-container fr-py-4w fr-py-md-7w\">\n<div class=\"fr-grid-row fr-tal-c\">\n<div class=\"fr-col-12\">\n<h2 class=\"fr-28-56\">Un programme d&rsquo;ambition nationale<\/h2>\n<\/div>\n<div class=\"fr-col-12\">\n<p>\u00ab 1 scientifique, 1 classe : chiche ! \u00bb est un programme de sensibilisation aux sciences et technologies du num\u00e9rique \u00e0 vocation nationale.<br \/>\nIl propose aux enseignants et enseignantes d\u2019accueillir dans leur classe un ou une scientifique du num\u00e9rique qui vient \u00e0 la rencontre des \u00e9l\u00e8ves pour leur parler de son parcours, de son m\u00e9tier et de son expertise scientifique.<\/p>\n<p><img decoding=\"async\" class=\"transparent aligncenter\" src=\"https:\/\/www.culture.gouv.fr\/var\/culture\/storage\/images\/_aliases\/Petite_200x290\/7\/7\/2\/9\/3729277-1-fre-FR\/60f8809583ca-Logo-Inria.png\" alt=\"https:\/\/www.culture.gouv.fr\/var\/culture\/storage\/images\/_aliases\/Petite_200x290\/7\/7\/2\/9\/3729277-1-fre-FR\/60f8809583ca-Logo-Inria.png\" \/><\/p>\n<ul>\n<li>Site internet du programme\u00a0: <a class=\"ext\" href=\"https:\/\/chiche.inria.fr\/\" target=\"_blank\" rel=\"noopener\" data-extlink=\"\">https:\/\/chiche.inria.fr\/<\/a><\/li>\n<li>Application de mise en relation\u00a0:<a class=\"ext\" href=\"https:\/\/connexion-chiche.inria.fr\/\" target=\"_blank\" rel=\"noopener\" data-extlink=\"\"> https:\/\/connexion-chiche.inria.fr\/<\/a><\/li>\n<\/ul>\n<\/div>\n<\/div>\n<\/div>\n","protected":false},"excerpt":{"rendered":"<p>Un programme d&rsquo;ambition nationale \u00ab 1 scientifique, 1 classe : chiche ! \u00bb est un programme de sensibilisation aux sciences<\/p>\n","protected":false},"author":322,"featured_media":0,"parent":275,"menu_order":0,"comment_status":"closed","ping_status":"closed","template":"","meta":{"colormag_page_container_layout":"no_sidebar_full_width","colormag_page_sidebar_layout":"no_sidebar","footnotes":""},"class_list":["post-279","page","type-page","status-publish","hentry"],"rttpg_featured_image_url":null,"rttpg_author":{"display_name":"sii","author_link":"https:\/\/www.pedagogie.ac-nice.fr\/sn\/author\/sii\/"},"rttpg_comment":0,"rttpg_category":null,"rttpg_excerpt":"Un programme d&rsquo;ambition nationale \u00ab 1 scientifique, 1 classe : chiche ! \u00bb est un programme de sensibilisation aux sciences","post_mailing_queue_ids":[],"_links":{"self":[{"href":"https:\/\/www.pedagogie.ac-nice.fr\/sn\/wp-json\/wp\/v2\/pages\/279","targetHints":{"allow":["GET"]}}],"collection":[{"href":"https:\/\/www.pedagogie.ac-nice.fr\/sn\/wp-json\/wp\/v2\/pages"}],"about":[{"href":"https:\/\/www.pedagogie.ac-nice.fr\/sn\/wp-json\/wp\/v2\/types\/page"}],"author":[{"embeddable":true,"href":"https:\/\/www.pedagogie.ac-nice.fr\/sn\/wp-json\/wp\/v2\/users\/322"}],"replies":[{"embeddable":true,"href":"https:\/\/www.pedagogie.ac-nice.fr\/sn\/wp-json\/wp\/v2\/comments?post=279"}],"version-history":[{"count":1,"href":"https:\/\/www.pedagogie.ac-nice.fr\/sn\/wp-json\/wp\/v2\/pages\/279\/revisions"}],"predecessor-version":[{"id":280,"href":"https:\/\/www.pedagogie.ac-nice.fr\/sn\/wp-json\/wp\/v2\/pages\/279\/revisions\/280"}],"up":[{"embeddable":true,"href":"https:\/\/www.pedagogie.ac-nice.fr\/sn\/wp-json\/wp\/v2\/pages\/275"}],"wp:attachment":[{"href":"https:\/\/www.pedagogie.ac-nice.fr\/sn\/wp-json\/wp\/v2\/media?parent=279"}],"curies":[{"name":"wp","href":"https:\/\/api.w.org\/{rel}","templated":true}]}}