{"id":34,"date":"2024-01-17T14:13:58","date_gmt":"2024-01-17T13:13:58","guid":{"rendered":"https:\/\/www.pedagogie.ac-nice.fr\/sn\/?page_id=34"},"modified":"2024-06-10T17:22:12","modified_gmt":"2024-06-10T15:22:12","slug":"sinformer","status":"publish","type":"page","link":"https:\/\/www.pedagogie.ac-nice.fr\/sn\/sinformer\/","title":{"rendered":"S&rsquo;informer"},"content":{"rendered":"<p><img loading=\"lazy\" decoding=\"async\" class=\"shrinkToFit transparent\" src=\"https:\/\/eduscol.education.fr\/sites\/default\/files\/styles\/banner_1680x360\/public\/2022-12\/banniere_eduscol_1680x360_798.png?itok=0L5jb6iw\" alt=\"https:\/\/eduscol.education.fr\/sites\/default\/files\/styles\/banner_1680x360\/public\/2022-12\/banniere_eduscol_1680x360_798.png?itok=0L5jb6iw\" width=\"1366\" height=\"292\" \/><\/p>\n<h1>Un continuum num\u00e9rique dans le parcours scolaire de l\u2019\u00e9l\u00e8ve<\/h1>\n<p>L\u2019informatique et les technologies du num\u00e9rique sont pr\u00e9sentes dans les programmes scolaires \u00e0 l\u2019\u00e9cole, au coll\u00e8ge et au lyc\u00e9e.<\/p>\n<p>Dans le programme du cycle 3 (CM1, CM2 et 6e), l\u2019informatique n\u2019est pas une discipline en soi mais est abord\u00e9e comme une notion transversale en tant que \u00ab contribution essentielle\u00bb pour que les \u00e9l\u00e8ves puissent \u00ab comprendre, s\u2019exprimer en utilisant les langages math\u00e9matiques, scientifiques et informatiques \u00bb.<\/p>\n<p>La partie informatique du <a href=\"https:\/\/www.pedagogie.ac-nice.fr\/sn\/enseigner\/les-sciences-du-numerique-au-college\/\" target=\"_blank\" rel=\"noopener\">cycle 4<\/a> (5e, 4e et 3e) est clairement identifi\u00e9e et int\u00e9gr\u00e9e dans les enseignements de <a href=\"https:\/\/www.pedagogie.ac-nice.fr\/sn\/enseigner\/les-sciences-du-numerique-au-college\/\" target=\"_blank\" rel=\"noopener\">math\u00e9matiques<\/a> et de <a href=\"https:\/\/www.pedagogie.ac-nice.fr\/sn\/enseigner\/les-sciences-du-numerique-au-college\/\" target=\"_blank\" rel=\"noopener\">technologie.<\/a> Dans les deux enseignements, les attendus sont \u00ab \u00e9crire, mettre au point et ex\u00e9cuter un programme\u00bb. En <a href=\"https:\/\/www.pedagogie.ac-nice.fr\/sn\/enseigner\/les-sciences-du-numerique-au-college\/\" target=\"_blank\" rel=\"noopener\">technologie<\/a>, les \u00e9l\u00e8ves doivent \u00e9galement \u00ab comprendre le fonctionnement d\u2019un r\u00e9seau informatique \u00bb.<\/p>\n<p>Plus pr\u00e9cis\u00e9ment, ces deux programmes incluent les notions d\u2019algorithme et de programme, de variables informatiques, de boucles, d\u2019instructions conditionnelles, de protocoles, d\u2019algorithmes de routage et d\u2019Internet.<\/p>\n<p>Dans la continuit\u00e9 de ce qui s\u2019est fait au coll\u00e8ge, notamment au cycle 4, l\u2019enseignement de <a href=\"https:\/\/www.pedagogie.ac-nice.fr\/sn\/enseigner\/les-sciences-du-numerique-au-lycee\/sciences-numeriques-et-technologie\/\" target=\"_blank\" rel=\"noopener\">SNT<\/a> s\u2019adresse \u00e0 tous les lyc\u00e9ens des voies g\u00e9n\u00e9rales et technologiques. En compl\u00e9ment des comp\u00e9tences d\u00e9j\u00e0 acquises au cycle 4, il s\u2019agit de fournir \u00e0 tous les \u00e9l\u00e8ves des voies g\u00e9n\u00e9rales et technologiques les comp\u00e9tences indispensables tant en informatique que pour les usages du num\u00e9rique pour permettre \u00e0 tout citoyen d\u2019\u00e9voluer dans un monde de plus en plus digital en toute s\u00e9curit\u00e9.<\/p>\n<p>L&rsquo;enseignement de <a href=\"https:\/\/www.pedagogie.ac-nice.fr\/sn\/enseigner\/les-sciences-du-numerique-au-lycee\/sciences-numeriques-et-technologie\/\" target=\"_blank\" rel=\"noopener\">SNT<\/a> permet de rep\u00e9rer, chez certains \u00e9l\u00e8ves, les app\u00e9tences particuli\u00e8res pour les sciences informatiques ou la technologie afin de les orienter au mieux vers les s\u00e9ries technologiques <a href=\"https:\/\/www.pedagogie.ac-nice.fr\/sn\/enseigner\/les-sciences-du-numerique-au-lycee\/sti2d-systemes-dinformation-et-numeriques\/\" target=\"_blank\" rel=\"noopener\">STI2D<\/a> (enseignement sp\u00e9cifique SIN en terminale), <a href=\"https:\/\/www.pedagogie.ac-nice.fr\/sn\/enseigner\/les-sciences-du-numerique-au-lycee\/stmg-sciences-de-gestion-et-numerique-systemes-dinformation-de-gestion\/\" target=\"_blank\" rel=\"noopener\">STMG<\/a> (enseignement sp\u00e9cifique SIG en terminale) ou les sp\u00e9cialit\u00e9s <a href=\"https:\/\/www.pedagogie.ac-nice.fr\/sn\/enseigner\/les-sciences-du-numerique-au-lycee\/sciences-de-lingenieur\/\" target=\"_blank\" rel=\"noopener\">SI<\/a> et <a href=\"https:\/\/www.pedagogie.ac-nice.fr\/sn\/enseigner\/les-sciences-du-numerique-au-lycee\/numerique-et-sciences-informatiques\/\" target=\"_blank\" rel=\"noopener\">NSI<\/a> de la voie g\u00e9n\u00e9rale.<\/p>\n<p>Dans la continuit\u00e9 en voie professionnelle des enseignements de coll\u00e8ge, <a href=\"https:\/\/www.pedagogie.ac-nice.fr\/sn\/enseigner\/les-sciences-du-numerique-au-lycee\/voie-pro-cybersecurite-informatique-et-reseaux-electronique-ciel\/\" target=\"_blank\" rel=\"noopener\">le bac pro \u00abcybers\u00e9curit\u00e9, informatique et r\u00e9seaux, \u00e9lectronique\u00bb (CIEL<\/a>) a pour objet de former des techniciennes ou techniciens capables d\u2019intervenir dans les processus de r\u00e9alisation et de maintenance de produits \u00e9lectroniques, dans la mise en \u0153uvre de r\u00e9seaux informatiques et dans la valorisation de la donn\u00e9e en int\u00e9grant les enjeux de cybers\u00e9curit\u00e9.<\/p>\n","protected":false},"excerpt":{"rendered":"<p>Un continuum num\u00e9rique dans le parcours scolaire de l\u2019\u00e9l\u00e8ve L\u2019informatique et les technologies du num\u00e9rique sont pr\u00e9sentes dans les programmes<\/p>\n","protected":false},"author":322,"featured_media":0,"parent":0,"menu_order":0,"comment_status":"closed","ping_status":"closed","template":"","meta":{"colormag_page_container_layout":"no_sidebar_full_width","colormag_page_sidebar_layout":"no_sidebar","footnotes":""},"class_list":["post-34","page","type-page","status-publish","hentry"],"rttpg_featured_image_url":null,"rttpg_author":{"display_name":"sii","author_link":"https:\/\/www.pedagogie.ac-nice.fr\/sn\/author\/sii\/"},"rttpg_comment":0,"rttpg_category":null,"rttpg_excerpt":"Un continuum num\u00e9rique dans le parcours scolaire de l\u2019\u00e9l\u00e8ve L\u2019informatique et les technologies du num\u00e9rique sont pr\u00e9sentes dans les programmes","post_mailing_queue_ids":[],"_links":{"self":[{"href":"https:\/\/www.pedagogie.ac-nice.fr\/sn\/wp-json\/wp\/v2\/pages\/34","targetHints":{"allow":["GET"]}}],"collection":[{"href":"https:\/\/www.pedagogie.ac-nice.fr\/sn\/wp-json\/wp\/v2\/pages"}],"about":[{"href":"https:\/\/www.pedagogie.ac-nice.fr\/sn\/wp-json\/wp\/v2\/types\/page"}],"author":[{"embeddable":true,"href":"https:\/\/www.pedagogie.ac-nice.fr\/sn\/wp-json\/wp\/v2\/users\/322"}],"replies":[{"embeddable":true,"href":"https:\/\/www.pedagogie.ac-nice.fr\/sn\/wp-json\/wp\/v2\/comments?post=34"}],"version-history":[{"count":9,"href":"https:\/\/www.pedagogie.ac-nice.fr\/sn\/wp-json\/wp\/v2\/pages\/34\/revisions"}],"predecessor-version":[{"id":194,"href":"https:\/\/www.pedagogie.ac-nice.fr\/sn\/wp-json\/wp\/v2\/pages\/34\/revisions\/194"}],"wp:attachment":[{"href":"https:\/\/www.pedagogie.ac-nice.fr\/sn\/wp-json\/wp\/v2\/media?parent=34"}],"curies":[{"name":"wp","href":"https:\/\/api.w.org\/{rel}","templated":true}]}}