{"id":46,"date":"2024-01-17T17:53:00","date_gmt":"2024-01-17T16:53:00","guid":{"rendered":"https:\/\/www.pedagogie.ac-nice.fr\/sn\/?page_id=46"},"modified":"2024-09-25T07:58:36","modified_gmt":"2024-09-25T05:58:36","slug":"enseigner","status":"publish","type":"page","link":"https:\/\/www.pedagogie.ac-nice.fr\/sn\/enseigner\/","title":{"rendered":"Enseigner"},"content":{"rendered":"<style type='text\/css' media='all'>#rt-tpg-container-2470541856 .rt-holder .rt-woo-info .price{color:#207daf;}body .rt-tpg-container .rt-tpg-isotope-buttons .selected,\n\t\t\t\t\t#rt-tpg-container-2470541856 .layout12 .rt-holder:hover .rt-detail,\n\t\t\t\t\t#rt-tpg-container-2470541856 .isotope8 .rt-holder:hover .rt-detail,\n\t\t\t\t\t#rt-tpg-container-2470541856 .carousel8 .rt-holder:hover .rt-detail,\n\t\t\t\t\t#rt-tpg-container-2470541856 .layout13 .rt-holder .overlay .post-info,\n\t\t\t\t\t#rt-tpg-container-2470541856 .isotope9 .rt-holder .overlay .post-info,\n\t\t\t\t\t#rt-tpg-container-2470541856.rt-tpg-container .layout4 .rt-holder .rt-detail,\n\t\t\t\t\t.rt-modal-2470541856 .md-content,\n\t\t\t\t\t.rt-modal-2470541856 .md-content > .rt-md-content-holder .rt-md-content,\n\t\t\t\t\t.rt-popup-wrap-2470541856.rt-popup-wrap .rt-popup-navigation-wrap,\n\t\t\t\t\t#rt-tpg-container-2470541856 .carousel9 .rt-holder .overlay .post-info{background-color:#207daf;}#rt-tpg-container-2470541856 .layout5 .rt-holder .overlay, #rt-tpg-container-2470541856 .isotope2 .rt-holder .overlay, #rt-tpg-container-2470541856 .carousel2 .rt-holder .overlay,#rt-tpg-container-2470541856 .layout15 .rt-holder h3, #rt-tpg-container-2470541856 .isotope11 .rt-holder h3, #rt-tpg-container-2470541856 .carousel11 .rt-holder h3, #rt-tpg-container-2470541856 .layout16 .rt-holder h3,\n\t\t\t\t\t#rt-tpg-container-2470541856 .isotope12 .rt-holder h3, #rt-tpg-container-2470541856 .carousel12 .rt-holder h3 {background-color:rgba(32,125,175,0.8);}#rt-tpg-container-2470541856 .read-more a{border-radius:px;}#rt-tpg-container-2470541856 .rt-img-holder img.rt-img-responsive,#rt-tpg-container-2470541856 .rt-img-holder,\n\t\t\t\t\t#rt-tpg-container-2470541856 .rt-post-overlay .post-img,\n\t\t\t\t\t#rt-tpg-container-2470541856 .post-sm .post-img,\n\t\t\t\t\t#rt-tpg-container-2470541856 .rt-post-grid .post-img,\n\t\t\t\t\t#rt-tpg-container-2470541856 .post-img img {border-radius:px;}<\/style><div class='rt-container-fluid rt-tpg-container tpg-shortcode-main-wrapper ' id='rt-tpg-container-2470541856'   data-layout='layout12' data-grid-style='even' data-desktop-col='3'  data-tab-col='2'  data-mobile-col='1' data-sc-id='232'><div data-title='Loading ...' class='rt-row rt-content-loader   layout12 tpg-even '><div class=\"rt-col-md-4 rt-col-sm-6 rt-col-xs-12 even-grid-item rt-grid-item\" data-id=\"62\"><div class=\"rt-holder\"><div class='rt-detail'><h3 class=\"entry-title\"><a data-id=\"62\" class=\"\" href=\"https:\/\/www.pedagogie.ac-nice.fr\/sn\/enseigner\/les-sciences-du-numerique-a-lecole\/\">Les sciences du num\u00e9rique \u00e0 l&rsquo;\u00e9cole<\/a><\/h3><div class='post-meta '><span class='read-more'><a data-id='62' class='' href='https:\/\/www.pedagogie.ac-nice.fr\/sn\/enseigner\/les-sciences-du-numerique-a-lecole\/'>En savoir plus<\/a><\/span><\/div><\/div><\/div><\/div><div class=\"rt-col-md-4 rt-col-sm-6 rt-col-xs-12 even-grid-item rt-grid-item\" data-id=\"56\"><div class=\"rt-holder\"><div class=\"rt-img-holder\"><a data-id='56' class='' href='https:\/\/www.pedagogie.ac-nice.fr\/sn\/enseigner\/les-sciences-du-numerique-au-college\/'><img loading=\"lazy\" decoding=\"async\" width=\"1680\" height=\"360\" src=\"https:\/\/www.pedagogie.ac-nice.fr\/sn\/wp-content\/uploads\/sites\/65\/2024\/09\/banniere_eduscol_1680x360_40.jpg\" class=\"rt-img-responsive \" alt=\"\" \/><\/a><\/div> <div class='rt-detail'><h3 class=\"entry-title\"><a data-id=\"56\" class=\"\" href=\"https:\/\/www.pedagogie.ac-nice.fr\/sn\/enseigner\/les-sciences-du-numerique-au-college\/\">Les sciences du num\u00e9rique au coll\u00e8ge<\/a><\/h3><div class='post-meta '><span class='read-more'><a data-id='56' class='' href='https:\/\/www.pedagogie.ac-nice.fr\/sn\/enseigner\/les-sciences-du-numerique-au-college\/'>En savoir plus<\/a><\/span><\/div><\/div><\/div><\/div><div class=\"rt-col-md-4 rt-col-sm-6 rt-col-xs-12 even-grid-item rt-grid-item\" data-id=\"58\"><div class=\"rt-holder\"><div class=\"rt-img-holder\"><a data-id='58' class='' href='https:\/\/www.pedagogie.ac-nice.fr\/sn\/enseigner\/les-sciences-du-numerique-au-lycee\/'><img loading=\"lazy\" decoding=\"async\" width=\"1340\" height=\"372\" src=\"https:\/\/www.pedagogie.ac-nice.fr\/sn\/wp-content\/uploads\/sites\/65\/2024\/09\/reussir-au-lycee-banniere-16288.jpg\" class=\"rt-img-responsive \" alt=\"\" \/><\/a><\/div> <div class='rt-detail'><h3 class=\"entry-title\"><a data-id=\"58\" class=\"\" href=\"https:\/\/www.pedagogie.ac-nice.fr\/sn\/enseigner\/les-sciences-du-numerique-au-lycee\/\">Les sciences du num\u00e9rique au lyc\u00e9e<\/a><\/h3><div class='post-meta '><span class='read-more'><a data-id='58' class='' href='https:\/\/www.pedagogie.ac-nice.fr\/sn\/enseigner\/les-sciences-du-numerique-au-lycee\/'>En savoir plus<\/a><\/span><\/div><\/div><\/div><\/div><div class=\"rt-col-md-4 rt-col-sm-6 rt-col-xs-12 even-grid-item rt-grid-item\" data-id=\"60\"><div class=\"rt-holder\"><div class='rt-detail'><h3 class=\"entry-title\"><a data-id=\"60\" class=\"\" href=\"https:\/\/www.pedagogie.ac-nice.fr\/sn\/enseigner\/les-sciences-du-numerique-dans-le-superieur\/\">Les sciences du num\u00e9rique dans le sup\u00e9rieur<\/a><\/h3><div class='post-meta '><span class='read-more'><a data-id='60' class='' href='https:\/\/www.pedagogie.ac-nice.fr\/sn\/enseigner\/les-sciences-du-numerique-dans-le-superieur\/'>En savoir plus<\/a><\/span><\/div><\/div><\/div><\/div><\/div><\/div>\n","protected":false},"excerpt":{"rendered":"","protected":false},"author":322,"featured_media":0,"parent":0,"menu_order":1,"comment_status":"closed","ping_status":"closed","template":"","meta":{"colormag_page_container_layout":"no_sidebar_full_width","colormag_page_sidebar_layout":"no_sidebar","footnotes":""},"class_list":["post-46","page","type-page","status-publish","hentry"],"rttpg_featured_image_url":null,"rttpg_author":{"display_name":"sii","author_link":"https:\/\/www.pedagogie.ac-nice.fr\/sn\/author\/sii\/"},"rttpg_comment":0,"rttpg_category":null,"rttpg_excerpt":null,"post_mailing_queue_ids":[],"_links":{"self":[{"href":"https:\/\/www.pedagogie.ac-nice.fr\/sn\/wp-json\/wp\/v2\/pages\/46","targetHints":{"allow":["GET"]}}],"collection":[{"href":"https:\/\/www.pedagogie.ac-nice.fr\/sn\/wp-json\/wp\/v2\/pages"}],"about":[{"href":"https:\/\/www.pedagogie.ac-nice.fr\/sn\/wp-json\/wp\/v2\/types\/page"}],"author":[{"embeddable":true,"href":"https:\/\/www.pedagogie.ac-nice.fr\/sn\/wp-json\/wp\/v2\/users\/322"}],"replies":[{"embeddable":true,"href":"https:\/\/www.pedagogie.ac-nice.fr\/sn\/wp-json\/wp\/v2\/comments?post=46"}],"version-history":[{"count":2,"href":"https:\/\/www.pedagogie.ac-nice.fr\/sn\/wp-json\/wp\/v2\/pages\/46\/revisions"}],"predecessor-version":[{"id":233,"href":"https:\/\/www.pedagogie.ac-nice.fr\/sn\/wp-json\/wp\/v2\/pages\/46\/revisions\/233"}],"wp:attachment":[{"href":"https:\/\/www.pedagogie.ac-nice.fr\/sn\/wp-json\/wp\/v2\/media?parent=46"}],"curies":[{"name":"wp","href":"https:\/\/api.w.org\/{rel}","templated":true}]}}