{"id":58,"date":"2024-01-17T18:01:36","date_gmt":"2024-01-17T17:01:36","guid":{"rendered":"https:\/\/www.pedagogie.ac-nice.fr\/sn\/?page_id=58"},"modified":"2025-07-09T16:45:48","modified_gmt":"2025-07-09T14:45:48","slug":"les-sciences-du-numerique-au-lycee","status":"publish","type":"page","link":"https:\/\/www.pedagogie.ac-nice.fr\/sn\/enseigner\/les-sciences-du-numerique-au-lycee\/","title":{"rendered":"Les sciences du num\u00e9rique au lyc\u00e9e"},"content":{"rendered":"<blockquote>\n<p id=\"edugouv-summary-item-28\"><strong>Mesure 20 du <a href=\"https:\/\/www.education.gouv.fr\/plan-avenir-l-orientation-pour-que-l-avenir-soit-un-choix-450556\" target=\"_blank\" rel=\"noopener\">Plan Avenir<\/a> : des programmes modernis\u00e9s pour les enseignements technologiques : <\/strong>Les cursus \u00e9volueront pour attirer plus de jeunes, avec des programmes repens\u00e9s pour conduire aux m\u00e9tiers de demain.<\/p>\n<p><strong>\u00c0 la rentr\u00e9e 2026 :<\/strong> Le programme de sciences num\u00e9riques et technologiques (<a href=\"https:\/\/www.pedagogie.ac-nice.fr\/sn\/enseigner\/les-sciences-du-numerique-au-lycee\/sciences-numeriques-et-technologie\/\" target=\"_blank\" rel=\"noopener\">SNT<\/a>) sera r\u00e9nov\u00e9 pour tous les \u00e9l\u00e8ves de 2de g\u00e9n\u00e9rale et technologique afin de susciter plus de vocations vers les fili\u00e8res industrielles, num\u00e9riques et d\u2019ing\u00e9nierie.<\/p>\n<p><strong>\u00c0 la rentr\u00e9e 2026 pour les \u00e9l\u00e8ves de 1re et \u00e0 la rentr\u00e9e 2027 pour les \u00e9l\u00e8ves de terminale:<\/strong> La fili\u00e8re sciences et technologie de l\u2019industrie et du d\u00e9veloppement durable (<a href=\"https:\/\/www.pedagogie.ac-nice.fr\/sn\/enseigner\/les-sciences-du-numerique-au-lycee\/sti2d-systemes-dinformation-et-numeriques\/\" target=\"_blank\" rel=\"noopener\">STI2D<\/a>) sera repens\u00e9e pour attirer davantage d\u2019\u00e9l\u00e8ves, notamment des filles.<\/p><\/blockquote>\n<p style=\"text-align: center;\"><img decoding=\"async\" src=\"https:\/\/www.ac-nice.fr\/sites\/ac_nice\/files\/2021-12\/reussir-au-lycee-banniere-16288.jpg\" alt=\"https:\/\/www.ac-nice.fr\/sites\/ac_nice\/files\/2021-12\/reussir-au-lycee-banniere-16288.jpg\" \/><\/p>\n<table style=\"border-collapse: collapse; width: 100%; height: 68px;\">\n<tbody>\n<tr style=\"height: 24px;\">\n<td style=\"width: 33.3333%; background-color: #7bc3e6; height: 20px; text-align: center;\"><span style=\"color: #ffffff;\"><strong>VOIE GENERALE<\/strong><\/span><\/td>\n<td style=\"width: 33.3333%; height: 20px; background-color: #fb8c00; text-align: center;\"><span style=\"color: #ffffff;\"><strong>VOIE TECHNOLOGIQUE<\/strong><\/span><\/td>\n<td style=\"width: 33.3333%; height: 20px; background-color: #cd87ba; text-align: center;\"><span style=\"color: #ffffff;\"><strong>VOIE PROFESSIONNELLE<\/strong><\/span><\/td>\n<\/tr>\n<tr style=\"height: 24px;\">\n<td style=\"width: 33.3333%; height: 24px; vertical-align: top; text-align: center;\" colspan=\"2\"><strong>Seconde G\u00e9n\u00e9rale et Technologique :<\/strong><\/p>\n<p><a href=\"https:\/\/www.pedagogie.ac-nice.fr\/sn\/enseigner\/les-sciences-du-numerique-au-lycee\/sciences-numeriques-et-technologie\/\"><strong>S<\/strong>ciences <strong>N<\/strong>um\u00e9riques et <strong>T<\/strong>echnologie<\/a><\/td>\n<td style=\"width: 33.3333%; height: 24px; vertical-align: top; text-align: center;\"><strong>Seconde Professionnelle :<\/strong><\/p>\n<p><span style=\"font-size: 12pt;\"><a href=\"https:\/\/www.pedagogie.ac-nice.fr\/sn\/enseigner\/les-sciences-du-numerique-au-lycee\/voie-pro-cybersecurite-informatique-et-reseaux-electronique-ciel\/\" target=\"_blank\" rel=\"noopener\">Famille de M\u00e9tiers des transitions num\u00e9rique et \u00e9nerg\u00e9tique<\/a><br \/>\n<\/span><\/td>\n<\/tr>\n<tr style=\"height: 24px;\">\n<td style=\"width: 33.3333%; height: 24px; vertical-align: top; text-align: center;\"><strong>Enseignements de Sp\u00e9cialit\u00e9 :<\/strong><\/p>\n<p><a href=\"https:\/\/www.pedagogie.ac-nice.fr\/sn\/enseigner\/les-sciences-du-numerique-au-lycee\/numerique-et-sciences-informatiques\/\"><strong>N<\/strong>um\u00e9rique et <strong>S<\/strong>ciences <strong>I<\/strong>nformatiques<\/a><\/p>\n<p><a href=\"https:\/\/www.pedagogie.ac-nice.fr\/sn\/enseigner\/les-sciences-du-numerique-au-lycee\/sciences-de-lingenieur\/\"><strong>S<\/strong>ciences de l&rsquo;<strong>I<\/strong>ng\u00e9nieur<\/a><\/td>\n<td style=\"width: 33.3333%; height: 24px; vertical-align: top; text-align: center;\"><strong>Fili\u00e8res :<\/strong><\/p>\n<p><a href=\"https:\/\/www.pedagogie.ac-nice.fr\/sn\/enseigner\/les-sciences-du-numerique-au-lycee\/sti2d-systemes-dinformation-et-numeriques\/\"><strong>S<\/strong>ciences et <strong>T<\/strong>echnologies de l&rsquo;<strong>I<\/strong>ndustrie et du <strong>D<\/strong>\u00e9veloppement <strong>D<\/strong>urable<\/a><\/p>\n<p class=\"background-decoration mb-1w mb-md-3w\"><a href=\"https:\/\/www.pedagogie.ac-nice.fr\/sn\/enseigner\/les-sciences-du-numerique-au-lycee\/stmg-sciences-de-gestion-et-numerique-systemes-dinformation-de-gestion\/\"><strong>S<\/strong>ciences et <strong>T<\/strong>echnologies du<strong> M<\/strong>anagement et de la <strong>G<\/strong>estion<\/a><\/p>\n<p class=\"background-decoration mb-1w mb-md-3w\"><a href=\"https:\/\/www.pedagogie.ac-nice.fr\/sn\/enseigner\/les-sciences-du-numerique-au-lycee\/std2a-outils-et-langage-numerique\/\"><strong>S<\/strong>ciences et <strong>T<\/strong>echnologies du <strong>D<\/strong>esign et des <strong>A<\/strong>rts <strong>A<\/strong>ppliqu\u00e9s<\/a><\/p>\n<\/td>\n<td style=\"width: 33.3333%; height: 24px; text-align: center; vertical-align: top;\"><strong>S\u00e9ries :<\/strong><\/p>\n<p class=\"LC20lb MBeuO DKV0Md\"><a href=\"https:\/\/www.pedagogie.ac-nice.fr\/sn\/enseigner\/les-sciences-du-numerique-au-lycee\/voie-pro-cybersecurite-informatique-et-reseaux-electronique-ciel\/\" target=\"_blank\" rel=\"noopener\">Bac pro cybers\u00e9curit\u00e9, informatique et r\u00e9seaux, \u00e9lectronique<\/a><\/p>\n<\/td>\n<\/tr>\n<\/tbody>\n<\/table>\n","protected":false},"excerpt":{"rendered":"<p>Mesure 20 du Plan Avenir : des programmes modernis\u00e9s pour les enseignements technologiques : Les cursus \u00e9volueront pour attirer plus<\/p>\n","protected":false},"author":322,"featured_media":229,"parent":46,"menu_order":2,"comment_status":"closed","ping_status":"closed","template":"","meta":{"colormag_page_container_layout":"no_sidebar_full_width","colormag_page_sidebar_layout":"no_sidebar","footnotes":""},"class_list":["post-58","page","type-page","status-publish","has-post-thumbnail","hentry"],"rttpg_featured_image_url":{"full":["https:\/\/www.pedagogie.ac-nice.fr\/sn\/wp-content\/uploads\/sites\/65\/2024\/09\/reussir-au-lycee-banniere-16288.jpg",1340,372,false],"landscape":["https:\/\/www.pedagogie.ac-nice.fr\/sn\/wp-content\/uploads\/sites\/65\/2024\/09\/reussir-au-lycee-banniere-16288.jpg",1340,372,false],"portraits":["https:\/\/www.pedagogie.ac-nice.fr\/sn\/wp-content\/uploads\/sites\/65\/2024\/09\/reussir-au-lycee-banniere-16288.jpg",1340,372,false],"thumbnail":["https:\/\/www.pedagogie.ac-nice.fr\/sn\/wp-content\/uploads\/sites\/65\/2024\/09\/reussir-au-lycee-banniere-16288-150x150.jpg",150,150,true],"medium":["https:\/\/www.pedagogie.ac-nice.fr\/sn\/wp-content\/uploads\/sites\/65\/2024\/09\/reussir-au-lycee-banniere-16288-300x83.jpg",300,83,true],"large":["https:\/\/www.pedagogie.ac-nice.fr\/sn\/wp-content\/uploads\/sites\/65\/2024\/09\/reussir-au-lycee-banniere-16288-1024x284.jpg",800,222,true],"1536x1536":["https:\/\/www.pedagogie.ac-nice.fr\/sn\/wp-content\/uploads\/sites\/65\/2024\/09\/reussir-au-lycee-banniere-16288.jpg",1340,372,false],"2048x2048":["https:\/\/www.pedagogie.ac-nice.fr\/sn\/wp-content\/uploads\/sites\/65\/2024\/09\/reussir-au-lycee-banniere-16288.jpg",1340,372,false],"colormag-highlighted-post":["https:\/\/www.pedagogie.ac-nice.fr\/sn\/wp-content\/uploads\/sites\/65\/2024\/09\/reussir-au-lycee-banniere-16288-392x272.jpg",392,272,true],"colormag-featured-post-medium":["https:\/\/www.pedagogie.ac-nice.fr\/sn\/wp-content\/uploads\/sites\/65\/2024\/09\/reussir-au-lycee-banniere-16288-390x205.jpg",390,205,true],"colormag-featured-post-small":["https:\/\/www.pedagogie.ac-nice.fr\/sn\/wp-content\/uploads\/sites\/65\/2024\/09\/reussir-au-lycee-banniere-16288-130x90.jpg",130,90,true],"colormag-featured-image":["https:\/\/www.pedagogie.ac-nice.fr\/sn\/wp-content\/uploads\/sites\/65\/2024\/09\/reussir-au-lycee-banniere-16288-800x372.jpg",800,372,true],"colormag-default-news":["https:\/\/www.pedagogie.ac-nice.fr\/sn\/wp-content\/uploads\/sites\/65\/2024\/09\/reussir-au-lycee-banniere-16288-150x150.jpg",150,150,true],"colormag-featured-image-large":["https:\/\/www.pedagogie.ac-nice.fr\/sn\/wp-content\/uploads\/sites\/65\/2024\/09\/reussir-au-lycee-banniere-16288.jpg",1340,372,false],"advps-thumb-one":["https:\/\/www.pedagogie.ac-nice.fr\/sn\/wp-content\/uploads\/sites\/65\/2024\/09\/reussir-au-lycee-banniere-16288-600x220.jpg",600,220,true]},"rttpg_author":{"display_name":"sii","author_link":"https:\/\/www.pedagogie.ac-nice.fr\/sn\/author\/sii\/"},"rttpg_comment":0,"rttpg_category":null,"rttpg_excerpt":"Mesure 20 du Plan Avenir : des programmes modernis\u00e9s pour les enseignements technologiques : Les cursus \u00e9volueront pour attirer plus","post_mailing_queue_ids":[],"_links":{"self":[{"href":"https:\/\/www.pedagogie.ac-nice.fr\/sn\/wp-json\/wp\/v2\/pages\/58","targetHints":{"allow":["GET"]}}],"collection":[{"href":"https:\/\/www.pedagogie.ac-nice.fr\/sn\/wp-json\/wp\/v2\/pages"}],"about":[{"href":"https:\/\/www.pedagogie.ac-nice.fr\/sn\/wp-json\/wp\/v2\/types\/page"}],"author":[{"embeddable":true,"href":"https:\/\/www.pedagogie.ac-nice.fr\/sn\/wp-json\/wp\/v2\/users\/322"}],"replies":[{"embeddable":true,"href":"https:\/\/www.pedagogie.ac-nice.fr\/sn\/wp-json\/wp\/v2\/comments?post=58"}],"version-history":[{"count":10,"href":"https:\/\/www.pedagogie.ac-nice.fr\/sn\/wp-json\/wp\/v2\/pages\/58\/revisions"}],"predecessor-version":[{"id":329,"href":"https:\/\/www.pedagogie.ac-nice.fr\/sn\/wp-json\/wp\/v2\/pages\/58\/revisions\/329"}],"up":[{"embeddable":true,"href":"https:\/\/www.pedagogie.ac-nice.fr\/sn\/wp-json\/wp\/v2\/pages\/46"}],"wp:featuredmedia":[{"embeddable":true,"href":"https:\/\/www.pedagogie.ac-nice.fr\/sn\/wp-json\/wp\/v2\/media\/229"}],"wp:attachment":[{"href":"https:\/\/www.pedagogie.ac-nice.fr\/sn\/wp-json\/wp\/v2\/media?parent=58"}],"curies":[{"name":"wp","href":"https:\/\/api.w.org\/{rel}","templated":true}]}}