{"id":79,"date":"2024-02-14T13:27:53","date_gmt":"2024-02-14T12:27:53","guid":{"rendered":"https:\/\/www.pedagogie.ac-nice.fr\/sn\/?page_id=79"},"modified":"2025-10-09T10:56:24","modified_gmt":"2025-10-09T08:56:24","slug":"sciences-numeriques-et-technologie","status":"publish","type":"page","link":"https:\/\/www.pedagogie.ac-nice.fr\/sn\/enseigner\/les-sciences-du-numerique-au-lycee\/sciences-numeriques-et-technologie\/","title":{"rendered":"Sciences Num\u00e9riques et Technologie"},"content":{"rendered":"<p><img decoding=\"async\" class=\"transparent overflowingHorizontalOnly\" src=\"https:\/\/eduscol.education.fr\/sites\/default\/files\/styles\/banner_1680x360\/public\/2022-12\/banniere_eduscol_1680x360_798.png?itok=0L5jb6iw\" alt=\"https:\/\/eduscol.education.fr\/sites\/default\/files\/styles\/banner_1680x360\/public\/2022-12\/banniere_eduscol_1680x360_798.png?itok=0L5jb6iw\" \/><\/p>\n<blockquote><p><strong>Plan Avenir, rentr\u00e9e 2026, le programme de sciences num\u00e9riques et technologiques (SNT) <\/strong>sera r\u00e9nov\u00e9 pour tous les \u00e9l\u00e8ves de 2de g\u00e9n\u00e9rale et technologique afin de susciter plus de vocations vers les fili\u00e8res industrielles, num\u00e9riques et d\u2019ing\u00e9nierie.<\/p><\/blockquote>\n<p>L\u2019enseignement de sciences num\u00e9riques et technologie en classe de seconde a pour objet de permettre d\u2019appr\u00e9hender les principaux concepts des sciences num\u00e9riques, mais \u00e9galement de permettre aux \u00e9l\u00e8ves, \u00e0 partir d\u2019un objet technologique, de comprendre le poids croissant du num\u00e9rique et les enjeux qui en d\u00e9coulent.<\/p>\n<p>Cet enseignement s\u2019inscrit dans le prolongement de l\u2019enseignement d\u2019algorithmique, d\u2019informatique et de programmation dispens\u00e9 au coll\u00e8ge en math\u00e9matiques et en <a href=\"https:\/\/www.pedagogie.ac-nice.fr\/sii\/enseigner\/college\/\" target=\"_blank\" rel=\"noopener\">technologie<\/a>.<\/p>\n<p>L\u2019enseignement de SNT doit permettre de rep\u00e9rer, chez certains \u00e9l\u00e8ves, des aptitudes et app\u00e9tences particuli\u00e8res pour les sciences informatiques ou la technologie afin de les orienter au mieux vers les s\u00e9ries technologiques <a href=\"https:\/\/www.pedagogie.ac-nice.fr\/sn\/enseigner\/les-sciences-du-numerique-au-lycee\/sti2d-systemes-dinformation-et-numeriques\/\">STI2D<\/a> (enseignement sp\u00e9cifique SIN en terminale), <a href=\"https:\/\/www.pedagogie.ac-nice.fr\/sn\/enseigner\/les-sciences-du-numerique-au-lycee\/stmg-sciences-de-gestion-et-numerique-systemes-dinformation-de-gestion\/\">STMG<\/a> (enseignement sp\u00e9cifique SIG en terminale) ou les sp\u00e9cialit\u00e9s <a href=\"https:\/\/www.pedagogie.ac-nice.fr\/sn\/enseigner\/les-sciences-du-numerique-au-lycee\/sciences-de-lingenieur\/\">SI<\/a> et <a href=\"https:\/\/www.pedagogie.ac-nice.fr\/sn\/enseigner\/les-sciences-du-numerique-au-lycee\/numerique-et-sciences-informatiques\/\">NSI<\/a> de la voie g\u00e9n\u00e9rale.<\/p>\n<table style=\"border-collapse: collapse; width: 100%; height: 63px;\">\n<tbody>\n<tr style=\"height: 53px;\">\n<td style=\"width: 50.2425%; height: 53px; text-align: center; vertical-align: middle;\"><img decoding=\"async\" class=\"transparent aligncenter\" src=\"https:\/\/www.education.gouv.fr\/sites\/default\/files\/styles\/embed_image\/public\/2020-07\/visuel-breve-bo-66471_1.png?itok=d74fxBLs\" alt=\"https:\/\/www.education.gouv.fr\/sites\/default\/files\/styles\/embed_image\/public\/2020-07\/visuel-breve-bo-66471_1.png?itok=d74fxBLs\" \/><\/td>\n<td style=\"width: 49.7575%; height: 53px; text-align: center; vertical-align: middle;\"><img decoding=\"async\" class=\"transparent aligncenter\" src=\"https:\/\/eduscol.education.fr\/sites\/default\/files\/styles\/sc147x208\/public\/2023-09\/vademecum-snt-nsi.png?itok=ojSI2wYx\" alt=\"https:\/\/eduscol.education.fr\/sites\/default\/files\/styles\/sc147x208\/public\/2023-09\/vademecum-snt-nsi.png?itok=ojSI2wYx\" \/><\/td>\n<\/tr>\n<tr style=\"height: 10px;\">\n<td style=\"width: 50.2425%; height: 10px; text-align: center;\"><a class=\"media-document\" href=\"https:\/\/eduscol.education.fr\/document\/23494\/download\" target=\"_blank\" rel=\"noopener\" data-ati=\"\" data-ati-name=\"spe641_annexe_1063085.pdf|23494\" data-ati-chapter-1=\"document\" data-ati-type=\"download\">Programme de SNT<\/a><\/td>\n<td style=\"width: 49.7575%; text-align: center; height: 10px;\">\n<div class=\"description ckeditor-text\"><a href=\"https:\/\/eduscol.education.fr\/document\/52689\/download?attachment\" target=\"_blank\" rel=\"noopener\">Le vademecum<\/a><\/div>\n<\/td>\n<\/tr>\n<\/tbody>\n<\/table>\n","protected":false},"excerpt":{"rendered":"<p>Plan Avenir, rentr\u00e9e 2026, le programme de sciences num\u00e9riques et technologiques (SNT) sera r\u00e9nov\u00e9 pour tous les \u00e9l\u00e8ves de 2de<\/p>\n","protected":false},"author":322,"featured_media":0,"parent":58,"menu_order":0,"comment_status":"closed","ping_status":"closed","template":"","meta":{"colormag_page_container_layout":"no_sidebar_full_width","colormag_page_sidebar_layout":"no_sidebar","footnotes":""},"class_list":["post-79","page","type-page","status-publish","hentry"],"rttpg_featured_image_url":null,"rttpg_author":{"display_name":"sii","author_link":"https:\/\/www.pedagogie.ac-nice.fr\/sn\/author\/sii\/"},"rttpg_comment":0,"rttpg_category":null,"rttpg_excerpt":"Plan Avenir, rentr\u00e9e 2026, le programme de sciences num\u00e9riques et technologiques (SNT) sera r\u00e9nov\u00e9 pour tous les \u00e9l\u00e8ves de 2de","post_mailing_queue_ids":[],"_links":{"self":[{"href":"https:\/\/www.pedagogie.ac-nice.fr\/sn\/wp-json\/wp\/v2\/pages\/79","targetHints":{"allow":["GET"]}}],"collection":[{"href":"https:\/\/www.pedagogie.ac-nice.fr\/sn\/wp-json\/wp\/v2\/pages"}],"about":[{"href":"https:\/\/www.pedagogie.ac-nice.fr\/sn\/wp-json\/wp\/v2\/types\/page"}],"author":[{"embeddable":true,"href":"https:\/\/www.pedagogie.ac-nice.fr\/sn\/wp-json\/wp\/v2\/users\/322"}],"replies":[{"embeddable":true,"href":"https:\/\/www.pedagogie.ac-nice.fr\/sn\/wp-json\/wp\/v2\/comments?post=79"}],"version-history":[{"count":18,"href":"https:\/\/www.pedagogie.ac-nice.fr\/sn\/wp-json\/wp\/v2\/pages\/79\/revisions"}],"predecessor-version":[{"id":351,"href":"https:\/\/www.pedagogie.ac-nice.fr\/sn\/wp-json\/wp\/v2\/pages\/79\/revisions\/351"}],"up":[{"embeddable":true,"href":"https:\/\/www.pedagogie.ac-nice.fr\/sn\/wp-json\/wp\/v2\/pages\/58"}],"wp:attachment":[{"href":"https:\/\/www.pedagogie.ac-nice.fr\/sn\/wp-json\/wp\/v2\/media?parent=79"}],"curies":[{"name":"wp","href":"https:\/\/api.w.org\/{rel}","templated":true}]}}