{"id":83,"date":"2024-02-14T13:28:48","date_gmt":"2024-02-14T12:28:48","guid":{"rendered":"https:\/\/www.pedagogie.ac-nice.fr\/sn\/?page_id=83"},"modified":"2025-10-08T19:34:05","modified_gmt":"2025-10-08T17:34:05","slug":"numerique-et-sciences-informatiques","status":"publish","type":"page","link":"https:\/\/www.pedagogie.ac-nice.fr\/sn\/enseigner\/les-sciences-du-numerique-au-lycee\/numerique-et-sciences-informatiques\/","title":{"rendered":"Num\u00e9rique et Sciences Informatiques"},"content":{"rendered":"<table style=\"border-collapse: collapse; width: 100%;\">\n<tbody>\n<tr>\n<td style=\"width: 100%; background-color: #f70202; border-style: none;\">\n<h2 style=\"text-align: center;\"><a href=\"https:\/\/eduscol.education.fr\/2068\/programmes-et-ressources-en-numerique-et-sciences-informatiques-voie-g\" target=\"_blank\" rel=\"noopener\"><span style=\"color: #ffffff;\"><strong>Les trois premiers sujets de la banque pour l\u2019\u00e9preuve pratique du Bac NSI 2026 sont publi\u00e9s<\/strong> <\/span><\/a><\/h2>\n<\/td>\n<\/tr>\n<\/tbody>\n<\/table>\n<p><img loading=\"lazy\" decoding=\"async\" class=\"shrinkToFit transparent\" src=\"https:\/\/eduscol.education.fr\/sites\/default\/files\/styles\/banner_1680x360\/public\/2020-09\/banniere-eduscol-1680x36074-sni-png-1-07-mb--724.png?itok=tu33sBID\" alt=\"https:\/\/eduscol.education.fr\/sites\/default\/files\/styles\/banner_1680x360\/public\/2020-09\/banniere-eduscol-1680x36074-sni-png-1-07-mb--724.png?itok=tu33sBID\" width=\"1366\" height=\"292\" \/><br \/>\nLa sp\u00e9cialit\u00e9 Num\u00e9rique et sciences informatiques vous permet de\u00a0<strong>comprendre les bases de la programmation<\/strong>, pour \u00e9laborer des logiciels par exemple, des sites internet, des applications pour smartphones, etc.<\/p>\n<p style=\"text-align: center;\"><iframe loading=\"lazy\" src=\"\/\/www.youtube.com\/embed\/T1vZciVh4Ks\" width=\"560\" height=\"314\" allowfullscreen=\"allowfullscreen\"><\/iframe><\/p>\n<p style=\"text-align: center;\">\n","protected":false},"excerpt":{"rendered":"<p>Les trois premiers sujets de la banque pour l\u2019\u00e9preuve pratique du Bac NSI 2026 sont publi\u00e9s La sp\u00e9cialit\u00e9 Num\u00e9rique et<\/p>\n","protected":false},"author":322,"featured_media":0,"parent":58,"menu_order":1,"comment_status":"closed","ping_status":"closed","template":"","meta":{"colormag_page_container_layout":"no_sidebar_full_width","colormag_page_sidebar_layout":"no_sidebar","footnotes":""},"class_list":["post-83","page","type-page","status-publish","hentry"],"rttpg_featured_image_url":null,"rttpg_author":{"display_name":"sii","author_link":"https:\/\/www.pedagogie.ac-nice.fr\/sn\/author\/sii\/"},"rttpg_comment":0,"rttpg_category":null,"rttpg_excerpt":"Les trois premiers sujets de la banque pour l\u2019\u00e9preuve pratique du Bac NSI 2026 sont publi\u00e9s La sp\u00e9cialit\u00e9 Num\u00e9rique et","post_mailing_queue_ids":[],"_links":{"self":[{"href":"https:\/\/www.pedagogie.ac-nice.fr\/sn\/wp-json\/wp\/v2\/pages\/83","targetHints":{"allow":["GET"]}}],"collection":[{"href":"https:\/\/www.pedagogie.ac-nice.fr\/sn\/wp-json\/wp\/v2\/pages"}],"about":[{"href":"https:\/\/www.pedagogie.ac-nice.fr\/sn\/wp-json\/wp\/v2\/types\/page"}],"author":[{"embeddable":true,"href":"https:\/\/www.pedagogie.ac-nice.fr\/sn\/wp-json\/wp\/v2\/users\/322"}],"replies":[{"embeddable":true,"href":"https:\/\/www.pedagogie.ac-nice.fr\/sn\/wp-json\/wp\/v2\/comments?post=83"}],"version-history":[{"count":7,"href":"https:\/\/www.pedagogie.ac-nice.fr\/sn\/wp-json\/wp\/v2\/pages\/83\/revisions"}],"predecessor-version":[{"id":336,"href":"https:\/\/www.pedagogie.ac-nice.fr\/sn\/wp-json\/wp\/v2\/pages\/83\/revisions\/336"}],"up":[{"embeddable":true,"href":"https:\/\/www.pedagogie.ac-nice.fr\/sn\/wp-json\/wp\/v2\/pages\/58"}],"wp:attachment":[{"href":"https:\/\/www.pedagogie.ac-nice.fr\/sn\/wp-json\/wp\/v2\/media?parent=83"}],"curies":[{"name":"wp","href":"https:\/\/api.w.org\/{rel}","templated":true}]}}