{"id":1236,"date":"2025-03-13T09:54:01","date_gmt":"2025-03-13T08:54:01","guid":{"rendered":"https:\/\/www.pedagogie.ac-nice.fr\/sti-pro\/?page_id=1236"},"modified":"2025-03-13T09:56:20","modified_gmt":"2025-03-13T08:56:20","slug":"worldskills","status":"publish","type":"page","link":"https:\/\/www.pedagogie.ac-nice.fr\/sti-pro\/innover\/worldskills\/","title":{"rendered":"Worldskills"},"content":{"rendered":"<p><img loading=\"lazy\" decoding=\"async\" class=\"shrinkToFit\" src=\"https:\/\/www.worldskills-france.org\/app\/uploads\/2024\/12\/Banniere-web-scaled.jpg\" alt=\"https:\/\/www.worldskills-france.org\/app\/uploads\/2024\/12\/Banniere-web-scaled.jpg\" width=\"1920\" height=\"693\"><\/p>\n<p><a href=\"https:\/\/www.worldskills-france.org\/editions\/competition-nationale-des-metiers-2025-48e-edition\/\" target=\"_blank\" rel=\"noopener\"><img loading=\"lazy\" decoding=\"async\" class=\"aligncenter wp-image-8078 size-medium\" src=\"https:\/\/www.worldskills-france.org\/app\/uploads\/2023\/10\/region-sud-300x103.png\" alt=\"\" width=\"300\" height=\"103\"><\/a><\/p>\n<h2><strong>\u00c9v\u00e8nement de r\u00e9f\u00e9rence de la d\u00e9couverte m\u00e9tier, rendez-vous du 16 au 18 octobre 2025 au Parc Chanot \u00e0 Marseille !&nbsp;<\/strong><\/h2>\n<p>Rassembl\u00e9s pour 3 jours d\u2019\u00e9preuves et de d\u00e9fis, les 800 jeunes champions r\u00e9gionaux dans pr\u00e8s de 70 m\u00e9tiers se donnent rendez-vous du 16 au 18 octobre 2025 pour la 48e \u00e9dition de la Comp\u00e9tition nationale des m\u00e9tiers organis\u00e9e par WorldSkills France. C\u2019est en r\u00e9gion Sud que se d\u00e9roulera cette nouvelle \u00e9dition totalement in\u00e9dite et renouvel\u00e9e pour garantir une inclusion de tous les publics et positionner ce rendez-vous comme v\u00e9ritablement durable et respectueux de l\u2019environnement.<\/p>\n<p><img loading=\"lazy\" decoding=\"async\" class=\"alignnone wp-image-8092 size-full\" src=\"https:\/\/www.worldskills-france.org\/app\/uploads\/2023\/10\/Presentation-CNAT25-1-scaled.jpg\" alt=\"\" width=\"2560\" height=\"1440\"><\/p>\n","protected":false},"excerpt":{"rendered":"<p>\u00c9v\u00e8nement de r\u00e9f\u00e9rence de la d\u00e9couverte m\u00e9tier, rendez-vous du 16 au 18 octobre 2025 au Parc Chanot \u00e0 Marseille !&nbsp;<\/p>\n","protected":false},"author":322,"featured_media":0,"parent":50,"menu_order":0,"comment_status":"closed","ping_status":"closed","template":"","meta":{"colormag_page_container_layout":"default_layout","colormag_page_sidebar_layout":"default_layout","ngg_post_thumbnail":0,"footnotes":""},"class_list":["post-1236","page","type-page","status-publish","hentry"],"rttpg_featured_image_url":null,"rttpg_author":{"display_name":"sii","author_link":"https:\/\/www.pedagogie.ac-nice.fr\/sti-pro\/author\/sii\/"},"rttpg_comment":0,"rttpg_category":null,"rttpg_excerpt":"\u00c9v\u00e8nement de r\u00e9f\u00e9rence de la d\u00e9couverte m\u00e9tier, rendez-vous du 16 au 18 octobre 2025 au Parc Chanot \u00e0 Marseille !&nbsp;","post_mailing_queue_ids":[],"_links":{"self":[{"href":"https:\/\/www.pedagogie.ac-nice.fr\/sti-pro\/wp-json\/wp\/v2\/pages\/1236","targetHints":{"allow":["GET"]}}],"collection":[{"href":"https:\/\/www.pedagogie.ac-nice.fr\/sti-pro\/wp-json\/wp\/v2\/pages"}],"about":[{"href":"https:\/\/www.pedagogie.ac-nice.fr\/sti-pro\/wp-json\/wp\/v2\/types\/page"}],"author":[{"embeddable":true,"href":"https:\/\/www.pedagogie.ac-nice.fr\/sti-pro\/wp-json\/wp\/v2\/users\/322"}],"replies":[{"embeddable":true,"href":"https:\/\/www.pedagogie.ac-nice.fr\/sti-pro\/wp-json\/wp\/v2\/comments?post=1236"}],"version-history":[{"count":4,"href":"https:\/\/www.pedagogie.ac-nice.fr\/sti-pro\/wp-json\/wp\/v2\/pages\/1236\/revisions"}],"predecessor-version":[{"id":1240,"href":"https:\/\/www.pedagogie.ac-nice.fr\/sti-pro\/wp-json\/wp\/v2\/pages\/1236\/revisions\/1240"}],"up":[{"embeddable":true,"href":"https:\/\/www.pedagogie.ac-nice.fr\/sti-pro\/wp-json\/wp\/v2\/pages\/50"}],"wp:attachment":[{"href":"https:\/\/www.pedagogie.ac-nice.fr\/sti-pro\/wp-json\/wp\/v2\/media?parent=1236"}],"curies":[{"name":"wp","href":"https:\/\/api.w.org\/{rel}","templated":true}]}}