{"id":1245,"date":"2025-05-23T16:26:28","date_gmt":"2025-05-23T14:26:28","guid":{"rendered":"https:\/\/www.pedagogie.ac-nice.fr\/sti-pro\/?page_id=1245"},"modified":"2025-05-23T16:42:33","modified_gmt":"2025-05-23T14:42:33","slug":"enseigner-la-sante-et-la-securite-au-travail","status":"publish","type":"page","link":"https:\/\/www.pedagogie.ac-nice.fr\/sti-pro\/accompagner\/enseigner-la-sante-et-la-securite-au-travail\/","title":{"rendered":"Enseigner la Sant\u00e9 et la S\u00e9curit\u00e9 au Travail"},"content":{"rendered":"<p><img decoding=\"async\" src=\"https:\/\/eduscol.education.fr\/sites\/default\/files\/styles\/banner_1680x360\/public\/2023-12\/banniere_eduscol_1680x360_868_0.jpg?itok=JAFUrSqJ\" alt=\"https:\/\/eduscol.education.fr\/sites\/default\/files\/styles\/banner_1680x360\/public\/2023-12\/banniere_eduscol_1680x360_868_0.jpg?itok=JAFUrSqJ\"><\/p>\n<p>L&rsquo;enseignement de la sant\u00e9 et s\u00e9curit\u00e9 au travail (ES&amp;ST) est une composante essentielle des dipl\u00f4mes professionnels. Il r\u00e9pond \u00e0 un enjeu de pr\u00e9vention des risques professionnels des \u00e9l\u00e8ves et apprentis, futurs salari\u00e9s. Il mobilise les acteurs de la formation et n\u00e9cessite la mise \u00e0 disposition d&rsquo;outils p\u00e9dagogiques.<\/p>\n<p style=\"text-align: center;\"><a href=\"https:\/\/www.esst-inrs.fr\/diplomes.php\" target=\"_blank\" rel=\"noopener\"><strong>Tableau r\u00e9capitulatif des formations sp\u00e9cifiques en Sant\u00e9 et S\u00e9curit\u00e9 au Travail associ\u00e9es aux dipl\u00f4mes professionnels<\/strong><\/a><\/p>\n<table style=\"border-collapse: collapse; width: 100%; height: 81px;\">\n<tbody>\n<tr style=\"height: 181px;\">\n<td style=\"width: 33.7393%; height: 71px;\"><a href=\"https:\/\/eduscol.education.fr\/789\/l-enseignement-de-la-sante-et-securite-au-travail-dans-les-diplomes-professionnels\" target=\"_blank\" rel=\"noopener\"><img loading=\"lazy\" decoding=\"async\" class=\"aligncenter\" src=\"https:\/\/eduscol.education.fr\/sites\/default\/files\/2020-07\/eduscol-logo.jpg\" alt=\"\" width=\"361\" height=\"88\"><\/a><\/td>\n<td style=\"width: 32.7363%; height: 71px;\"><a href=\"https:\/\/www.esst-inrs.fr\/gestion\/\" target=\"_blank\" rel=\"noopener\"><img loading=\"lazy\" decoding=\"async\" class=\"aligncenter\" src=\"https:\/\/www.esst-inrs.fr\/img\/acc\/esst.jpg\" alt=\"\" width=\"331\" height=\"169\"><\/a><\/td>\n<td style=\"width: 33.4527%; height: 71px;\">&nbsp;<\/td>\n<\/tr>\n<tr style=\"height: 10px;\">\n<td style=\"width: 33.7393%; height: 10px; text-align: center; vertical-align: middle;\">\n<p class=\"page__title\">L&rsquo;enseignement de la sant\u00e9 et s\u00e9curit\u00e9 au travail dans les dipl\u00f4mes professionnels<\/p>\n<\/td>\n<td style=\"width: 32.7363%; height: 10px; text-align: center; vertical-align: middle;\">OGELI<br \/>\nOutil de GEstion en LIgne des formations<\/td>\n<td style=\"width: 33.4527%; height: 10px;\">&nbsp;<\/td>\n<\/tr>\n<\/tbody>\n<\/table>\n","protected":false},"excerpt":{"rendered":"<p>L&rsquo;enseignement de la sant\u00e9 et s\u00e9curit\u00e9 au travail (ES&amp;ST) est une composante essentielle des dipl\u00f4mes professionnels. Il r\u00e9pond \u00e0 un<\/p>\n","protected":false},"author":322,"featured_media":0,"parent":48,"menu_order":0,"comment_status":"closed","ping_status":"closed","template":"","meta":{"colormag_page_container_layout":"no_sidebar_full_width","colormag_page_sidebar_layout":"no_sidebar","ngg_post_thumbnail":0,"footnotes":""},"class_list":["post-1245","page","type-page","status-publish","hentry"],"rttpg_featured_image_url":null,"rttpg_author":{"display_name":"sii","author_link":"https:\/\/www.pedagogie.ac-nice.fr\/sti-pro\/author\/sii\/"},"rttpg_comment":0,"rttpg_category":null,"rttpg_excerpt":"L&rsquo;enseignement de la sant\u00e9 et s\u00e9curit\u00e9 au travail (ES&amp;ST) est une composante essentielle des dipl\u00f4mes professionnels. Il r\u00e9pond \u00e0 un","post_mailing_queue_ids":[],"_links":{"self":[{"href":"https:\/\/www.pedagogie.ac-nice.fr\/sti-pro\/wp-json\/wp\/v2\/pages\/1245","targetHints":{"allow":["GET"]}}],"collection":[{"href":"https:\/\/www.pedagogie.ac-nice.fr\/sti-pro\/wp-json\/wp\/v2\/pages"}],"about":[{"href":"https:\/\/www.pedagogie.ac-nice.fr\/sti-pro\/wp-json\/wp\/v2\/types\/page"}],"author":[{"embeddable":true,"href":"https:\/\/www.pedagogie.ac-nice.fr\/sti-pro\/wp-json\/wp\/v2\/users\/322"}],"replies":[{"embeddable":true,"href":"https:\/\/www.pedagogie.ac-nice.fr\/sti-pro\/wp-json\/wp\/v2\/comments?post=1245"}],"version-history":[{"count":7,"href":"https:\/\/www.pedagogie.ac-nice.fr\/sti-pro\/wp-json\/wp\/v2\/pages\/1245\/revisions"}],"predecessor-version":[{"id":1254,"href":"https:\/\/www.pedagogie.ac-nice.fr\/sti-pro\/wp-json\/wp\/v2\/pages\/1245\/revisions\/1254"}],"up":[{"embeddable":true,"href":"https:\/\/www.pedagogie.ac-nice.fr\/sti-pro\/wp-json\/wp\/v2\/pages\/48"}],"wp:attachment":[{"href":"https:\/\/www.pedagogie.ac-nice.fr\/sti-pro\/wp-json\/wp\/v2\/media?parent=1245"}],"curies":[{"name":"wp","href":"https:\/\/api.w.org\/{rel}","templated":true}]}}