{"id":137,"date":"2022-04-02T10:05:07","date_gmt":"2022-04-02T08:05:07","guid":{"rendered":"https:\/\/www.pedagogie.ac-nice.fr\/sii\/?page_id=137"},"modified":"2023-07-03T17:05:33","modified_gmt":"2023-07-03T15:05:33","slug":"eafc","status":"publish","type":"page","link":"https:\/\/www.pedagogie.ac-nice.fr\/sti-pro\/se-former\/eafc\/","title":{"rendered":"EAFC"},"content":{"rendered":"<p><a href=\"https:\/\/www.ac-nice.fr\/eafc\"><img loading=\"lazy\" decoding=\"async\" class=\"aligncenter wp-image-84 size-large\" src=\"http:\/\/www.pedagogie.ac-nice.fr\/sti-pro\/wp-content\/uploads\/sites\/56\/2022\/03\/Eafc-1024x557.png\" alt=\"\" width=\"800\" height=\"435\" srcset=\"https:\/\/www.pedagogie.ac-nice.fr\/sti-pro\/wp-content\/uploads\/sites\/56\/2022\/03\/Eafc-1024x557.png 1024w, https:\/\/www.pedagogie.ac-nice.fr\/sti-pro\/wp-content\/uploads\/sites\/56\/2022\/03\/Eafc-300x163.png 300w, https:\/\/www.pedagogie.ac-nice.fr\/sti-pro\/wp-content\/uploads\/sites\/56\/2022\/03\/Eafc-768x418.png 768w, https:\/\/www.pedagogie.ac-nice.fr\/sti-pro\/wp-content\/uploads\/sites\/56\/2022\/03\/Eafc-1536x836.png 1536w, https:\/\/www.pedagogie.ac-nice.fr\/sti-pro\/wp-content\/uploads\/sites\/56\/2022\/03\/Eafc-2048x1114.png 2048w\" sizes=\"auto, (max-width: 800px) 100vw, 800px\" \/><\/a><\/p>\n<p>La cr\u00e9ation de l\u2019 <abbr title=\" \u00c9cole Acad\u00e9mique de la Formation Continue \"> EAFC <\/abbr> transforme la formation continue en permettant de construire des parcours au plus pr\u00e8s de vos besoins et de votre environnement de travail.&nbsp;<\/p>\n<h1>Liste des formations disciplinaires Sciences et Techniques industrielles<\/h1>\n\n<table id=\"tablepress-4\" class=\"tablepress tablepress-id-4\">\n<thead>\n<tr class=\"row-1\">\n\t<th class=\"column-1\">Libell\u00e9 dispositif<\/th><th class=\"column-2\">Libell\u00e9 module<\/th><th class=\"column-3\">Lien abonnement<\/th>\n<\/tr>\n<\/thead>\n<tbody class=\"row-striping row-hover\">\n<tr class=\"row-2\">\n\t<td class=\"column-1\">ENSEIGNER LES METIERS DU LYCEE AU SUPERIEUR<\/td><td class=\"column-2\">GROUPE DE DEVELOPPEMENT ENTRE PAIRS<\/td><td class=\"column-3\"><a href=\"https:\/\/id.ac-nice.fr\/sofia-fmo-acad\/default\/extmodule\/subscriptionadd\/extModuleId\/58410\/tab\/trainee\/pill\/individualTrainingPlan \"rel=noopener\" target=\"_blank\">S'abonner<\/a><\/td>\n<\/tr>\n<tr class=\"row-3\">\n\t<td class=\"column-1\">ENSEIGNER LES METIERS DU LYCEE AU SUPERIEUR<\/td><td class=\"column-2\">LES OUTILS METIER ET GESTES PRO. DE LA CONTRUCTION<\/td><td class=\"column-3\"><a href=\"https:\/\/id.ac-nice.fr\/sofia-fmo-acad\/default\/extmodule\/subscriptionadd\/extModuleId\/58411\/tab\/trainee\/pill\/individualTrainingPlan \"rel=noopener\" target=\"_blank\">S'abonner<\/a><\/td>\n<\/tr>\n<tr class=\"row-4\">\n\t<td class=\"column-1\">ENSEIGNER LES METIERS DU LYCEE AU SUPERIEUR<\/td><td class=\"column-2\">LES OUTILS METIER ET GESTES PRO. DES ETUDES<\/td><td class=\"column-3\"><a href=\"https:\/\/id.ac-nice.fr\/sofia-fmo-acad\/default\/extmodule\/subscriptionadd\/extModuleId\/58412\/tab\/trainee\/pill\/individualTrainingPlan \"rel=noopener\" target=\"_blank\">S'abonner<\/a><\/td>\n<\/tr>\n<tr class=\"row-5\">\n\t<td class=\"column-1\">ENSEIGNER LES METIERS DU LYCEE AU SUPERIEUR<\/td><td class=\"column-2\">LES OUTILS METIER ET GESTES PRO. DE L'AGENCEMENT<\/td><td class=\"column-3\"><a href=\"https:\/\/id.ac-nice.fr\/sofia-fmo-acad\/default\/extmodule\/subscriptionadd\/extModuleId\/58413\/tab\/trainee\/pill\/individualTrainingPlan \"rel=noopener\" target=\"_blank\">S'abonner<\/a><\/td>\n<\/tr>\n<tr class=\"row-6\">\n\t<td class=\"column-1\">ENSEIGNER LES METIERS DU LYCEE AU SUPERIEUR<\/td><td class=\"column-2\">LES OUTILS METIER ET GESTES PRO. DE L'AUDIOVISUEL<\/td><td class=\"column-3\"><a href=\"https:\/\/id.ac-nice.fr\/sofia-fmo-acad\/default\/extmodule\/subscriptionadd\/extModuleId\/58414\/tab\/trainee\/pill\/individualTrainingPlan \"rel=noopener\" target=\"_blank\">S'abonner<\/a><\/td>\n<\/tr>\n<tr class=\"row-7\">\n\t<td class=\"column-1\">ENSEIGNER LES METIERS DU LYCEE AU SUPERIEUR<\/td><td class=\"column-2\">LES OUTILS METIER ET GESTES PRO. DE LA REALISAT\u00b0<\/td><td class=\"column-3\"><a href=\"https:\/\/id.ac-nice.fr\/sofia-fmo-acad\/default\/extmodule\/subscriptionadd\/extModuleId\/58415\/tab\/trainee\/pill\/individualTrainingPlan \"rel=noopener\" target=\"_blank\">S'abonner<\/a><\/td>\n<\/tr>\n<tr class=\"row-8\">\n\t<td class=\"column-1\">ENSEIGNER LES METIERS DU LYCEE AU SUPERIEUR<\/td><td class=\"column-2\">LES OUTILS METIER ET GESTES PRO. DE LA MAINTENANCE<\/td><td class=\"column-3\"><a href=\"https:\/\/id.ac-nice.fr\/sofia-fmo-acad\/default\/extmodule\/subscriptionadd\/extModuleId\/58416\/tab\/trainee\/pill\/individualTrainingPlan \"rel=noopener\" target=\"_blank\">S'abonner<\/a><\/td>\n<\/tr>\n<tr class=\"row-9\">\n\t<td class=\"column-1\">ENSEIGNER LES METIERS DU LYCEE AU SUPERIEUR<\/td><td class=\"column-2\">LES OUTILS METIER ET GESTES PRO. DES TRANSITIONS<\/td><td class=\"column-3\"><a href=\"https:\/\/id.ac-nice.fr\/sofia-fmo-acad\/default\/extmodule\/subscriptionadd\/extModuleId\/58417\/tab\/trainee\/pill\/individualTrainingPlan \"rel=noopener\" target=\"_blank\">S'abonner<\/a><\/td>\n<\/tr>\n<tr class=\"row-10\">\n\t<td class=\"column-1\">ENSEIGNER LES METIERS DU LYCEE AU SUPERIEUR<\/td><td class=\"column-2\">LES OUTILS METIER ET GESTES PRO. DES INSTALLAT\u00b0<\/td><td class=\"column-3\"><a href=\"https:\/\/id.ac-nice.fr\/sofia-fmo-acad\/default\/extmodule\/subscriptionadd\/extModuleId\/58418\/tab\/trainee\/pill\/individualTrainingPlan \"rel=noopener\" target=\"_blank\">S'abonner<\/a><\/td>\n<\/tr>\n<tr class=\"row-11\">\n\t<td class=\"column-1\">ENSEIGNER LES METIERS DU LYCEE AU SUPERIEUR<\/td><td class=\"column-2\">LES OUTILS METIER ET GESTES PRO. DE LA MODE<\/td><td class=\"column-3\"><a href=\"https:\/\/id.ac-nice.fr\/sofia-fmo-acad\/default\/extmodule\/subscriptionadd\/extModuleId\/58419\/tab\/trainee\/pill\/individualTrainingPlan \"rel=noopener\" target=\"_blank\">S'abonner<\/a><\/td>\n<\/tr>\n<tr class=\"row-12\">\n\t<td class=\"column-1\">ENSEIGNER LES METIERS DU LYCEE AU SUPERIEUR<\/td><td class=\"column-2\">LES OUTILS METIER ET GESTES PRO. DES METIERS MER<\/td><td class=\"column-3\"><a href=\"https:\/\/id.ac-nice.fr\/sofia-fmo-acad\/default\/extmodule\/subscriptionadd\/extModuleId\/58420\/tab\/trainee\/pill\/individualTrainingPlan \"rel=noopener\" target=\"_blank\">S'abonner<\/a><\/td>\n<\/tr>\n<tr class=\"row-13\">\n\t<td class=\"column-1\">ENSEIGNER LES METIERS DU LYCEE AU SUPERIEUR<\/td><td class=\"column-2\">LES OUTILS METIER ET GESTES PRO. DES METIERS AERO<\/td><td class=\"column-3\"><a href=\"https:\/\/id.ac-nice.fr\/sofia-fmo-acad\/default\/extmodule\/subscriptionadd\/extModuleId\/58421\/tab\/trainee\/pill\/individualTrainingPlan \"rel=noopener\" target=\"_blank\">S'abonner<\/a><\/td>\n<\/tr>\n<tr class=\"row-14\">\n\t<td class=\"column-1\">ENSEIGNER LES METIERS DU LYCEE AU SUPERIEUR<\/td><td class=\"column-2\">LES OUTILS METIER ET GESTES PRO. DE LA VISION<\/td><td class=\"column-3\"><a href=\"https:\/\/id.ac-nice.fr\/sofia-fmo-acad\/default\/extmodule\/subscriptionadd\/extModuleId\/58422\/tab\/trainee\/pill\/individualTrainingPlan \"rel=noopener\" target=\"_blank\">S'abonner<\/a><\/td>\n<\/tr>\n<tr class=\"row-15\">\n\t<td class=\"column-1\">SE FORMER EN ENTREPRISE<\/td><td class=\"column-2\">THALES ALIENA SPACE<\/td><td class=\"column-3\"><a href=\"https:\/\/id.ac-nice.fr\/sofia-fmo-acad\/default\/extmodule\/subscriptionadd\/extModuleId\/58425\/tab\/trainee\/pill\/individualTrainingPlan \"rel=noopener\" target=\"_blank\">S'abonner<\/a><\/td>\n<\/tr>\n<tr class=\"row-16\">\n\t<td class=\"column-1\">SE FORMER EN ENTREPRISE<\/td><td class=\"column-2\">THALES UNDERWATER SYSTEM<\/td><td class=\"column-3\"><a href=\"https:\/\/id.ac-nice.fr\/sofia-fmo-acad\/default\/extmodule\/subscriptionadd\/extModuleId\/58426\/tab\/trainee\/pill\/individualTrainingPlan \"rel=noopener\" target=\"_blank\">S'abonner<\/a><\/td>\n<\/tr>\n<tr class=\"row-17\">\n\t<td class=\"column-1\">SE FORMER EN ENTREPRISE<\/td><td class=\"column-2\">LEGRAND<\/td><td class=\"column-3\"><a href=\"https:\/\/id.ac-nice.fr\/sofia-fmo-acad\/default\/extmodule\/subscriptionadd\/extModuleId\/58427\/tab\/trainee\/pill\/individualTrainingPlan \"rel=noopener\" target=\"_blank\">S'abonner<\/a><\/td>\n<\/tr>\n<tr class=\"row-18\">\n\t<td class=\"column-1\">SE FORMER EN ENTREPRISE<\/td><td class=\"column-2\">SCHNEIDER ELECTRIC<\/td><td class=\"column-3\"><a href=\"https:\/\/id.ac-nice.fr\/sofia-fmo-acad\/default\/extmodule\/subscriptionadd\/extModuleId\/58428\/tab\/trainee\/pill\/individualTrainingPlan \"rel=noopener\" target=\"_blank\">S'abonner<\/a><\/td>\n<\/tr>\n<tr class=\"row-19\">\n\t<td class=\"column-1\">SE FORMER EN ENTREPRISE<\/td><td class=\"column-2\">PERRENOUD<\/td><td class=\"column-3\"><a href=\"https:\/\/id.ac-nice.fr\/sofia-fmo-acad\/default\/extmodule\/subscriptionadd\/extModuleId\/58429\/tab\/trainee\/pill\/individualTrainingPlan \"rel=noopener\" target=\"_blank\">S'abonner<\/a><\/td>\n<\/tr>\n<tr class=\"row-20\">\n\t<td class=\"column-1\">SE FORMER EN ENTREPRISE<\/td><td class=\"column-2\">ORANGE<\/td><td class=\"column-3\"><a href=\"https:\/\/id.ac-nice.fr\/sofia-fmo-acad\/default\/extmodule\/subscriptionadd\/extModuleId\/58430\/tab\/trainee\/pill\/individualTrainingPlan \"rel=noopener\" target=\"_blank\">S'abonner<\/a><\/td>\n<\/tr>\n<tr class=\"row-21\">\n\t<td class=\"column-1\">SE FORMER EN ENTREPRISE<\/td><td class=\"column-2\">AEROPORT COTE D'AZUR<\/td><td class=\"column-3\"><a href=\"https:\/\/id.ac-nice.fr\/sofia-fmo-acad\/default\/extmodule\/subscriptionadd\/extModuleId\/58431\/tab\/trainee\/pill\/individualTrainingPlan \"rel=noopener\" target=\"_blank\">S'abonner<\/a><\/td>\n<\/tr>\n<tr class=\"row-22\">\n\t<td class=\"column-1\">SE FORMER EN ENTREPRISE<\/td><td class=\"column-2\">IFREMER<\/td><td class=\"column-3\"><a href=\"https:\/\/id.ac-nice.fr\/sofia-fmo-acad\/default\/extmodule\/subscriptionadd\/extModuleId\/58432\/tab\/trainee\/pill\/individualTrainingPlan \"rel=noopener\" target=\"_blank\">S'abonner<\/a><\/td>\n<\/tr>\n<tr class=\"row-23\">\n\t<td class=\"column-1\">SE FORMER EN ENTREPRISE<\/td><td class=\"column-2\">LABORATOIRE DE RECHERCHE<\/td><td class=\"column-3\"><a href=\"https:\/\/id.ac-nice.fr\/sofia-fmo-acad\/default\/extmodule\/subscriptionadd\/extModuleId\/58433\/tab\/trainee\/pill\/individualTrainingPlan \"rel=noopener\" target=\"_blank\">S'abonner<\/a><\/td>\n<\/tr>\n<tr class=\"row-24\">\n\t<td class=\"column-1\">STI-PREPARATION AUX CONCOURS D'ENSEIGNANTS<\/td><td class=\"column-2\">CONCOURS DE L'AGREGATION<\/td><td class=\"column-3\"><a href=\"https:\/\/id.ac-nice.fr\/sofia-fmo-acad\/default\/extmodule\/subscriptionadd\/extModuleId\/58434\/tab\/trainee\/pill\/individualTrainingPlan \"rel=noopener\" target=\"_blank\">S'abonner<\/a><\/td>\n<\/tr>\n<tr class=\"row-25\">\n\t<td class=\"column-1\">STI-PREPARATION AUX CONCOURS D'ENSEIGNANTS<\/td><td class=\"column-2\">CONCOURS DU CAPET<\/td><td class=\"column-3\"><a href=\"https:\/\/id.ac-nice.fr\/sofia-fmo-acad\/default\/extmodule\/subscriptionadd\/extModuleId\/58435\/tab\/trainee\/pill\/individualTrainingPlan \"rel=noopener\" target=\"_blank\">S'abonner<\/a><\/td>\n<\/tr>\n<tr class=\"row-26\">\n\t<td class=\"column-1\">STI-PREPARATION AUX CONCOURS D'ENSEIGNANTS<\/td><td class=\"column-2\">CONCOURS DU CAPLP<\/td><td class=\"column-3\"><a href=\"https:\/\/id.ac-nice.fr\/sofia-fmo-acad\/default\/extmodule\/subscriptionadd\/extModuleId\/58436\/tab\/trainee\/pill\/individualTrainingPlan \"rel=noopener\" target=\"_blank\">S'abonner<\/a><\/td>\n<\/tr>\n<tr class=\"row-27\">\n\t<td class=\"column-1\">STI - ENSEIGNER LES CHAMPS PROFESSIONNELS EN SEGPA<\/td><td class=\"column-2\">CHAMP PROFESSIONNEL HABITAT<\/td><td class=\"column-3\"><a href=\"https:\/\/id.ac-nice.fr\/sofia-fmo-acad\/default\/extmodule\/subscriptionadd\/extModuleId\/58585\/tab\/trainee\/pill\/individualTrainingPlan \"rel=noopener\" target=\"_blank\">S'abonner<\/a><\/td>\n<\/tr>\n<tr class=\"row-28\">\n\t<td class=\"column-1\">STI - ENSEIGNER LES CHAMPS PROFESSIONNELS EN SEGPA<\/td><td class=\"column-2\">CHAMP PROFESSIONNEL ERE<\/td><td class=\"column-3\"><a href=\"https:\/\/id.ac-nice.fr\/sofia-fmo-acad\/default\/extmodule\/subscriptionadd\/extModuleId\/58586\/tab\/trainee\/pill\/individualTrainingPlan \"rel=noopener\" target=\"_blank\">S'abonner<\/a><\/td>\n<\/tr>\n<tr class=\"row-29\">\n\t<td class=\"column-1\">STI - ENSEIGNER LES CHAMPS PROFESSIONNELS EN SEGPA<\/td><td class=\"column-2\">GROUPE DE DEVELOPPEMENT ENTRE PAIRS<\/td><td class=\"column-3\"><a href=\"https:\/\/id.ac-nice.fr\/sofia-fmo-acad\/default\/extmodule\/subscriptionadd\/extModuleId\/58587\/tab\/trainee\/pill\/individualTrainingPlan \"rel=noopener\" target=\"_blank\">S'abonner<\/a><\/td>\n<\/tr>\n<tr class=\"row-30\">\n\t<td class=\"column-1\">STI- DIDACTIQUES DISCIPLINAIRES<\/td><td class=\"column-2\">DIDACTIQUE DE LA TECHNOLOGIE AU COLLEGE<\/td><td class=\"column-3\"><a href=\"https:\/\/id.ac-nice.fr\/sofia-fmo-acad\/default\/extmodule\/subscriptionadd\/extModuleId\/58865\/tab\/trainee\/pill\/individualTrainingPlan \"rel=noopener\" target=\"_blank\">S'abonner<\/a><\/td>\n<\/tr>\n<tr class=\"row-31\">\n\t<td class=\"column-1\">STI- DIDACTIQUES DISCIPLINAIRES<\/td><td class=\"column-2\">DIDACTIQUE DES SCIENCES DE L'INGENIEUR AU LYCEE<\/td><td class=\"column-3\"><a href=\"https:\/\/id.ac-nice.fr\/sofia-fmo-acad\/default\/extmodule\/subscriptionadd\/extModuleId\/58866\/tab\/trainee\/pill\/individualTrainingPlan \"rel=noopener\" target=\"_blank\">S'abonner<\/a><\/td>\n<\/tr>\n<tr class=\"row-32\">\n\t<td class=\"column-1\">STI- DIDACTIQUES DISCIPLINAIRES<\/td><td class=\"column-2\">DIDACTIQUE DE LA FILIERE STI2D<\/td><td class=\"column-3\"><a href=\"https:\/\/id.ac-nice.fr\/sofia-fmo-acad\/default\/extmodule\/subscriptionadd\/extModuleId\/58867\/tab\/trainee\/pill\/individualTrainingPlan \"rel=noopener\" target=\"_blank\">S'abonner<\/a><\/td>\n<\/tr>\n<tr class=\"row-33\">\n\t<td class=\"column-1\">STI- DIDACTIQUES DISCIPLINAIRES<\/td><td class=\"column-2\">DIDACTIQUE PROFESSIONNELLE<\/td><td class=\"column-3\"><a href=\"https:\/\/id.ac-nice.fr\/sofia-fmo-acad\/default\/extmodule\/subscriptionadd\/extModuleId\/58868\/tab\/trainee\/pill\/individualTrainingPlan \"rel=noopener\" target=\"_blank\">S'abonner<\/a><\/td>\n<\/tr>\n<tr class=\"row-34\">\n\t<td class=\"column-1\">STI-GESTION ET PEDAGOGIE DE PROJET<\/td><td class=\"column-2\">GESTION DE PROJETS INDUSTRIELS<\/td><td class=\"column-3\"><a href=\"https:\/\/id.ac-nice.fr\/sofia-fmo-acad\/default\/extmodule\/subscriptionadd\/extModuleId\/58912\/tab\/trainee\/pill\/individualTrainingPlan \"rel=noopener\" target=\"_blank\">S'abonner<\/a><\/td>\n<\/tr>\n<tr class=\"row-35\">\n\t<td class=\"column-1\">STI-GESTION ET PEDAGOGIE DE PROJET<\/td><td class=\"column-2\">DESIGN THINKING<\/td><td class=\"column-3\"><a href=\"https:\/\/id.ac-nice.fr\/sofia-fmo-acad\/default\/extmodule\/subscriptionadd\/extModuleId\/58913\/tab\/trainee\/pill\/individualTrainingPlan \"rel=noopener\" target=\"_blank\">S'abonner<\/a><\/td>\n<\/tr>\n<tr class=\"row-36\">\n\t<td class=\"column-1\">STI-GESTION ET PEDAGOGIE DE PROJET<\/td><td class=\"column-2\">ATELIER METHODE AGILE<\/td><td class=\"column-3\"><a href=\"https:\/\/id.ac-nice.fr\/sofia-fmo-acad\/default\/extmodule\/subscriptionadd\/extModuleId\/58914\/tab\/trainee\/pill\/individualTrainingPlan \"rel=noopener\" target=\"_blank\">S'abonner<\/a><\/td>\n<\/tr>\n<tr class=\"row-37\">\n\t<td class=\"column-1\">STI-GESTION ET PEDAGOGIE DE PROJET<\/td><td class=\"column-2\">GESTION DE PROJETS TECHNOLOGIQUES<\/td><td class=\"column-3\"><a href=\"https:\/\/id.ac-nice.fr\/sofia-fmo-acad\/default\/extmodule\/subscriptionadd\/extModuleId\/58915\/tab\/trainee\/pill\/individualTrainingPlan \"rel=noopener\" target=\"_blank\">S'abonner<\/a><\/td>\n<\/tr>\n<\/tbody>\n<\/table>\n<!-- #tablepress-4 from cache -->\n<p>&nbsp;<\/p>\n<hr>\n<h1 id=\"summary-item-5\">EAFC &#8211; Cycle Enseignement &#8211; Education &#8211; Orientation second degr\u00e9<\/h1>\n<div class=\"editorial-column editorial-column-wide editorial-links blue-content\">\n<div class=\"editorial-column editorial-column-wide editorial-links blue-content\">\n<p>L\u2019offre propos\u00e9e par l\u2019\u00e9cole acad\u00e9mique de la formation continue se d\u00e9cline en parcours sp\u00e9cifiques aux disciplines et sp\u00e9cialit\u00e9s ainsi qu\u2019en parcours transversaux permettant d\u2019approfondir leur culture et leur d\u00e9veloppement professionnels, de d\u00e9velopper la coop\u00e9ration au service de l\u2019\u00e9ducation et de traiter de questions professionnelles partag\u00e9es.<\/p>\n<p><strong><img loading=\"lazy\" decoding=\"async\" class=\"aligncenter\" src=\"https:\/\/www.ac-nice.fr\/sites\/ac_nice\/files\/inline-images\/Second%20degr%C3%A9.jpg\" alt=\"Cycle 2nd degr\u00e9\" data-entity-type=\"file\" data-entity-uuid=\"51fc7b36-a129-4535-b3c7-e5b7ce920528\" width=\"792\" height=\"529\"><\/strong><\/p>\n<p style=\"text-align: center;\"><a href=\"https:\/\/www.ac-nice.fr\/cycle-enseignement-education-orientation-second-degre-122502\" target=\"_blank\" rel=\"noopener\"><strong><span style=\"font-size: 18pt;\">Acc\u00e9der au catalogue complet du seconde degr\u00e9<\/span><\/strong><\/a><\/p>\n<\/div>\n<\/div>\n","protected":false},"excerpt":{"rendered":"<p>La cr\u00e9ation de l\u2019 EAFC transforme la formation continue en permettant de construire des parcours au plus pr\u00e8s de vos<\/p>\n","protected":false},"author":1,"featured_media":0,"parent":39,"menu_order":0,"comment_status":"closed","ping_status":"closed","template":"","meta":{"colormag_page_container_layout":"no_sidebar_full_width","colormag_page_sidebar_layout":"no_sidebar","ngg_post_thumbnail":0,"footnotes":""},"class_list":["post-137","page","type-page","status-publish","hentry"],"rttpg_featured_image_url":null,"rttpg_author":{"display_name":"norco","author_link":"https:\/\/www.pedagogie.ac-nice.fr\/sti-pro\/author\/norco\/"},"rttpg_comment":0,"rttpg_category":null,"rttpg_excerpt":"La cr\u00e9ation de l\u2019 EAFC transforme la formation continue en permettant de construire des parcours au plus pr\u00e8s de vos","post_mailing_queue_ids":[],"_links":{"self":[{"href":"https:\/\/www.pedagogie.ac-nice.fr\/sti-pro\/wp-json\/wp\/v2\/pages\/137","targetHints":{"allow":["GET"]}}],"collection":[{"href":"https:\/\/www.pedagogie.ac-nice.fr\/sti-pro\/wp-json\/wp\/v2\/pages"}],"about":[{"href":"https:\/\/www.pedagogie.ac-nice.fr\/sti-pro\/wp-json\/wp\/v2\/types\/page"}],"author":[{"embeddable":true,"href":"https:\/\/www.pedagogie.ac-nice.fr\/sti-pro\/wp-json\/wp\/v2\/users\/1"}],"replies":[{"embeddable":true,"href":"https:\/\/www.pedagogie.ac-nice.fr\/sti-pro\/wp-json\/wp\/v2\/comments?post=137"}],"version-history":[{"count":2,"href":"https:\/\/www.pedagogie.ac-nice.fr\/sti-pro\/wp-json\/wp\/v2\/pages\/137\/revisions"}],"predecessor-version":[{"id":812,"href":"https:\/\/www.pedagogie.ac-nice.fr\/sti-pro\/wp-json\/wp\/v2\/pages\/137\/revisions\/812"}],"up":[{"embeddable":true,"href":"https:\/\/www.pedagogie.ac-nice.fr\/sti-pro\/wp-json\/wp\/v2\/pages\/39"}],"wp:attachment":[{"href":"https:\/\/www.pedagogie.ac-nice.fr\/sti-pro\/wp-json\/wp\/v2\/media?parent=137"}],"curies":[{"name":"wp","href":"https:\/\/api.w.org\/{rel}","templated":true}]}}