{"id":37,"date":"2022-03-29T08:15:33","date_gmt":"2022-03-29T06:15:33","guid":{"rendered":"https:\/\/www.pedagogie.ac-nice.fr\/sii\/?page_id=37"},"modified":"2024-09-28T21:30:37","modified_gmt":"2024-09-28T19:30:37","slug":"enseigner","status":"publish","type":"page","link":"https:\/\/www.pedagogie.ac-nice.fr\/sti-pro\/enseigner\/","title":{"rendered":"Enseigner"},"content":{"rendered":"<p>&nbsp;<\/p>\n<style type='text\/css' media='all'>#rt-tpg-container-1402206499 .rt-holder .rt-woo-info .price{color:#207daf;}body .rt-tpg-container .rt-tpg-isotope-buttons .selected,\n\t\t\t\t\t#rt-tpg-container-1402206499 .layout12 .rt-holder:hover .rt-detail,\n\t\t\t\t\t#rt-tpg-container-1402206499 .isotope8 .rt-holder:hover .rt-detail,\n\t\t\t\t\t#rt-tpg-container-1402206499 .carousel8 .rt-holder:hover .rt-detail,\n\t\t\t\t\t#rt-tpg-container-1402206499 .layout13 .rt-holder .overlay .post-info,\n\t\t\t\t\t#rt-tpg-container-1402206499 .isotope9 .rt-holder .overlay .post-info,\n\t\t\t\t\t#rt-tpg-container-1402206499.rt-tpg-container .layout4 .rt-holder .rt-detail,\n\t\t\t\t\t.rt-modal-1402206499 .md-content,\n\t\t\t\t\t.rt-modal-1402206499 .md-content > .rt-md-content-holder .rt-md-content,\n\t\t\t\t\t.rt-popup-wrap-1402206499.rt-popup-wrap .rt-popup-navigation-wrap,\n\t\t\t\t\t#rt-tpg-container-1402206499 .carousel9 .rt-holder .overlay .post-info{background-color:#207daf;}#rt-tpg-container-1402206499 .layout5 .rt-holder .overlay, #rt-tpg-container-1402206499 .isotope2 .rt-holder .overlay, #rt-tpg-container-1402206499 .carousel2 .rt-holder .overlay,#rt-tpg-container-1402206499 .layout15 .rt-holder h3, #rt-tpg-container-1402206499 .isotope11 .rt-holder h3, #rt-tpg-container-1402206499 .carousel11 .rt-holder h3, #rt-tpg-container-1402206499 .layout16 .rt-holder h3,\n\t\t\t\t\t#rt-tpg-container-1402206499 .isotope12 .rt-holder h3, #rt-tpg-container-1402206499 .carousel12 .rt-holder h3 {background-color:rgba(32,125,175,0.8);}#rt-tpg-container-1402206499 .read-more a{border-radius:px;}#rt-tpg-container-1402206499 .rt-img-holder img.rt-img-responsive,#rt-tpg-container-1402206499 .rt-img-holder,\n\t\t\t\t\t#rt-tpg-container-1402206499 .rt-post-overlay .post-img,\n\t\t\t\t\t#rt-tpg-container-1402206499 .post-sm .post-img,\n\t\t\t\t\t#rt-tpg-container-1402206499 .rt-post-grid .post-img,\n\t\t\t\t\t#rt-tpg-container-1402206499 .post-img img {border-radius:px;}<\/style><div class='rt-container-fluid rt-tpg-container tpg-shortcode-main-wrapper ' id='rt-tpg-container-1402206499'   data-layout='layout12' data-grid-style='even' data-desktop-col='3'  data-tab-col='2'  data-mobile-col='1' data-sc-id='1106'><div data-title='Loading ...' class='rt-row rt-content-loader   layout12 tpg-even '><div class=\"rt-col-md-4 rt-col-sm-6 rt-col-xs-12 even-grid-item rt-grid-item\" data-id=\"694\"><div class=\"rt-holder\"><div class=\"rt-img-holder\"><a data-id='694' class='' href='https:\/\/www.pedagogie.ac-nice.fr\/sti-pro\/enseigner\/les-metiers-du-pilotage-et-de-la-maintenance-des-installations-automatisees\/' target='_blank'><img decoding=\"async\" class=\"rt-img-responsive \" src=\"https:\/\/static.lindustrie40.fr\/banniere-maintenance.png\" alt=\"Les m\u00e9tiers du pilotage et de la maintenance des installations automatis\u00e9es\" \/><\/a><\/div> <div class='rt-detail'><h3 class=\"entry-title\"><a data-id=\"694\" class=\"\" href=\"https:\/\/www.pedagogie.ac-nice.fr\/sti-pro\/enseigner\/les-metiers-du-pilotage-et-de-la-maintenance-des-installations-automatisees\/\" target='_blank'>Les m\u00e9tiers du pilotage et de la maintenance des installations automatis\u00e9es<\/a><\/h3><div class='post-meta left'><span class='read-more'><a data-id='694' class='' href='https:\/\/www.pedagogie.ac-nice.fr\/sti-pro\/enseigner\/les-metiers-du-pilotage-et-de-la-maintenance-des-installations-automatisees\/' target='_blank'>En savoir plus<\/a><\/span><\/div><\/div><\/div><\/div><div class=\"rt-col-md-4 rt-col-sm-6 rt-col-xs-12 even-grid-item rt-grid-item\" data-id=\"690\"><div class=\"rt-holder\"><div class=\"rt-img-holder\"><a data-id='690' class='' href='https:\/\/www.pedagogie.ac-nice.fr\/sti-pro\/enseigner\/les-metiers-du-numerique-et-des-transitions-energetiques\/' target='_blank'><img decoding=\"async\" class=\"rt-img-responsive \" src=\"https:\/\/www.orientation-regionsud.fr\/Content\/upload\/Focus\/bandeau-numerique.png\" alt=\"Les m\u00e9tiers des transitions num\u00e9rique et \u00e9nerg\u00e9tique\" \/><\/a><\/div> <div class='rt-detail'><h3 class=\"entry-title\"><a data-id=\"690\" class=\"\" href=\"https:\/\/www.pedagogie.ac-nice.fr\/sti-pro\/enseigner\/les-metiers-du-numerique-et-des-transitions-energetiques\/\" target='_blank'>Les m\u00e9tiers des transitions num\u00e9rique et \u00e9nerg\u00e9tique<\/a><\/h3><div class='post-meta left'><span class='read-more'><a data-id='690' class='' href='https:\/\/www.pedagogie.ac-nice.fr\/sti-pro\/enseigner\/les-metiers-du-numerique-et-des-transitions-energetiques\/' target='_blank'>En savoir plus<\/a><\/span><\/div><\/div><\/div><\/div><div class=\"rt-col-md-4 rt-col-sm-6 rt-col-xs-12 even-grid-item rt-grid-item\" data-id=\"684\"><div class=\"rt-holder\"><div class=\"rt-img-holder\"><a data-id='684' class='' href='https:\/\/www.pedagogie.ac-nice.fr\/sti-pro\/enseigner\/les-metiers-des-industries-graphiques-et-de-la-communication\/' target='_blank'><img decoding=\"async\" class=\"rt-img-responsive \" src=\"https:\/\/eduscol.education.fr\/sites\/default\/files\/styles\/banner_1680x360\/public\/2022-12\/banniere_eduscol_1680x360_793.jpg?itok=KURTuc7O\" alt=\"Les m\u00e9tiers des industries graphiques, de la communication et de l&rsquo;audiovisuel\" \/><\/a><\/div> <div class='rt-detail'><h3 class=\"entry-title\"><a data-id=\"684\" class=\"\" href=\"https:\/\/www.pedagogie.ac-nice.fr\/sti-pro\/enseigner\/les-metiers-des-industries-graphiques-et-de-la-communication\/\" target='_blank'>Les m\u00e9tiers des industries graphiques, de la communication et de l&rsquo;audiovisuel<\/a><\/h3><div class='post-meta left'><span class='read-more'><a data-id='684' class='' href='https:\/\/www.pedagogie.ac-nice.fr\/sti-pro\/enseigner\/les-metiers-des-industries-graphiques-et-de-la-communication\/' target='_blank'>En savoir plus<\/a><\/span><\/div><\/div><\/div><\/div><div class=\"rt-col-md-4 rt-col-sm-6 rt-col-xs-12 even-grid-item rt-grid-item\" data-id=\"686\"><div class=\"rt-holder\"><div class=\"rt-img-holder\"><a data-id='686' class='' href='https:\/\/www.pedagogie.ac-nice.fr\/sti-pro\/enseigner\/les-metiers-des-etudes-et-de-la-modelisation-numerique-du-batiment\/' target='_blank'><img decoding=\"async\" class=\"rt-img-responsive \" src=\"https:\/\/image.jimcdn.com\/app\/cms\/image\/transf\/dimension=940x10000:format=jpg\/path\/sf649f45ffe00bc2b\/image\/i1c2493be59cc5219\/version\/1666375049\/dassault-aviation-dral-inde-nagpur-enjoy-egis-india-amo-bim.jpg\" alt=\"Les m\u00e9tiers des \u00e9tudes et de la mod\u00e9lisation num\u00e9rique du b\u00e2timent\" \/><\/a><\/div> <div class='rt-detail'><h3 class=\"entry-title\"><a data-id=\"686\" class=\"\" href=\"https:\/\/www.pedagogie.ac-nice.fr\/sti-pro\/enseigner\/les-metiers-des-etudes-et-de-la-modelisation-numerique-du-batiment\/\" target='_blank'>Les m\u00e9tiers des \u00e9tudes et de la mod\u00e9lisation num\u00e9rique du b\u00e2timent<\/a><\/h3><div class='post-meta left'><span class='read-more'><a data-id='686' class='' href='https:\/\/www.pedagogie.ac-nice.fr\/sti-pro\/enseigner\/les-metiers-des-etudes-et-de-la-modelisation-numerique-du-batiment\/' target='_blank'>En savoir plus<\/a><\/span><\/div><\/div><\/div><\/div><div class=\"rt-col-md-4 rt-col-sm-6 rt-col-xs-12 even-grid-item rt-grid-item\" data-id=\"714\"><div class=\"rt-holder\"><div class=\"rt-img-holder\"><a data-id='714' class='' href='https:\/\/www.pedagogie.ac-nice.fr\/sti-pro\/enseigner\/les-metiers-de-la-vision-et-de-lappareillage-medical\/' target='_blank'><img decoding=\"async\" class=\"rt-img-responsive \" src=\"https:\/\/upsat.tn\/wp-content\/uploads\/2020\/02\/Dipl%C3%B4me_UPSAT_Licence-en-Optique-lunetterie_Banni%C3%A8re_SS_392267314.jpg\" alt=\"Les m\u00e9tiers de la vision et de l\u2019appareillage m\u00e9dical\" \/><\/a><\/div> <div class='rt-detail'><h3 class=\"entry-title\"><a data-id=\"714\" class=\"\" href=\"https:\/\/www.pedagogie.ac-nice.fr\/sti-pro\/enseigner\/les-metiers-de-la-vision-et-de-lappareillage-medical\/\" target='_blank'>Les m\u00e9tiers de la vision et de l\u2019appareillage m\u00e9dical<\/a><\/h3><div class='post-meta left'><span class='read-more'><a data-id='714' class='' href='https:\/\/www.pedagogie.ac-nice.fr\/sti-pro\/enseigner\/les-metiers-de-la-vision-et-de-lappareillage-medical\/' target='_blank'>En savoir plus<\/a><\/span><\/div><\/div><\/div><\/div><div class=\"rt-col-md-4 rt-col-sm-6 rt-col-xs-12 even-grid-item rt-grid-item\" data-id=\"688\"><div class=\"rt-holder\"><div class=\"rt-img-holder\"><a data-id='688' class='' href='https:\/\/www.pedagogie.ac-nice.fr\/sti-pro\/enseigner\/les-metiers-de-la-realisation-densembles-mecaniques-et-industriels\/' target='_blank'><img decoding=\"async\" class=\"rt-img-responsive \" src=\"https:\/\/www.theomeca.fr\/app\/uploads\/2020\/09\/fraise-usinage-piece-complexe-1280x500-c-default.jpg\" alt=\"Les m\u00e9tiers de la r\u00e9alisation d&rsquo;ensembles m\u00e9caniques et industriels\" \/><\/a><\/div> <div class='rt-detail'><h3 class=\"entry-title\"><a data-id=\"688\" class=\"\" href=\"https:\/\/www.pedagogie.ac-nice.fr\/sti-pro\/enseigner\/les-metiers-de-la-realisation-densembles-mecaniques-et-industriels\/\" target='_blank'>Les m\u00e9tiers de la r\u00e9alisation d&rsquo;ensembles m\u00e9caniques et industriels<\/a><\/h3><div class='post-meta left'><span class='read-more'><a data-id='688' class='' href='https:\/\/www.pedagogie.ac-nice.fr\/sti-pro\/enseigner\/les-metiers-de-la-realisation-densembles-mecaniques-et-industriels\/' target='_blank'>En savoir plus<\/a><\/span><\/div><\/div><\/div><\/div><div class=\"rt-col-md-4 rt-col-sm-6 rt-col-xs-12 even-grid-item rt-grid-item\" data-id=\"711\"><div class=\"rt-holder\"><div class=\"rt-img-holder\"><a data-id='711' class='' href='https:\/\/www.pedagogie.ac-nice.fr\/sti-pro\/enseigner\/les-metiers-de-la-mode-du-cuir-et-du-vetement\/' target='_blank'><img decoding=\"async\" class=\"rt-img-responsive \" src=\"https:\/\/www.studycdn.space\/sites\/default\/files\/styles\/hero_article_big\/public\/rubrique\/2022-06\/rubon120.png.webp?itok=D3AVfP7V\" alt=\"Les m\u00e9tiers de la mode, du cuir et du v\u00eatement\" \/><\/a><\/div> <div class='rt-detail'><h3 class=\"entry-title\"><a data-id=\"711\" class=\"\" href=\"https:\/\/www.pedagogie.ac-nice.fr\/sti-pro\/enseigner\/les-metiers-de-la-mode-du-cuir-et-du-vetement\/\" target='_blank'>Les m\u00e9tiers de la mode, du cuir et du v\u00eatement<\/a><\/h3><div class='post-meta left'><span class='read-more'><a data-id='711' class='' href='https:\/\/www.pedagogie.ac-nice.fr\/sti-pro\/enseigner\/les-metiers-de-la-mode-du-cuir-et-du-vetement\/' target='_blank'>En savoir plus<\/a><\/span><\/div><\/div><\/div><\/div><div class=\"rt-col-md-4 rt-col-sm-6 rt-col-xs-12 even-grid-item rt-grid-item\" data-id=\"1037\"><div class=\"rt-holder\"><div class=\"rt-img-holder\"><a data-id='1037' class='' href='https:\/\/www.pedagogie.ac-nice.fr\/sti-pro\/enseigner\/les-metiers-de-la-mer\/' target='_blank'><img decoding=\"async\" class=\"rt-img-responsive \" src=\"https:\/\/www.cegelec-defense.com\/app\/uploads\/sites\/93\/2022\/04\/fregate_surveillance-1366x500-bandeaux-1.png\" alt=\"Les m\u00e9tiers de la mer\" \/><\/a><\/div> <div class='rt-detail'><h3 class=\"entry-title\"><a data-id=\"1037\" class=\"\" href=\"https:\/\/www.pedagogie.ac-nice.fr\/sti-pro\/enseigner\/les-metiers-de-la-mer\/\" target='_blank'>Les m\u00e9tiers de la mer<\/a><\/h3><div class='post-meta left'><span class='read-more'><a data-id='1037' class='' href='https:\/\/www.pedagogie.ac-nice.fr\/sti-pro\/enseigner\/les-metiers-de-la-mer\/' target='_blank'>En savoir plus<\/a><\/span><\/div><\/div><\/div><\/div><div class=\"rt-col-md-4 rt-col-sm-6 rt-col-xs-12 even-grid-item rt-grid-item\" data-id=\"692\"><div class=\"rt-holder\"><div class=\"rt-img-holder\"><a data-id='692' class='' href='https:\/\/www.pedagogie.ac-nice.fr\/sti-pro\/enseigner\/les-metiers-de-la-maintenance-des-materiels-et-des-vehicules\/' target='_blank'><img decoding=\"async\" class=\"rt-img-responsive \" src=\"https:\/\/www.studycdn.space\/sites\/default\/files\/2024-03\/technicien-maintenance-batterie-electrique.png\" alt=\"Les m\u00e9tiers de la maintenance des mat\u00e9riels et des v\u00e9hicules\" \/><\/a><\/div> <div class='rt-detail'><h3 class=\"entry-title\"><a data-id=\"692\" class=\"\" href=\"https:\/\/www.pedagogie.ac-nice.fr\/sti-pro\/enseigner\/les-metiers-de-la-maintenance-des-materiels-et-des-vehicules\/\" target='_blank'>Les m\u00e9tiers de la maintenance des mat\u00e9riels et des v\u00e9hicules<\/a><\/h3><div class='post-meta left'><span class='read-more'><a data-id='692' class='' href='https:\/\/www.pedagogie.ac-nice.fr\/sti-pro\/enseigner\/les-metiers-de-la-maintenance-des-materiels-et-des-vehicules\/' target='_blank'>En savoir plus<\/a><\/span><\/div><\/div><\/div><\/div><div class=\"rt-col-md-4 rt-col-sm-6 rt-col-xs-12 even-grid-item rt-grid-item\" data-id=\"681\"><div class=\"rt-holder\"><div class='rt-detail'><h3 class=\"entry-title\"><a data-id=\"681\" class=\"\" href=\"https:\/\/www.pedagogie.ac-nice.fr\/sti-pro\/enseigner\/les-metiers-de-la-construction-durable-du-batiment-et-des-travaux-publics\/\" target='_blank'>Les m\u00e9tiers de la construction durable, du b\u00e2timent et des travaux publics<\/a><\/h3><div class='post-meta left'><span class='read-more'><a data-id='681' class='' href='https:\/\/www.pedagogie.ac-nice.fr\/sti-pro\/enseigner\/les-metiers-de-la-construction-durable-du-batiment-et-des-travaux-publics\/' target='_blank'>En savoir plus<\/a><\/span><\/div><\/div><\/div><\/div><div class=\"rt-col-md-4 rt-col-sm-6 rt-col-xs-12 even-grid-item rt-grid-item\" data-id=\"696\"><div class=\"rt-holder\"><div class='rt-detail'><h3 class=\"entry-title\"><a data-id=\"696\" class=\"\" href=\"https:\/\/www.pedagogie.ac-nice.fr\/sti-pro\/enseigner\/les-metiers-de-lagencement-de-la-menuiserie-et-de-lameublement\/\" target='_blank'>Les m\u00e9tiers de l\u2019agencement, de la menuiserie et de l&rsquo;ameublement<\/a><\/h3><div class='post-meta left'><span class='read-more'><a data-id='696' class='' href='https:\/\/www.pedagogie.ac-nice.fr\/sti-pro\/enseigner\/les-metiers-de-lagencement-de-la-menuiserie-et-de-lameublement\/' target='_blank'>En savoir plus<\/a><\/span><\/div><\/div><\/div><\/div><div class=\"rt-col-md-4 rt-col-sm-6 rt-col-xs-12 even-grid-item rt-grid-item\" data-id=\"1035\"><div class=\"rt-holder\"><div class='rt-detail'><h3 class=\"entry-title\"><a data-id=\"1035\" class=\"\" href=\"https:\/\/www.pedagogie.ac-nice.fr\/sti-pro\/enseigner\/les-metiers-de-laeronautique\/\" target='_blank'>Les m\u00e9tiers de l&rsquo;a\u00e9ronautique<\/a><\/h3><div class='post-meta left'><span class='read-more'><a data-id='1035' class='' href='https:\/\/www.pedagogie.ac-nice.fr\/sti-pro\/enseigner\/les-metiers-de-laeronautique\/' target='_blank'>En savoir plus<\/a><\/span><\/div><\/div><\/div><\/div><\/div><\/div>\n","protected":false},"excerpt":{"rendered":"<p>&nbsp;<\/p>\n","protected":false},"author":1,"featured_media":0,"parent":0,"menu_order":3,"comment_status":"closed","ping_status":"closed","template":"","meta":{"colormag_page_container_layout":"no_sidebar_full_width","colormag_page_sidebar_layout":"no_sidebar","ngg_post_thumbnail":0,"footnotes":""},"class_list":["post-37","page","type-page","status-publish","hentry"],"rttpg_featured_image_url":null,"rttpg_author":{"display_name":"norco","author_link":"https:\/\/www.pedagogie.ac-nice.fr\/sti-pro\/author\/norco\/"},"rttpg_comment":0,"rttpg_category":null,"rttpg_excerpt":"&nbsp;","post_mailing_queue_ids":[],"_links":{"self":[{"href":"https:\/\/www.pedagogie.ac-nice.fr\/sti-pro\/wp-json\/wp\/v2\/pages\/37","targetHints":{"allow":["GET"]}}],"collection":[{"href":"https:\/\/www.pedagogie.ac-nice.fr\/sti-pro\/wp-json\/wp\/v2\/pages"}],"about":[{"href":"https:\/\/www.pedagogie.ac-nice.fr\/sti-pro\/wp-json\/wp\/v2\/types\/page"}],"author":[{"embeddable":true,"href":"https:\/\/www.pedagogie.ac-nice.fr\/sti-pro\/wp-json\/wp\/v2\/users\/1"}],"replies":[{"embeddable":true,"href":"https:\/\/www.pedagogie.ac-nice.fr\/sti-pro\/wp-json\/wp\/v2\/comments?post=37"}],"version-history":[{"count":34,"href":"https:\/\/www.pedagogie.ac-nice.fr\/sti-pro\/wp-json\/wp\/v2\/pages\/37\/revisions"}],"predecessor-version":[{"id":1110,"href":"https:\/\/www.pedagogie.ac-nice.fr\/sti-pro\/wp-json\/wp\/v2\/pages\/37\/revisions\/1110"}],"wp:attachment":[{"href":"https:\/\/www.pedagogie.ac-nice.fr\/sti-pro\/wp-json\/wp\/v2\/media?parent=37"}],"curies":[{"name":"wp","href":"https:\/\/api.w.org\/{rel}","templated":true}]}}