{"id":536,"date":"2022-11-30T09:22:06","date_gmt":"2022-11-30T08:22:06","guid":{"rendered":"https:\/\/www.pedagogie.ac-nice.fr\/sii\/?page_id=536"},"modified":"2025-03-01T08:42:56","modified_gmt":"2025-03-01T07:42:56","slug":"nos-espaces-academiques-tribu","status":"publish","type":"page","link":"https:\/\/www.pedagogie.ac-nice.fr\/sti-pro\/collaborer\/nos-espaces-academiques-tribu\/","title":{"rendered":"Nos espaces acad\u00e9miques Tribu"},"content":{"rendered":"<p><img loading=\"lazy\" decoding=\"async\" class=\"shrinkToFit transparent\" src=\"https:\/\/foad.phm.education.gouv.fr\/images\/image_tribu.png\" alt=\"https:\/\/foad.phm.education.gouv.fr\/images\/image_tribu.png\" width=\"1366\" height=\"386\"><\/p>\n<h2 id=\"tablepress-3-name\" class=\"tablepress-table-name tablepress-table-name-id-3\">Les espaces BTS<\/h2>\n\n<table id=\"tablepress-3\" class=\"tablepress tablepress-id-3\" aria-labelledby=\"tablepress-3-name\">\n<tbody class=\"row-striping row-hover\">\n<tr class=\"row-1\">\n\t<td class=\"column-1\"><strong>Pilotage STI - Acad\u00e9mie de Nice<\/strong><\/td><td class=\"column-2\">Site collaboratif des DDF et coordonnateurs SI des acad\u00e9mies de Nice et de Corse<\/td><td class=\"column-3\"><a href=\"https:\/\/tribu.phm.education.gouv.fr\/portal\/share\/E3WpJC\" rel=\"noopener\" target=\"_blank\">Acc\u00e8der<\/a><\/td>\n<\/tr>\n<tr class=\"row-2\">\n\t<td class=\"column-1\"><strong>BTS CPI - Groupement Interacad\u00e9mique de Nice<\/strong><\/td><td class=\"column-2\">Espace collaboratif du BTS Conception de Produits Industriels du groupement Nice - Aix Marseille<\/td><td class=\"column-3\"><a href=\"https:\/\/tribu.phm.education.gouv.fr\/portal_v2\/tribu-app\/document?id=ISPjPp\" rel=\"noopener\" target=\"_blank\">Acc\u00e8der<\/a><\/td>\n<\/tr>\n<tr class=\"row-3\">\n\t<td class=\"column-1\"><strong>BTS OL - Groupement Interacad\u00e9mique de Nice<\/strong><\/td><td class=\"column-2\">Espace collaboratif du BTS Opticien Lunetier du groupement Nice - Aix Marseille<\/td><td class=\"column-3\"><a href=\"https:\/\/tribu.phm.education.gouv.fr\/portal_v2\/tribu-app\/document?id=BFVHhv\" rel=\"noopener\" target=\"_blank\">Acc\u00e8der<\/a><\/td>\n<\/tr>\n<tr class=\"row-4\">\n\t<td class=\"column-1\"><strong>BTS MAV - Groupement Interacad\u00e9mique de Nice<\/strong><\/td><td class=\"column-2\">Espace collaboratif du BTS M\u00e9tiers de l\u2019Audio-Visuel du groupement Nice - Aix Marseille - Clermont Ferrand - Grenoble - Lyon<\/td><td class=\"column-3\"><a href=\"https:\/\/tribu.phm.education.gouv.fr\/portal_v2\/tribu-app\/document?id=UBSZnf\" rel=\"noopener\" target=\"_blank\">Acc\u00e8der<\/a><\/td>\n<\/tr>\n<tr class=\"row-5\">\n\t<td class=\"column-1\"><strong>BTS TM Groupement Interacad\u00e9mique de Nice<\/strong><\/td><td class=\"column-2\">Espace collaboratif du BTS Traitement des Mat\u00e9riaux du groupement Nice - Toulouse - Montpellier - Grenoble - Lyon<\/td><td class=\"column-3\"><a href=\"https:\/\/tribu.phm.education.gouv.fr\/portal_v2\/tribu-app\/document?id=qr_tls-spcfa-ststm\" rel=\"noopener\" target=\"_blank\">Acc\u00e8der<\/a><\/td>\n<\/tr>\n<tr class=\"row-6\">\n\t<td class=\"column-1\"><strong>BTS CIEL - Acad\u00e9mie de Nice<\/strong><\/td><td class=\"column-2\">Espace collaboratif du BTS Cybers\u00e9curit\u00e9 Informatique R\u00e9seaux ELectronique du groupement Nice<\/td><td class=\"column-3\"><a href=\"https:\/\/tribu.phm.education.gouv.fr\/portal_v2\/tribu-app\/document?id=FPKOSu\" rel=\"noopener\" target=\"_blank\">Acc\u00e8der<\/a><\/td>\n<\/tr>\n<tr class=\"row-7\">\n\t<td class=\"column-1\"><strong>BTS MN - Groupement Interacad\u00e9mique<\/strong><\/td><td class=\"column-2\"><\/td><td class=\"column-3\"><a href=\"https:\/\/tribu.phm.education.gouv.fr\/portal_v2\/tribu-app\/document?id=35x1BX\" rel=\"noopener\" target=\"_blank\">Acc\u00e8der<\/a><\/td>\n<\/tr>\n<\/tbody>\n<\/table>\n<!-- #tablepress-3 from cache -->\n","protected":false},"excerpt":{"rendered":"","protected":false},"author":1,"featured_media":0,"parent":41,"menu_order":0,"comment_status":"closed","ping_status":"closed","template":"","meta":{"colormag_page_container_layout":"no_sidebar_full_width","colormag_page_sidebar_layout":"no_sidebar","ngg_post_thumbnail":0,"footnotes":""},"class_list":["post-536","page","type-page","status-publish","hentry"],"rttpg_featured_image_url":null,"rttpg_author":{"display_name":"norco","author_link":"https:\/\/www.pedagogie.ac-nice.fr\/sti-pro\/author\/norco\/"},"rttpg_comment":0,"rttpg_category":null,"rttpg_excerpt":null,"post_mailing_queue_ids":[],"_links":{"self":[{"href":"https:\/\/www.pedagogie.ac-nice.fr\/sti-pro\/wp-json\/wp\/v2\/pages\/536","targetHints":{"allow":["GET"]}}],"collection":[{"href":"https:\/\/www.pedagogie.ac-nice.fr\/sti-pro\/wp-json\/wp\/v2\/pages"}],"about":[{"href":"https:\/\/www.pedagogie.ac-nice.fr\/sti-pro\/wp-json\/wp\/v2\/types\/page"}],"author":[{"embeddable":true,"href":"https:\/\/www.pedagogie.ac-nice.fr\/sti-pro\/wp-json\/wp\/v2\/users\/1"}],"replies":[{"embeddable":true,"href":"https:\/\/www.pedagogie.ac-nice.fr\/sti-pro\/wp-json\/wp\/v2\/comments?post=536"}],"version-history":[{"count":4,"href":"https:\/\/www.pedagogie.ac-nice.fr\/sti-pro\/wp-json\/wp\/v2\/pages\/536\/revisions"}],"predecessor-version":[{"id":1233,"href":"https:\/\/www.pedagogie.ac-nice.fr\/sti-pro\/wp-json\/wp\/v2\/pages\/536\/revisions\/1233"}],"up":[{"embeddable":true,"href":"https:\/\/www.pedagogie.ac-nice.fr\/sti-pro\/wp-json\/wp\/v2\/pages\/41"}],"wp:attachment":[{"href":"https:\/\/www.pedagogie.ac-nice.fr\/sti-pro\/wp-json\/wp\/v2\/media?parent=536"}],"curies":[{"name":"wp","href":"https:\/\/api.w.org\/{rel}","templated":true}]}}