{"id":684,"date":"2023-05-17T14:50:19","date_gmt":"2023-05-17T12:50:19","guid":{"rendered":"https:\/\/www.pedagogie.ac-nice.fr\/sti-pro\/?page_id=684"},"modified":"2024-11-03T20:16:18","modified_gmt":"2024-11-03T19:16:18","slug":"les-metiers-des-industries-graphiques-et-de-la-communication","status":"publish","type":"page","link":"https:\/\/www.pedagogie.ac-nice.fr\/sti-pro\/enseigner\/les-metiers-des-industries-graphiques-et-de-la-communication\/","title":{"rendered":"Les m\u00e9tiers des industries graphiques, de la communication et de l&rsquo;audiovisuel"},"content":{"rendered":"<p><img loading=\"lazy\" decoding=\"async\" class=\"shrinkToFit\" src=\"https:\/\/eduscol.education.fr\/sites\/default\/files\/styles\/banner_1680x360\/public\/2022-12\/banniere_eduscol_1680x360_793.jpg?itok=KURTuc7O\" alt=\"https:\/\/eduscol.education.fr\/sites\/default\/files\/styles\/banner_1680x360\/public\/2022-12\/banniere_eduscol_1680x360_793.jpg?itok=KURTuc7O\" width=\"1366\" height=\"292\"><\/p>\n<p>&nbsp;<br \/>\n\n<table id=\"tablepress-11\" class=\"tablepress tablepress-id-11\">\n<thead>\n<tr class=\"row-1\">\n\t<th class=\"column-1\">Qualification<\/th><th class=\"column-2\">Dipl\u00f4me<\/th><th class=\"column-3\">D\u00e9signation<\/th><th class=\"column-4\">Information<\/th><th class=\"column-5\">Orientation<\/th><th class=\"column-6\">Insertion<\/th><th class=\"column-7\">Admission<\/th>\n<\/tr>\n<\/thead>\n<tbody class=\"row-striping row-hover\">\n<tr class=\"row-2\">\n\t<td class=\"column-1\"><strong>Niveau 5<\/strong><\/td><td class=\"column-2\">BTS<\/td><td class=\"column-3\">M\u00e9tiers de l'audiovisuel option gestion de production<\/td><td class=\"column-4\"><\/td><td class=\"column-5\"><a href=\"https:\/\/www.onisep.fr\/ressources\/univers-formation\/formations\/post-bac\/bts-metiers-de-l-audiovisuel-option-gestion-de-production\" rel=\"noopener\" target=\"_blank\">\ud83c\udd7e\ufe0f Onisep<\/a><\/td><td class=\"column-6\"><a href=\"https:\/\/orion.inserjeunes.beta.gouv.fr\/console\/etablissements?filters[codeRegion][0]=93&amp;filters[codeAcademie][0]=23&amp;filters[codeNiveauDiplome][0]=320&amp;filters[cfd][0]=32032328&amp;filters[cfd][1]=32032329&amp;filters[cfd][2]=32032330&amp;filters[cfd][3]=32032332&amp;filters[cfd][4]=32032331&amp;withAnneeCommune=true\" rel=\"noopener\" target=\"_blank\">\ud83c\udf10 Orion<\/a><\/td><td class=\"column-7\"><a href=\"https:\/\/www.parcoursup.gouv.fr\/\" rel=\"noopener\" target=\"_blank\">\ud83d\udc64 Parcoursup<\/a><\/td>\n<\/tr>\n<tr class=\"row-3\">\n\t<td class=\"column-1\"><strong>Niveau 5<\/strong><\/td><td class=\"column-2\">BTS<\/td><td class=\"column-3\">M\u00e9tiers de l'audiovisuel option m\u00e9tiers de l'image<\/td><td class=\"column-4\"><\/td><td class=\"column-5\"><a href=\"https:\/\/www.onisep.fr\/ressources\/univers-formation\/formations\/post-bac\/bts-metiers-de-l-audiovisuel-option-metiers-de-l-image\" rel=\"noopener\" target=\"_blank\">\ud83c\udd7e\ufe0f Onisep<\/a><\/td><td class=\"column-6\"><a href=\"https:\/\/orion.inserjeunes.beta.gouv.fr\/console\/etablissements?filters[codeRegion][0]=93&amp;filters[codeAcademie][0]=23&amp;filters[codeNiveauDiplome][0]=320&amp;filters[cfd][0]=32032328&amp;filters[cfd][1]=32032329&amp;filters[cfd][2]=32032330&amp;filters[cfd][3]=32032332&amp;filters[cfd][4]=32032331&amp;withAnneeCommune=true\" rel=\"noopener\" target=\"_blank\">\ud83c\udf10 Orion<\/a><\/td><td class=\"column-7\"><a href=\"https:\/\/www.parcoursup.gouv.fr\/\" rel=\"noopener\" target=\"_blank\">\ud83d\udc64 Parcoursup<\/a><\/td>\n<\/tr>\n<tr class=\"row-4\">\n\t<td class=\"column-1\"><strong>Niveau 5<\/strong><\/td><td class=\"column-2\">BTS<\/td><td class=\"column-3\">M\u00e9tiers de l'audiovisuel option m\u00e9tiers du son<\/td><td class=\"column-4\"><\/td><td class=\"column-5\"><a href=\"https:\/\/www.onisep.fr\/ressources\/univers-formation\/formations\/post-bac\/bts-metiers-de-l-audiovisuel-option-metiers-du-son\" rel=\"noopener\" target=\"_blank\">\ud83c\udd7e\ufe0f Onisep<\/a><\/td><td class=\"column-6\"><a href=\"https:\/\/orion.inserjeunes.beta.gouv.fr\/console\/etablissements?filters[codeRegion][0]=93&amp;filters[codeAcademie][0]=23&amp;filters[codeNiveauDiplome][0]=320&amp;filters[cfd][0]=32032328&amp;filters[cfd][1]=32032329&amp;filters[cfd][2]=32032330&amp;filters[cfd][3]=32032332&amp;filters[cfd][4]=32032331&amp;withAnneeCommune=true\" rel=\"noopener\" target=\"_blank\">\ud83c\udf10 Orion<\/a><\/td><td class=\"column-7\"><a href=\"https:\/\/www.parcoursup.gouv.fr\/\" rel=\"noopener\" target=\"_blank\">\ud83d\udc64 Parcoursup<\/a><\/td>\n<\/tr>\n<tr class=\"row-5\">\n\t<td class=\"column-1\"><strong>Niveau 5<\/strong><\/td><td class=\"column-2\">BTS<\/td><td class=\"column-3\">M\u00e9tiers de l'audiovisuel option montage et postproduction<\/td><td class=\"column-4\"><\/td><td class=\"column-5\"><a href=\"https:\/\/www.onisep.fr\/ressources\/structures-enseignement\/ile-de-france\/hauts-de-seine\/ecole-superieure-des-metiers-de-l-image-du-son-et-de-la-creation-2d-3d\/bts-metiers-de-l-audiovisuel-option-metiers-du-montage-et-de-la-postproduction\" rel=\"noopener\" target=\"_blank\">\ud83c\udd7e\ufe0f Onisep<\/a><\/td><td class=\"column-6\"><a href=\"https:\/\/orion.inserjeunes.beta.gouv.fr\/console\/etablissements?filters[codeRegion][0]=93&amp;filters[codeAcademie][0]=23&amp;filters[codeNiveauDiplome][0]=320&amp;filters[cfd][0]=32032328&amp;filters[cfd][1]=32032329&amp;filters[cfd][2]=32032330&amp;filters[cfd][3]=32032332&amp;filters[cfd][4]=32032331&amp;withAnneeCommune=true\" rel=\"noopener\" target=\"_blank\">\ud83c\udf10 Orion<\/a><\/td><td class=\"column-7\"><a href=\"https:\/\/www.parcoursup.gouv.fr\/\" rel=\"noopener\" target=\"_blank\">\ud83d\udc64 Parcoursup<\/a><\/td>\n<\/tr>\n<tr class=\"row-6\">\n\t<td class=\"column-1\"><strong>Niveau 5<\/strong><\/td><td class=\"column-2\">BTS<\/td><td class=\"column-3\">M\u00e9tiers de l'audiovisuel option techniques d'ing\u00e9nierie et exploitation des \u00e9quipements<\/td><td class=\"column-4\"><\/td><td class=\"column-5\"><a href=\"https:\/\/www.onisep.fr\/ressources\/univers-formation\/formations\/post-bac\/bts-metiers-de-l-audiovisuel-option-techniques-d-ingenierie-et-exploitation-des-equipements\" rel=\"noopener\" target=\"_blank\">\ud83c\udd7e\ufe0f Onisep<\/a><\/td><td class=\"column-6\"><a href=\"https:\/\/orion.inserjeunes.beta.gouv.fr\/console\/etablissements?filters[codeRegion][0]=93&amp;filters[codeAcademie][0]=23&amp;filters[codeNiveauDiplome][0]=320&amp;filters[cfd][0]=32032328&amp;filters[cfd][1]=32032329&amp;filters[cfd][2]=32032330&amp;filters[cfd][3]=32032332&amp;filters[cfd][4]=32032331&amp;withAnneeCommune=true\" rel=\"noopener\" target=\"_blank\">\ud83c\udf10 Orion<\/a><\/td><td class=\"column-7\"><a href=\"https:\/\/www.parcoursup.gouv.fr\/\" rel=\"noopener\" target=\"_blank\">\ud83d\udc64 Parcoursup<\/a><\/td>\n<\/tr>\n<tr class=\"row-7\">\n\t<td class=\"column-1\"><strong>Niveau 4<\/strong><\/td><td class=\"column-2\">Bac Pro<\/td><td class=\"column-3\">R\u00e9alisation de produits imprim\u00e9s et plurim\u00e9dia option A productions graphiques<\/td><td class=\"column-4\"><a>\ud83d\udcf0 <\/a><\/td><td class=\"column-5\"><a href=\"https:\/\/www.onisep.fr\/ressources\/univers-formation\/formations\/lycees\/bac-pro-realisation-de-produits-imprimes-et-plurimedia-option-a-productions-graphiques\" rel=\"noopener\" target=\"_blank\">\ud83c\udd7e\ufe0f Onisep<\/a><\/td><td class=\"column-6\"><a href=\"https:\/\/orion.inserjeunes.beta.gouv.fr\/console\/etablissements?filters[codeRegion][0]=93&amp;filters[codeAcademie][0]=23&amp;filters[codeNiveauDiplome][0]=400&amp;filters[cfdFamille][0]=40032210&amp;filters[cfd][0]=40032207&amp;withAnneeCommune=false\" rel=\"noopener\" target=\"_blank\">\ud83c\udf10 Orion<\/a><\/td><td class=\"column-7\"><a href=\"https:\/\/www.ac-nice.fr\/l-orientation-en-3eme-et-l-affectation-en-lycee\" rel=\"noopener\" target=\"_blank\">\ud83d\udc64 Afflenet<\/a><\/td>\n<\/tr>\n<tr class=\"row-8\">\n\t<td class=\"column-1\"><strong>Niveau 4<\/strong><\/td><td class=\"column-2\">Bac Pro<\/td><td class=\"column-3\">R\u00e9alisation de produits imprim\u00e9s et plurim\u00e9dia option B productions imprim\u00e9es<\/td><td class=\"column-4\"><a>\ud83d\udcf0 <\/a><\/td><td class=\"column-5\"><a href=\"https:\/\/www.onisep.fr\/ressources\/univers-formation\/formations\/lycees\/bac-pro-realisation-de-produits-imprimes-et-plurimedia-option-b-productions-imprimees\" rel=\"noopener\" target=\"_blank\">\ud83c\udd7e\ufe0f Onisep<\/a><\/td><td class=\"column-6\"><a href=\"https:\/\/orion.inserjeunes.beta.gouv.fr\/console\/etablissements?filters[codeRegion][0]=93&amp;filters[codeAcademie][0]=23&amp;filters[codeNiveauDiplome][0]=400&amp;filters[cfdFamille][0]=40032210&amp;filters[cfd][0]=40032208&amp;withAnneeCommune=false\" rel=\"noopener\" target=\"_blank\">\ud83c\udf10 Orion<\/a><\/td><td class=\"column-7\"><a href=\"https:\/\/www.ac-nice.fr\/l-orientation-en-3eme-et-l-affectation-en-lycee\" rel=\"noopener\" target=\"_blank\">\ud83d\udc64 Afflenet<\/a><\/td>\n<\/tr>\n<\/tbody>\n<\/table>\n<!-- #tablepress-11 from cache --><\/p>\n","protected":false},"excerpt":{"rendered":"<p>&nbsp;<\/p>\n","protected":false},"author":322,"featured_media":0,"parent":37,"menu_order":0,"comment_status":"closed","ping_status":"closed","template":"","meta":{"colormag_page_container_layout":"no_sidebar_full_width","colormag_page_sidebar_layout":"no_sidebar","ngg_post_thumbnail":0,"footnotes":""},"class_list":["post-684","page","type-page","status-publish","hentry"],"rttpg_featured_image_url":null,"rttpg_author":{"display_name":"sii","author_link":"https:\/\/www.pedagogie.ac-nice.fr\/sti-pro\/author\/sii\/"},"rttpg_comment":0,"rttpg_category":null,"rttpg_excerpt":"&nbsp;","post_mailing_queue_ids":[],"_links":{"self":[{"href":"https:\/\/www.pedagogie.ac-nice.fr\/sti-pro\/wp-json\/wp\/v2\/pages\/684","targetHints":{"allow":["GET"]}}],"collection":[{"href":"https:\/\/www.pedagogie.ac-nice.fr\/sti-pro\/wp-json\/wp\/v2\/pages"}],"about":[{"href":"https:\/\/www.pedagogie.ac-nice.fr\/sti-pro\/wp-json\/wp\/v2\/types\/page"}],"author":[{"embeddable":true,"href":"https:\/\/www.pedagogie.ac-nice.fr\/sti-pro\/wp-json\/wp\/v2\/users\/322"}],"replies":[{"embeddable":true,"href":"https:\/\/www.pedagogie.ac-nice.fr\/sti-pro\/wp-json\/wp\/v2\/comments?post=684"}],"version-history":[{"count":10,"href":"https:\/\/www.pedagogie.ac-nice.fr\/sti-pro\/wp-json\/wp\/v2\/pages\/684\/revisions"}],"predecessor-version":[{"id":1191,"href":"https:\/\/www.pedagogie.ac-nice.fr\/sti-pro\/wp-json\/wp\/v2\/pages\/684\/revisions\/1191"}],"up":[{"embeddable":true,"href":"https:\/\/www.pedagogie.ac-nice.fr\/sti-pro\/wp-json\/wp\/v2\/pages\/37"}],"wp:attachment":[{"href":"https:\/\/www.pedagogie.ac-nice.fr\/sti-pro\/wp-json\/wp\/v2\/media?parent=684"}],"curies":[{"name":"wp","href":"https:\/\/api.w.org\/{rel}","templated":true}]}}