{"id":686,"date":"2023-05-17T14:51:41","date_gmt":"2023-05-17T12:51:41","guid":{"rendered":"https:\/\/www.pedagogie.ac-nice.fr\/sti-pro\/?page_id=686"},"modified":"2024-09-28T21:44:17","modified_gmt":"2024-09-28T19:44:17","slug":"les-metiers-des-etudes-et-de-la-modelisation-numerique-du-batiment","status":"publish","type":"page","link":"https:\/\/www.pedagogie.ac-nice.fr\/sti-pro\/enseigner\/les-metiers-des-etudes-et-de-la-modelisation-numerique-du-batiment\/","title":{"rendered":"Les m\u00e9tiers des \u00e9tudes et de la mod\u00e9lisation num\u00e9rique du b\u00e2timent"},"content":{"rendered":"<p><img decoding=\"async\" src=\"https:\/\/image.jimcdn.com\/app\/cms\/image\/transf\/dimension=940x10000:format=jpg\/path\/sf649f45ffe00bc2b\/image\/i1c2493be59cc5219\/version\/1666375049\/dassault-aviation-dral-inde-nagpur-enjoy-egis-india-amo-bim.jpg\" alt=\"https:\/\/image.jimcdn.com\/app\/cms\/image\/transf\/dimension=940x10000:format=jpg\/path\/sf649f45ffe00bc2b\/image\/i1c2493be59cc5219\/version\/1666375049\/dassault-aviation-dral-inde-nagpur-enjoy-egis-india-amo-bim.jpg\"><\/p>\n<p>&nbsp;<\/p>\n<ul>\n<li>Technicien d\u2019\u00e9tudes du b\u00e2timent :\n<ul>\n<li>option A : \u00c9tudes et \u00e9conomie&nbsp;<\/li>\n<li>option B : Assistant en architecture<\/li>\n<\/ul>\n<\/li>\n<li>Technicien g\u00e9om\u00e8tre-topographe.<\/li>\n<\/ul>\n","protected":false},"excerpt":{"rendered":"<p>&nbsp; Technicien d\u2019\u00e9tudes du b\u00e2timent : option A : \u00c9tudes et \u00e9conomie&nbsp; option B : Assistant en architecture Technicien g\u00e9om\u00e8tre-topographe.<\/p>\n","protected":false},"author":322,"featured_media":0,"parent":37,"menu_order":0,"comment_status":"closed","ping_status":"closed","template":"","meta":{"colormag_page_container_layout":"no_sidebar_full_width","colormag_page_sidebar_layout":"no_sidebar","ngg_post_thumbnail":0,"footnotes":""},"class_list":["post-686","page","type-page","status-publish","hentry"],"rttpg_featured_image_url":null,"rttpg_author":{"display_name":"sii","author_link":"https:\/\/www.pedagogie.ac-nice.fr\/sti-pro\/author\/sii\/"},"rttpg_comment":0,"rttpg_category":null,"rttpg_excerpt":"&nbsp; Technicien d\u2019\u00e9tudes du b\u00e2timent : option A : \u00c9tudes et \u00e9conomie&nbsp; option B : Assistant en architecture Technicien g\u00e9om\u00e8tre-topographe.","post_mailing_queue_ids":[],"_links":{"self":[{"href":"https:\/\/www.pedagogie.ac-nice.fr\/sti-pro\/wp-json\/wp\/v2\/pages\/686","targetHints":{"allow":["GET"]}}],"collection":[{"href":"https:\/\/www.pedagogie.ac-nice.fr\/sti-pro\/wp-json\/wp\/v2\/pages"}],"about":[{"href":"https:\/\/www.pedagogie.ac-nice.fr\/sti-pro\/wp-json\/wp\/v2\/types\/page"}],"author":[{"embeddable":true,"href":"https:\/\/www.pedagogie.ac-nice.fr\/sti-pro\/wp-json\/wp\/v2\/users\/322"}],"replies":[{"embeddable":true,"href":"https:\/\/www.pedagogie.ac-nice.fr\/sti-pro\/wp-json\/wp\/v2\/comments?post=686"}],"version-history":[{"count":3,"href":"https:\/\/www.pedagogie.ac-nice.fr\/sti-pro\/wp-json\/wp\/v2\/pages\/686\/revisions"}],"predecessor-version":[{"id":1114,"href":"https:\/\/www.pedagogie.ac-nice.fr\/sti-pro\/wp-json\/wp\/v2\/pages\/686\/revisions\/1114"}],"up":[{"embeddable":true,"href":"https:\/\/www.pedagogie.ac-nice.fr\/sti-pro\/wp-json\/wp\/v2\/pages\/37"}],"wp:attachment":[{"href":"https:\/\/www.pedagogie.ac-nice.fr\/sti-pro\/wp-json\/wp\/v2\/media?parent=686"}],"curies":[{"name":"wp","href":"https:\/\/api.w.org\/{rel}","templated":true}]}}