{"id":688,"date":"2023-05-17T14:52:31","date_gmt":"2023-05-17T12:52:31","guid":{"rendered":"https:\/\/www.pedagogie.ac-nice.fr\/sti-pro\/?page_id=688"},"modified":"2024-10-12T07:34:46","modified_gmt":"2024-10-12T05:34:46","slug":"les-metiers-de-la-realisation-densembles-mecaniques-et-industriels","status":"publish","type":"page","link":"https:\/\/www.pedagogie.ac-nice.fr\/sti-pro\/enseigner\/les-metiers-de-la-realisation-densembles-mecaniques-et-industriels\/","title":{"rendered":"Les m\u00e9tiers de la r\u00e9alisation d&rsquo;ensembles m\u00e9caniques et industriels"},"content":{"rendered":"<h2><img decoding=\"async\" src=\"https:\/\/www.theomeca.fr\/app\/uploads\/2020\/09\/fraise-usinage-piece-complexe-1280x500-c-default.jpg\" alt=\"https:\/\/www.theomeca.fr\/app\/uploads\/2020\/09\/fraise-usinage-piece-complexe-1280x500-c-default.jpg\"><\/h2>\n<hr>\n<h2>Les formations<\/h2>\n\n<table id=\"tablepress-7\" class=\"tablepress tablepress-id-7\">\n<thead>\n<tr class=\"row-1\">\n\t<th class=\"column-1\">Qualification<\/th><th class=\"column-2\">Dipl\u00f4me<\/th><th class=\"column-3\">D\u00e9signation<\/th><th class=\"column-4\">Information<\/th><th class=\"column-5\">Orientation<\/th><th class=\"column-6\">Insertion<\/th><th class=\"column-7\">Admission<\/th>\n<\/tr>\n<\/thead>\n<tbody class=\"row-striping row-hover\">\n<tr class=\"row-2\">\n\t<td class=\"column-1\"><strong>Niveau 6<\/strong><\/td><td class=\"column-2\">Bachelor<\/td><td class=\"column-3\">Technicien sp\u00e9cialis\u00e9 en Int\u00e9gration des Proc\u00e9d\u00e9s<\/td><td class=\"column-4\"><\/td><td class=\"column-5\"><\/td><td class=\"column-6\"><\/td><td class=\"column-7\"><\/td>\n<\/tr>\n<tr class=\"row-3\">\n\t<td class=\"column-1\"><strong>Niveau 5<\/strong><\/td><td class=\"column-2\">BTS<\/td><td class=\"column-3\">Conception des produits industriels (CPI)<\/td><td class=\"column-4\"><\/td><td class=\"column-5\"><a href=\"https:\/\/www.onisep.fr\/ressources\/univers-formation\/formations\/post-bac\/bts-conception-des-produits-industriels\" rel=\"noopener\" target=\"_blank\">\ud83c\udd7e\ufe0f Onisep<\/a><\/td><td class=\"column-6\"><a href=\"https:\/\/orion.inserjeunes.beta.gouv.fr\/console\/etablissements?filters[cfd][0]=32020009&amp;filters[codeDispositif][0]=311&amp;filters[codeRegion][0]=93&amp;filters[codeAcademie][0]=23&amp;withAnneeCommune=true\" rel=\"noopener\" target=\"_blank\">\ud83c\udf10 Orion<\/a><\/td><td class=\"column-7\"><a href=\"https:\/\/www.parcoursup.gouv.fr\/\" rel=\"noopener\" target=\"_blank\">\ud83d\udc64 Parcoursup<\/a><\/td>\n<\/tr>\n<tr class=\"row-4\">\n\t<td class=\"column-1\"><strong>Niveau 5<\/strong><\/td><td class=\"column-2\">BTS<\/td><td class=\"column-3\">Conception des processus<br \/>\nde r\u00e9alisation de produits option A<br \/>\nproduction unitaire (CPRP PU)<\/td><td class=\"column-4\"><\/td><td class=\"column-5\"><a href=\"https:\/\/www.onisep.fr\/ressources\/univers-formation\/formations\/post-bac\/bts-conception-des-processus-de-realisation-de-produits-option-a-production-unitaire\" rel=\"noopener\" target=\"_blank\">\ud83c\udd7e\ufe0f Onisep<\/a><\/td><td class=\"column-6\"><a href=\"https:\/\/orion.inserjeunes.beta.gouv.fr\/console\/etablissements?filters[codeDispositif][0]=311&amp;filters[codeRegion][0]=93&amp;filters[codeAcademie][0]=23&amp;filters[cfd][0]=32022318&amp;withAnneeCommune=true\" rel=\"noopener\" target=\"_blank\">\ud83c\udf10 Orion<\/a><\/td><td class=\"column-7\"><a href=\"https:\/\/www.parcoursup.gouv.fr\/\" rel=\"noopener\" target=\"_blank\">\ud83d\udc64 Parcoursup<\/a><\/td>\n<\/tr>\n<tr class=\"row-5\">\n\t<td class=\"column-1\"><strong>Niveau 5<\/strong><\/td><td class=\"column-2\">BTS<\/td><td class=\"column-3\">Conception des processus<br \/>\nde r\u00e9alisation de produits option B<br \/>\nproduction s\u00e9rielle (CPRP PS)<\/td><td class=\"column-4\"><\/td><td class=\"column-5\"><a href=\"\/\/www.onisep.fr\/ressources\/univers-formation\/formations\/post-bac\/bts-conception-des-processus-de-realisation-de-produits-option-b-production-serielle\" rel=\"noopener\" target=\"_blank\">\ud83c\udd7e\ufe0f Onisep<\/a><\/td><td class=\"column-6\"><a href=\"https:\/\/orion.inserjeunes.beta.gouv.fr\/console\/etablissements?filters[codeDispositif][0]=311&amp;filters[codeRegion][0]=93&amp;filters[codeAcademie][0]=23&amp;filters[cfd][0]=32022317&amp;withAnneeCommune=true\" rel=\"noopener\" target=\"_blank\">\ud83c\udf10 Orion<\/a><\/td><td class=\"column-7\"><a href=\"https:\/\/www.parcoursup.gouv.fr\/\" rel=\"noopener\" target=\"_blank\">\ud83d\udc64 Parcoursup<\/a><\/td>\n<\/tr>\n<tr class=\"row-6\">\n\t<td class=\"column-1\"><strong>Niveau 5<\/strong><\/td><td class=\"column-2\">BTS<\/td><td class=\"column-3\">Conception et r\u00e9alisation<br \/>\nen chaudronnerie industrielle (CRCI)<\/td><td class=\"column-4\"><\/td><td class=\"column-5\"><a href=\"https:\/\/www.onisep.fr\/ressources\/univers-formation\/formations\/post-bac\/bts-conception-et-realisation-en-chaudronnerie-industrielle\" rel=\"noopener\" target=\"_blank\">\ud83c\udd7e\ufe0f Onisep<\/a><\/td><td class=\"column-6\"><a href=\"https:\/\/orion.inserjeunes.beta.gouv.fr\/console\/etablissements?filters[codeDispositif][0]=311&amp;filters[codeRegion][0]=93&amp;filters[codeAcademie][0]=23&amp;filters[cfd][0]=32025415&amp;withAnneeCommune=true\" rel=\"noopener\" target=\"_blank\">\ud83c\udf10 Orion<\/a><\/td><td class=\"column-7\"><a href=\"https:\/\/www.parcoursup.gouv.fr\/\" rel=\"noopener\" target=\"_blank\">\ud83d\udc64 Parcoursup<\/a><\/td>\n<\/tr>\n<tr class=\"row-7\">\n\t<td class=\"column-1\"><strong>Niveau 5<\/strong><\/td><td class=\"column-2\">BTS<\/td><td class=\"column-3\">Traitement des mat\u00e9riaux option<br \/>\nA traitements thermiques<\/td><td class=\"column-4\"><\/td><td class=\"column-5\"><a href=\"https:\/\/www.onisep.fr\/ressources\/univers-formation\/formations\/post-bac\/bts-traitement-des-materiaux-option-a-traitements-thermiques\" rel=\"noopener\" target=\"_blank\">\ud83c\udd7e\ufe0f Onisep<\/a><\/td><td class=\"column-6\"><a href=\"https:\/\/orion.inserjeunes.beta.gouv.fr\/console\/etablissements?filters[codeDispositif][0]=311&amp;filters[codeRegion][0]=93&amp;filters[codeAcademie][0]=23&amp;filters[cfd][0]=32022311&amp;withAnneeCommune=true\" rel=\"noopener\" target=\"_blank\">\ud83c\udf10 Orion<\/a><\/td><td class=\"column-7\"><a href=\"https:\/\/www.parcoursup.gouv.fr\/\" rel=\"noopener\" target=\"_blank\">\ud83d\udc64 Parcoursup<\/a><\/td>\n<\/tr>\n<tr class=\"row-8\">\n\t<td class=\"column-1\"><strong>Niveau 5<\/strong><\/td><td class=\"column-2\">BTS<\/td><td class=\"column-3\">Traitement des mat\u00e9riaux option<br \/>\nB traitements de surfaces<\/td><td class=\"column-4\"><\/td><td class=\"column-5\"><a href=\"https:\/\/www.onisep.fr\/ressources\/univers-formation\/formations\/post-bac\/bts-traitement-des-materiaux-option-b-traitements-de-surfaces\" rel=\"noopener\" target=\"_blank\">\ud83c\udd7e\ufe0f Onisep<\/a><\/td><td class=\"column-6\"><a href=\"\/\/orion.inserjeunes.beta.gouv.fr\/console\/etablissements?filters[codeDispositif][0]=311&amp;filters[codeRegion][0]=93&amp;filters[codeAcademie][0]=23&amp;filters[cfd][0]=32022312&amp;withAnneeCommune=true\" rel=\"noopener\" target=\"_blank\">\ud83c\udf10 Orion<\/a><\/td><td class=\"column-7\"><a href=\"https:\/\/www.parcoursup.gouv.fr\/\" rel=\"noopener\" target=\"_blank\">\ud83d\udc64 Parcoursup<\/a><\/td>\n<\/tr>\n<tr class=\"row-9\">\n\t<td class=\"column-1\"><strong>Niveau 4<\/strong><\/td><td class=\"column-2\">Bac Pro<\/td><td class=\"column-3\">Microtechniques<\/td><td class=\"column-4\"><\/td><td class=\"column-5\"><a href=\"https:\/\/www.onisep.fr\/ressources\/univers-formation\/formations\/lycees\/bac-pro-microtechniques\" rel=\"noopener\" target=\"_blank\">\ud83c\udd7e\ufe0f Onisep<\/a><\/td><td class=\"column-6\"><a href=\"https:\/\/orion.inserjeunes.beta.gouv.fr\/console\/etablissements?filters[codeRegion][0]=93&amp;filters[codeAcademie][0]=23&amp;filters[codeDispositif][0]=247&amp;filters[cfd][0]=40025006&amp;withAnneeCommune=false\" rel=\"noopener\" target=\"_blank\">\ud83c\udf10 Orion<\/a><\/td><td class=\"column-7\"><a href=\"https:\/\/www.ac-nice.fr\/l-orientation-en-3eme-et-l-affectation-en-lycee\" rel=\"noopener\" target=\"_blank\">\ud83d\udc64 Afflenet<\/a><\/td>\n<\/tr>\n<tr class=\"row-10\">\n\t<td class=\"column-1\"><strong>Niveau 4<\/strong><\/td><td class=\"column-2\">Bac Pro<\/td><td class=\"column-3\">Technicien en chaudronnerie industrielle<\/td><td class=\"column-4\"><\/td><td class=\"column-5\"><a href=\"\/\/www.onisep.fr\/ressources\/univers-formation\/formations\/lycees\/bac-pro-technicien-en-chaudronnerie-industrielle\" rel=\"noopener\" target=\"_blank\">\ud83c\udd7e\ufe0f Onisep<\/a><\/td><td class=\"column-6\"><a href=\"https:\/\/orion.inserjeunes.beta.gouv.fr\/console\/etablissements?filters[codeRegion][0]=93&amp;filters[codeAcademie][0]=23&amp;filters[codeDispositif][0]=247&amp;filters[cfd][0]=40025411&amp;withAnneeCommune=false\" rel=\"noopener\" target=\"_blank\">\ud83c\udf10 Orion<\/a><\/td><td class=\"column-7\"><a href=\"https:\/\/www.ac-nice.fr\/l-orientation-en-3eme-et-l-affectation-en-lycee\" rel=\"noopener\" target=\"_blank\">\ud83d\udc64 Afflenet<\/a><\/td>\n<\/tr>\n<tr class=\"row-11\">\n\t<td class=\"column-1\"><strong>Niveau 4<\/strong><\/td><td class=\"column-2\">Bac Pro<\/td><td class=\"column-3\">Technicien en r\u00e9alisation de produits m\u00e9caniques option r\u00e9alisation et suivi de production<\/td><td class=\"column-4\"><\/td><td class=\"column-5\"><a href=\"https:\/\/www.onisep.fr\/ressources\/univers-formation\/formations\/lycees\/bac-pro-technicien-en-realisation-de-produits-mecaniques-option-realisation-et-suivi-de-productions\" rel=\"noopener\" target=\"_blank\">\ud83c\udd7e\ufe0f Onisep<\/a><\/td><td class=\"column-6\"><a href=\"https:\/\/orion.inserjeunes.beta.gouv.fr\/console\/etablissements?filters[codeRegion][0]=93&amp;filters[codeAcademie][0]=23&amp;filters[codeDispositif][0]=247&amp;filters[cfd][0]=40025014&amp;withAnneeCommune=false\" rel=\"noopener\" target=\"_blank\">\ud83c\udf10 Orion<\/a><\/td><td class=\"column-7\"><a href=\"https:\/\/www.ac-nice.fr\/l-orientation-en-3eme-et-l-affectation-en-lycee\" rel=\"noopener\" target=\"_blank\">\ud83d\udc64 Afflenet<\/a><\/td>\n<\/tr>\n<tr class=\"row-12\">\n\t<td class=\"column-1\"><strong>Niveau 4<\/strong><\/td><td class=\"column-2\">Bac Pro<\/td><td class=\"column-3\">Technicien en r\u00e9alisation de produits m\u00e9caniques option r\u00e9alisation et maintenance des outillages<\/td><td class=\"column-4\"><\/td><td class=\"column-5\"><a href=\"https:\/\/www.onisep.fr\/ressources\/univers-formation\/formations\/lycees\/bac-pro-technicien-en-realisation-de-produits-mecaniques-option-realisation-et-maintenance-des-outillages\" rel=\"noopener\" target=\"_blank\">\ud83c\udd7e\ufe0f Onisep<\/a><\/td><td class=\"column-6\"><a href=\"https:\/\/orion.inserjeunes.beta.gouv.fr\/console\/etablissements?filters[codeRegion][0]=93&amp;filters[codeAcademie][0]=23&amp;filters[codeDispositif][0]=247&amp;filters[cfd][0]=40025013&amp;withAnneeCommune=false\" rel=\"noopener\" target=\"_blank\">\ud83c\udf10 Orion<\/a><\/td><td class=\"column-7\"><a href=\"https:\/\/www.ac-nice.fr\/l-orientation-en-3eme-et-l-affectation-en-lycee\" rel=\"noopener\" target=\"_blank\">\ud83d\udc64 Afflenet<\/a><\/td>\n<\/tr>\n<tr class=\"row-13\">\n\t<td class=\"column-1\"><strong>Niveau 4<\/strong><\/td><td class=\"column-2\">Bac Pro<\/td><td class=\"column-3\">Mod\u00e9lisation et prototypage 3D<\/td><td class=\"column-4\"><\/td><td class=\"column-5\"><a href=\"https:\/\/www.onisep.fr\/ressources\/univers-formation\/formations\/lycees\/bac-pro-modelisation-et-prototypage-3d\" rel=\"noopener\" target=\"_blank\">\ud83c\udd7e\ufe0f Onisep<\/a><\/td><td class=\"column-6\"><a href=\"\/\/orion.inserjeunes.beta.gouv.fr\/console\/etablissements?filters[codeRegion][0]=93&amp;filters[codeAcademie][0]=23&amp;filters[codeDispositif][0]=247&amp;filters[cfd][0]=40020009&amp;withAnneeCommune=false\" rel=\"noopener\" target=\"_blank\">\ud83c\udf10 Orion<\/a><\/td><td class=\"column-7\"><a href=\"https:\/\/www.ac-nice.fr\/l-orientation-en-3eme-et-l-affectation-en-lycee\" rel=\"noopener\" target=\"_blank\">\ud83d\udc64 Afflenet<\/a><\/td>\n<\/tr>\n<tr class=\"row-14\">\n\t<td class=\"column-1\"><\/td><td class=\"column-2\"><\/td><td class=\"column-3\"><\/td><td class=\"column-4\"><\/td><td class=\"column-5\"><\/td><td class=\"column-6\"><\/td><td class=\"column-7\"><\/td>\n<\/tr>\n<\/tbody>\n<\/table>\n<!-- #tablepress-7 from cache -->\n<hr>\n<h2>&nbsp;Cartographie<\/h2>\n<h2><iframe loading=\"lazy\" src=\"\/\/umap.incubateur.anct.gouv.fr\/fr\/map\/famille-remi_774?scaleControl=false&amp;miniMap=false&amp;scrollWheelZoom=false&amp;zoomControl=true&amp;editMode=disabled&amp;moreControl=true&amp;searchControl=null&amp;tilelayersControl=null&amp;embedControl=null&amp;datalayersControl=true&amp;onLoadPanel=datalayers&amp;captionBar=false&amp;captionMenus=true\" width=\"100%\" height=\"500px\" frameborder=\"0\" allowfullscreen=\"allowfullscreen\"><\/iframe><\/h2>\n<p><a href=\"\/\/umap.incubateur.anct.gouv.fr\/fr\/map\/famille-remi_774?scaleControl=false&amp;miniMap=false&amp;scrollWheelZoom=true&amp;zoomControl=true&amp;editMode=disabled&amp;moreControl=true&amp;searchControl=null&amp;tilelayersControl=null&amp;embedControl=null&amp;datalayersControl=true&amp;onLoadPanel=datalayers&amp;captionBar=false&amp;captionMenus=true\">Voir en plein \u00e9cran<\/a><\/p>\n","protected":false},"excerpt":{"rendered":"<p>Les formations &nbsp;Cartographie Voir en plein \u00e9cran<\/p>\n","protected":false},"author":322,"featured_media":0,"parent":37,"menu_order":0,"comment_status":"closed","ping_status":"closed","template":"","meta":{"colormag_page_container_layout":"no_sidebar_full_width","colormag_page_sidebar_layout":"no_sidebar","ngg_post_thumbnail":0,"footnotes":""},"class_list":["post-688","page","type-page","status-publish","hentry"],"rttpg_featured_image_url":null,"rttpg_author":{"display_name":"sii","author_link":"https:\/\/www.pedagogie.ac-nice.fr\/sti-pro\/author\/sii\/"},"rttpg_comment":0,"rttpg_category":null,"rttpg_excerpt":"Les formations &nbsp;Cartographie Voir en plein \u00e9cran","post_mailing_queue_ids":[],"_links":{"self":[{"href":"https:\/\/www.pedagogie.ac-nice.fr\/sti-pro\/wp-json\/wp\/v2\/pages\/688","targetHints":{"allow":["GET"]}}],"collection":[{"href":"https:\/\/www.pedagogie.ac-nice.fr\/sti-pro\/wp-json\/wp\/v2\/pages"}],"about":[{"href":"https:\/\/www.pedagogie.ac-nice.fr\/sti-pro\/wp-json\/wp\/v2\/types\/page"}],"author":[{"embeddable":true,"href":"https:\/\/www.pedagogie.ac-nice.fr\/sti-pro\/wp-json\/wp\/v2\/users\/322"}],"replies":[{"embeddable":true,"href":"https:\/\/www.pedagogie.ac-nice.fr\/sti-pro\/wp-json\/wp\/v2\/comments?post=688"}],"version-history":[{"count":26,"href":"https:\/\/www.pedagogie.ac-nice.fr\/sti-pro\/wp-json\/wp\/v2\/pages\/688\/revisions"}],"predecessor-version":[{"id":1143,"href":"https:\/\/www.pedagogie.ac-nice.fr\/sti-pro\/wp-json\/wp\/v2\/pages\/688\/revisions\/1143"}],"up":[{"embeddable":true,"href":"https:\/\/www.pedagogie.ac-nice.fr\/sti-pro\/wp-json\/wp\/v2\/pages\/37"}],"wp:attachment":[{"href":"https:\/\/www.pedagogie.ac-nice.fr\/sti-pro\/wp-json\/wp\/v2\/media?parent=688"}],"curies":[{"name":"wp","href":"https:\/\/api.w.org\/{rel}","templated":true}]}}