{"id":692,"date":"2023-05-17T14:53:32","date_gmt":"2023-05-17T12:53:32","guid":{"rendered":"https:\/\/www.pedagogie.ac-nice.fr\/sti-pro\/?page_id=692"},"modified":"2024-06-27T14:56:29","modified_gmt":"2024-06-27T12:56:29","slug":"les-metiers-de-la-maintenance-des-materiels-et-des-vehicules","status":"publish","type":"page","link":"https:\/\/www.pedagogie.ac-nice.fr\/sti-pro\/enseigner\/les-metiers-de-la-maintenance-des-materiels-et-des-vehicules\/","title":{"rendered":"Les m\u00e9tiers de la maintenance des mat\u00e9riels et des v\u00e9hicules"},"content":{"rendered":"<p><img decoding=\"async\" class=\"transparent\" src=\"https:\/\/www.studycdn.space\/sites\/default\/files\/2024-03\/technicien-maintenance-batterie-electrique.png\" alt=\"https:\/\/www.studycdn.space\/sites\/default\/files\/2024-03\/technicien-maintenance-batterie-electrique.png\"><\/p>\n\n<table id=\"tablepress-8\" class=\"tablepress tablepress-id-8\">\n<thead>\n<tr class=\"row-1\">\n\t<th class=\"column-1\">Qualification<\/th><th class=\"column-2\">Dipl\u00f4me<\/th><th class=\"column-3\">D\u00e9signation<\/th><th class=\"column-4\">Information<\/th><th class=\"column-5\">Orientation<\/th><th class=\"column-6\">Insertion<\/th><th class=\"column-7\">Admission<\/th>\n<\/tr>\n<\/thead>\n<tbody class=\"row-striping row-hover\">\n<tr class=\"row-2\">\n\t<td class=\"column-1\"><strong>Niveau 5<\/strong><\/td><td class=\"column-2\">BTS<\/td><td class=\"column-3\">Maintenance des v\u00e9hicules option<br \/>\nA voitures particuli\u00e8res<\/td><td class=\"column-4\"><\/td><td class=\"column-5\"><a href=\"https:\/\/www.onisep.fr\/ressources\/univers-formation\/formations\/post-bac\/bts-maintenance-des-vehicules-option-a-voitures-particulieres\" rel=\"noopener\" target=\"_blank\">\ud83c\udd7e\ufe0f Onisep<\/a><\/td><td class=\"column-6\"><a href=\"https:\/\/orion.inserjeunes.beta.gouv.fr\/console\/etablissements?filters[codeRegion][0]=93&amp;filters[codeAcademie][0]=23&amp;filters[codeDiplome][0]=320&amp;filters[cfd][0]=32025215&amp;withAnneeCommune=false\" rel=\"noopener\" target=\"_blank\">\ud83c\udf10 Orion<\/a><\/td><td class=\"column-7\"><a href=\"https:\/\/www.parcoursup.gouv.fr\/\" rel=\"noopener\" target=\"_blank\">\ud83d\udc64 Parcoursup<\/a><\/td>\n<\/tr>\n<tr class=\"row-3\">\n\t<td class=\"column-1\"><strong>Niveau 4<\/strong><\/td><td class=\"column-2\">Bac Pro<\/td><td class=\"column-3\">Maintenance des v\u00e9hicules option A voitures particuli\u00e8res<\/td><td class=\"column-4\"><a href=\"https:\/\/www.lycee-leon-blum.fr\/vie-professionnelle\/filiere-automobile-carrosserie\/\" rel=\"noopener\" target=\"_blank\">\ud83d\udcf0 Lyc\u00e9e L\u00e9on BLUM<\/a><\/td><td class=\"column-5\"><a href=\"https:\/\/www.onisep.fr\/ressources\/univers-formation\/formations\/lycees\/bac-pro-maintenance-des-vehicules-option-a-voitures-particulieres\" rel=\"noopener\" target=\"_blank\">\ud83c\udd7e\ufe0f Onisep<\/a><\/td><td class=\"column-6\"><a href=\"https:\/\/orion.inserjeunes.beta.gouv.fr\/console\/etablissements?filters[cfd][0]=40025214&amp;filters[codeDispositif][0]=247&amp;filters[codeRegion][0]=93&amp;filters[codeAcademie][0]=23&amp;withAnneeCommune=true\" rel=\"noopener\" target=\"_blank\">\ud83c\udf10 Orion<\/a><\/td><td class=\"column-7\"><a href=\"https:\/\/www.ac-nice.fr\/l-orientation-en-3eme-et-l-affectation-en-lycee\" rel=\"noopener\" target=\"_blank\">\ud83d\udc64 Afflenet<\/a><\/td>\n<\/tr>\n<tr class=\"row-4\">\n\t<td class=\"column-1\"><strong>Niveau 4<\/strong><\/td><td class=\"column-2\">Bac Pro<\/td><td class=\"column-3\">Maintenance des v\u00e9hicules option C motocycles<\/td><td class=\"column-4\"><a href=\"https:\/\/www.lycee-leon-blum.fr\/vie-professionnelle\/filiere-automobile-carrosserie\/\" rel=\"noopener\" target=\"_blank\">\ud83d\udcf0 Lyc\u00e9e L\u00e9on BLUM<\/a><\/td><td class=\"column-5\"><a href=\"https:\/\/www.onisep.fr\/ressources\/univers-formation\/formations\/lycees\/bac-pro-maintenance-des-vehicules-option-c-motocycles\" rel=\"noopener\" target=\"_blank\">\ud83c\udd7e\ufe0f Onisep<\/a><\/td><td class=\"column-6\"><a href=\"https:\/\/orion.inserjeunes.beta.gouv.fr\/console\/etablissements?filters[codeDispositif][0]=247&amp;filters[codeRegion][0]=93&amp;filters[codeAcademie][0]=23&amp;filters[cfd][0]=40025216&amp;withAnneeCommune=false\" rel=\"noopener\" target=\"_blank\">\ud83c\udf10 Orion<\/a><\/td><td class=\"column-7\"><a href=\"https:\/\/www.ac-nice.fr\/l-orientation-en-3eme-et-l-affectation-en-lycee\" rel=\"noopener\" target=\"_blank\">\ud83d\udc64 Afflenet<\/a><\/td>\n<\/tr>\n<tr class=\"row-5\">\n\t<td class=\"column-1\"><strong>Niveau 4<\/strong><\/td><td class=\"column-2\">Bac Pro<\/td><td class=\"column-3\">Carrossier Peintre Automobile<\/td><td class=\"column-4\"><a href=\"https:\/\/www.lycee-leon-blum.fr\/vie-professionnelle\/filiere-automobile-carrosserie\/\" rel=\"noopener\" target=\"_blank\">\ud83d\udcf0 Lyc\u00e9e L\u00e9on BLUM<\/a><\/td><td class=\"column-5\"><a href=\"https:\/\/www.onisep.fr\/ressources\/univers-formation\/formations\/lycees\/bac-pro-carrossier-peintre-automobile\" rel=\"noopener\" target=\"_blank\">\ud83c\udd7e\ufe0f Onisep<\/a><\/td><td class=\"column-6\"><a href=\"https:\/\/orion.inserjeunes.beta.gouv.fr\/console\/etablissements?filters[codeDispositif][0]=247&amp;filters[codeRegion][0]=93&amp;filters[codeAcademie][0]=23&amp;filters[cfd][0]=40025412&amp;withAnneeCommune=false\" rel=\"noopener\" target=\"_blank\">\ud83c\udf10 Orion<\/a><\/td><td class=\"column-7\"><a href=\"https:\/\/www.ac-nice.fr\/l-orientation-en-3eme-et-l-affectation-en-lycee\" rel=\"noopener\" target=\"_blank\">\ud83d\udc64 Afflenet<\/a><\/td>\n<\/tr>\n<tr class=\"row-6\">\n\t<td class=\"column-1\"><strong>Niveau 3<\/strong><\/td><td class=\"column-2\">CAP<\/td><td class=\"column-3\">Carrossier Automobile<\/td><td class=\"column-4\"><a href=\"https:\/\/www.lycee-leon-blum.fr\/vie-professionnelle\/filiere-automobile-carrosserie\/\" rel=\"noopener\" target=\"_blank\">\ud83d\udcf0 Lyc\u00e9e L\u00e9on BLUM<\/a><\/td><td class=\"column-5\"><a href=\"https:\/\/www.onisep.fr\/ressources\/univers-formation\/formations\/lycees\/cap-carrossier-automobile\" rel=\"noopener\" target=\"_blank\">\ud83c\udd7e\ufe0f Onisep<\/a><\/td><td class=\"column-6\"><a href=\"https:\/\/orion.inserjeunes.beta.gouv.fr\/console\/etablissements?filters[codeRegion][0]=93&amp;filters[codeAcademie][0]=23&amp;filters[codeDiplome][0]=500&amp;filters[cfd][0]=50025440&amp;withAnneeCommune=false\" rel=\"noopener\" target=\"_blank\">\ud83c\udf10 Orion<\/a><\/td><td class=\"column-7\"><a href=\"https:\/\/www.ac-nice.fr\/l-orientation-en-3eme-et-l-affectation-en-lycee\" rel=\"noopener\" target=\"_blank\">\ud83d\udc64 Afflenet<\/a><\/td>\n<\/tr>\n<tr class=\"row-7\">\n\t<td class=\"column-1\"><strong>Niveau 3<\/strong><\/td><td class=\"column-2\">CAP<\/td><td class=\"column-3\">Peintre Automobile<\/td><td class=\"column-4\"><a href=\"https:\/\/www.lycee-leon-blum.fr\/vie-professionnelle\/filiere-automobile-carrosserie\/\" rel=\"noopener\" target=\"_blank\">\ud83d\udcf0 Lyc\u00e9e L\u00e9on BLUM<\/a><\/td><td class=\"column-5\"><a href=\"https:\/\/www.onisep.fr\/ressources\/univers-formation\/formations\/lycees\/cap-peintre-automobile\" rel=\"noopener\" target=\"_blank\">\ud83c\udd7e\ufe0f Onisep<\/a><\/td><td class=\"column-6\"><a href=\"https:\/\/orion.inserjeunes.beta.gouv.fr\/console\/etablissements?filters[codeRegion][0]=93&amp;filters[codeAcademie][0]=23&amp;filters[codeDiplome][0]=500&amp;filters[cfd][0]=50025441&amp;withAnneeCommune=false\" rel=\"noopener\" target=\"_blank\">\ud83c\udf10 Orion<\/a><\/td><td class=\"column-7\"><a href=\"https:\/\/www.ac-nice.fr\/l-orientation-en-3eme-et-l-affectation-en-lycee\" rel=\"noopener\" target=\"_blank\">\ud83d\udc64 Afflenet<\/a><\/td>\n<\/tr>\n<tr class=\"row-8\">\n\t<td class=\"column-1\"><\/td><td class=\"column-2\"><\/td><td class=\"column-3\"><\/td><td class=\"column-4\"><\/td><td class=\"column-5\"><\/td><td class=\"column-6\"><\/td><td class=\"column-7\"><\/td>\n<\/tr>\n<\/tbody>\n<\/table>\n<!-- #tablepress-8 from cache -->\n","protected":false},"excerpt":{"rendered":"","protected":false},"author":322,"featured_media":0,"parent":37,"menu_order":0,"comment_status":"closed","ping_status":"closed","template":"","meta":{"colormag_page_container_layout":"no_sidebar_full_width","colormag_page_sidebar_layout":"no_sidebar","ngg_post_thumbnail":0,"footnotes":""},"class_list":["post-692","page","type-page","status-publish","hentry"],"rttpg_featured_image_url":null,"rttpg_author":{"display_name":"sii","author_link":"https:\/\/www.pedagogie.ac-nice.fr\/sti-pro\/author\/sii\/"},"rttpg_comment":0,"rttpg_category":null,"rttpg_excerpt":null,"post_mailing_queue_ids":[],"_links":{"self":[{"href":"https:\/\/www.pedagogie.ac-nice.fr\/sti-pro\/wp-json\/wp\/v2\/pages\/692","targetHints":{"allow":["GET"]}}],"collection":[{"href":"https:\/\/www.pedagogie.ac-nice.fr\/sti-pro\/wp-json\/wp\/v2\/pages"}],"about":[{"href":"https:\/\/www.pedagogie.ac-nice.fr\/sti-pro\/wp-json\/wp\/v2\/types\/page"}],"author":[{"embeddable":true,"href":"https:\/\/www.pedagogie.ac-nice.fr\/sti-pro\/wp-json\/wp\/v2\/users\/322"}],"replies":[{"embeddable":true,"href":"https:\/\/www.pedagogie.ac-nice.fr\/sti-pro\/wp-json\/wp\/v2\/comments?post=692"}],"version-history":[{"count":5,"href":"https:\/\/www.pedagogie.ac-nice.fr\/sti-pro\/wp-json\/wp\/v2\/pages\/692\/revisions"}],"predecessor-version":[{"id":1054,"href":"https:\/\/www.pedagogie.ac-nice.fr\/sti-pro\/wp-json\/wp\/v2\/pages\/692\/revisions\/1054"}],"up":[{"embeddable":true,"href":"https:\/\/www.pedagogie.ac-nice.fr\/sti-pro\/wp-json\/wp\/v2\/pages\/37"}],"wp:attachment":[{"href":"https:\/\/www.pedagogie.ac-nice.fr\/sti-pro\/wp-json\/wp\/v2\/media?parent=692"}],"curies":[{"name":"wp","href":"https:\/\/api.w.org\/{rel}","templated":true}]}}