{"id":694,"date":"2023-05-17T14:54:05","date_gmt":"2023-05-17T12:54:05","guid":{"rendered":"https:\/\/www.pedagogie.ac-nice.fr\/sti-pro\/?page_id=694"},"modified":"2024-11-03T19:00:56","modified_gmt":"2024-11-03T18:00:56","slug":"les-metiers-du-pilotage-et-de-la-maintenance-des-installations-automatisees","status":"publish","type":"page","link":"https:\/\/www.pedagogie.ac-nice.fr\/sti-pro\/enseigner\/les-metiers-du-pilotage-et-de-la-maintenance-des-installations-automatisees\/","title":{"rendered":"Les m\u00e9tiers du pilotage et de la maintenance des installations automatis\u00e9es"},"content":{"rendered":"<p><img decoding=\"async\" class=\"transparent\" src=\"https:\/\/static.lindustrie40.fr\/banniere-maintenance.png\" alt=\"https:\/\/static.lindustrie40.fr\/banniere-maintenance.png\"><\/p>\n<p>&nbsp;<\/p>\n\n<table id=\"tablepress-10\" class=\"tablepress tablepress-id-10\">\n<thead>\n<tr class=\"row-1\">\n\t<th class=\"column-1\">Qualification<\/th><th class=\"column-2\">Dipl\u00f4me<\/th><th class=\"column-3\">D\u00e9signation<\/th><th class=\"column-4\">Information<\/th><th class=\"column-5\">Orientation<\/th><th class=\"column-6\">Insertion<\/th><th class=\"column-7\">Admission<\/th>\n<\/tr>\n<\/thead>\n<tbody class=\"row-striping row-hover\">\n<tr class=\"row-2\">\n\t<td class=\"column-1\"><strong>Niveau 5<\/strong><\/td><td class=\"column-2\">BTS<\/td><td class=\"column-3\">Conception et r\u00e9alisation des syst\u00e8mes automatiques (CRSA)<\/td><td class=\"column-4\"><\/td><td class=\"column-5\"><a href=\"https:\/\/www.onisep.fr\/ressources\/univers-formation\/formations\/post-bac\/bts-conception-et-realisation-de-systemes-automatiques\" rel=\"noopener\" target=\"_blank\">\ud83c\udd7e\ufe0f Onisep<\/a><\/td><td class=\"column-6\"><a href=\"https:\/\/orion.inserjeunes.beta.gouv.fr\/console\/etablissements?filters[codeRegion][0]=93&amp;filters[codeNiveauDiplome][0]=320&amp;filters[codeAcademie][0]=23&amp;filters[cfd][0]=32020111&amp;withAnneeCommune=true\" rel=\"noopener\" target=\"_blank\">\ud83c\udf10 Orion<\/a><\/td><td class=\"column-7\"><a href=\"https:\/\/www.parcoursup.gouv.fr\/\" rel=\"noopener\" target=\"_blank\">\ud83d\udc64 Parcoursup<\/a><\/td>\n<\/tr>\n<tr class=\"row-3\">\n\t<td class=\"column-1\"><strong>Niveau 5<\/strong><\/td><td class=\"column-2\">BTS<\/td><td class=\"column-3\">Maintenance des syst\u00e8mes option A syst\u00e8mes de production (MS SP)<\/td><td class=\"column-4\"><\/td><td class=\"column-5\"><a href=\"https:\/\/www.onishttps:\/\/www.onisep.fr\/ressources\/univers-formation\/formations\/post-bac\/bts-maintenance-des-systemes-option-a-systemes-de-production\" rel=\"noopener\" target=\"_blank\">\ud83c\udd7e\ufe0f Onisep<\/a><\/td><td class=\"column-6\"><a href=\"https:\/\/orion.inserjeunes.beta.gouv.fr\/console\/etablissements?filters[codeRegion][0]=93&amp;filters[codeNiveauDiplome][0]=320&amp;filters[codeAcademie][0]=23&amp;filters[cfd][0]=32025014&amp;withAnneeCommune=true\" rel=\"noopener\" target=\"_blank\">\ud83c\udf10 Orion<\/a><\/td><td class=\"column-7\"><a href=\"https:\/\/www.parcoursup.gouv.fr\/\" rel=\"noopener\" target=\"_blank\">\ud83d\udc64 Parcoursup<\/a><\/td>\n<\/tr>\n<tr class=\"row-4\">\n\t<td class=\"column-1\"><strong>Niveau 5<\/strong><\/td><td class=\"column-2\">BTS<\/td><td class=\"column-3\">Maintenance des syst\u00e8mes option D syst\u00e8mes ascenseurs et \u00e9l\u00e9vateurs (MS SAE)<\/td><td class=\"column-4\"><\/td><td class=\"column-5\"><a href=\"https:\/\/www.onishttps:\/\/www.onisep.fr\/ressources\/univers-formation\/formations\/post-bac\/bts-maintenance-des-systemes-option-d-systemes-ascenseurs-et-elevateurs\" rel=\"noopener\" target=\"_blank\">\ud83c\udd7e\ufe0f Onisep<\/a><\/td><td class=\"column-6\"><a href=\"https:\/\/orion.inserjeunes.beta.gouv.fr\/console\/etablissements?filters[codeRegion][0]=93&amp;filters[codeNiveauDiplome][0]=320&amp;filters[codeAcademie][0]=23&amp;filters[cfd][0]=32025017&amp;withAnneeCommune=true\" rel=\"noopener\" target=\"_blank\">\ud83c\udf10 Orion<\/a><\/td><td class=\"column-7\"><a href=\"https:\/\/www.parcoursup.gouv.fr\/\" rel=\"noopener\" target=\"_blank\">\ud83d\udc64 Parcoursup<\/a><\/td>\n<\/tr>\n<tr class=\"row-5\">\n\t<td class=\"column-1\"><strong>Niveau 4<\/strong><\/td><td class=\"column-2\">Bac Pro<\/td><td class=\"column-3\">Maintenance des syst\u00e8mes de production connect\u00e9s<\/td><td class=\"column-4\"><a>\ud83d\udcf0 <\/a><\/td><td class=\"column-5\"><a href=\"https:\/\/www.onisep.fr\/ressources\/univers-formation\/formations\/lycees\/bac-pro-maintenance-des-systemes-de-production-connectes\" rel=\"noopener\" target=\"_blank\">\ud83c\udd7e\ufe0f Onisep<\/a><\/td><td class=\"column-6\"><a href=\"https:\/\/orion.inserjeunes.beta.gouv.fr\/console\/etablissements?filters[codeRegion][0]=93&amp;filters[codeNiveauDiplome][0]=400&amp;filters[codeAcademie][0]=23&amp;filters[cfdFamille][0]=40020104&amp;filters[cfd][0]=40025012&amp;withAnneeCommune=true\" rel=\"noopener\" target=\"_blank\">\ud83c\udf10 Orion<\/a><\/td><td class=\"column-7\"><a href=\"https:\/\/www.ac-nice.fr\/l-orientation-en-3eme-et-l-affectation-en-lycee\" rel=\"noopener\" target=\"_blank\">\ud83d\udc64 Afflenet<\/a><\/td>\n<\/tr>\n<tr class=\"row-6\">\n\t<td class=\"column-1\"><strong>Niveau 4<\/strong><\/td><td class=\"column-2\">Bac Pro<\/td><td class=\"column-3\">Pilote de ligne de production<\/td><td class=\"column-4\"><a>\ud83d\udcf0 <\/a><\/td><td class=\"column-5\"><a href=\"https:\/\/www.onisep.fr\/ressources\/univers-formation\/formations\/lycees\/bac-pro-pilote-de-ligne-de-production\" rel=\"noopener\" target=\"_blank\">\ud83c\udd7e\ufe0f Onisep<\/a><\/td><td class=\"column-6\"><a href=\"https:\/\/orion.inserjeunes.beta.gouv.fr\/console\/etablissements?filters[codeRegion][0]=93&amp;filters[codeNiveauDiplome][0]=400&amp;filters[codeAcademie][0]=23&amp;filters[cfdFamille][0]=40020104&amp;filters[cfd][0]=40020102&amp;withAnneeCommune=true\" rel=\"noopener\" target=\"_blank\">\ud83c\udf10 Orion<\/a><\/td><td class=\"column-7\"><a href=\"https:\/\/www.ac-nice.fr\/l-orientation-en-3eme-et-l-affectation-en-lycee\" rel=\"noopener\" target=\"_blank\">\ud83d\udc64 Afflenet<\/a><\/td>\n<\/tr>\n<\/tbody>\n<\/table>\n<!-- #tablepress-10 from cache -->\n","protected":false},"excerpt":{"rendered":"<p>&nbsp;<\/p>\n","protected":false},"author":322,"featured_media":0,"parent":37,"menu_order":0,"comment_status":"closed","ping_status":"closed","template":"","meta":{"colormag_page_container_layout":"no_sidebar_full_width","colormag_page_sidebar_layout":"no_sidebar","ngg_post_thumbnail":0,"footnotes":""},"class_list":["post-694","page","type-page","status-publish","hentry"],"rttpg_featured_image_url":null,"rttpg_author":{"display_name":"sii","author_link":"https:\/\/www.pedagogie.ac-nice.fr\/sti-pro\/author\/sii\/"},"rttpg_comment":0,"rttpg_category":null,"rttpg_excerpt":"&nbsp;","post_mailing_queue_ids":[],"_links":{"self":[{"href":"https:\/\/www.pedagogie.ac-nice.fr\/sti-pro\/wp-json\/wp\/v2\/pages\/694","targetHints":{"allow":["GET"]}}],"collection":[{"href":"https:\/\/www.pedagogie.ac-nice.fr\/sti-pro\/wp-json\/wp\/v2\/pages"}],"about":[{"href":"https:\/\/www.pedagogie.ac-nice.fr\/sti-pro\/wp-json\/wp\/v2\/types\/page"}],"author":[{"embeddable":true,"href":"https:\/\/www.pedagogie.ac-nice.fr\/sti-pro\/wp-json\/wp\/v2\/users\/322"}],"replies":[{"embeddable":true,"href":"https:\/\/www.pedagogie.ac-nice.fr\/sti-pro\/wp-json\/wp\/v2\/comments?post=694"}],"version-history":[{"count":4,"href":"https:\/\/www.pedagogie.ac-nice.fr\/sti-pro\/wp-json\/wp\/v2\/pages\/694\/revisions"}],"predecessor-version":[{"id":1183,"href":"https:\/\/www.pedagogie.ac-nice.fr\/sti-pro\/wp-json\/wp\/v2\/pages\/694\/revisions\/1183"}],"up":[{"embeddable":true,"href":"https:\/\/www.pedagogie.ac-nice.fr\/sti-pro\/wp-json\/wp\/v2\/pages\/37"}],"wp:attachment":[{"href":"https:\/\/www.pedagogie.ac-nice.fr\/sti-pro\/wp-json\/wp\/v2\/media?parent=694"}],"curies":[{"name":"wp","href":"https:\/\/api.w.org\/{rel}","templated":true}]}}