{"id":792,"date":"2023-06-20T10:18:12","date_gmt":"2023-06-20T08:18:12","guid":{"rendered":"https:\/\/www.pedagogie.ac-nice.fr\/sti-pro\/?page_id=792"},"modified":"2026-03-30T11:04:26","modified_gmt":"2026-03-30T09:04:26","slug":"les-campus-des-metiers-et-des-qualifications","status":"publish","type":"page","link":"https:\/\/www.pedagogie.ac-nice.fr\/sti-pro\/sinformer\/les-campus-des-metiers-et-des-qualifications\/","title":{"rendered":"Les campus des m\u00e9tiers et des qualifications"},"content":{"rendered":"<p><!-- Intro --><\/p>\n<p>Les Campus des m\u00e9tiers regroupent des \u00e9tablissements d&rsquo;enseignement secondaire et d&rsquo;enseignement sup\u00e9rieur, de formation initiale ou continue. Ils sont construits autour d&rsquo;un secteur d&rsquo;activit\u00e9 d&rsquo;excellence correspondant \u00e0 un enjeu \u00e9conomique national ou r\u00e9gional soutenu par la collectivit\u00e9 et les entreprises. L&rsquo;ambition est aujourd&rsquo;hui de cr\u00e9er des Campus d&rsquo;excellence, f\u00e9d\u00e9rateurs et puissants, dans tous les territoires.<br \/>\n<a href=\"https:\/\/www.education.gouv.fr\/les-campus-des-metiers-et-des-qualifications-5075\" target=\"_blank\" rel=\"noopener\"><br \/>\nEn savoir plus&#8230;<br \/>\n<\/a><\/p>\n<p><!-- Genially --><\/p>\n<div style=\"margin: 2rem 0;\"><iframe loading=\"lazy\" title=\"CMP Provence Alpes C\u00f4te d'Azur\" src=\"https:\/\/view.genial.ly\/5ca20c8cc177214910c75a5a\" width=\"100%\" height=\"600\" frameborder=\"0\" scrolling=\"yes\" allowfullscreen=\"allowfullscreen\"><\/iframe><\/div>\n<p><!-- Grille de cartes --><\/p>\n<div style=\"display: flex; flex-wrap: wrap; justify-content: space-between; margin-top: 2rem;\">\n<p><!-- Grille de cartes --><\/p>\n<div style=\"display: flex; flex-wrap: wrap; justify-content: space-between; margin-top: 2rem;\">\n<p>  <!-- Carte 1 --><\/p>\n<div style=\"width: calc(50% - 0.75rem); background: #ffffff; border-radius: 10px; padding: 1rem; box-shadow: 0 4px 10px rgba(0,0,0,0.06); text-align: center; height: 300px; box-sizing: border-box; display: flex; flex-direction: column; justify-content: space-between; margin-bottom: 1.5rem;\">\n<div>\n<div style=\"height: 120px; display: flex; align-items: center; justify-content: center; margin-bottom: 0.5rem;\">\n        <img decoding=\"async\" src=\"https:\/\/www.education.gouv.fr\/sites\/default\/files\/styles\/embed_image\/public\/2021-04\/logo-2021-cmq-excellence-industrie-du-futur-sud---paca-88419.jpg?itok=XmB_Ussd\" alt=\"Campus des m\u00e9tiers et des qualifications d'excellence Industrie du futur Sud - PACA\" style=\"max-width: 100%; max-height: 100%; height: auto;\">\n      <\/div>\n<h3 style=\"font-size: 1rem; margin: 0 0 0.5rem;\">\n        Campus Industrie du futur Sud<br \/>\n      <\/h3>\n<\/p><\/div>\n<p>    <a\n      href=\"https:\/\/www.education.gouv.fr\/media\/10808\/download\"\n      target=\"_blank\"\n      rel=\"noopener\"\n      style=\"display: inline-block; margin-top: 0.5rem; padding: 0.4rem 0.8rem; font-size: 0.9rem; color: #ffffff; background-color: #005ea8; border-radius: 20px; text-decoration: none;\"\n    ><br \/>\n      fiche de pr\u00e9sentation<br \/>\n    <\/a>\n  <\/div>\n<p>  <!-- Carte 2 --><\/p>\n<div style=\"width: calc(50% - 0.75rem); background: #ffffff; border-radius: 10px; padding: 1rem; box-shadow: 0 4px 10px rgba(0,0,0,0.06); text-align: center; height: 300px; box-sizing: border-box; display: flex; flex-direction: column; justify-content: space-between; margin-bottom: 1.5rem;\">\n<div>\n<div style=\"height: 120px; display: flex; align-items: center; justify-content: center; margin-bottom: 0.5rem;\">\n        <img decoding=\"async\" src=\"https:\/\/www.education.gouv.fr\/sites\/default\/files\/styles\/embed_image\/public\/2021-04\/logo-2021-cmq-excellence-conomie-de-la-mer---paca-88386.jpg?itok=-HqDuMeK\" alt=\"Campus des m\u00e9tiers et des qualifications d'excellence \u00c9conomie de la mer - PACA\" style=\"max-width: 100%; max-height: 100%; height: auto;\">\n      <\/div>\n<h3 style=\"font-size: 1rem; margin: 0 0 0.5rem;\">\n        Campus \u00c9conomie de la mer<br \/>\n      <\/h3>\n<\/p><\/div>\n<p>    <a\n      href=\"https:\/\/www.education.gouv.fr\/media\/10811\/download\"\n      target=\"_blank\"\n      rel=\"noopener\"\n      style=\"display: inline-block; margin-top: 0.5rem; padding: 0.4rem 0.8rem; font-size: 0.9rem; color: #ffffff; background-color: #005ea8; border-radius: 20px; text-decoration: none;\"\n    ><br \/>\n      fiche de pr\u00e9sentation<br \/>\n    <\/a>\n  <\/div>\n<p>  <!-- Carte 3 (ICC) --><\/p>\n<div style=\"width: calc(50% - 0.75rem); background: #ffffff; border-radius: 10px; padding: 1rem; box-shadow: 0 4px 10px rgba(0,0,0,0.06); text-align: center; height: 300px; box-sizing: border-box; display: flex; flex-direction: column; justify-content: space-between; margin-bottom: 1.5rem;\">\n<div>\n<div style=\"height: 120px; display: flex; align-items: center; justify-content: center; margin-bottom: 0.5rem;\">\n        <img decoding=\"async\" src=\"https:\/\/creates.univ-cotedazur.fr\/medias\/photo\/2022-logos-cmqx-indusries-cultures-creatives-paca_1674734990503-png?ID_FICHE=1022947\" alt=\"Campus des m\u00e9tiers et des qualifications d'excellence Industries culturelles et cr\u00e9atives - PACA\" style=\"max-width: 100%; max-height: 100%; height: auto;\">\n      <\/div>\n<h3 style=\"font-size: 1rem; margin: 0 0 0.5rem;\">\n        Campus Industries culturelles et cr\u00e9atives<br \/>\n      <\/h3>\n<\/p><\/div>\n<p>    <a\n      href=\"https:\/\/www.education.gouv.fr\/media\/12020\/download\"\n      target=\"_blank\"\n      rel=\"noopener\"\n      style=\"display: inline-block; margin-top: 0.5rem; padding: 0.4rem 0.8rem; font-size: 0.9rem; color: #ffffff; background-color: #005ea8; border-radius: 20px; text-decoration: none;\"\n    ><br \/>\n      fiche de pr\u00e9sentation<br \/>\n    <\/a>\n  <\/div>\n<p>  <!-- Carte 4 (Num\u00e9rique) --><\/p>\n<div style=\"width: calc(50% - 0.75rem); background: #ffffff; border-radius: 10px; padding: 1rem; box-shadow: 0 4px 10px rgba(0,0,0,0.06); text-align: center; height: 300px; box-sizing: border-box; display: flex; flex-direction: column; justify-content: space-between; margin-bottom: 1.5rem;\">\n<div>\n<div style=\"height: 120px; display: flex; align-items: center; justify-content: center; margin-bottom: 0.5rem;\">\n        <img decoding=\"async\" src=\"https:\/\/www.education.gouv.fr\/sites\/default\/files\/styles\/embed_image\/public\/imported_files\/image\/2018_CMQ_logos_WEB_numerique_PACA_1044168.44.jpg?itok=vudehyUR\" alt=\"Campus des m\u00e9tiers et des qualifications Num\u00e9rique - PACA\" style=\"max-width: 100%; max-height: 100%; height: auto;\">\n      <\/div>\n<h3 style=\"font-size: 1rem; margin: 0 0 0.5rem;\">\n        Campus Num\u00e9rique<br \/>\n      <\/h3>\n<\/p><\/div>\n<p>    <a\n      href=\"https:\/\/www.education.gouv.fr\/media\/98228\/download\"\n      target=\"_blank\"\n      rel=\"noopener\"\n      style=\"display: inline-block; margin-top: 0.5rem; padding: 0.4rem 0.8rem; font-size: 0.9rem; color: #ffffff; background-color: #005ea8; border-radius: 20px; text-decoration: none;\"\n    ><br \/>\n      fiche de pr\u00e9sentation<br \/>\n    <\/a>\n  <\/div>\n<p>  <!-- Carte 5 : Habitat et construction (vierge) --><\/p>\n<div style=\"width: calc(50% - 0.75rem); background: #ffffff; border-radius: 10px; padding: 1rem; box-shadow: 0 4px 10px rgba(0,0,0,0.06); text-align: center; height: 300px; box-sizing: border-box; display: flex; flex-direction: column; justify-content: space-between; margin-bottom: 1.5rem;\">\n<div>\n<div style=\"height: 120px; display: flex; align-items: center; justify-content: center; margin-bottom: 0.5rem;\">\n        <img decoding=\"async\" src=\"URL_IMAGE_CAMPUS\" alt=\"Campus des m\u00e9tiers et des qualifications Habitat et construction\" style=\"max-width: 100%; max-height: 100%; height: auto;\">\n      <\/div>\n<h3 style=\"font-size: 1rem; margin: 0 0 0.5rem;\">\n        Campus Habitat et construction<br \/>\n      <\/h3>\n<\/p><\/div>\n<p>    <a\n      href=\"URL_FICHE_PDF\"\n      target=\"_blank\"\n      rel=\"noopener\"\n      style=\"display: inline-block; margin-top: 0.5rem; padding: 0.4rem 0.8rem; font-size: 0.9rem; color: #ffffff; background-color: #005ea8; border-radius: 20px; text-decoration: none;\"\n    ><br \/>\n      fiche de pr\u00e9sentation<br \/>\n    <\/a>\n  <\/div>\n<\/div>\n","protected":false},"excerpt":{"rendered":"<p>Les Campus des m\u00e9tiers regroupent des \u00e9tablissements d&rsquo;enseignement secondaire et d&rsquo;enseignement sup\u00e9rieur, de formation initiale ou continue. Ils sont construits<\/p>\n","protected":false},"author":322,"featured_media":0,"parent":592,"menu_order":0,"comment_status":"closed","ping_status":"closed","template":"","meta":{"colormag_page_container_layout":"no_sidebar_full_width","colormag_page_sidebar_layout":"no_sidebar","ngg_post_thumbnail":0,"footnotes":""},"class_list":["post-792","page","type-page","status-publish","hentry"],"rttpg_featured_image_url":null,"rttpg_author":{"display_name":"sii","author_link":"https:\/\/www.pedagogie.ac-nice.fr\/sti-pro\/author\/sii\/"},"rttpg_comment":0,"rttpg_category":null,"rttpg_excerpt":"Les Campus des m\u00e9tiers regroupent des \u00e9tablissements d&rsquo;enseignement secondaire et d&rsquo;enseignement sup\u00e9rieur, de formation initiale ou continue. Ils sont construits","post_mailing_queue_ids":[],"_links":{"self":[{"href":"https:\/\/www.pedagogie.ac-nice.fr\/sti-pro\/wp-json\/wp\/v2\/pages\/792","targetHints":{"allow":["GET"]}}],"collection":[{"href":"https:\/\/www.pedagogie.ac-nice.fr\/sti-pro\/wp-json\/wp\/v2\/pages"}],"about":[{"href":"https:\/\/www.pedagogie.ac-nice.fr\/sti-pro\/wp-json\/wp\/v2\/types\/page"}],"author":[{"embeddable":true,"href":"https:\/\/www.pedagogie.ac-nice.fr\/sti-pro\/wp-json\/wp\/v2\/users\/322"}],"replies":[{"embeddable":true,"href":"https:\/\/www.pedagogie.ac-nice.fr\/sti-pro\/wp-json\/wp\/v2\/comments?post=792"}],"version-history":[{"count":24,"href":"https:\/\/www.pedagogie.ac-nice.fr\/sti-pro\/wp-json\/wp\/v2\/pages\/792\/revisions"}],"predecessor-version":[{"id":1265,"href":"https:\/\/www.pedagogie.ac-nice.fr\/sti-pro\/wp-json\/wp\/v2\/pages\/792\/revisions\/1265"}],"up":[{"embeddable":true,"href":"https:\/\/www.pedagogie.ac-nice.fr\/sti-pro\/wp-json\/wp\/v2\/pages\/592"}],"wp:attachment":[{"href":"https:\/\/www.pedagogie.ac-nice.fr\/sti-pro\/wp-json\/wp\/v2\/media?parent=792"}],"curies":[{"name":"wp","href":"https:\/\/api.w.org\/{rel}","templated":true}]}}